{"id":1004,"date":"2024-02-19T13:30:56","date_gmt":"2024-02-19T12:30:56","guid":{"rendered":"https:\/\/mercatfrutal.com\/producto\/6-huevos-m-l-eco\/"},"modified":"2026-04-01T09:59:18","modified_gmt":"2026-04-01T07:59:18","slug":"6-huevos-m-l-emporda-eco","status":"publish","type":"product","link":"https:\/\/mercatfrutal.com\/ca\/producte\/6-huevos-m-l-emporda-eco\/","title":{"rendered":"6 Ous M\/L Emporda ECO"},"content":{"rendered":"","protected":false},"excerpt":{"rendered":"<p><span style=\"font-weight: 400\">Gaudeix de mitja dotzena d\u2019ous ecol\u00f2gics de mida mitjana\/gran procedents de l\u2019Empord\u00e0. Una opci\u00f3 natural, saborosa i respectuosa amb el medi ambient.<\/span><\/p>\n<h2><b>Proced\u00e8ncia i categoria dels ous<\/b><\/h2>\n<p><span style=\"font-weight: 400\">Aquests ous provenen de gallines criades en llibertat mitjan\u00e7ant un sistema de cria ecol\u00f2gic, que garanteix el seu benestar i una alimentaci\u00f3 100% natural i sense transg\u00e8nics.<\/span><\/p>\n<h2><b>Sabor aut\u00e8ntic i natural \u2013 6 Ous M\/L Empord\u00e0 ECO<\/b><\/h2>\n<p><span style=\"font-weight: 400\">Es caracteritzen pel seu sabor intens i pel rovell de color viu, resultat d\u2019una alimentaci\u00f3 rica en nutrients i sense additius artificials.<\/span><\/p>\n<h2><b>Usos culinaris<\/b><\/h2>\n<p><span style=\"font-weight: 400\">Ideals per preparar truites, ous ferrats, postres casolanes o simplement bullits, aportant un sabor aut\u00e8ntic a cada plat.<\/span><\/p>","protected":false},"featured_media":9724,"comment_status":"open","ping_status":"closed","template":"","meta":{"content-type":""},"product_brand":[],"product_cat":[311],"product_tag":[],"class_list":{"0":"post-1004","1":"product","2":"type-product","3":"status-publish","4":"has-post-thumbnail","6":"product_cat-huevos","7":"has-subscription-plans","9":"first","10":"instock","11":"taxable","12":"shipping-taxable","13":"purchasable","14":"product-type-simple"},"bundled_by":[],"bundle_stock_status":"instock","bundle_stock_quantity":103,"bundle_virtual":false,"bundle_layout":"","bundle_add_to_cart_form_location":"","bundle_editable_in_cart":false,"bundle_sold_individually_context":"","bundle_item_grouping":"","bundle_min_size":"","bundle_max_size":"","bundle_price":[],"bundled_items":[],"bundle_sell_ids":[],"yoast_head":"<!-- This site is optimized with the Yoast SEO plugin v27.2 - https:\/\/yoast.com\/product\/yoast-seo-wordpress\/ -->\n<title>6 Huevos M\/L Emporda ECO - Mercat Frutal<\/title>\n<meta name=\"robots\" content=\"index, follow, max-snippet:-1, max-image-preview:large, max-video-preview:-1\" \/>\n<link rel=\"canonical\" href=\"https:\/\/mercatfrutal.com\/ca\/producte\/6-huevos-m-l-emporda-eco\/\" \/>\n<meta property=\"og:locale\" content=\"ca_ES\" \/>\n<meta property=\"og:type\" content=\"article\" \/>\n<meta property=\"og:title\" content=\"6 Huevos M\/L Emporda ECO - Mercat Frutal\" \/>\n<meta property=\"og:description\" content=\"Disfruta de una media docena de huevos ecol\u00f3gicos tama\u00f1o mediano\/grande procedentes del Empord\u00e0. Una opci\u00f3n natural, sabrosa y responsable con el medio ambiente. Procedencia y categor\u00eda de los huevos Estos huevos provienen de gallinas criadas en libertad mediante un sistema de cr\u00eda ecol\u00f3gico, que garantiza su bienestar y una alimentaci\u00f3n 100% natural y sin transg\u00e9nicos. Sabor aut\u00e9ntico y natural \u2013 6 Huevos M\/L Empord\u00e0 ECO Destacan por su sabor intenso y su yema de color vivo, resultado de una alimentaci\u00f3n rica en nutrientes y sin aditivos artificiales. Usos culinarios Siendo ideales para preparar tortillas, huevos fritos, postres caseros o simplemente cocidos, aportando un sabor aut\u00e9ntico a cada plato.\" \/>\n<meta property=\"og:url\" content=\"https:\/\/mercatfrutal.com\/ca\/producte\/6-huevos-m-l-emporda-eco\/\" \/>\n<meta property=\"og:site_name\" content=\"Mercat Frutal\" \/>\n<meta property=\"article:modified_time\" content=\"2026-04-01T07:59:18+00:00\" \/>\n<meta property=\"og:image\" content=\"https:\/\/mercatfrutal.com\/wp-content\/uploads\/2025\/09\/6-Huevos-M_L-ECO_EM.webp\" \/>\n\t<meta property=\"og:image:width\" content=\"800\" \/>\n\t<meta property=\"og:image:height\" content=\"800\" \/>\n\t<meta property=\"og:image:type\" content=\"image\/webp\" \/>\n<meta name=\"twitter:card\" content=\"summary_large_image\" \/>\n<meta name=\"twitter:label1\" content=\"Temps estimat de lectura\" \/>\n\t<meta name=\"twitter:data1\" content=\"1 minut\" \/>\n<script type=\"application\/ld+json\" class=\"yoast-schema-graph\">{\"@context\":\"https:\/\/schema.org\",\"@graph\":[{\"@type\":\"WebPage\",\"@id\":\"https:\/\/mercatfrutal.com\/producto\/6-huevos-m-l-emporda-eco\/\",\"url\":\"https:\/\/mercatfrutal.com\/producto\/6-huevos-m-l-emporda-eco\/\",\"name\":\"6 Huevos M\/L Emporda ECO - Mercat Frutal\",\"isPartOf\":{\"@id\":\"https:\/\/mercatfrutal.com\/#website\"},\"primaryImageOfPage\":{\"@id\":\"https:\/\/mercatfrutal.com\/producto\/6-huevos-m-l-emporda-eco\/#primaryimage\"},\"image\":{\"@id\":\"https:\/\/mercatfrutal.com\/producto\/6-huevos-m-l-emporda-eco\/#primaryimage\"},\"thumbnailUrl\":\"https:\/\/mercatfrutal.com\/wp-content\/uploads\/2025\/09\/6-Huevos-M_L-ECO_EM.webp\",\"datePublished\":\"2024-02-19T12:30:56+00:00\",\"dateModified\":\"2026-04-01T07:59:18+00:00\",\"breadcrumb\":{\"@id\":\"https:\/\/mercatfrutal.com\/producto\/6-huevos-m-l-emporda-eco\/#breadcrumb\"},\"inLanguage\":\"ca\",\"potentialAction\":[{\"@type\":\"ReadAction\",\"target\":[\"https:\/\/mercatfrutal.com\/producto\/6-huevos-m-l-emporda-eco\/\"]}]},{\"@type\":\"ImageObject\",\"inLanguage\":\"ca\",\"@id\":\"https:\/\/mercatfrutal.com\/producto\/6-huevos-m-l-emporda-eco\/#primaryimage\",\"url\":\"https:\/\/mercatfrutal.com\/wp-content\/uploads\/2025\/09\/6-Huevos-M_L-ECO_EM.webp\",\"contentUrl\":\"https:\/\/mercatfrutal.com\/wp-content\/uploads\/2025\/09\/6-Huevos-M_L-ECO_EM.webp\",\"width\":800,\"height\":800,\"caption\":\"6 Huevos M\/L Emporda ECO\"},{\"@type\":\"BreadcrumbList\",\"@id\":\"https:\/\/mercatfrutal.com\/producto\/6-huevos-m-l-emporda-eco\/#breadcrumb\",\"itemListElement\":[{\"@type\":\"ListItem\",\"position\":1,\"name\":\"Portada\",\"item\":\"https:\/\/mercatfrutal.com\/\"},{\"@type\":\"ListItem\",\"position\":2,\"name\":\"Tienda\",\"item\":\"https:\/\/mercatfrutal.com\/tienda\/\"},{\"@type\":\"ListItem\",\"position\":3,\"name\":\"6 Huevos M\/L Emporda ECO\"}]},{\"@type\":\"WebSite\",\"@id\":\"https:\/\/mercatfrutal.com\/#website\",\"url\":\"https:\/\/mercatfrutal.com\/\",\"name\":\"Mercat Frutal\",\"description\":\"\",\"publisher\":{\"@id\":\"https:\/\/mercatfrutal.com\/#organization\"},\"alternateName\":\"Mercat Frutal\",\"potentialAction\":[{\"@type\":\"SearchAction\",\"target\":{\"@type\":\"EntryPoint\",\"urlTemplate\":\"https:\/\/mercatfrutal.com\/?s={search_term_string}\"},\"query-input\":{\"@type\":\"PropertyValueSpecification\",\"valueRequired\":true,\"valueName\":\"search_term_string\"}}],\"inLanguage\":\"ca\"},{\"@type\":\"Organization\",\"@id\":\"https:\/\/mercatfrutal.com\/#organization\",\"name\":\"Mercat Frutal\",\"url\":\"https:\/\/mercatfrutal.com\/\",\"logo\":{\"@type\":\"ImageObject\",\"inLanguage\":\"ca\",\"@id\":\"https:\/\/mercatfrutal.com\/#\/schema\/logo\/image\/\",\"url\":\"https:\/\/mercatfrutal.com\/wp-content\/uploads\/2024\/01\/LOGO-FRUTAL3.png\",\"contentUrl\":\"https:\/\/mercatfrutal.com\/wp-content\/uploads\/2024\/01\/LOGO-FRUTAL3.png\",\"width\":1024,\"height\":382,\"caption\":\"Mercat Frutal\"},\"image\":{\"@id\":\"https:\/\/mercatfrutal.com\/#\/schema\/logo\/image\/\"}}]}<\/script>\n<!-- \/ Yoast SEO plugin. -->","yoast_head_json":{"title":"6 Huevos M\/L Emporda ECO - Mercat Frutal","robots":{"index":"index","follow":"follow","max-snippet":"max-snippet:-1","max-image-preview":"max-image-preview:large","max-video-preview":"max-video-preview:-1"},"canonical":"https:\/\/mercatfrutal.com\/ca\/producte\/6-huevos-m-l-emporda-eco\/","og_locale":"ca_ES","og_type":"article","og_title":"6 Huevos M\/L Emporda ECO - Mercat Frutal","og_description":"Disfruta de una media docena de huevos ecol\u00f3gicos tama\u00f1o mediano\/grande procedentes del Empord\u00e0. Una opci\u00f3n natural, sabrosa y responsable con el medio ambiente. Procedencia y categor\u00eda de los huevos Estos huevos provienen de gallinas criadas en libertad mediante un sistema de cr\u00eda ecol\u00f3gico, que garantiza su bienestar y una alimentaci\u00f3n 100% natural y sin transg\u00e9nicos. Sabor aut\u00e9ntico y natural \u2013 6 Huevos M\/L Empord\u00e0 ECO Destacan por su sabor intenso y su yema de color vivo, resultado de una alimentaci\u00f3n rica en nutrientes y sin aditivos artificiales. Usos culinarios Siendo ideales para preparar tortillas, huevos fritos, postres caseros o simplemente cocidos, aportando un sabor aut\u00e9ntico a cada plato.","og_url":"https:\/\/mercatfrutal.com\/ca\/producte\/6-huevos-m-l-emporda-eco\/","og_site_name":"Mercat Frutal","article_modified_time":"2026-04-01T07:59:18+00:00","og_image":[{"width":800,"height":800,"url":"https:\/\/mercatfrutal.com\/wp-content\/uploads\/2025\/09\/6-Huevos-M_L-ECO_EM.webp","type":"image\/webp"}],"twitter_card":"summary_large_image","twitter_misc":{"Temps estimat de lectura":"1 minut"},"schema":{"@context":"https:\/\/schema.org","@graph":[{"@type":"WebPage","@id":"https:\/\/mercatfrutal.com\/producto\/6-huevos-m-l-emporda-eco\/","url":"https:\/\/mercatfrutal.com\/producto\/6-huevos-m-l-emporda-eco\/","name":"6 Huevos M\/L Emporda ECO - Mercat Frutal","isPartOf":{"@id":"https:\/\/mercatfrutal.com\/#website"},"primaryImageOfPage":{"@id":"https:\/\/mercatfrutal.com\/producto\/6-huevos-m-l-emporda-eco\/#primaryimage"},"image":{"@id":"https:\/\/mercatfrutal.com\/producto\/6-huevos-m-l-emporda-eco\/#primaryimage"},"thumbnailUrl":"https:\/\/mercatfrutal.com\/wp-content\/uploads\/2025\/09\/6-Huevos-M_L-ECO_EM.webp","datePublished":"2024-02-19T12:30:56+00:00","dateModified":"2026-04-01T07:59:18+00:00","breadcrumb":{"@id":"https:\/\/mercatfrutal.com\/producto\/6-huevos-m-l-emporda-eco\/#breadcrumb"},"inLanguage":"ca","potentialAction":[{"@type":"ReadAction","target":["https:\/\/mercatfrutal.com\/producto\/6-huevos-m-l-emporda-eco\/"]}]},{"@type":"ImageObject","inLanguage":"ca","@id":"https:\/\/mercatfrutal.com\/producto\/6-huevos-m-l-emporda-eco\/#primaryimage","url":"https:\/\/mercatfrutal.com\/wp-content\/uploads\/2025\/09\/6-Huevos-M_L-ECO_EM.webp","contentUrl":"https:\/\/mercatfrutal.com\/wp-content\/uploads\/2025\/09\/6-Huevos-M_L-ECO_EM.webp","width":800,"height":800,"caption":"6 Huevos M\/L Emporda ECO"},{"@type":"BreadcrumbList","@id":"https:\/\/mercatfrutal.com\/producto\/6-huevos-m-l-emporda-eco\/#breadcrumb","itemListElement":[{"@type":"ListItem","position":1,"name":"Portada","item":"https:\/\/mercatfrutal.com\/"},{"@type":"ListItem","position":2,"name":"Tienda","item":"https:\/\/mercatfrutal.com\/tienda\/"},{"@type":"ListItem","position":3,"name":"6 Huevos M\/L Emporda ECO"}]},{"@type":"WebSite","@id":"https:\/\/mercatfrutal.com\/#website","url":"https:\/\/mercatfrutal.com\/","name":"Mercat Frutal","description":"","publisher":{"@id":"https:\/\/mercatfrutal.com\/#organization"},"alternateName":"Mercat Frutal","potentialAction":[{"@type":"SearchAction","target":{"@type":"EntryPoint","urlTemplate":"https:\/\/mercatfrutal.com\/?s={search_term_string}"},"query-input":{"@type":"PropertyValueSpecification","valueRequired":true,"valueName":"search_term_string"}}],"inLanguage":"ca"},{"@type":"Organization","@id":"https:\/\/mercatfrutal.com\/#organization","name":"Mercat Frutal","url":"https:\/\/mercatfrutal.com\/","logo":{"@type":"ImageObject","inLanguage":"ca","@id":"https:\/\/mercatfrutal.com\/#\/schema\/logo\/image\/","url":"https:\/\/mercatfrutal.com\/wp-content\/uploads\/2024\/01\/LOGO-FRUTAL3.png","contentUrl":"https:\/\/mercatfrutal.com\/wp-content\/uploads\/2024\/01\/LOGO-FRUTAL3.png","width":1024,"height":382,"caption":"Mercat Frutal"},"image":{"@id":"https:\/\/mercatfrutal.com\/#\/schema\/logo\/image\/"}}]}},"jetpack_sharing_enabled":true,"_links":{"self":[{"href":"https:\/\/mercatfrutal.com\/ca\/wp-json\/wp\/v2\/product\/1004","targetHints":{"allow":["GET"]}}],"collection":[{"href":"https:\/\/mercatfrutal.com\/ca\/wp-json\/wp\/v2\/product"}],"about":[{"href":"https:\/\/mercatfrutal.com\/ca\/wp-json\/wp\/v2\/types\/product"}],"replies":[{"embeddable":true,"href":"https:\/\/mercatfrutal.com\/ca\/wp-json\/wp\/v2\/comments?post=1004"}],"wp:featuredmedia":[{"embeddable":true,"href":"https:\/\/mercatfrutal.com\/ca\/wp-json\/wp\/v2\/media\/9724"}],"wp:attachment":[{"href":"https:\/\/mercatfrutal.com\/ca\/wp-json\/wp\/v2\/media?parent=1004"}],"wp:term":[{"taxonomy":"product_brand","embeddable":true,"href":"https:\/\/mercatfrutal.com\/ca\/wp-json\/wp\/v2\/product_brand?post=1004"},{"taxonomy":"product_cat","embeddable":true,"href":"https:\/\/mercatfrutal.com\/ca\/wp-json\/wp\/v2\/product_cat?post=1004"},{"taxonomy":"product_tag","embeddable":true,"href":"https:\/\/mercatfrutal.com\/ca\/wp-json\/wp\/v2\/product_tag?post=1004"}],"curies":[{"name":"wp","href":"https:\/\/api.w.org\/{rel}","templated":true}]}}