{"id":1007,"date":"2024-02-19T13:31:05","date_gmt":"2024-02-19T12:31:05","guid":{"rendered":"https:\/\/mercatfrutal.com\/producto\/6-huevos-x-l-eco\/"},"modified":"2026-04-14T15:00:42","modified_gmt":"2026-04-14T13:00:42","slug":"6-huevos-x-l-emporda-eco","status":"publish","type":"product","link":"https:\/\/mercatfrutal.com\/ca\/producte\/6-huevos-x-l-emporda-eco\/","title":{"rendered":"6 Ous X\/L Emporda ECO"},"content":{"rendered":"","protected":false},"excerpt":{"rendered":"<p><span style=\"font-weight: 400\">Ous ecol\u00f2gics de mida X\/L de l\u2019Empord\u00e0, seleccionats per a qui busca una mida m\u00e9s gran sense renunciar a la qualitat.<\/span><\/p>\n<h2><b>Proced\u00e8ncia i categoria dels ous<\/b><\/h2>\n<p><span style=\"font-weight: 400\">Provenen de gallines criades ecol\u00f2gicament a l\u2019Empord\u00e0, amb llibertat per moure\u2019s i alimentar-se amb ingredients 100% naturals.<\/span><\/p>\n<h2><b>Nutrici\u00f3 en mida XL \u2013 6 Ous X\/L Empord\u00e0 ECO<\/b><\/h2>\n<p><span style=\"font-weight: 400\">Es caracteritzen per la seva mida generosa, la seva alta concentraci\u00f3 de nutrients i un rovell dens, perfecte per a plats que requereixen consist\u00e8ncia i sabor.<\/span><\/p>\n<h2><b>Usos culinaris<\/b><\/h2>\n<p><span style=\"font-weight: 400\">Ideals per a esmorzars energ\u00e8tics, receptes tradicionals, batuts proteics o qualsevol preparaci\u00f3 que requereixi un ou de gran mida i qualitat.<\/span><\/p>","protected":false},"featured_media":9725,"comment_status":"open","ping_status":"closed","template":"","meta":{"content-type":""},"product_brand":[],"product_cat":[311],"product_tag":[],"class_list":{"0":"post-1007","1":"product","2":"type-product","3":"status-publish","4":"has-post-thumbnail","6":"product_cat-huevos","7":"has-subscription-plans","9":"first","10":"instock","11":"taxable","12":"shipping-taxable","13":"purchasable","14":"product-type-simple"},"bundled_by":[],"bundle_stock_status":"instock","bundle_stock_quantity":null,"bundle_virtual":false,"bundle_layout":"","bundle_add_to_cart_form_location":"","bundle_editable_in_cart":false,"bundle_sold_individually_context":"","bundle_item_grouping":"","bundle_min_size":"","bundle_max_size":"","bundle_price":[],"bundled_items":[],"bundle_sell_ids":[],"yoast_head":"<!-- This site is optimized with the Yoast SEO plugin v27.2 - https:\/\/yoast.com\/product\/yoast-seo-wordpress\/ -->\n<title>6 Huevos X\/L Emporda ECO - Mercat Frutal<\/title>\n<meta name=\"robots\" content=\"index, follow, max-snippet:-1, max-image-preview:large, max-video-preview:-1\" \/>\n<link rel=\"canonical\" href=\"https:\/\/mercatfrutal.com\/ca\/producte\/6-huevos-x-l-emporda-eco\/\" \/>\n<meta property=\"og:locale\" content=\"ca_ES\" \/>\n<meta property=\"og:type\" content=\"article\" \/>\n<meta property=\"og:title\" content=\"6 Huevos X\/L Emporda ECO - Mercat Frutal\" \/>\n<meta property=\"og:description\" content=\"Huevos ecol\u00f3gicos tama\u00f1o X\/L del Empord\u00e0, seleccionados para quienes buscan mayor tama\u00f1o sin renunciar a la calidad. Procedencia y categor\u00eda de los huevos Provienen de gallinas criadas ecol\u00f3gicamente en el Empord\u00e0, con libertad para moverse y alimentarse con ingredientes 100% naturales. Nutrici\u00f3n en tama\u00f1o XL \u2013 6 Huevos X\/L Empord\u00e0 ECO Destacan por su tama\u00f1o generoso, su alta concentraci\u00f3n de nutrientes y una yema densa perfecta para platos que exigen consistencia y sabor. Usos culinarios Siendo ideales para desayunos energ\u00e9ticos, recetas tradicionales, batidos proteicos o cualquier preparaci\u00f3n que requiera un huevo de gran tama\u00f1o y calidad.\" \/>\n<meta property=\"og:url\" content=\"https:\/\/mercatfrutal.com\/ca\/producte\/6-huevos-x-l-emporda-eco\/\" \/>\n<meta property=\"og:site_name\" content=\"Mercat Frutal\" \/>\n<meta property=\"article:modified_time\" content=\"2026-04-14T13:00:42+00:00\" \/>\n<meta property=\"og:image\" content=\"https:\/\/mercatfrutal.com\/wp-content\/uploads\/2025\/09\/6-Ous-X_L-ECO.webp\" \/>\n\t<meta property=\"og:image:width\" content=\"800\" \/>\n\t<meta property=\"og:image:height\" content=\"800\" \/>\n\t<meta property=\"og:image:type\" content=\"image\/webp\" \/>\n<meta name=\"twitter:card\" content=\"summary_large_image\" \/>\n<meta name=\"twitter:label1\" content=\"Temps estimat de lectura\" \/>\n\t<meta name=\"twitter:data1\" content=\"1 minut\" \/>\n<script type=\"application\/ld+json\" class=\"yoast-schema-graph\">{\"@context\":\"https:\/\/schema.org\",\"@graph\":[{\"@type\":\"WebPage\",\"@id\":\"https:\/\/mercatfrutal.com\/producto\/6-huevos-x-l-emporda-eco\/\",\"url\":\"https:\/\/mercatfrutal.com\/producto\/6-huevos-x-l-emporda-eco\/\",\"name\":\"6 Huevos X\/L Emporda ECO - Mercat Frutal\",\"isPartOf\":{\"@id\":\"https:\/\/mercatfrutal.com\/#website\"},\"primaryImageOfPage\":{\"@id\":\"https:\/\/mercatfrutal.com\/producto\/6-huevos-x-l-emporda-eco\/#primaryimage\"},\"image\":{\"@id\":\"https:\/\/mercatfrutal.com\/producto\/6-huevos-x-l-emporda-eco\/#primaryimage\"},\"thumbnailUrl\":\"https:\/\/mercatfrutal.com\/wp-content\/uploads\/2025\/09\/6-Ous-X_L-ECO.webp\",\"datePublished\":\"2024-02-19T12:31:05+00:00\",\"dateModified\":\"2026-04-14T13:00:42+00:00\",\"breadcrumb\":{\"@id\":\"https:\/\/mercatfrutal.com\/producto\/6-huevos-x-l-emporda-eco\/#breadcrumb\"},\"inLanguage\":\"ca\",\"potentialAction\":[{\"@type\":\"ReadAction\",\"target\":[\"https:\/\/mercatfrutal.com\/producto\/6-huevos-x-l-emporda-eco\/\"]}]},{\"@type\":\"ImageObject\",\"inLanguage\":\"ca\",\"@id\":\"https:\/\/mercatfrutal.com\/producto\/6-huevos-x-l-emporda-eco\/#primaryimage\",\"url\":\"https:\/\/mercatfrutal.com\/wp-content\/uploads\/2025\/09\/6-Ous-X_L-ECO.webp\",\"contentUrl\":\"https:\/\/mercatfrutal.com\/wp-content\/uploads\/2025\/09\/6-Ous-X_L-ECO.webp\",\"width\":800,\"height\":800,\"caption\":\"6 Huevos X\/L Emporda ECO\"},{\"@type\":\"BreadcrumbList\",\"@id\":\"https:\/\/mercatfrutal.com\/producto\/6-huevos-x-l-emporda-eco\/#breadcrumb\",\"itemListElement\":[{\"@type\":\"ListItem\",\"position\":1,\"name\":\"Portada\",\"item\":\"https:\/\/mercatfrutal.com\/\"},{\"@type\":\"ListItem\",\"position\":2,\"name\":\"Tienda\",\"item\":\"https:\/\/mercatfrutal.com\/tienda\/\"},{\"@type\":\"ListItem\",\"position\":3,\"name\":\"6 Huevos X\/L Emporda ECO\"}]},{\"@type\":\"WebSite\",\"@id\":\"https:\/\/mercatfrutal.com\/#website\",\"url\":\"https:\/\/mercatfrutal.com\/\",\"name\":\"Mercat Frutal\",\"description\":\"\",\"publisher\":{\"@id\":\"https:\/\/mercatfrutal.com\/#organization\"},\"alternateName\":\"Mercat Frutal\",\"potentialAction\":[{\"@type\":\"SearchAction\",\"target\":{\"@type\":\"EntryPoint\",\"urlTemplate\":\"https:\/\/mercatfrutal.com\/?s={search_term_string}\"},\"query-input\":{\"@type\":\"PropertyValueSpecification\",\"valueRequired\":true,\"valueName\":\"search_term_string\"}}],\"inLanguage\":\"ca\"},{\"@type\":\"Organization\",\"@id\":\"https:\/\/mercatfrutal.com\/#organization\",\"name\":\"Mercat Frutal\",\"url\":\"https:\/\/mercatfrutal.com\/\",\"logo\":{\"@type\":\"ImageObject\",\"inLanguage\":\"ca\",\"@id\":\"https:\/\/mercatfrutal.com\/#\/schema\/logo\/image\/\",\"url\":\"https:\/\/mercatfrutal.com\/wp-content\/uploads\/2024\/01\/LOGO-FRUTAL3.png\",\"contentUrl\":\"https:\/\/mercatfrutal.com\/wp-content\/uploads\/2024\/01\/LOGO-FRUTAL3.png\",\"width\":1024,\"height\":382,\"caption\":\"Mercat Frutal\"},\"image\":{\"@id\":\"https:\/\/mercatfrutal.com\/#\/schema\/logo\/image\/\"}}]}<\/script>\n<!-- \/ Yoast SEO plugin. -->","yoast_head_json":{"title":"6 Huevos X\/L Emporda ECO - Mercat Frutal","robots":{"index":"index","follow":"follow","max-snippet":"max-snippet:-1","max-image-preview":"max-image-preview:large","max-video-preview":"max-video-preview:-1"},"canonical":"https:\/\/mercatfrutal.com\/ca\/producte\/6-huevos-x-l-emporda-eco\/","og_locale":"ca_ES","og_type":"article","og_title":"6 Huevos X\/L Emporda ECO - Mercat Frutal","og_description":"Huevos ecol\u00f3gicos tama\u00f1o X\/L del Empord\u00e0, seleccionados para quienes buscan mayor tama\u00f1o sin renunciar a la calidad. Procedencia y categor\u00eda de los huevos Provienen de gallinas criadas ecol\u00f3gicamente en el Empord\u00e0, con libertad para moverse y alimentarse con ingredientes 100% naturales. Nutrici\u00f3n en tama\u00f1o XL \u2013 6 Huevos X\/L Empord\u00e0 ECO Destacan por su tama\u00f1o generoso, su alta concentraci\u00f3n de nutrientes y una yema densa perfecta para platos que exigen consistencia y sabor. Usos culinarios Siendo ideales para desayunos energ\u00e9ticos, recetas tradicionales, batidos proteicos o cualquier preparaci\u00f3n que requiera un huevo de gran tama\u00f1o y calidad.","og_url":"https:\/\/mercatfrutal.com\/ca\/producte\/6-huevos-x-l-emporda-eco\/","og_site_name":"Mercat Frutal","article_modified_time":"2026-04-14T13:00:42+00:00","og_image":[{"width":800,"height":800,"url":"https:\/\/mercatfrutal.com\/wp-content\/uploads\/2025\/09\/6-Ous-X_L-ECO.webp","type":"image\/webp"}],"twitter_card":"summary_large_image","twitter_misc":{"Temps estimat de lectura":"1 minut"},"schema":{"@context":"https:\/\/schema.org","@graph":[{"@type":"WebPage","@id":"https:\/\/mercatfrutal.com\/producto\/6-huevos-x-l-emporda-eco\/","url":"https:\/\/mercatfrutal.com\/producto\/6-huevos-x-l-emporda-eco\/","name":"6 Huevos X\/L Emporda ECO - Mercat Frutal","isPartOf":{"@id":"https:\/\/mercatfrutal.com\/#website"},"primaryImageOfPage":{"@id":"https:\/\/mercatfrutal.com\/producto\/6-huevos-x-l-emporda-eco\/#primaryimage"},"image":{"@id":"https:\/\/mercatfrutal.com\/producto\/6-huevos-x-l-emporda-eco\/#primaryimage"},"thumbnailUrl":"https:\/\/mercatfrutal.com\/wp-content\/uploads\/2025\/09\/6-Ous-X_L-ECO.webp","datePublished":"2024-02-19T12:31:05+00:00","dateModified":"2026-04-14T13:00:42+00:00","breadcrumb":{"@id":"https:\/\/mercatfrutal.com\/producto\/6-huevos-x-l-emporda-eco\/#breadcrumb"},"inLanguage":"ca","potentialAction":[{"@type":"ReadAction","target":["https:\/\/mercatfrutal.com\/producto\/6-huevos-x-l-emporda-eco\/"]}]},{"@type":"ImageObject","inLanguage":"ca","@id":"https:\/\/mercatfrutal.com\/producto\/6-huevos-x-l-emporda-eco\/#primaryimage","url":"https:\/\/mercatfrutal.com\/wp-content\/uploads\/2025\/09\/6-Ous-X_L-ECO.webp","contentUrl":"https:\/\/mercatfrutal.com\/wp-content\/uploads\/2025\/09\/6-Ous-X_L-ECO.webp","width":800,"height":800,"caption":"6 Huevos X\/L Emporda ECO"},{"@type":"BreadcrumbList","@id":"https:\/\/mercatfrutal.com\/producto\/6-huevos-x-l-emporda-eco\/#breadcrumb","itemListElement":[{"@type":"ListItem","position":1,"name":"Portada","item":"https:\/\/mercatfrutal.com\/"},{"@type":"ListItem","position":2,"name":"Tienda","item":"https:\/\/mercatfrutal.com\/tienda\/"},{"@type":"ListItem","position":3,"name":"6 Huevos X\/L Emporda ECO"}]},{"@type":"WebSite","@id":"https:\/\/mercatfrutal.com\/#website","url":"https:\/\/mercatfrutal.com\/","name":"Mercat Frutal","description":"","publisher":{"@id":"https:\/\/mercatfrutal.com\/#organization"},"alternateName":"Mercat Frutal","potentialAction":[{"@type":"SearchAction","target":{"@type":"EntryPoint","urlTemplate":"https:\/\/mercatfrutal.com\/?s={search_term_string}"},"query-input":{"@type":"PropertyValueSpecification","valueRequired":true,"valueName":"search_term_string"}}],"inLanguage":"ca"},{"@type":"Organization","@id":"https:\/\/mercatfrutal.com\/#organization","name":"Mercat Frutal","url":"https:\/\/mercatfrutal.com\/","logo":{"@type":"ImageObject","inLanguage":"ca","@id":"https:\/\/mercatfrutal.com\/#\/schema\/logo\/image\/","url":"https:\/\/mercatfrutal.com\/wp-content\/uploads\/2024\/01\/LOGO-FRUTAL3.png","contentUrl":"https:\/\/mercatfrutal.com\/wp-content\/uploads\/2024\/01\/LOGO-FRUTAL3.png","width":1024,"height":382,"caption":"Mercat Frutal"},"image":{"@id":"https:\/\/mercatfrutal.com\/#\/schema\/logo\/image\/"}}]}},"jetpack_sharing_enabled":true,"_links":{"self":[{"href":"https:\/\/mercatfrutal.com\/ca\/wp-json\/wp\/v2\/product\/1007","targetHints":{"allow":["GET"]}}],"collection":[{"href":"https:\/\/mercatfrutal.com\/ca\/wp-json\/wp\/v2\/product"}],"about":[{"href":"https:\/\/mercatfrutal.com\/ca\/wp-json\/wp\/v2\/types\/product"}],"replies":[{"embeddable":true,"href":"https:\/\/mercatfrutal.com\/ca\/wp-json\/wp\/v2\/comments?post=1007"}],"wp:featuredmedia":[{"embeddable":true,"href":"https:\/\/mercatfrutal.com\/ca\/wp-json\/wp\/v2\/media\/9725"}],"wp:attachment":[{"href":"https:\/\/mercatfrutal.com\/ca\/wp-json\/wp\/v2\/media?parent=1007"}],"wp:term":[{"taxonomy":"product_brand","embeddable":true,"href":"https:\/\/mercatfrutal.com\/ca\/wp-json\/wp\/v2\/product_brand?post=1007"},{"taxonomy":"product_cat","embeddable":true,"href":"https:\/\/mercatfrutal.com\/ca\/wp-json\/wp\/v2\/product_cat?post=1007"},{"taxonomy":"product_tag","embeddable":true,"href":"https:\/\/mercatfrutal.com\/ca\/wp-json\/wp\/v2\/product_tag?post=1007"}],"curies":[{"name":"wp","href":"https:\/\/api.w.org\/{rel}","templated":true}]}}