{"id":1025,"date":"2024-02-19T13:43:59","date_gmt":"2024-02-19T12:43:59","guid":{"rendered":"https:\/\/mercatfrutal.com\/producto\/yogur-coco-vaca-2x125g-eco\/"},"modified":"2026-04-22T13:23:06","modified_gmt":"2026-04-22T11:23:06","slug":"yogur-coco-vaca-2x125g-eco","status":"publish","type":"product","link":"https:\/\/mercatfrutal.com\/ca\/producte\/yogur-coco-vaca-2x125g-eco\/","title":{"rendered":"Iogurt Coco Vaca 2x125g ECO"},"content":{"rendered":"","protected":false},"excerpt":{"rendered":"<p><span style=\"font-weight: 400\">El Iogurt de Coco amb Llet de Vaca 2x125g ECO \u00e9s un delici\u00f3s iogurt ecol\u00f2gic combinat amb coco, sense sucres afegits.<\/span><\/p>\n<h2><b>Beneficis principals del Iogurt Coco Vaca ECO<\/b><\/h2>\n<p><span style=\"font-weight: 400\">\u00c9s una excel\u00b7lent font de calci, probi\u00f2tics i greixos saludables, que aporten beneficis per a la digesti\u00f3, la salut \u00f2ssia i la sacietat.<\/span><\/p>\n<h2><b>Caracter\u00edstiques del Iogurt Coco Vaca<\/b><\/h2>\n<p><span style=\"font-weight: 400\">De textura cremosa i sabor ex\u00f2tic i suau, \u00e9s una opci\u00f3 deliciosa i saludable per a qui gaudeix dels sabors tropicals.<\/span><\/p>\n<h2><b>Formes d\u2019\u00fas<\/b><\/h2>\n<p><span style=\"font-weight: 400\">\u00c9s ideal per a esmorzars, berenars o com a postres, combinat amb fruita fresca o granola.<\/span><\/p>","protected":false},"featured_media":9743,"comment_status":"open","ping_status":"closed","template":"","meta":{"content-type":""},"product_brand":[],"product_cat":[330],"product_tag":[],"class_list":{"0":"post-1025","1":"product","2":"type-product","3":"status-publish","4":"has-post-thumbnail","6":"product_cat-yogur-de-vaca","7":"has-subscription-plans","9":"first","10":"instock","11":"taxable","12":"shipping-taxable","13":"purchasable","14":"product-type-simple"},"bundled_by":[],"bundle_stock_status":"instock","bundle_stock_quantity":22,"bundle_virtual":false,"bundle_layout":"","bundle_add_to_cart_form_location":"","bundle_editable_in_cart":false,"bundle_sold_individually_context":"","bundle_item_grouping":"","bundle_min_size":"","bundle_max_size":"","bundle_price":[],"bundled_items":[],"bundle_sell_ids":[],"yoast_head":"<!-- This site is optimized with the Yoast SEO plugin v27.2 - https:\/\/yoast.com\/product\/yoast-seo-wordpress\/ -->\n<title>Yogur Coco Vaca 2x125g ECO - Mercat Frutal<\/title>\n<meta name=\"robots\" content=\"index, follow, max-snippet:-1, max-image-preview:large, max-video-preview:-1\" \/>\n<link rel=\"canonical\" href=\"https:\/\/mercatfrutal.com\/ca\/producte\/yogur-coco-vaca-2x125g-eco\/\" \/>\n<meta property=\"og:locale\" content=\"ca_ES\" \/>\n<meta property=\"og:type\" content=\"article\" \/>\n<meta property=\"og:title\" content=\"Yogur Coco Vaca 2x125g ECO - Mercat Frutal\" \/>\n<meta property=\"og:description\" content=\"Yogur Coco Vaca 2x125g ECO es un delicioso yogur ecol\u00f3gico de leche de vaca combinado con coco, sin az\u00facares a\u00f1adidos. Beneficios principales de Yogur Coco Vaca ECO Son una excelente fuente de calcio, probi\u00f3ticos y grasas saludables, que aportan beneficios para la digesti\u00f3n, la salud \u00f3sea y la saciedad. Caracter\u00edsticas del Yogur Coco Vaca De textura cremosa y sabor ex\u00f3tico y suave, es una opci\u00f3n deliciosa y saludable para quienes disfrutan de sabores tropicales. Formas de uso Son ideales para desayunos, meriendas o como postre, combinados con fruta fresca o granola.\" \/>\n<meta property=\"og:url\" content=\"https:\/\/mercatfrutal.com\/ca\/producte\/yogur-coco-vaca-2x125g-eco\/\" \/>\n<meta property=\"og:site_name\" content=\"Mercat Frutal\" \/>\n<meta property=\"article:modified_time\" content=\"2026-04-22T11:23:06+00:00\" \/>\n<meta property=\"og:image\" content=\"https:\/\/mercatfrutal.com\/wp-content\/uploads\/2025\/09\/Yogur-Coco-Vaca-2x125g-ECO.webp\" \/>\n\t<meta property=\"og:image:width\" content=\"800\" \/>\n\t<meta property=\"og:image:height\" content=\"800\" \/>\n\t<meta property=\"og:image:type\" content=\"image\/webp\" \/>\n<meta name=\"twitter:card\" content=\"summary_large_image\" \/>\n<meta name=\"twitter:label1\" content=\"Temps estimat de lectura\" \/>\n\t<meta name=\"twitter:data1\" content=\"1 minut\" \/>\n<script type=\"application\/ld+json\" class=\"yoast-schema-graph\">{\"@context\":\"https:\/\/schema.org\",\"@graph\":[{\"@type\":\"WebPage\",\"@id\":\"https:\/\/mercatfrutal.com\/producto\/yogur-coco-vaca-2x125g-eco\/\",\"url\":\"https:\/\/mercatfrutal.com\/producto\/yogur-coco-vaca-2x125g-eco\/\",\"name\":\"Yogur Coco Vaca 2x125g ECO - Mercat Frutal\",\"isPartOf\":{\"@id\":\"https:\/\/mercatfrutal.com\/#website\"},\"primaryImageOfPage\":{\"@id\":\"https:\/\/mercatfrutal.com\/producto\/yogur-coco-vaca-2x125g-eco\/#primaryimage\"},\"image\":{\"@id\":\"https:\/\/mercatfrutal.com\/producto\/yogur-coco-vaca-2x125g-eco\/#primaryimage\"},\"thumbnailUrl\":\"https:\/\/mercatfrutal.com\/wp-content\/uploads\/2025\/09\/Yogur-Coco-Vaca-2x125g-ECO.webp\",\"datePublished\":\"2024-02-19T12:43:59+00:00\",\"dateModified\":\"2026-04-22T11:23:06+00:00\",\"breadcrumb\":{\"@id\":\"https:\/\/mercatfrutal.com\/producto\/yogur-coco-vaca-2x125g-eco\/#breadcrumb\"},\"inLanguage\":\"ca\",\"potentialAction\":[{\"@type\":\"ReadAction\",\"target\":[\"https:\/\/mercatfrutal.com\/producto\/yogur-coco-vaca-2x125g-eco\/\"]}]},{\"@type\":\"ImageObject\",\"inLanguage\":\"ca\",\"@id\":\"https:\/\/mercatfrutal.com\/producto\/yogur-coco-vaca-2x125g-eco\/#primaryimage\",\"url\":\"https:\/\/mercatfrutal.com\/wp-content\/uploads\/2025\/09\/Yogur-Coco-Vaca-2x125g-ECO.webp\",\"contentUrl\":\"https:\/\/mercatfrutal.com\/wp-content\/uploads\/2025\/09\/Yogur-Coco-Vaca-2x125g-ECO.webp\",\"width\":800,\"height\":800,\"caption\":\"Yogur Coco Vaca 2x125g ECO\"},{\"@type\":\"BreadcrumbList\",\"@id\":\"https:\/\/mercatfrutal.com\/producto\/yogur-coco-vaca-2x125g-eco\/#breadcrumb\",\"itemListElement\":[{\"@type\":\"ListItem\",\"position\":1,\"name\":\"Portada\",\"item\":\"https:\/\/mercatfrutal.com\/\"},{\"@type\":\"ListItem\",\"position\":2,\"name\":\"Tienda\",\"item\":\"https:\/\/mercatfrutal.com\/tienda\/\"},{\"@type\":\"ListItem\",\"position\":3,\"name\":\"Yogur Coco Vaca 2x125g ECO\"}]},{\"@type\":\"WebSite\",\"@id\":\"https:\/\/mercatfrutal.com\/#website\",\"url\":\"https:\/\/mercatfrutal.com\/\",\"name\":\"Mercat Frutal\",\"description\":\"\",\"publisher\":{\"@id\":\"https:\/\/mercatfrutal.com\/#organization\"},\"alternateName\":\"Mercat Frutal\",\"potentialAction\":[{\"@type\":\"SearchAction\",\"target\":{\"@type\":\"EntryPoint\",\"urlTemplate\":\"https:\/\/mercatfrutal.com\/?s={search_term_string}\"},\"query-input\":{\"@type\":\"PropertyValueSpecification\",\"valueRequired\":true,\"valueName\":\"search_term_string\"}}],\"inLanguage\":\"ca\"},{\"@type\":\"Organization\",\"@id\":\"https:\/\/mercatfrutal.com\/#organization\",\"name\":\"Mercat Frutal\",\"url\":\"https:\/\/mercatfrutal.com\/\",\"logo\":{\"@type\":\"ImageObject\",\"inLanguage\":\"ca\",\"@id\":\"https:\/\/mercatfrutal.com\/#\/schema\/logo\/image\/\",\"url\":\"https:\/\/mercatfrutal.com\/wp-content\/uploads\/2024\/01\/LOGO-FRUTAL3.png\",\"contentUrl\":\"https:\/\/mercatfrutal.com\/wp-content\/uploads\/2024\/01\/LOGO-FRUTAL3.png\",\"width\":1024,\"height\":382,\"caption\":\"Mercat Frutal\"},\"image\":{\"@id\":\"https:\/\/mercatfrutal.com\/#\/schema\/logo\/image\/\"}}]}<\/script>\n<!-- \/ Yoast SEO plugin. -->","yoast_head_json":{"title":"Yogur Coco Vaca 2x125g ECO - Mercat Frutal","robots":{"index":"index","follow":"follow","max-snippet":"max-snippet:-1","max-image-preview":"max-image-preview:large","max-video-preview":"max-video-preview:-1"},"canonical":"https:\/\/mercatfrutal.com\/ca\/producte\/yogur-coco-vaca-2x125g-eco\/","og_locale":"ca_ES","og_type":"article","og_title":"Yogur Coco Vaca 2x125g ECO - Mercat Frutal","og_description":"Yogur Coco Vaca 2x125g ECO es un delicioso yogur ecol\u00f3gico de leche de vaca combinado con coco, sin az\u00facares a\u00f1adidos. Beneficios principales de Yogur Coco Vaca ECO Son una excelente fuente de calcio, probi\u00f3ticos y grasas saludables, que aportan beneficios para la digesti\u00f3n, la salud \u00f3sea y la saciedad. Caracter\u00edsticas del Yogur Coco Vaca De textura cremosa y sabor ex\u00f3tico y suave, es una opci\u00f3n deliciosa y saludable para quienes disfrutan de sabores tropicales. Formas de uso Son ideales para desayunos, meriendas o como postre, combinados con fruta fresca o granola.","og_url":"https:\/\/mercatfrutal.com\/ca\/producte\/yogur-coco-vaca-2x125g-eco\/","og_site_name":"Mercat Frutal","article_modified_time":"2026-04-22T11:23:06+00:00","og_image":[{"width":800,"height":800,"url":"https:\/\/mercatfrutal.com\/wp-content\/uploads\/2025\/09\/Yogur-Coco-Vaca-2x125g-ECO.webp","type":"image\/webp"}],"twitter_card":"summary_large_image","twitter_misc":{"Temps estimat de lectura":"1 minut"},"schema":{"@context":"https:\/\/schema.org","@graph":[{"@type":"WebPage","@id":"https:\/\/mercatfrutal.com\/producto\/yogur-coco-vaca-2x125g-eco\/","url":"https:\/\/mercatfrutal.com\/producto\/yogur-coco-vaca-2x125g-eco\/","name":"Yogur Coco Vaca 2x125g ECO - Mercat Frutal","isPartOf":{"@id":"https:\/\/mercatfrutal.com\/#website"},"primaryImageOfPage":{"@id":"https:\/\/mercatfrutal.com\/producto\/yogur-coco-vaca-2x125g-eco\/#primaryimage"},"image":{"@id":"https:\/\/mercatfrutal.com\/producto\/yogur-coco-vaca-2x125g-eco\/#primaryimage"},"thumbnailUrl":"https:\/\/mercatfrutal.com\/wp-content\/uploads\/2025\/09\/Yogur-Coco-Vaca-2x125g-ECO.webp","datePublished":"2024-02-19T12:43:59+00:00","dateModified":"2026-04-22T11:23:06+00:00","breadcrumb":{"@id":"https:\/\/mercatfrutal.com\/producto\/yogur-coco-vaca-2x125g-eco\/#breadcrumb"},"inLanguage":"ca","potentialAction":[{"@type":"ReadAction","target":["https:\/\/mercatfrutal.com\/producto\/yogur-coco-vaca-2x125g-eco\/"]}]},{"@type":"ImageObject","inLanguage":"ca","@id":"https:\/\/mercatfrutal.com\/producto\/yogur-coco-vaca-2x125g-eco\/#primaryimage","url":"https:\/\/mercatfrutal.com\/wp-content\/uploads\/2025\/09\/Yogur-Coco-Vaca-2x125g-ECO.webp","contentUrl":"https:\/\/mercatfrutal.com\/wp-content\/uploads\/2025\/09\/Yogur-Coco-Vaca-2x125g-ECO.webp","width":800,"height":800,"caption":"Yogur Coco Vaca 2x125g ECO"},{"@type":"BreadcrumbList","@id":"https:\/\/mercatfrutal.com\/producto\/yogur-coco-vaca-2x125g-eco\/#breadcrumb","itemListElement":[{"@type":"ListItem","position":1,"name":"Portada","item":"https:\/\/mercatfrutal.com\/"},{"@type":"ListItem","position":2,"name":"Tienda","item":"https:\/\/mercatfrutal.com\/tienda\/"},{"@type":"ListItem","position":3,"name":"Yogur Coco Vaca 2x125g ECO"}]},{"@type":"WebSite","@id":"https:\/\/mercatfrutal.com\/#website","url":"https:\/\/mercatfrutal.com\/","name":"Mercat Frutal","description":"","publisher":{"@id":"https:\/\/mercatfrutal.com\/#organization"},"alternateName":"Mercat Frutal","potentialAction":[{"@type":"SearchAction","target":{"@type":"EntryPoint","urlTemplate":"https:\/\/mercatfrutal.com\/?s={search_term_string}"},"query-input":{"@type":"PropertyValueSpecification","valueRequired":true,"valueName":"search_term_string"}}],"inLanguage":"ca"},{"@type":"Organization","@id":"https:\/\/mercatfrutal.com\/#organization","name":"Mercat Frutal","url":"https:\/\/mercatfrutal.com\/","logo":{"@type":"ImageObject","inLanguage":"ca","@id":"https:\/\/mercatfrutal.com\/#\/schema\/logo\/image\/","url":"https:\/\/mercatfrutal.com\/wp-content\/uploads\/2024\/01\/LOGO-FRUTAL3.png","contentUrl":"https:\/\/mercatfrutal.com\/wp-content\/uploads\/2024\/01\/LOGO-FRUTAL3.png","width":1024,"height":382,"caption":"Mercat Frutal"},"image":{"@id":"https:\/\/mercatfrutal.com\/#\/schema\/logo\/image\/"}}]}},"jetpack_sharing_enabled":true,"_links":{"self":[{"href":"https:\/\/mercatfrutal.com\/ca\/wp-json\/wp\/v2\/product\/1025","targetHints":{"allow":["GET"]}}],"collection":[{"href":"https:\/\/mercatfrutal.com\/ca\/wp-json\/wp\/v2\/product"}],"about":[{"href":"https:\/\/mercatfrutal.com\/ca\/wp-json\/wp\/v2\/types\/product"}],"replies":[{"embeddable":true,"href":"https:\/\/mercatfrutal.com\/ca\/wp-json\/wp\/v2\/comments?post=1025"}],"wp:featuredmedia":[{"embeddable":true,"href":"https:\/\/mercatfrutal.com\/ca\/wp-json\/wp\/v2\/media\/9743"}],"wp:attachment":[{"href":"https:\/\/mercatfrutal.com\/ca\/wp-json\/wp\/v2\/media?parent=1025"}],"wp:term":[{"taxonomy":"product_brand","embeddable":true,"href":"https:\/\/mercatfrutal.com\/ca\/wp-json\/wp\/v2\/product_brand?post=1025"},{"taxonomy":"product_cat","embeddable":true,"href":"https:\/\/mercatfrutal.com\/ca\/wp-json\/wp\/v2\/product_cat?post=1025"},{"taxonomy":"product_tag","embeddable":true,"href":"https:\/\/mercatfrutal.com\/ca\/wp-json\/wp\/v2\/product_tag?post=1025"}],"curies":[{"name":"wp","href":"https:\/\/api.w.org\/{rel}","templated":true}]}}