{"id":1036,"date":"2024-02-19T16:04:07","date_gmt":"2024-02-19T15:04:07","guid":{"rendered":"https:\/\/mercatfrutal.com\/producto\/raviolis-cuatro-quesos-250g-eco\/"},"modified":"2026-04-17T14:46:14","modified_gmt":"2026-04-17T12:46:14","slug":"raviolis-cuatro-quesos-250g-eco","status":"publish","type":"product","link":"https:\/\/mercatfrutal.com\/ca\/producte\/raviolis-cuatro-quesos-250g-eco\/","title":{"rendered":"Raviolis Quatre Formatges 250g ECO"},"content":{"rendered":"","protected":false},"excerpt":{"rendered":"<p data-start=\"5034\" data-end=\"5187\">Els raviolis quatre formatges ecol\u00f2gics estan farcits d\u2019una barreja cremosa de formatges i elaborats amb pasta fresca ecol\u00f2gica.<\/p>\n<h2 data-start=\"5189\" data-end=\"5350\"><strong data-start=\"5189\" data-end=\"5246\">Propietats i beneficis dels Raviolis Quatre Formatges ECO<\/strong><\/h2>\n<p data-start=\"5189\" data-end=\"5350\">Rics en calci, prote\u00efnes i sabor. Fets sense additius ni conservants, nom\u00e9s amb ingredients naturals.<\/p>\n<h2 data-start=\"5352\" data-end=\"5488\"><b>Formes de consum<\/b><\/h2>\n<p data-start=\"5352\" data-end=\"5488\">Perfectes amb salses suaus, mantega i s\u00e0lvia o simplement amb un raig d\u2019oli d\u2019oliva.<\/p>","protected":false},"featured_media":9800,"comment_status":"open","ping_status":"closed","template":"","meta":{"content-type":""},"product_brand":[],"product_cat":[334],"product_tag":[],"class_list":{"0":"post-1036","1":"product","2":"type-product","3":"status-publish","4":"has-post-thumbnail","6":"product_cat-pasta-fresca","7":"has-subscription-plans","9":"first","10":"instock","11":"taxable","12":"shipping-taxable","13":"purchasable","14":"product-type-simple"},"bundled_by":[],"bundle_stock_status":"instock","bundle_stock_quantity":6,"bundle_virtual":false,"bundle_layout":"","bundle_add_to_cart_form_location":"","bundle_editable_in_cart":false,"bundle_sold_individually_context":"","bundle_item_grouping":"","bundle_min_size":"","bundle_max_size":"","bundle_price":[],"bundled_items":[],"bundle_sell_ids":[],"yoast_head":"<!-- This site is optimized with the Yoast SEO plugin v27.2 - https:\/\/yoast.com\/product\/yoast-seo-wordpress\/ -->\n<title>Raviolis Cuatro Quesos 250g ECO - Mercat Frutal<\/title>\n<meta name=\"robots\" content=\"index, follow, max-snippet:-1, max-image-preview:large, max-video-preview:-1\" \/>\n<link rel=\"canonical\" href=\"https:\/\/mercatfrutal.com\/ca\/producte\/raviolis-cuatro-quesos-250g-eco\/\" \/>\n<meta property=\"og:locale\" content=\"ca_ES\" \/>\n<meta property=\"og:type\" content=\"article\" \/>\n<meta property=\"og:title\" content=\"Raviolis Cuatro Quesos 250g ECO - Mercat Frutal\" \/>\n<meta property=\"og:description\" content=\"Los raviolis cuatro quesos ecol\u00f3gicos est\u00e1n rellenos de una mezcla cremosa de quesos y elaborados con pasta fresca ecol\u00f3gica.  Propiedades y beneficios de los Raviolis 4 Quesos ECO Ricos en calcio, prote\u00ednas y sabor. Hechos sin aditivos ni conservantes, solo ingredientes naturales.  Formas de consumo Perfectos con salsas suaves, mantequilla y salvia o simplemente con un toque de aceite de oliva.\" \/>\n<meta property=\"og:url\" content=\"https:\/\/mercatfrutal.com\/ca\/producte\/raviolis-cuatro-quesos-250g-eco\/\" \/>\n<meta property=\"og:site_name\" content=\"Mercat Frutal\" \/>\n<meta property=\"article:modified_time\" content=\"2026-04-17T12:46:14+00:00\" \/>\n<meta property=\"og:image\" content=\"https:\/\/mercatfrutal.com\/wp-content\/uploads\/2025\/09\/Raviolis-Cuatro-Quesos-250g-ECO.webp\" \/>\n\t<meta property=\"og:image:width\" content=\"800\" \/>\n\t<meta property=\"og:image:height\" content=\"800\" \/>\n\t<meta property=\"og:image:type\" content=\"image\/webp\" \/>\n<meta name=\"twitter:card\" content=\"summary_large_image\" \/>\n<meta name=\"twitter:label1\" content=\"Temps estimat de lectura\" \/>\n\t<meta name=\"twitter:data1\" content=\"1 minut\" \/>\n<script type=\"application\/ld+json\" class=\"yoast-schema-graph\">{\"@context\":\"https:\/\/schema.org\",\"@graph\":[{\"@type\":\"WebPage\",\"@id\":\"https:\/\/mercatfrutal.com\/producto\/raviolis-cuatro-quesos-250g-eco\/\",\"url\":\"https:\/\/mercatfrutal.com\/producto\/raviolis-cuatro-quesos-250g-eco\/\",\"name\":\"Raviolis Cuatro Quesos 250g ECO - Mercat Frutal\",\"isPartOf\":{\"@id\":\"https:\/\/mercatfrutal.com\/#website\"},\"primaryImageOfPage\":{\"@id\":\"https:\/\/mercatfrutal.com\/producto\/raviolis-cuatro-quesos-250g-eco\/#primaryimage\"},\"image\":{\"@id\":\"https:\/\/mercatfrutal.com\/producto\/raviolis-cuatro-quesos-250g-eco\/#primaryimage\"},\"thumbnailUrl\":\"https:\/\/mercatfrutal.com\/wp-content\/uploads\/2025\/09\/Raviolis-Cuatro-Quesos-250g-ECO.webp\",\"datePublished\":\"2024-02-19T15:04:07+00:00\",\"dateModified\":\"2026-04-17T12:46:14+00:00\",\"breadcrumb\":{\"@id\":\"https:\/\/mercatfrutal.com\/producto\/raviolis-cuatro-quesos-250g-eco\/#breadcrumb\"},\"inLanguage\":\"ca\",\"potentialAction\":[{\"@type\":\"ReadAction\",\"target\":[\"https:\/\/mercatfrutal.com\/producto\/raviolis-cuatro-quesos-250g-eco\/\"]}]},{\"@type\":\"ImageObject\",\"inLanguage\":\"ca\",\"@id\":\"https:\/\/mercatfrutal.com\/producto\/raviolis-cuatro-quesos-250g-eco\/#primaryimage\",\"url\":\"https:\/\/mercatfrutal.com\/wp-content\/uploads\/2025\/09\/Raviolis-Cuatro-Quesos-250g-ECO.webp\",\"contentUrl\":\"https:\/\/mercatfrutal.com\/wp-content\/uploads\/2025\/09\/Raviolis-Cuatro-Quesos-250g-ECO.webp\",\"width\":800,\"height\":800,\"caption\":\"Raviolis Cuatro Quesos 250g ECO\"},{\"@type\":\"BreadcrumbList\",\"@id\":\"https:\/\/mercatfrutal.com\/producto\/raviolis-cuatro-quesos-250g-eco\/#breadcrumb\",\"itemListElement\":[{\"@type\":\"ListItem\",\"position\":1,\"name\":\"Portada\",\"item\":\"https:\/\/mercatfrutal.com\/\"},{\"@type\":\"ListItem\",\"position\":2,\"name\":\"Tienda\",\"item\":\"https:\/\/mercatfrutal.com\/tienda\/\"},{\"@type\":\"ListItem\",\"position\":3,\"name\":\"Raviolis Cuatro Quesos 250g ECO\"}]},{\"@type\":\"WebSite\",\"@id\":\"https:\/\/mercatfrutal.com\/#website\",\"url\":\"https:\/\/mercatfrutal.com\/\",\"name\":\"Mercat Frutal\",\"description\":\"\",\"publisher\":{\"@id\":\"https:\/\/mercatfrutal.com\/#organization\"},\"alternateName\":\"Mercat Frutal\",\"potentialAction\":[{\"@type\":\"SearchAction\",\"target\":{\"@type\":\"EntryPoint\",\"urlTemplate\":\"https:\/\/mercatfrutal.com\/?s={search_term_string}\"},\"query-input\":{\"@type\":\"PropertyValueSpecification\",\"valueRequired\":true,\"valueName\":\"search_term_string\"}}],\"inLanguage\":\"ca\"},{\"@type\":\"Organization\",\"@id\":\"https:\/\/mercatfrutal.com\/#organization\",\"name\":\"Mercat Frutal\",\"url\":\"https:\/\/mercatfrutal.com\/\",\"logo\":{\"@type\":\"ImageObject\",\"inLanguage\":\"ca\",\"@id\":\"https:\/\/mercatfrutal.com\/#\/schema\/logo\/image\/\",\"url\":\"https:\/\/mercatfrutal.com\/wp-content\/uploads\/2024\/01\/LOGO-FRUTAL3.png\",\"contentUrl\":\"https:\/\/mercatfrutal.com\/wp-content\/uploads\/2024\/01\/LOGO-FRUTAL3.png\",\"width\":1024,\"height\":382,\"caption\":\"Mercat Frutal\"},\"image\":{\"@id\":\"https:\/\/mercatfrutal.com\/#\/schema\/logo\/image\/\"}}]}<\/script>\n<!-- \/ Yoast SEO plugin. -->","yoast_head_json":{"title":"Raviolis Cuatro Quesos 250g ECO - Mercat Frutal","robots":{"index":"index","follow":"follow","max-snippet":"max-snippet:-1","max-image-preview":"max-image-preview:large","max-video-preview":"max-video-preview:-1"},"canonical":"https:\/\/mercatfrutal.com\/ca\/producte\/raviolis-cuatro-quesos-250g-eco\/","og_locale":"ca_ES","og_type":"article","og_title":"Raviolis Cuatro Quesos 250g ECO - Mercat Frutal","og_description":"Los raviolis cuatro quesos ecol\u00f3gicos est\u00e1n rellenos de una mezcla cremosa de quesos y elaborados con pasta fresca ecol\u00f3gica.  Propiedades y beneficios de los Raviolis 4 Quesos ECO Ricos en calcio, prote\u00ednas y sabor. Hechos sin aditivos ni conservantes, solo ingredientes naturales.  Formas de consumo Perfectos con salsas suaves, mantequilla y salvia o simplemente con un toque de aceite de oliva.","og_url":"https:\/\/mercatfrutal.com\/ca\/producte\/raviolis-cuatro-quesos-250g-eco\/","og_site_name":"Mercat Frutal","article_modified_time":"2026-04-17T12:46:14+00:00","og_image":[{"width":800,"height":800,"url":"https:\/\/mercatfrutal.com\/wp-content\/uploads\/2025\/09\/Raviolis-Cuatro-Quesos-250g-ECO.webp","type":"image\/webp"}],"twitter_card":"summary_large_image","twitter_misc":{"Temps estimat de lectura":"1 minut"},"schema":{"@context":"https:\/\/schema.org","@graph":[{"@type":"WebPage","@id":"https:\/\/mercatfrutal.com\/producto\/raviolis-cuatro-quesos-250g-eco\/","url":"https:\/\/mercatfrutal.com\/producto\/raviolis-cuatro-quesos-250g-eco\/","name":"Raviolis Cuatro Quesos 250g ECO - Mercat Frutal","isPartOf":{"@id":"https:\/\/mercatfrutal.com\/#website"},"primaryImageOfPage":{"@id":"https:\/\/mercatfrutal.com\/producto\/raviolis-cuatro-quesos-250g-eco\/#primaryimage"},"image":{"@id":"https:\/\/mercatfrutal.com\/producto\/raviolis-cuatro-quesos-250g-eco\/#primaryimage"},"thumbnailUrl":"https:\/\/mercatfrutal.com\/wp-content\/uploads\/2025\/09\/Raviolis-Cuatro-Quesos-250g-ECO.webp","datePublished":"2024-02-19T15:04:07+00:00","dateModified":"2026-04-17T12:46:14+00:00","breadcrumb":{"@id":"https:\/\/mercatfrutal.com\/producto\/raviolis-cuatro-quesos-250g-eco\/#breadcrumb"},"inLanguage":"ca","potentialAction":[{"@type":"ReadAction","target":["https:\/\/mercatfrutal.com\/producto\/raviolis-cuatro-quesos-250g-eco\/"]}]},{"@type":"ImageObject","inLanguage":"ca","@id":"https:\/\/mercatfrutal.com\/producto\/raviolis-cuatro-quesos-250g-eco\/#primaryimage","url":"https:\/\/mercatfrutal.com\/wp-content\/uploads\/2025\/09\/Raviolis-Cuatro-Quesos-250g-ECO.webp","contentUrl":"https:\/\/mercatfrutal.com\/wp-content\/uploads\/2025\/09\/Raviolis-Cuatro-Quesos-250g-ECO.webp","width":800,"height":800,"caption":"Raviolis Cuatro Quesos 250g ECO"},{"@type":"BreadcrumbList","@id":"https:\/\/mercatfrutal.com\/producto\/raviolis-cuatro-quesos-250g-eco\/#breadcrumb","itemListElement":[{"@type":"ListItem","position":1,"name":"Portada","item":"https:\/\/mercatfrutal.com\/"},{"@type":"ListItem","position":2,"name":"Tienda","item":"https:\/\/mercatfrutal.com\/tienda\/"},{"@type":"ListItem","position":3,"name":"Raviolis Cuatro Quesos 250g ECO"}]},{"@type":"WebSite","@id":"https:\/\/mercatfrutal.com\/#website","url":"https:\/\/mercatfrutal.com\/","name":"Mercat Frutal","description":"","publisher":{"@id":"https:\/\/mercatfrutal.com\/#organization"},"alternateName":"Mercat Frutal","potentialAction":[{"@type":"SearchAction","target":{"@type":"EntryPoint","urlTemplate":"https:\/\/mercatfrutal.com\/?s={search_term_string}"},"query-input":{"@type":"PropertyValueSpecification","valueRequired":true,"valueName":"search_term_string"}}],"inLanguage":"ca"},{"@type":"Organization","@id":"https:\/\/mercatfrutal.com\/#organization","name":"Mercat Frutal","url":"https:\/\/mercatfrutal.com\/","logo":{"@type":"ImageObject","inLanguage":"ca","@id":"https:\/\/mercatfrutal.com\/#\/schema\/logo\/image\/","url":"https:\/\/mercatfrutal.com\/wp-content\/uploads\/2024\/01\/LOGO-FRUTAL3.png","contentUrl":"https:\/\/mercatfrutal.com\/wp-content\/uploads\/2024\/01\/LOGO-FRUTAL3.png","width":1024,"height":382,"caption":"Mercat Frutal"},"image":{"@id":"https:\/\/mercatfrutal.com\/#\/schema\/logo\/image\/"}}]}},"jetpack_sharing_enabled":true,"_links":{"self":[{"href":"https:\/\/mercatfrutal.com\/ca\/wp-json\/wp\/v2\/product\/1036","targetHints":{"allow":["GET"]}}],"collection":[{"href":"https:\/\/mercatfrutal.com\/ca\/wp-json\/wp\/v2\/product"}],"about":[{"href":"https:\/\/mercatfrutal.com\/ca\/wp-json\/wp\/v2\/types\/product"}],"replies":[{"embeddable":true,"href":"https:\/\/mercatfrutal.com\/ca\/wp-json\/wp\/v2\/comments?post=1036"}],"wp:featuredmedia":[{"embeddable":true,"href":"https:\/\/mercatfrutal.com\/ca\/wp-json\/wp\/v2\/media\/9800"}],"wp:attachment":[{"href":"https:\/\/mercatfrutal.com\/ca\/wp-json\/wp\/v2\/media?parent=1036"}],"wp:term":[{"taxonomy":"product_brand","embeddable":true,"href":"https:\/\/mercatfrutal.com\/ca\/wp-json\/wp\/v2\/product_brand?post=1036"},{"taxonomy":"product_cat","embeddable":true,"href":"https:\/\/mercatfrutal.com\/ca\/wp-json\/wp\/v2\/product_cat?post=1036"},{"taxonomy":"product_tag","embeddable":true,"href":"https:\/\/mercatfrutal.com\/ca\/wp-json\/wp\/v2\/product_tag?post=1036"}],"curies":[{"name":"wp","href":"https:\/\/api.w.org\/{rel}","templated":true}]}}