{"id":11639,"date":"2025-12-01T15:54:43","date_gmt":"2025-12-01T13:54:43","guid":{"rendered":"https:\/\/mercatfrutal.com\/producto\/caldo-verduras-1l-eco\/"},"modified":"2025-12-18T12:53:11","modified_gmt":"2025-12-18T10:53:11","slug":"caldo-de-verduras-1l-eco","status":"publish","type":"product","link":"https:\/\/mercatfrutal.com\/ca\/producte\/caldo-de-verduras-1l-eco\/","title":{"rendered":"Brou de Verdures 1L ECO"},"content":{"rendered":"","protected":false},"excerpt":{"rendered":"<p><span style=\"font-weight: 400\">Brou ecol\u00f2gic elaborat amb una mescla equilibrada de verdures fresques, cuinades lentament per conservar el seu sabor natural i els seus nutrients.<\/span><\/p>\n<h2><b>Propietats i beneficis del Brou de Verdures ECO<\/b><\/h2>\n<p><span style=\"font-weight: 400\">Ric en vitamines i minerals, \u00e9s baix en greixos i molt digestiu. Ajuda a hidratar, aporta lleugeresa als \u00e0pats i \u00e9s ideal per a dietes equilibrades.<\/span><\/p>\n<h2><b>Formes de consum<\/b><\/h2>\n<p><span style=\"font-weight: 400\">Ideal com a base per a sopes, cremes, risottos, guisats o per gaudir-lo sol com un brou vegetal suau i reconfortant.<\/span><\/p>\n<p><br style=\"font-weight: 400\" \/><br style=\"font-weight: 400\" \/><\/p>","protected":false},"featured_media":9832,"comment_status":"open","ping_status":"closed","template":"","meta":{"content-type":""},"product_brand":[],"product_cat":[189],"product_tag":[],"class_list":{"0":"post-11639","1":"product","2":"type-product","3":"status-publish","4":"has-post-thumbnail","6":"product_cat-caldos","7":"has-subscription-plans","9":"first","10":"instock","11":"taxable","12":"shipping-taxable","13":"purchasable","14":"product-type-simple"},"bundled_by":[],"bundle_stock_status":"instock","bundle_stock_quantity":12,"bundle_virtual":false,"bundle_layout":"","bundle_add_to_cart_form_location":"","bundle_editable_in_cart":false,"bundle_sold_individually_context":"","bundle_item_grouping":"","bundle_min_size":"","bundle_max_size":"","bundle_price":[],"bundled_items":[],"bundle_sell_ids":[],"yoast_head":"<!-- This site is optimized with the Yoast SEO plugin v27.2 - https:\/\/yoast.com\/product\/yoast-seo-wordpress\/ -->\n<title>Caldo de Verduras 1L ECO - Mercat Frutal<\/title>\n<meta name=\"description\" content=\"Caldo ecol\u00f3gico elaborado con una mezcla equilibrada de verduras frescas, cocinadas lentamente para conservar su sabor natural y sus nutrientes.\" \/>\n<meta name=\"robots\" content=\"index, follow, max-snippet:-1, max-image-preview:large, max-video-preview:-1\" \/>\n<link rel=\"canonical\" href=\"https:\/\/mercatfrutal.com\/ca\/producte\/caldo-de-verduras-1l-eco\/\" \/>\n<meta property=\"og:locale\" content=\"ca_ES\" \/>\n<meta property=\"og:type\" content=\"article\" \/>\n<meta property=\"og:title\" content=\"Caldo de Verduras 1L ECO - Mercat Frutal\" \/>\n<meta property=\"og:description\" content=\"Caldo ecol\u00f3gico elaborado con una mezcla equilibrada de verduras frescas, cocinadas lentamente para conservar su sabor natural y sus nutrientes.\" \/>\n<meta property=\"og:url\" content=\"https:\/\/mercatfrutal.com\/ca\/producte\/caldo-de-verduras-1l-eco\/\" \/>\n<meta property=\"og:site_name\" content=\"Mercat Frutal\" \/>\n<meta property=\"article:modified_time\" content=\"2025-12-18T10:53:11+00:00\" \/>\n<meta property=\"og:image\" content=\"https:\/\/mercatfrutal.com\/wp-content\/uploads\/2025\/09\/Caldo-Verduras-1L-ECO.webp\" \/>\n\t<meta property=\"og:image:width\" content=\"800\" \/>\n\t<meta property=\"og:image:height\" content=\"800\" \/>\n\t<meta property=\"og:image:type\" content=\"image\/webp\" \/>\n<meta name=\"twitter:card\" content=\"summary_large_image\" \/>\n<meta name=\"twitter:label1\" content=\"Temps estimat de lectura\" \/>\n\t<meta name=\"twitter:data1\" content=\"1 minut\" \/>\n<script type=\"application\/ld+json\" class=\"yoast-schema-graph\">{\"@context\":\"https:\/\/schema.org\",\"@graph\":[{\"@type\":\"WebPage\",\"@id\":\"https:\/\/mercatfrutal.com\/producto\/caldo-de-verduras-1l-eco\/\",\"url\":\"https:\/\/mercatfrutal.com\/producto\/caldo-de-verduras-1l-eco\/\",\"name\":\"Caldo de Verduras 1L ECO - Mercat Frutal\",\"isPartOf\":{\"@id\":\"https:\/\/mercatfrutal.com\/#website\"},\"primaryImageOfPage\":{\"@id\":\"https:\/\/mercatfrutal.com\/producto\/caldo-de-verduras-1l-eco\/#primaryimage\"},\"image\":{\"@id\":\"https:\/\/mercatfrutal.com\/producto\/caldo-de-verduras-1l-eco\/#primaryimage\"},\"thumbnailUrl\":\"https:\/\/mercatfrutal.com\/wp-content\/uploads\/2025\/09\/Caldo-Verduras-1L-ECO.webp\",\"datePublished\":\"2025-12-01T13:54:43+00:00\",\"dateModified\":\"2025-12-18T10:53:11+00:00\",\"description\":\"Caldo ecol\u00f3gico elaborado con una mezcla equilibrada de verduras frescas, cocinadas lentamente para conservar su sabor natural y sus nutrientes.\",\"breadcrumb\":{\"@id\":\"https:\/\/mercatfrutal.com\/producto\/caldo-de-verduras-1l-eco\/#breadcrumb\"},\"inLanguage\":\"ca\",\"potentialAction\":[{\"@type\":\"ReadAction\",\"target\":[\"https:\/\/mercatfrutal.com\/producto\/caldo-de-verduras-1l-eco\/\"]}]},{\"@type\":\"ImageObject\",\"inLanguage\":\"ca\",\"@id\":\"https:\/\/mercatfrutal.com\/producto\/caldo-de-verduras-1l-eco\/#primaryimage\",\"url\":\"https:\/\/mercatfrutal.com\/wp-content\/uploads\/2025\/09\/Caldo-Verduras-1L-ECO.webp\",\"contentUrl\":\"https:\/\/mercatfrutal.com\/wp-content\/uploads\/2025\/09\/Caldo-Verduras-1L-ECO.webp\",\"width\":800,\"height\":800},{\"@type\":\"BreadcrumbList\",\"@id\":\"https:\/\/mercatfrutal.com\/producto\/caldo-de-verduras-1l-eco\/#breadcrumb\",\"itemListElement\":[{\"@type\":\"ListItem\",\"position\":1,\"name\":\"Portada\",\"item\":\"https:\/\/mercatfrutal.com\/\"},{\"@type\":\"ListItem\",\"position\":2,\"name\":\"Tienda\",\"item\":\"https:\/\/mercatfrutal.com\/tienda\/\"},{\"@type\":\"ListItem\",\"position\":3,\"name\":\"Caldo de Verduras 1L ECO\"}]},{\"@type\":\"WebSite\",\"@id\":\"https:\/\/mercatfrutal.com\/#website\",\"url\":\"https:\/\/mercatfrutal.com\/\",\"name\":\"Mercat Frutal\",\"description\":\"\",\"publisher\":{\"@id\":\"https:\/\/mercatfrutal.com\/#organization\"},\"alternateName\":\"Mercat Frutal\",\"potentialAction\":[{\"@type\":\"SearchAction\",\"target\":{\"@type\":\"EntryPoint\",\"urlTemplate\":\"https:\/\/mercatfrutal.com\/?s={search_term_string}\"},\"query-input\":{\"@type\":\"PropertyValueSpecification\",\"valueRequired\":true,\"valueName\":\"search_term_string\"}}],\"inLanguage\":\"ca\"},{\"@type\":\"Organization\",\"@id\":\"https:\/\/mercatfrutal.com\/#organization\",\"name\":\"Mercat Frutal\",\"url\":\"https:\/\/mercatfrutal.com\/\",\"logo\":{\"@type\":\"ImageObject\",\"inLanguage\":\"ca\",\"@id\":\"https:\/\/mercatfrutal.com\/#\/schema\/logo\/image\/\",\"url\":\"https:\/\/mercatfrutal.com\/wp-content\/uploads\/2024\/01\/LOGO-FRUTAL3.png\",\"contentUrl\":\"https:\/\/mercatfrutal.com\/wp-content\/uploads\/2024\/01\/LOGO-FRUTAL3.png\",\"width\":1024,\"height\":382,\"caption\":\"Mercat Frutal\"},\"image\":{\"@id\":\"https:\/\/mercatfrutal.com\/#\/schema\/logo\/image\/\"}}]}<\/script>\n<!-- \/ Yoast SEO plugin. -->","yoast_head_json":{"title":"Caldo de Verduras 1L ECO - Mercat Frutal","description":"Brou ecol\u00f2gic elaborat amb una mescla equilibrada de verdures fresques, cuinades lentament per conservar el seu sabor natural i els seus nutrients.","robots":{"index":"index","follow":"follow","max-snippet":"max-snippet:-1","max-image-preview":"max-image-preview:large","max-video-preview":"max-video-preview:-1"},"canonical":"https:\/\/mercatfrutal.com\/ca\/producte\/caldo-de-verduras-1l-eco\/","og_locale":"ca_ES","og_type":"article","og_title":"Caldo de Verduras 1L ECO - Mercat Frutal","og_description":"Caldo ecol\u00f3gico elaborado con una mezcla equilibrada de verduras frescas, cocinadas lentamente para conservar su sabor natural y sus nutrientes.","og_url":"https:\/\/mercatfrutal.com\/ca\/producte\/caldo-de-verduras-1l-eco\/","og_site_name":"Mercat Frutal","article_modified_time":"2025-12-18T10:53:11+00:00","og_image":[{"width":800,"height":800,"url":"https:\/\/mercatfrutal.com\/wp-content\/uploads\/2025\/09\/Caldo-Verduras-1L-ECO.webp","type":"image\/webp"}],"twitter_card":"summary_large_image","twitter_misc":{"Temps estimat de lectura":"1 minut"},"schema":{"@context":"https:\/\/schema.org","@graph":[{"@type":"WebPage","@id":"https:\/\/mercatfrutal.com\/producto\/caldo-de-verduras-1l-eco\/","url":"https:\/\/mercatfrutal.com\/producto\/caldo-de-verduras-1l-eco\/","name":"Caldo de Verduras 1L ECO - Mercat Frutal","isPartOf":{"@id":"https:\/\/mercatfrutal.com\/#website"},"primaryImageOfPage":{"@id":"https:\/\/mercatfrutal.com\/producto\/caldo-de-verduras-1l-eco\/#primaryimage"},"image":{"@id":"https:\/\/mercatfrutal.com\/producto\/caldo-de-verduras-1l-eco\/#primaryimage"},"thumbnailUrl":"https:\/\/mercatfrutal.com\/wp-content\/uploads\/2025\/09\/Caldo-Verduras-1L-ECO.webp","datePublished":"2025-12-01T13:54:43+00:00","dateModified":"2025-12-18T10:53:11+00:00","description":"Brou ecol\u00f2gic elaborat amb una mescla equilibrada de verdures fresques, cuinades lentament per conservar el seu sabor natural i els seus nutrients.","breadcrumb":{"@id":"https:\/\/mercatfrutal.com\/producto\/caldo-de-verduras-1l-eco\/#breadcrumb"},"inLanguage":"ca","potentialAction":[{"@type":"ReadAction","target":["https:\/\/mercatfrutal.com\/producto\/caldo-de-verduras-1l-eco\/"]}]},{"@type":"ImageObject","inLanguage":"ca","@id":"https:\/\/mercatfrutal.com\/producto\/caldo-de-verduras-1l-eco\/#primaryimage","url":"https:\/\/mercatfrutal.com\/wp-content\/uploads\/2025\/09\/Caldo-Verduras-1L-ECO.webp","contentUrl":"https:\/\/mercatfrutal.com\/wp-content\/uploads\/2025\/09\/Caldo-Verduras-1L-ECO.webp","width":800,"height":800},{"@type":"BreadcrumbList","@id":"https:\/\/mercatfrutal.com\/producto\/caldo-de-verduras-1l-eco\/#breadcrumb","itemListElement":[{"@type":"ListItem","position":1,"name":"Portada","item":"https:\/\/mercatfrutal.com\/"},{"@type":"ListItem","position":2,"name":"Tienda","item":"https:\/\/mercatfrutal.com\/tienda\/"},{"@type":"ListItem","position":3,"name":"Caldo de Verduras 1L ECO"}]},{"@type":"WebSite","@id":"https:\/\/mercatfrutal.com\/#website","url":"https:\/\/mercatfrutal.com\/","name":"Mercat Frutal","description":"","publisher":{"@id":"https:\/\/mercatfrutal.com\/#organization"},"alternateName":"Mercat Frutal","potentialAction":[{"@type":"SearchAction","target":{"@type":"EntryPoint","urlTemplate":"https:\/\/mercatfrutal.com\/?s={search_term_string}"},"query-input":{"@type":"PropertyValueSpecification","valueRequired":true,"valueName":"search_term_string"}}],"inLanguage":"ca"},{"@type":"Organization","@id":"https:\/\/mercatfrutal.com\/#organization","name":"Mercat Frutal","url":"https:\/\/mercatfrutal.com\/","logo":{"@type":"ImageObject","inLanguage":"ca","@id":"https:\/\/mercatfrutal.com\/#\/schema\/logo\/image\/","url":"https:\/\/mercatfrutal.com\/wp-content\/uploads\/2024\/01\/LOGO-FRUTAL3.png","contentUrl":"https:\/\/mercatfrutal.com\/wp-content\/uploads\/2024\/01\/LOGO-FRUTAL3.png","width":1024,"height":382,"caption":"Mercat Frutal"},"image":{"@id":"https:\/\/mercatfrutal.com\/#\/schema\/logo\/image\/"}}]}},"jetpack_sharing_enabled":true,"_links":{"self":[{"href":"https:\/\/mercatfrutal.com\/ca\/wp-json\/wp\/v2\/product\/11639","targetHints":{"allow":["GET"]}}],"collection":[{"href":"https:\/\/mercatfrutal.com\/ca\/wp-json\/wp\/v2\/product"}],"about":[{"href":"https:\/\/mercatfrutal.com\/ca\/wp-json\/wp\/v2\/types\/product"}],"replies":[{"embeddable":true,"href":"https:\/\/mercatfrutal.com\/ca\/wp-json\/wp\/v2\/comments?post=11639"}],"wp:featuredmedia":[{"embeddable":true,"href":"https:\/\/mercatfrutal.com\/ca\/wp-json\/wp\/v2\/media\/9832"}],"wp:attachment":[{"href":"https:\/\/mercatfrutal.com\/ca\/wp-json\/wp\/v2\/media?parent=11639"}],"wp:term":[{"taxonomy":"product_brand","embeddable":true,"href":"https:\/\/mercatfrutal.com\/ca\/wp-json\/wp\/v2\/product_brand?post=11639"},{"taxonomy":"product_cat","embeddable":true,"href":"https:\/\/mercatfrutal.com\/ca\/wp-json\/wp\/v2\/product_cat?post=11639"},{"taxonomy":"product_tag","embeddable":true,"href":"https:\/\/mercatfrutal.com\/ca\/wp-json\/wp\/v2\/product_tag?post=11639"}],"curies":[{"name":"wp","href":"https:\/\/api.w.org\/{rel}","templated":true}]}}