{"id":2725,"date":"2024-05-06T11:15:25","date_gmt":"2024-05-06T09:15:25","guid":{"rendered":"https:\/\/mercatfrutal.com\/producto\/pan-artesanal-cebolla-600g-eco\/"},"modified":"2026-04-02T10:04:39","modified_gmt":"2026-04-02T08:04:39","slug":"pan-artesanal-cebolla-600g-eco","status":"publish","type":"product","link":"https:\/\/mercatfrutal.com\/ca\/producte\/pan-artesanal-cebolla-600g-eco\/","title":{"rendered":"Pa Artesanal Ceba 600g ECO"},"content":{"rendered":"","protected":false},"excerpt":{"rendered":"<p data-start=\"719\" data-end=\"884\">El pa artesanal de ceba ecol\u00f2gica combina farina de blat amb ceba deshidratada, aportant un sabor suau i lleugerament dol\u00e7.<\/p>\n<h2 data-start=\"886\" data-end=\"1077\"><strong data-start=\"886\" data-end=\"944\">Propietats i beneficis del Pa Artesanal Ceba ECO<\/strong><\/h2>\n<p data-start=\"886\" data-end=\"1077\">Aporta energia, fibra i compostos antioxidants presents a la ceba. La fermentaci\u00f3 lenta millora l\u2019absorci\u00f3 de nutrients.<\/p>\n<h2 data-start=\"1079\" data-end=\"1219\"><b>Formes de consum<\/b><\/h2>\n<p data-start=\"1079\" data-end=\"1219\">Ideal per a entrepans, torrades salades, acompanyar sopes o com a base per a canap\u00e8s amb formatges i pat\u00e9s.<\/p>","protected":false},"featured_media":9821,"comment_status":"open","ping_status":"closed","template":"","meta":{"content-type":""},"product_brand":[],"product_cat":[169],"product_tag":[],"class_list":{"0":"post-2725","1":"product","2":"type-product","3":"status-publish","4":"has-post-thumbnail","6":"product_cat-pan","7":"has-subscription-plans","9":"first","10":"instock","11":"taxable","12":"shipping-taxable","13":"purchasable","14":"product-type-simple"},"bundled_by":[],"bundle_stock_status":"instock","bundle_stock_quantity":33,"bundle_virtual":false,"bundle_layout":"","bundle_add_to_cart_form_location":"","bundle_editable_in_cart":false,"bundle_sold_individually_context":"","bundle_item_grouping":"","bundle_min_size":"","bundle_max_size":"","bundle_price":[],"bundled_items":[],"bundle_sell_ids":[],"yoast_head":"<!-- This site is optimized with the Yoast SEO plugin v27.2 - https:\/\/yoast.com\/product\/yoast-seo-wordpress\/ -->\n<title>Pan Artesanal Cebolla 600g ECO - Mercat Frutal<\/title>\n<meta name=\"robots\" content=\"index, follow, max-snippet:-1, max-image-preview:large, max-video-preview:-1\" \/>\n<link rel=\"canonical\" href=\"https:\/\/mercatfrutal.com\/ca\/producte\/pan-artesanal-cebolla-600g-eco\/\" \/>\n<meta property=\"og:locale\" content=\"ca_ES\" \/>\n<meta property=\"og:type\" content=\"article\" \/>\n<meta property=\"og:title\" content=\"Pan Artesanal Cebolla 600g ECO - Mercat Frutal\" \/>\n<meta property=\"og:description\" content=\"El pan artesanal de cebolla ecol\u00f3gica combina harina de trigo con cebolla deshidratada, aportando un sabor suave y ligeramente dulce.  Propiedades y beneficios del Pan Artesanal Cebolla ECO Aporta energ\u00eda, fibra y compuestos antioxidantes presentes en la cebolla. Su fermentaci\u00f3n lenta mejora la absorci\u00f3n de nutrientes.  Formas de consumo Ideal para bocadillos, tostas saladas, acompa\u00f1ar sopas o como base para canap\u00e9s con quesos y pat\u00e9s.\" \/>\n<meta property=\"og:url\" content=\"https:\/\/mercatfrutal.com\/ca\/producte\/pan-artesanal-cebolla-600g-eco\/\" \/>\n<meta property=\"og:site_name\" content=\"Mercat Frutal\" \/>\n<meta property=\"article:modified_time\" content=\"2026-04-02T08:04:39+00:00\" \/>\n<meta property=\"og:image\" content=\"https:\/\/mercatfrutal.com\/wp-content\/uploads\/2025\/09\/PA-NOUS.webp\" \/>\n\t<meta property=\"og:image:width\" content=\"800\" \/>\n\t<meta property=\"og:image:height\" content=\"800\" \/>\n\t<meta property=\"og:image:type\" content=\"image\/webp\" \/>\n<meta name=\"twitter:card\" content=\"summary_large_image\" \/>\n<meta name=\"twitter:label1\" content=\"Temps estimat de lectura\" \/>\n\t<meta name=\"twitter:data1\" content=\"1 minut\" \/>\n<script type=\"application\/ld+json\" class=\"yoast-schema-graph\">{\"@context\":\"https:\/\/schema.org\",\"@graph\":[{\"@type\":\"WebPage\",\"@id\":\"https:\/\/mercatfrutal.com\/producto\/pan-artesanal-cebolla-600g-eco\/\",\"url\":\"https:\/\/mercatfrutal.com\/producto\/pan-artesanal-cebolla-600g-eco\/\",\"name\":\"Pan Artesanal Cebolla 600g ECO - Mercat Frutal\",\"isPartOf\":{\"@id\":\"https:\/\/mercatfrutal.com\/#website\"},\"primaryImageOfPage\":{\"@id\":\"https:\/\/mercatfrutal.com\/producto\/pan-artesanal-cebolla-600g-eco\/#primaryimage\"},\"image\":{\"@id\":\"https:\/\/mercatfrutal.com\/producto\/pan-artesanal-cebolla-600g-eco\/#primaryimage\"},\"thumbnailUrl\":\"https:\/\/mercatfrutal.com\/wp-content\/uploads\/2025\/09\/PA-NOUS.webp\",\"datePublished\":\"2024-05-06T09:15:25+00:00\",\"dateModified\":\"2026-04-02T08:04:39+00:00\",\"breadcrumb\":{\"@id\":\"https:\/\/mercatfrutal.com\/producto\/pan-artesanal-cebolla-600g-eco\/#breadcrumb\"},\"inLanguage\":\"ca\",\"potentialAction\":[{\"@type\":\"ReadAction\",\"target\":[\"https:\/\/mercatfrutal.com\/producto\/pan-artesanal-cebolla-600g-eco\/\"]}]},{\"@type\":\"ImageObject\",\"inLanguage\":\"ca\",\"@id\":\"https:\/\/mercatfrutal.com\/producto\/pan-artesanal-cebolla-600g-eco\/#primaryimage\",\"url\":\"https:\/\/mercatfrutal.com\/wp-content\/uploads\/2025\/09\/PA-NOUS.webp\",\"contentUrl\":\"https:\/\/mercatfrutal.com\/wp-content\/uploads\/2025\/09\/PA-NOUS.webp\",\"width\":800,\"height\":800,\"caption\":\"Pan Artesanal Nueces 600g ECO\"},{\"@type\":\"BreadcrumbList\",\"@id\":\"https:\/\/mercatfrutal.com\/producto\/pan-artesanal-cebolla-600g-eco\/#breadcrumb\",\"itemListElement\":[{\"@type\":\"ListItem\",\"position\":1,\"name\":\"Portada\",\"item\":\"https:\/\/mercatfrutal.com\/\"},{\"@type\":\"ListItem\",\"position\":2,\"name\":\"Tienda\",\"item\":\"https:\/\/mercatfrutal.com\/tienda\/\"},{\"@type\":\"ListItem\",\"position\":3,\"name\":\"Pan Artesanal Cebolla 600g ECO\"}]},{\"@type\":\"WebSite\",\"@id\":\"https:\/\/mercatfrutal.com\/#website\",\"url\":\"https:\/\/mercatfrutal.com\/\",\"name\":\"Mercat Frutal\",\"description\":\"\",\"publisher\":{\"@id\":\"https:\/\/mercatfrutal.com\/#organization\"},\"alternateName\":\"Mercat Frutal\",\"potentialAction\":[{\"@type\":\"SearchAction\",\"target\":{\"@type\":\"EntryPoint\",\"urlTemplate\":\"https:\/\/mercatfrutal.com\/?s={search_term_string}\"},\"query-input\":{\"@type\":\"PropertyValueSpecification\",\"valueRequired\":true,\"valueName\":\"search_term_string\"}}],\"inLanguage\":\"ca\"},{\"@type\":\"Organization\",\"@id\":\"https:\/\/mercatfrutal.com\/#organization\",\"name\":\"Mercat Frutal\",\"url\":\"https:\/\/mercatfrutal.com\/\",\"logo\":{\"@type\":\"ImageObject\",\"inLanguage\":\"ca\",\"@id\":\"https:\/\/mercatfrutal.com\/#\/schema\/logo\/image\/\",\"url\":\"https:\/\/mercatfrutal.com\/wp-content\/uploads\/2024\/01\/LOGO-FRUTAL3.png\",\"contentUrl\":\"https:\/\/mercatfrutal.com\/wp-content\/uploads\/2024\/01\/LOGO-FRUTAL3.png\",\"width\":1024,\"height\":382,\"caption\":\"Mercat Frutal\"},\"image\":{\"@id\":\"https:\/\/mercatfrutal.com\/#\/schema\/logo\/image\/\"}}]}<\/script>\n<!-- \/ Yoast SEO plugin. -->","yoast_head_json":{"title":"Pan Artesanal Cebolla 600g ECO - Mercat Frutal","robots":{"index":"index","follow":"follow","max-snippet":"max-snippet:-1","max-image-preview":"max-image-preview:large","max-video-preview":"max-video-preview:-1"},"canonical":"https:\/\/mercatfrutal.com\/ca\/producte\/pan-artesanal-cebolla-600g-eco\/","og_locale":"ca_ES","og_type":"article","og_title":"Pan Artesanal Cebolla 600g ECO - Mercat Frutal","og_description":"El pan artesanal de cebolla ecol\u00f3gica combina harina de trigo con cebolla deshidratada, aportando un sabor suave y ligeramente dulce.  Propiedades y beneficios del Pan Artesanal Cebolla ECO Aporta energ\u00eda, fibra y compuestos antioxidantes presentes en la cebolla. Su fermentaci\u00f3n lenta mejora la absorci\u00f3n de nutrientes.  Formas de consumo Ideal para bocadillos, tostas saladas, acompa\u00f1ar sopas o como base para canap\u00e9s con quesos y pat\u00e9s.","og_url":"https:\/\/mercatfrutal.com\/ca\/producte\/pan-artesanal-cebolla-600g-eco\/","og_site_name":"Mercat Frutal","article_modified_time":"2026-04-02T08:04:39+00:00","og_image":[{"width":800,"height":800,"url":"https:\/\/mercatfrutal.com\/wp-content\/uploads\/2025\/09\/PA-NOUS.webp","type":"image\/webp"}],"twitter_card":"summary_large_image","twitter_misc":{"Temps estimat de lectura":"1 minut"},"schema":{"@context":"https:\/\/schema.org","@graph":[{"@type":"WebPage","@id":"https:\/\/mercatfrutal.com\/producto\/pan-artesanal-cebolla-600g-eco\/","url":"https:\/\/mercatfrutal.com\/producto\/pan-artesanal-cebolla-600g-eco\/","name":"Pan Artesanal Cebolla 600g ECO - Mercat Frutal","isPartOf":{"@id":"https:\/\/mercatfrutal.com\/#website"},"primaryImageOfPage":{"@id":"https:\/\/mercatfrutal.com\/producto\/pan-artesanal-cebolla-600g-eco\/#primaryimage"},"image":{"@id":"https:\/\/mercatfrutal.com\/producto\/pan-artesanal-cebolla-600g-eco\/#primaryimage"},"thumbnailUrl":"https:\/\/mercatfrutal.com\/wp-content\/uploads\/2025\/09\/PA-NOUS.webp","datePublished":"2024-05-06T09:15:25+00:00","dateModified":"2026-04-02T08:04:39+00:00","breadcrumb":{"@id":"https:\/\/mercatfrutal.com\/producto\/pan-artesanal-cebolla-600g-eco\/#breadcrumb"},"inLanguage":"ca","potentialAction":[{"@type":"ReadAction","target":["https:\/\/mercatfrutal.com\/producto\/pan-artesanal-cebolla-600g-eco\/"]}]},{"@type":"ImageObject","inLanguage":"ca","@id":"https:\/\/mercatfrutal.com\/producto\/pan-artesanal-cebolla-600g-eco\/#primaryimage","url":"https:\/\/mercatfrutal.com\/wp-content\/uploads\/2025\/09\/PA-NOUS.webp","contentUrl":"https:\/\/mercatfrutal.com\/wp-content\/uploads\/2025\/09\/PA-NOUS.webp","width":800,"height":800,"caption":"Pan Artesanal Nueces 600g ECO"},{"@type":"BreadcrumbList","@id":"https:\/\/mercatfrutal.com\/producto\/pan-artesanal-cebolla-600g-eco\/#breadcrumb","itemListElement":[{"@type":"ListItem","position":1,"name":"Portada","item":"https:\/\/mercatfrutal.com\/"},{"@type":"ListItem","position":2,"name":"Tienda","item":"https:\/\/mercatfrutal.com\/tienda\/"},{"@type":"ListItem","position":3,"name":"Pan Artesanal Cebolla 600g ECO"}]},{"@type":"WebSite","@id":"https:\/\/mercatfrutal.com\/#website","url":"https:\/\/mercatfrutal.com\/","name":"Mercat Frutal","description":"","publisher":{"@id":"https:\/\/mercatfrutal.com\/#organization"},"alternateName":"Mercat Frutal","potentialAction":[{"@type":"SearchAction","target":{"@type":"EntryPoint","urlTemplate":"https:\/\/mercatfrutal.com\/?s={search_term_string}"},"query-input":{"@type":"PropertyValueSpecification","valueRequired":true,"valueName":"search_term_string"}}],"inLanguage":"ca"},{"@type":"Organization","@id":"https:\/\/mercatfrutal.com\/#organization","name":"Mercat Frutal","url":"https:\/\/mercatfrutal.com\/","logo":{"@type":"ImageObject","inLanguage":"ca","@id":"https:\/\/mercatfrutal.com\/#\/schema\/logo\/image\/","url":"https:\/\/mercatfrutal.com\/wp-content\/uploads\/2024\/01\/LOGO-FRUTAL3.png","contentUrl":"https:\/\/mercatfrutal.com\/wp-content\/uploads\/2024\/01\/LOGO-FRUTAL3.png","width":1024,"height":382,"caption":"Mercat Frutal"},"image":{"@id":"https:\/\/mercatfrutal.com\/#\/schema\/logo\/image\/"}}]}},"jetpack_sharing_enabled":true,"_links":{"self":[{"href":"https:\/\/mercatfrutal.com\/ca\/wp-json\/wp\/v2\/product\/2725","targetHints":{"allow":["GET"]}}],"collection":[{"href":"https:\/\/mercatfrutal.com\/ca\/wp-json\/wp\/v2\/product"}],"about":[{"href":"https:\/\/mercatfrutal.com\/ca\/wp-json\/wp\/v2\/types\/product"}],"replies":[{"embeddable":true,"href":"https:\/\/mercatfrutal.com\/ca\/wp-json\/wp\/v2\/comments?post=2725"}],"wp:featuredmedia":[{"embeddable":true,"href":"https:\/\/mercatfrutal.com\/ca\/wp-json\/wp\/v2\/media\/9821"}],"wp:attachment":[{"href":"https:\/\/mercatfrutal.com\/ca\/wp-json\/wp\/v2\/media?parent=2725"}],"wp:term":[{"taxonomy":"product_brand","embeddable":true,"href":"https:\/\/mercatfrutal.com\/ca\/wp-json\/wp\/v2\/product_brand?post=2725"},{"taxonomy":"product_cat","embeddable":true,"href":"https:\/\/mercatfrutal.com\/ca\/wp-json\/wp\/v2\/product_cat?post=2725"},{"taxonomy":"product_tag","embeddable":true,"href":"https:\/\/mercatfrutal.com\/ca\/wp-json\/wp\/v2\/product_tag?post=2725"}],"curies":[{"name":"wp","href":"https:\/\/api.w.org\/{rel}","templated":true}]}}