{"id":2889,"date":"2024-05-22T12:55:42","date_gmt":"2024-05-22T10:55:42","guid":{"rendered":"https:\/\/mercatfrutal.com\/producto\/albaricoque-300g-eco\/"},"modified":"2026-05-06T14:49:38","modified_gmt":"2026-05-06T12:49:38","slug":"albaricoque-300g-eco","status":"publish","type":"product","link":"https:\/\/mercatfrutal.com\/ca\/producte\/albaricoque-300g-eco\/","title":{"rendered":"Albercoc 300g ECO"},"content":{"rendered":"","protected":false},"excerpt":{"rendered":"<p data-start=\"138\" data-end=\"389\">L'albercoc ecol\u00f2gic \u00e9s una fruita sucosa i arom\u00e0tica que destaca per la seva dol\u00e7or natural i la seva textura suau. Cultivat sense pesticides ni productes qu\u00edmics, conserva intactes les seves propietats nutricionals i el seu sabor aut\u00e8ntic.<\/p>\n<h2 data-start=\"391\" data-end=\"673\"><strong data-start=\"391\" data-end=\"439\">Propietats i beneficis de l'Albercoc ECO<\/strong><\/h2>\n<p data-start=\"391\" data-end=\"673\">\u00c9s una font rica en vitamina A, C i antioxidants com el betacarot\u00e8, que ajuden a protegir la pell i la vista, a m\u00e9s de refor\u00e7ar el sistema immunitari. El seu contingut en fibra afavoreix el tr\u00e0nsit intestinal i la digesti\u00f3.<\/p>\n<h2 data-start=\"675\" data-end=\"878\"><strong data-start=\"675\" data-end=\"703\">Usos de l'Albercoc ECO<\/strong><\/h2>\n<p data-start=\"675\" data-end=\"878\">Ideal per consumir fresc, en compotes, melmelades, amanides o com a snack saludable. Tamb\u00e9 \u00e9s perfecte per a rebosteria o acompanyar plats salats amb un toc afruitat.<\/p>","protected":false},"featured_media":9484,"comment_status":"open","ping_status":"closed","template":"","meta":{"content-type":""},"product_brand":[],"product_cat":[26],"product_tag":[],"class_list":{"0":"post-2889","1":"product","2":"type-product","3":"status-publish","4":"has-post-thumbnail","6":"product_cat-frutas","7":"has-subscription-plans","9":"first","10":"instock","11":"taxable","12":"shipping-taxable","13":"purchasable","14":"product-type-simple"},"bundled_by":[],"bundle_stock_status":"instock","bundle_stock_quantity":null,"bundle_virtual":false,"bundle_layout":"","bundle_add_to_cart_form_location":"","bundle_editable_in_cart":false,"bundle_sold_individually_context":"","bundle_item_grouping":"","bundle_min_size":"","bundle_max_size":"","bundle_price":[],"bundled_items":[],"bundle_sell_ids":[],"yoast_head":"<!-- This site is optimized with the Yoast SEO plugin v27.2 - https:\/\/yoast.com\/product\/yoast-seo-wordpress\/ -->\n<title>Albaricoque 300g ECO - Mercat Frutal<\/title>\n<meta name=\"robots\" content=\"index, follow, max-snippet:-1, max-image-preview:large, max-video-preview:-1\" \/>\n<link rel=\"canonical\" href=\"https:\/\/mercatfrutal.com\/ca\/producte\/albaricoque-300g-eco\/\" \/>\n<meta property=\"og:locale\" content=\"ca_ES\" \/>\n<meta property=\"og:type\" content=\"article\" \/>\n<meta property=\"og:title\" content=\"Albaricoque 300g ECO - Mercat Frutal\" \/>\n<meta property=\"og:description\" content=\"El albaricoque ecol\u00f3gico es una fruta jugosa y arom\u00e1tica que destaca por su dulzura natural y su textura suave. Cultivado sin pesticidas ni productos qu\u00edmicos, conserva intactas sus propiedades nutricionales y su sabor aut\u00e9ntico.  Propiedades y beneficios del Albaricoque ECO Es una fuente rica en vitamina A, C y antioxidantes como el betacaroteno, que ayudan a proteger la piel y la vista, adem\u00e1s de fortalecer el sistema inmunol\u00f3gico. Su contenido en fibra favorece el tr\u00e1nsito intestinal y la digesti\u00f3n.  Usos del Albaricoque ECO Ideal para consumir fresco, en compotas, mermeladas, ensaladas o como snack saludable. Tambi\u00e9n es perfecto para reposter\u00eda o acompa\u00f1ar platos salados con un toque afrutado.\" \/>\n<meta property=\"og:url\" content=\"https:\/\/mercatfrutal.com\/ca\/producte\/albaricoque-300g-eco\/\" \/>\n<meta property=\"og:site_name\" content=\"Mercat Frutal\" \/>\n<meta property=\"article:modified_time\" content=\"2026-05-06T12:49:38+00:00\" \/>\n<meta property=\"og:image\" content=\"https:\/\/mercatfrutal.com\/wp-content\/uploads\/2025\/09\/Albaricoque-300g-ECO.webp\" \/>\n\t<meta property=\"og:image:width\" content=\"800\" \/>\n\t<meta property=\"og:image:height\" content=\"800\" \/>\n\t<meta property=\"og:image:type\" content=\"image\/webp\" \/>\n<meta name=\"twitter:card\" content=\"summary_large_image\" \/>\n<meta name=\"twitter:label1\" content=\"Temps estimat de lectura\" \/>\n\t<meta name=\"twitter:data1\" content=\"1 minut\" \/>\n<script type=\"application\/ld+json\" class=\"yoast-schema-graph\">{\"@context\":\"https:\/\/schema.org\",\"@graph\":[{\"@type\":\"WebPage\",\"@id\":\"https:\/\/mercatfrutal.com\/producto\/albaricoque-300g-eco\/\",\"url\":\"https:\/\/mercatfrutal.com\/producto\/albaricoque-300g-eco\/\",\"name\":\"Albaricoque 300g ECO - Mercat Frutal\",\"isPartOf\":{\"@id\":\"https:\/\/mercatfrutal.com\/#website\"},\"primaryImageOfPage\":{\"@id\":\"https:\/\/mercatfrutal.com\/producto\/albaricoque-300g-eco\/#primaryimage\"},\"image\":{\"@id\":\"https:\/\/mercatfrutal.com\/producto\/albaricoque-300g-eco\/#primaryimage\"},\"thumbnailUrl\":\"https:\/\/mercatfrutal.com\/wp-content\/uploads\/2025\/09\/Albaricoque-300g-ECO.webp\",\"datePublished\":\"2024-05-22T10:55:42+00:00\",\"dateModified\":\"2026-05-06T12:49:38+00:00\",\"breadcrumb\":{\"@id\":\"https:\/\/mercatfrutal.com\/producto\/albaricoque-300g-eco\/#breadcrumb\"},\"inLanguage\":\"ca\",\"potentialAction\":[{\"@type\":\"ReadAction\",\"target\":[\"https:\/\/mercatfrutal.com\/producto\/albaricoque-300g-eco\/\"]}]},{\"@type\":\"ImageObject\",\"inLanguage\":\"ca\",\"@id\":\"https:\/\/mercatfrutal.com\/producto\/albaricoque-300g-eco\/#primaryimage\",\"url\":\"https:\/\/mercatfrutal.com\/wp-content\/uploads\/2025\/09\/Albaricoque-300g-ECO.webp\",\"contentUrl\":\"https:\/\/mercatfrutal.com\/wp-content\/uploads\/2025\/09\/Albaricoque-300g-ECO.webp\",\"width\":800,\"height\":800,\"caption\":\"Albaricoque 300g ECO\"},{\"@type\":\"BreadcrumbList\",\"@id\":\"https:\/\/mercatfrutal.com\/producto\/albaricoque-300g-eco\/#breadcrumb\",\"itemListElement\":[{\"@type\":\"ListItem\",\"position\":1,\"name\":\"Portada\",\"item\":\"https:\/\/mercatfrutal.com\/\"},{\"@type\":\"ListItem\",\"position\":2,\"name\":\"Tienda\",\"item\":\"https:\/\/mercatfrutal.com\/tienda\/\"},{\"@type\":\"ListItem\",\"position\":3,\"name\":\"Albaricoque 300g ECO\"}]},{\"@type\":\"WebSite\",\"@id\":\"https:\/\/mercatfrutal.com\/#website\",\"url\":\"https:\/\/mercatfrutal.com\/\",\"name\":\"Mercat Frutal\",\"description\":\"\",\"publisher\":{\"@id\":\"https:\/\/mercatfrutal.com\/#organization\"},\"alternateName\":\"Mercat Frutal\",\"potentialAction\":[{\"@type\":\"SearchAction\",\"target\":{\"@type\":\"EntryPoint\",\"urlTemplate\":\"https:\/\/mercatfrutal.com\/?s={search_term_string}\"},\"query-input\":{\"@type\":\"PropertyValueSpecification\",\"valueRequired\":true,\"valueName\":\"search_term_string\"}}],\"inLanguage\":\"ca\"},{\"@type\":\"Organization\",\"@id\":\"https:\/\/mercatfrutal.com\/#organization\",\"name\":\"Mercat Frutal\",\"url\":\"https:\/\/mercatfrutal.com\/\",\"logo\":{\"@type\":\"ImageObject\",\"inLanguage\":\"ca\",\"@id\":\"https:\/\/mercatfrutal.com\/#\/schema\/logo\/image\/\",\"url\":\"https:\/\/mercatfrutal.com\/wp-content\/uploads\/2024\/01\/LOGO-FRUTAL3.png\",\"contentUrl\":\"https:\/\/mercatfrutal.com\/wp-content\/uploads\/2024\/01\/LOGO-FRUTAL3.png\",\"width\":1024,\"height\":382,\"caption\":\"Mercat Frutal\"},\"image\":{\"@id\":\"https:\/\/mercatfrutal.com\/#\/schema\/logo\/image\/\"}}]}<\/script>\n<!-- \/ Yoast SEO plugin. -->","yoast_head_json":{"title":"Albaricoque 300g ECO - Mercat Frutal","robots":{"index":"index","follow":"follow","max-snippet":"max-snippet:-1","max-image-preview":"max-image-preview:large","max-video-preview":"max-video-preview:-1"},"canonical":"https:\/\/mercatfrutal.com\/ca\/producte\/albaricoque-300g-eco\/","og_locale":"ca_ES","og_type":"article","og_title":"Albaricoque 300g ECO - Mercat Frutal","og_description":"El albaricoque ecol\u00f3gico es una fruta jugosa y arom\u00e1tica que destaca por su dulzura natural y su textura suave. Cultivado sin pesticidas ni productos qu\u00edmicos, conserva intactas sus propiedades nutricionales y su sabor aut\u00e9ntico.  Propiedades y beneficios del Albaricoque ECO Es una fuente rica en vitamina A, C y antioxidantes como el betacaroteno, que ayudan a proteger la piel y la vista, adem\u00e1s de fortalecer el sistema inmunol\u00f3gico. Su contenido en fibra favorece el tr\u00e1nsito intestinal y la digesti\u00f3n.  Usos del Albaricoque ECO Ideal para consumir fresco, en compotas, mermeladas, ensaladas o como snack saludable. Tambi\u00e9n es perfecto para reposter\u00eda o acompa\u00f1ar platos salados con un toque afrutado.","og_url":"https:\/\/mercatfrutal.com\/ca\/producte\/albaricoque-300g-eco\/","og_site_name":"Mercat Frutal","article_modified_time":"2026-05-06T12:49:38+00:00","og_image":[{"width":800,"height":800,"url":"https:\/\/mercatfrutal.com\/wp-content\/uploads\/2025\/09\/Albaricoque-300g-ECO.webp","type":"image\/webp"}],"twitter_card":"summary_large_image","twitter_misc":{"Temps estimat de lectura":"1 minut"},"schema":{"@context":"https:\/\/schema.org","@graph":[{"@type":"WebPage","@id":"https:\/\/mercatfrutal.com\/producto\/albaricoque-300g-eco\/","url":"https:\/\/mercatfrutal.com\/producto\/albaricoque-300g-eco\/","name":"Albaricoque 300g ECO - Mercat Frutal","isPartOf":{"@id":"https:\/\/mercatfrutal.com\/#website"},"primaryImageOfPage":{"@id":"https:\/\/mercatfrutal.com\/producto\/albaricoque-300g-eco\/#primaryimage"},"image":{"@id":"https:\/\/mercatfrutal.com\/producto\/albaricoque-300g-eco\/#primaryimage"},"thumbnailUrl":"https:\/\/mercatfrutal.com\/wp-content\/uploads\/2025\/09\/Albaricoque-300g-ECO.webp","datePublished":"2024-05-22T10:55:42+00:00","dateModified":"2026-05-06T12:49:38+00:00","breadcrumb":{"@id":"https:\/\/mercatfrutal.com\/producto\/albaricoque-300g-eco\/#breadcrumb"},"inLanguage":"ca","potentialAction":[{"@type":"ReadAction","target":["https:\/\/mercatfrutal.com\/producto\/albaricoque-300g-eco\/"]}]},{"@type":"ImageObject","inLanguage":"ca","@id":"https:\/\/mercatfrutal.com\/producto\/albaricoque-300g-eco\/#primaryimage","url":"https:\/\/mercatfrutal.com\/wp-content\/uploads\/2025\/09\/Albaricoque-300g-ECO.webp","contentUrl":"https:\/\/mercatfrutal.com\/wp-content\/uploads\/2025\/09\/Albaricoque-300g-ECO.webp","width":800,"height":800,"caption":"Albaricoque 300g ECO"},{"@type":"BreadcrumbList","@id":"https:\/\/mercatfrutal.com\/producto\/albaricoque-300g-eco\/#breadcrumb","itemListElement":[{"@type":"ListItem","position":1,"name":"Portada","item":"https:\/\/mercatfrutal.com\/"},{"@type":"ListItem","position":2,"name":"Tienda","item":"https:\/\/mercatfrutal.com\/tienda\/"},{"@type":"ListItem","position":3,"name":"Albaricoque 300g ECO"}]},{"@type":"WebSite","@id":"https:\/\/mercatfrutal.com\/#website","url":"https:\/\/mercatfrutal.com\/","name":"Mercat Frutal","description":"","publisher":{"@id":"https:\/\/mercatfrutal.com\/#organization"},"alternateName":"Mercat Frutal","potentialAction":[{"@type":"SearchAction","target":{"@type":"EntryPoint","urlTemplate":"https:\/\/mercatfrutal.com\/?s={search_term_string}"},"query-input":{"@type":"PropertyValueSpecification","valueRequired":true,"valueName":"search_term_string"}}],"inLanguage":"ca"},{"@type":"Organization","@id":"https:\/\/mercatfrutal.com\/#organization","name":"Mercat Frutal","url":"https:\/\/mercatfrutal.com\/","logo":{"@type":"ImageObject","inLanguage":"ca","@id":"https:\/\/mercatfrutal.com\/#\/schema\/logo\/image\/","url":"https:\/\/mercatfrutal.com\/wp-content\/uploads\/2024\/01\/LOGO-FRUTAL3.png","contentUrl":"https:\/\/mercatfrutal.com\/wp-content\/uploads\/2024\/01\/LOGO-FRUTAL3.png","width":1024,"height":382,"caption":"Mercat Frutal"},"image":{"@id":"https:\/\/mercatfrutal.com\/#\/schema\/logo\/image\/"}}]}},"jetpack_sharing_enabled":true,"_links":{"self":[{"href":"https:\/\/mercatfrutal.com\/ca\/wp-json\/wp\/v2\/product\/2889","targetHints":{"allow":["GET"]}}],"collection":[{"href":"https:\/\/mercatfrutal.com\/ca\/wp-json\/wp\/v2\/product"}],"about":[{"href":"https:\/\/mercatfrutal.com\/ca\/wp-json\/wp\/v2\/types\/product"}],"replies":[{"embeddable":true,"href":"https:\/\/mercatfrutal.com\/ca\/wp-json\/wp\/v2\/comments?post=2889"}],"wp:featuredmedia":[{"embeddable":true,"href":"https:\/\/mercatfrutal.com\/ca\/wp-json\/wp\/v2\/media\/9484"}],"wp:attachment":[{"href":"https:\/\/mercatfrutal.com\/ca\/wp-json\/wp\/v2\/media?parent=2889"}],"wp:term":[{"taxonomy":"product_brand","embeddable":true,"href":"https:\/\/mercatfrutal.com\/ca\/wp-json\/wp\/v2\/product_brand?post=2889"},{"taxonomy":"product_cat","embeddable":true,"href":"https:\/\/mercatfrutal.com\/ca\/wp-json\/wp\/v2\/product_cat?post=2889"},{"taxonomy":"product_tag","embeddable":true,"href":"https:\/\/mercatfrutal.com\/ca\/wp-json\/wp\/v2\/product_tag?post=2889"}],"curies":[{"name":"wp","href":"https:\/\/api.w.org\/{rel}","templated":true}]}}