{"id":6220,"date":"2024-10-21T12:43:34","date_gmt":"2024-10-21T10:43:34","guid":{"rendered":"https:\/\/mercatfrutal.com\/producto\/producto-prueba-web\/"},"modified":"2026-04-02T13:44:30","modified_gmt":"2026-04-02T11:44:30","slug":"cesta-a-mi-ritmo-5kg","status":"publish","type":"product","link":"https:\/\/mercatfrutal.com\/ca\/producte\/cesta-a-mi-ritmo-5kg\/","title":{"rendered":"Al meu Ritme 5kg"},"content":{"rendered":"","protected":false},"excerpt":{"rendered":"<p class=\"translation-block\">Les nostres <strong> cistelles s\u00f3n diferents cada setmana, \u00e9s a dir, cistelles sorpresa!<\/strong> Ens guiem per les estacions, seleccionant <strong>les verdures m\u00e9s fresques<\/strong> que rebem cada dia, moltes vegades recol\u00b7lectades el mateix mat\u00ed. Tamb\u00e9 trobar\u00e0s les <strong>millors fruites de temporada<\/strong>, posarem el millor del moment! <strong>El contingut dependr\u00e0 de la disponibilitat i frescor dels productes.<\/strong><\/p>\n<p class=\"translation-block\"><span style=\"text-decoration: underline\"><strong>IMPORTANT<\/strong>:<\/span> Si hi ha alguna cosa que no t'agrada o si tens alguna al\u00b7l\u00e8rgia, en finalitzar la compra ho pots indicar en comentaris.<\/p>","protected":false},"featured_media":8539,"comment_status":"open","ping_status":"closed","template":"","meta":{"content-type":""},"product_brand":[],"product_cat":[417],"product_tag":[],"class_list":{"0":"post-6220","1":"product","2":"type-product","3":"status-publish","4":"has-post-thumbnail","6":"product_cat-cestas-ecologicas","7":"has-subscription-plans","9":"first","10":"instock","11":"taxable","12":"shipping-taxable","13":"purchasable","14":"product-type-simple"},"bundled_by":[],"bundle_stock_status":"instock","bundle_stock_quantity":null,"bundle_virtual":false,"bundle_layout":"","bundle_add_to_cart_form_location":"","bundle_editable_in_cart":false,"bundle_sold_individually_context":"","bundle_item_grouping":"","bundle_min_size":"","bundle_max_size":"","bundle_price":[],"bundled_items":[],"bundle_sell_ids":[],"yoast_head":"<!-- This site is optimized with the Yoast SEO plugin v27.2 - https:\/\/yoast.com\/product\/yoast-seo-wordpress\/ -->\n<title>Cesta A Mi Ritmo 5kg - Mercat Frutal<\/title>\n<meta name=\"robots\" content=\"index, follow, max-snippet:-1, max-image-preview:large, max-video-preview:-1\" \/>\n<link rel=\"canonical\" href=\"https:\/\/mercatfrutal.com\/ca\/producte\/cesta-a-mi-ritmo-5kg\/\" \/>\n<meta property=\"og:locale\" content=\"ca_ES\" \/>\n<meta property=\"og:type\" content=\"article\" \/>\n<meta property=\"og:title\" content=\"Cesta A Mi Ritmo 5kg - Mercat Frutal\" \/>\n<meta property=\"og:description\" content=\"\u00a1Nuestras cestas son diferentes cada semana! Nos guiamos por las estaciones, seleccionando las verduras m\u00e1s frescas que recibimos cada d\u00eda, muchas veces recolectadas la misma ma\u00f1ana. Tambi\u00e9n encontrar\u00e1s las mejores frutas de temporada, pondremos lo mejor del momento! El contenido depender\u00e1 de la disponibilidad y frescura de los productos.  IMPORTANTE: Si hay alguna cosa que no te gusta o si tienes alguna alergia, al finalizar la compra lo puedes indicar en comentarios.\" \/>\n<meta property=\"og:url\" content=\"https:\/\/mercatfrutal.com\/ca\/producte\/cesta-a-mi-ritmo-5kg\/\" \/>\n<meta property=\"og:site_name\" content=\"Mercat Frutal\" \/>\n<meta property=\"article:modified_time\" content=\"2026-04-02T11:44:30+00:00\" \/>\n<meta property=\"og:image\" content=\"https:\/\/mercatfrutal.com\/wp-content\/uploads\/2025\/04\/polvo-de-baobab-scaled.jpg\" \/>\n\t<meta property=\"og:image:width\" content=\"2560\" \/>\n\t<meta property=\"og:image:height\" content=\"2560\" \/>\n\t<meta property=\"og:image:type\" content=\"image\/jpeg\" \/>\n<meta name=\"twitter:card\" content=\"summary_large_image\" \/>\n<meta name=\"twitter:label1\" content=\"Temps estimat de lectura\" \/>\n\t<meta name=\"twitter:data1\" content=\"1 minut\" \/>\n<script type=\"application\/ld+json\" class=\"yoast-schema-graph\">{\"@context\":\"https:\/\/schema.org\",\"@graph\":[{\"@type\":\"WebPage\",\"@id\":\"https:\/\/mercatfrutal.com\/producto\/cesta-a-mi-ritmo-5kg\/\",\"url\":\"https:\/\/mercatfrutal.com\/producto\/cesta-a-mi-ritmo-5kg\/\",\"name\":\"Cesta A Mi Ritmo 5kg - Mercat Frutal\",\"isPartOf\":{\"@id\":\"https:\/\/mercatfrutal.com\/#website\"},\"primaryImageOfPage\":{\"@id\":\"https:\/\/mercatfrutal.com\/producto\/cesta-a-mi-ritmo-5kg\/#primaryimage\"},\"image\":{\"@id\":\"https:\/\/mercatfrutal.com\/producto\/cesta-a-mi-ritmo-5kg\/#primaryimage\"},\"thumbnailUrl\":\"https:\/\/mercatfrutal.com\/wp-content\/uploads\/2025\/04\/polvo-de-baobab-scaled.jpg\",\"datePublished\":\"2024-10-21T10:43:34+00:00\",\"dateModified\":\"2026-04-02T11:44:30+00:00\",\"breadcrumb\":{\"@id\":\"https:\/\/mercatfrutal.com\/producto\/cesta-a-mi-ritmo-5kg\/#breadcrumb\"},\"inLanguage\":\"ca\",\"potentialAction\":[{\"@type\":\"ReadAction\",\"target\":[\"https:\/\/mercatfrutal.com\/producto\/cesta-a-mi-ritmo-5kg\/\"]}]},{\"@type\":\"ImageObject\",\"inLanguage\":\"ca\",\"@id\":\"https:\/\/mercatfrutal.com\/producto\/cesta-a-mi-ritmo-5kg\/#primaryimage\",\"url\":\"https:\/\/mercatfrutal.com\/wp-content\/uploads\/2025\/04\/polvo-de-baobab-scaled.jpg\",\"contentUrl\":\"https:\/\/mercatfrutal.com\/wp-content\/uploads\/2025\/04\/polvo-de-baobab-scaled.jpg\",\"width\":2560,\"height\":2560,\"caption\":\"cesta personal\"},{\"@type\":\"BreadcrumbList\",\"@id\":\"https:\/\/mercatfrutal.com\/producto\/cesta-a-mi-ritmo-5kg\/#breadcrumb\",\"itemListElement\":[{\"@type\":\"ListItem\",\"position\":1,\"name\":\"Portada\",\"item\":\"https:\/\/mercatfrutal.com\/\"},{\"@type\":\"ListItem\",\"position\":2,\"name\":\"Tienda\",\"item\":\"https:\/\/mercatfrutal.com\/tienda\/\"},{\"@type\":\"ListItem\",\"position\":3,\"name\":\"Cesta A Mi Ritmo 5kg\"}]},{\"@type\":\"WebSite\",\"@id\":\"https:\/\/mercatfrutal.com\/#website\",\"url\":\"https:\/\/mercatfrutal.com\/\",\"name\":\"Mercat Frutal\",\"description\":\"\",\"publisher\":{\"@id\":\"https:\/\/mercatfrutal.com\/#organization\"},\"alternateName\":\"Mercat Frutal\",\"potentialAction\":[{\"@type\":\"SearchAction\",\"target\":{\"@type\":\"EntryPoint\",\"urlTemplate\":\"https:\/\/mercatfrutal.com\/?s={search_term_string}\"},\"query-input\":{\"@type\":\"PropertyValueSpecification\",\"valueRequired\":true,\"valueName\":\"search_term_string\"}}],\"inLanguage\":\"ca\"},{\"@type\":\"Organization\",\"@id\":\"https:\/\/mercatfrutal.com\/#organization\",\"name\":\"Mercat Frutal\",\"url\":\"https:\/\/mercatfrutal.com\/\",\"logo\":{\"@type\":\"ImageObject\",\"inLanguage\":\"ca\",\"@id\":\"https:\/\/mercatfrutal.com\/#\/schema\/logo\/image\/\",\"url\":\"https:\/\/mercatfrutal.com\/wp-content\/uploads\/2024\/01\/LOGO-FRUTAL3.png\",\"contentUrl\":\"https:\/\/mercatfrutal.com\/wp-content\/uploads\/2024\/01\/LOGO-FRUTAL3.png\",\"width\":1024,\"height\":382,\"caption\":\"Mercat Frutal\"},\"image\":{\"@id\":\"https:\/\/mercatfrutal.com\/#\/schema\/logo\/image\/\"}}]}<\/script>\n<!-- \/ Yoast SEO plugin. -->","yoast_head_json":{"title":"Cesta A Mi Ritmo 5kg - Mercat Frutal","robots":{"index":"index","follow":"follow","max-snippet":"max-snippet:-1","max-image-preview":"max-image-preview:large","max-video-preview":"max-video-preview:-1"},"canonical":"https:\/\/mercatfrutal.com\/ca\/producte\/cesta-a-mi-ritmo-5kg\/","og_locale":"ca_ES","og_type":"article","og_title":"Cesta A Mi Ritmo 5kg - Mercat Frutal","og_description":"\u00a1Nuestras cestas son diferentes cada semana! Nos guiamos por las estaciones, seleccionando las verduras m\u00e1s frescas que recibimos cada d\u00eda, muchas veces recolectadas la misma ma\u00f1ana. Tambi\u00e9n encontrar\u00e1s las mejores frutas de temporada, pondremos lo mejor del momento! El contenido depender\u00e1 de la disponibilidad y frescura de los productos.  IMPORTANTE: Si hay alguna cosa que no te gusta o si tienes alguna alergia, al finalizar la compra lo puedes indicar en comentarios.","og_url":"https:\/\/mercatfrutal.com\/ca\/producte\/cesta-a-mi-ritmo-5kg\/","og_site_name":"Mercat Frutal","article_modified_time":"2026-04-02T11:44:30+00:00","og_image":[{"width":2560,"height":2560,"url":"https:\/\/mercatfrutal.com\/wp-content\/uploads\/2025\/04\/polvo-de-baobab-scaled.jpg","type":"image\/jpeg"}],"twitter_card":"summary_large_image","twitter_misc":{"Temps estimat de lectura":"1 minut"},"schema":{"@context":"https:\/\/schema.org","@graph":[{"@type":"WebPage","@id":"https:\/\/mercatfrutal.com\/producto\/cesta-a-mi-ritmo-5kg\/","url":"https:\/\/mercatfrutal.com\/producto\/cesta-a-mi-ritmo-5kg\/","name":"Cesta A Mi Ritmo 5kg - Mercat Frutal","isPartOf":{"@id":"https:\/\/mercatfrutal.com\/#website"},"primaryImageOfPage":{"@id":"https:\/\/mercatfrutal.com\/producto\/cesta-a-mi-ritmo-5kg\/#primaryimage"},"image":{"@id":"https:\/\/mercatfrutal.com\/producto\/cesta-a-mi-ritmo-5kg\/#primaryimage"},"thumbnailUrl":"https:\/\/mercatfrutal.com\/wp-content\/uploads\/2025\/04\/polvo-de-baobab-scaled.jpg","datePublished":"2024-10-21T10:43:34+00:00","dateModified":"2026-04-02T11:44:30+00:00","breadcrumb":{"@id":"https:\/\/mercatfrutal.com\/producto\/cesta-a-mi-ritmo-5kg\/#breadcrumb"},"inLanguage":"ca","potentialAction":[{"@type":"ReadAction","target":["https:\/\/mercatfrutal.com\/producto\/cesta-a-mi-ritmo-5kg\/"]}]},{"@type":"ImageObject","inLanguage":"ca","@id":"https:\/\/mercatfrutal.com\/producto\/cesta-a-mi-ritmo-5kg\/#primaryimage","url":"https:\/\/mercatfrutal.com\/wp-content\/uploads\/2025\/04\/polvo-de-baobab-scaled.jpg","contentUrl":"https:\/\/mercatfrutal.com\/wp-content\/uploads\/2025\/04\/polvo-de-baobab-scaled.jpg","width":2560,"height":2560,"caption":"cesta personal"},{"@type":"BreadcrumbList","@id":"https:\/\/mercatfrutal.com\/producto\/cesta-a-mi-ritmo-5kg\/#breadcrumb","itemListElement":[{"@type":"ListItem","position":1,"name":"Portada","item":"https:\/\/mercatfrutal.com\/"},{"@type":"ListItem","position":2,"name":"Tienda","item":"https:\/\/mercatfrutal.com\/tienda\/"},{"@type":"ListItem","position":3,"name":"Cesta A Mi Ritmo 5kg"}]},{"@type":"WebSite","@id":"https:\/\/mercatfrutal.com\/#website","url":"https:\/\/mercatfrutal.com\/","name":"Mercat Frutal","description":"","publisher":{"@id":"https:\/\/mercatfrutal.com\/#organization"},"alternateName":"Mercat Frutal","potentialAction":[{"@type":"SearchAction","target":{"@type":"EntryPoint","urlTemplate":"https:\/\/mercatfrutal.com\/?s={search_term_string}"},"query-input":{"@type":"PropertyValueSpecification","valueRequired":true,"valueName":"search_term_string"}}],"inLanguage":"ca"},{"@type":"Organization","@id":"https:\/\/mercatfrutal.com\/#organization","name":"Mercat Frutal","url":"https:\/\/mercatfrutal.com\/","logo":{"@type":"ImageObject","inLanguage":"ca","@id":"https:\/\/mercatfrutal.com\/#\/schema\/logo\/image\/","url":"https:\/\/mercatfrutal.com\/wp-content\/uploads\/2024\/01\/LOGO-FRUTAL3.png","contentUrl":"https:\/\/mercatfrutal.com\/wp-content\/uploads\/2024\/01\/LOGO-FRUTAL3.png","width":1024,"height":382,"caption":"Mercat Frutal"},"image":{"@id":"https:\/\/mercatfrutal.com\/#\/schema\/logo\/image\/"}}]}},"jetpack_sharing_enabled":true,"_links":{"self":[{"href":"https:\/\/mercatfrutal.com\/ca\/wp-json\/wp\/v2\/product\/6220","targetHints":{"allow":["GET"]}}],"collection":[{"href":"https:\/\/mercatfrutal.com\/ca\/wp-json\/wp\/v2\/product"}],"about":[{"href":"https:\/\/mercatfrutal.com\/ca\/wp-json\/wp\/v2\/types\/product"}],"replies":[{"embeddable":true,"href":"https:\/\/mercatfrutal.com\/ca\/wp-json\/wp\/v2\/comments?post=6220"}],"wp:featuredmedia":[{"embeddable":true,"href":"https:\/\/mercatfrutal.com\/ca\/wp-json\/wp\/v2\/media\/8539"}],"wp:attachment":[{"href":"https:\/\/mercatfrutal.com\/ca\/wp-json\/wp\/v2\/media?parent=6220"}],"wp:term":[{"taxonomy":"product_brand","embeddable":true,"href":"https:\/\/mercatfrutal.com\/ca\/wp-json\/wp\/v2\/product_brand?post=6220"},{"taxonomy":"product_cat","embeddable":true,"href":"https:\/\/mercatfrutal.com\/ca\/wp-json\/wp\/v2\/product_cat?post=6220"},{"taxonomy":"product_tag","embeddable":true,"href":"https:\/\/mercatfrutal.com\/ca\/wp-json\/wp\/v2\/product_tag?post=6220"}],"curies":[{"name":"wp","href":"https:\/\/api.w.org\/{rel}","templated":true}]}}