{"id":7361,"date":"2025-02-11T12:47:51","date_gmt":"2025-02-11T11:47:51","guid":{"rendered":"https:\/\/mercatfrutal.com\/?post_type=product&#038;p=7361"},"modified":"2026-04-22T13:10:06","modified_gmt":"2026-04-22T11:10:06","slug":"yogur-de-oveja-420g-eco","status":"publish","type":"product","link":"https:\/\/mercatfrutal.com\/ca\/producte\/yogur-de-oveja-420g-eco\/","title":{"rendered":"Iogurt d\u2019Ovella 420g ECO"},"content":{"rendered":"","protected":false},"excerpt":{"rendered":"<p><span style=\"font-weight: 400\">El Iogurt d\u2019Ovella 420g ECO \u00e9s un format familiar de iogurt ecol\u00f2gic elaborat amb llet d\u2019ovella, perfecte per compartir.<\/span><\/p>\n<h2><b>Beneficis principals del Iogurt d\u2019Ovella ECO<\/b><\/h2>\n<p><span style=\"font-weight: 400\">\u00c9s una excel\u00b7lent font de prote\u00efnes completes, calci i probi\u00f2tics, que aporten beneficis digestius i enforteixen els ossos i les dents.<\/span><\/p>\n<h2><b>Caracter\u00edstiques del Iogurt d\u2019Ovella<\/b><\/h2>\n<p><span style=\"font-weight: 400\">De textura densa i cremosa i sabor intens, destaca per la seva riquesa nutricional i sabor tradicional.<\/span><\/p>\n<h2><b>Formes d\u2019\u00fas<\/b><\/h2>\n<p><span style=\"font-weight: 400\">\u00c9s ideal per a esmorzars en fam\u00edlia, combinar amb fruita, cereals o utilitzar com a base per a salses saludables.<\/span><\/p>","protected":false},"featured_media":9740,"comment_status":"open","ping_status":"closed","template":"","meta":{"content-type":""},"product_brand":[],"product_cat":[327],"product_tag":[],"class_list":{"0":"post-7361","1":"product","2":"type-product","3":"status-publish","4":"has-post-thumbnail","6":"product_cat-yogur-de-oveja","7":"has-subscription-plans","9":"first","10":"instock","11":"taxable","12":"shipping-taxable","13":"purchasable","14":"product-type-simple"},"bundled_by":[],"bundle_stock_status":"instock","bundle_stock_quantity":null,"bundle_virtual":false,"bundle_layout":"","bundle_add_to_cart_form_location":"","bundle_editable_in_cart":false,"bundle_sold_individually_context":"","bundle_item_grouping":"","bundle_min_size":"","bundle_max_size":"","bundle_price":[],"bundled_items":[],"bundle_sell_ids":[],"yoast_head":"<!-- This site is optimized with the Yoast SEO plugin v27.2 - https:\/\/yoast.com\/product\/yoast-seo-wordpress\/ -->\n<title>Yogur de Oveja 420g ECO - Mercat Frutal<\/title>\n<meta name=\"robots\" content=\"index, follow, max-snippet:-1, max-image-preview:large, max-video-preview:-1\" \/>\n<link rel=\"canonical\" href=\"https:\/\/mercatfrutal.com\/ca\/producte\/yogur-de-oveja-420g-eco\/\" \/>\n<meta property=\"og:locale\" content=\"ca_ES\" \/>\n<meta property=\"og:type\" content=\"article\" \/>\n<meta property=\"og:title\" content=\"Yogur de Oveja 420g ECO - Mercat Frutal\" \/>\n<meta property=\"og:description\" content=\"Yogur de Oveja 420g ECO es un formato familiar de yogur ecol\u00f3gico elaborado con leche de oveja, perfecto para compartir. Beneficios principales de Yogur de Oveja ECO Son una excelente fuente de prote\u00ednas completas, calcio y probi\u00f3ticos, que aportan beneficios digestivos y fortalecen huesos y dientes. Caracter\u00edsticas del Yogur de Oveja De textura densa y cremosa y sabor intenso, destaca por su riqueza nutricional y sabor tradicional. Formas de uso Son ideales para desayunos en familia, combinar con frutas, cereales o utilizar como base para salsas saludables.\" \/>\n<meta property=\"og:url\" content=\"https:\/\/mercatfrutal.com\/ca\/producte\/yogur-de-oveja-420g-eco\/\" \/>\n<meta property=\"og:site_name\" content=\"Mercat Frutal\" \/>\n<meta property=\"article:modified_time\" content=\"2026-04-22T11:10:06+00:00\" \/>\n<meta property=\"og:image\" content=\"https:\/\/mercatfrutal.com\/wp-content\/uploads\/2025\/09\/Yogur-de-Oveja-420g-ECO.webp\" \/>\n\t<meta property=\"og:image:width\" content=\"800\" \/>\n\t<meta property=\"og:image:height\" content=\"800\" \/>\n\t<meta property=\"og:image:type\" content=\"image\/webp\" \/>\n<meta name=\"twitter:card\" content=\"summary_large_image\" \/>\n<meta name=\"twitter:label1\" content=\"Temps estimat de lectura\" \/>\n\t<meta name=\"twitter:data1\" content=\"1 minut\" \/>\n<script type=\"application\/ld+json\" class=\"yoast-schema-graph\">{\"@context\":\"https:\/\/schema.org\",\"@graph\":[{\"@type\":\"WebPage\",\"@id\":\"https:\/\/mercatfrutal.com\/producto\/yogur-de-oveja-420g-eco\/\",\"url\":\"https:\/\/mercatfrutal.com\/producto\/yogur-de-oveja-420g-eco\/\",\"name\":\"Yogur de Oveja 420g ECO - Mercat Frutal\",\"isPartOf\":{\"@id\":\"https:\/\/mercatfrutal.com\/#website\"},\"primaryImageOfPage\":{\"@id\":\"https:\/\/mercatfrutal.com\/producto\/yogur-de-oveja-420g-eco\/#primaryimage\"},\"image\":{\"@id\":\"https:\/\/mercatfrutal.com\/producto\/yogur-de-oveja-420g-eco\/#primaryimage\"},\"thumbnailUrl\":\"https:\/\/mercatfrutal.com\/wp-content\/uploads\/2025\/09\/Yogur-de-Oveja-420g-ECO.webp\",\"datePublished\":\"2025-02-11T11:47:51+00:00\",\"dateModified\":\"2026-04-22T11:10:06+00:00\",\"breadcrumb\":{\"@id\":\"https:\/\/mercatfrutal.com\/producto\/yogur-de-oveja-420g-eco\/#breadcrumb\"},\"inLanguage\":\"ca\",\"potentialAction\":[{\"@type\":\"ReadAction\",\"target\":[\"https:\/\/mercatfrutal.com\/producto\/yogur-de-oveja-420g-eco\/\"]}]},{\"@type\":\"ImageObject\",\"inLanguage\":\"ca\",\"@id\":\"https:\/\/mercatfrutal.com\/producto\/yogur-de-oveja-420g-eco\/#primaryimage\",\"url\":\"https:\/\/mercatfrutal.com\/wp-content\/uploads\/2025\/09\/Yogur-de-Oveja-420g-ECO.webp\",\"contentUrl\":\"https:\/\/mercatfrutal.com\/wp-content\/uploads\/2025\/09\/Yogur-de-Oveja-420g-ECO.webp\",\"width\":800,\"height\":800,\"caption\":\"Yogur de Oveja 420g ECO\"},{\"@type\":\"BreadcrumbList\",\"@id\":\"https:\/\/mercatfrutal.com\/producto\/yogur-de-oveja-420g-eco\/#breadcrumb\",\"itemListElement\":[{\"@type\":\"ListItem\",\"position\":1,\"name\":\"Portada\",\"item\":\"https:\/\/mercatfrutal.com\/\"},{\"@type\":\"ListItem\",\"position\":2,\"name\":\"Tienda\",\"item\":\"https:\/\/mercatfrutal.com\/tienda\/\"},{\"@type\":\"ListItem\",\"position\":3,\"name\":\"Yogur de Oveja 420g ECO\"}]},{\"@type\":\"WebSite\",\"@id\":\"https:\/\/mercatfrutal.com\/#website\",\"url\":\"https:\/\/mercatfrutal.com\/\",\"name\":\"Mercat Frutal\",\"description\":\"\",\"publisher\":{\"@id\":\"https:\/\/mercatfrutal.com\/#organization\"},\"alternateName\":\"Mercat Frutal\",\"potentialAction\":[{\"@type\":\"SearchAction\",\"target\":{\"@type\":\"EntryPoint\",\"urlTemplate\":\"https:\/\/mercatfrutal.com\/?s={search_term_string}\"},\"query-input\":{\"@type\":\"PropertyValueSpecification\",\"valueRequired\":true,\"valueName\":\"search_term_string\"}}],\"inLanguage\":\"ca\"},{\"@type\":\"Organization\",\"@id\":\"https:\/\/mercatfrutal.com\/#organization\",\"name\":\"Mercat Frutal\",\"url\":\"https:\/\/mercatfrutal.com\/\",\"logo\":{\"@type\":\"ImageObject\",\"inLanguage\":\"ca\",\"@id\":\"https:\/\/mercatfrutal.com\/#\/schema\/logo\/image\/\",\"url\":\"https:\/\/mercatfrutal.com\/wp-content\/uploads\/2024\/01\/LOGO-FRUTAL3.png\",\"contentUrl\":\"https:\/\/mercatfrutal.com\/wp-content\/uploads\/2024\/01\/LOGO-FRUTAL3.png\",\"width\":1024,\"height\":382,\"caption\":\"Mercat Frutal\"},\"image\":{\"@id\":\"https:\/\/mercatfrutal.com\/#\/schema\/logo\/image\/\"}}]}<\/script>\n<!-- \/ Yoast SEO plugin. -->","yoast_head_json":{"title":"Yogur de Oveja 420g ECO - Mercat Frutal","robots":{"index":"index","follow":"follow","max-snippet":"max-snippet:-1","max-image-preview":"max-image-preview:large","max-video-preview":"max-video-preview:-1"},"canonical":"https:\/\/mercatfrutal.com\/ca\/producte\/yogur-de-oveja-420g-eco\/","og_locale":"ca_ES","og_type":"article","og_title":"Yogur de Oveja 420g ECO - Mercat Frutal","og_description":"Yogur de Oveja 420g ECO es un formato familiar de yogur ecol\u00f3gico elaborado con leche de oveja, perfecto para compartir. Beneficios principales de Yogur de Oveja ECO Son una excelente fuente de prote\u00ednas completas, calcio y probi\u00f3ticos, que aportan beneficios digestivos y fortalecen huesos y dientes. Caracter\u00edsticas del Yogur de Oveja De textura densa y cremosa y sabor intenso, destaca por su riqueza nutricional y sabor tradicional. Formas de uso Son ideales para desayunos en familia, combinar con frutas, cereales o utilizar como base para salsas saludables.","og_url":"https:\/\/mercatfrutal.com\/ca\/producte\/yogur-de-oveja-420g-eco\/","og_site_name":"Mercat Frutal","article_modified_time":"2026-04-22T11:10:06+00:00","og_image":[{"width":800,"height":800,"url":"https:\/\/mercatfrutal.com\/wp-content\/uploads\/2025\/09\/Yogur-de-Oveja-420g-ECO.webp","type":"image\/webp"}],"twitter_card":"summary_large_image","twitter_misc":{"Temps estimat de lectura":"1 minut"},"schema":{"@context":"https:\/\/schema.org","@graph":[{"@type":"WebPage","@id":"https:\/\/mercatfrutal.com\/producto\/yogur-de-oveja-420g-eco\/","url":"https:\/\/mercatfrutal.com\/producto\/yogur-de-oveja-420g-eco\/","name":"Yogur de Oveja 420g ECO - Mercat Frutal","isPartOf":{"@id":"https:\/\/mercatfrutal.com\/#website"},"primaryImageOfPage":{"@id":"https:\/\/mercatfrutal.com\/producto\/yogur-de-oveja-420g-eco\/#primaryimage"},"image":{"@id":"https:\/\/mercatfrutal.com\/producto\/yogur-de-oveja-420g-eco\/#primaryimage"},"thumbnailUrl":"https:\/\/mercatfrutal.com\/wp-content\/uploads\/2025\/09\/Yogur-de-Oveja-420g-ECO.webp","datePublished":"2025-02-11T11:47:51+00:00","dateModified":"2026-04-22T11:10:06+00:00","breadcrumb":{"@id":"https:\/\/mercatfrutal.com\/producto\/yogur-de-oveja-420g-eco\/#breadcrumb"},"inLanguage":"ca","potentialAction":[{"@type":"ReadAction","target":["https:\/\/mercatfrutal.com\/producto\/yogur-de-oveja-420g-eco\/"]}]},{"@type":"ImageObject","inLanguage":"ca","@id":"https:\/\/mercatfrutal.com\/producto\/yogur-de-oveja-420g-eco\/#primaryimage","url":"https:\/\/mercatfrutal.com\/wp-content\/uploads\/2025\/09\/Yogur-de-Oveja-420g-ECO.webp","contentUrl":"https:\/\/mercatfrutal.com\/wp-content\/uploads\/2025\/09\/Yogur-de-Oveja-420g-ECO.webp","width":800,"height":800,"caption":"Yogur de Oveja 420g ECO"},{"@type":"BreadcrumbList","@id":"https:\/\/mercatfrutal.com\/producto\/yogur-de-oveja-420g-eco\/#breadcrumb","itemListElement":[{"@type":"ListItem","position":1,"name":"Portada","item":"https:\/\/mercatfrutal.com\/"},{"@type":"ListItem","position":2,"name":"Tienda","item":"https:\/\/mercatfrutal.com\/tienda\/"},{"@type":"ListItem","position":3,"name":"Yogur de Oveja 420g ECO"}]},{"@type":"WebSite","@id":"https:\/\/mercatfrutal.com\/#website","url":"https:\/\/mercatfrutal.com\/","name":"Mercat Frutal","description":"","publisher":{"@id":"https:\/\/mercatfrutal.com\/#organization"},"alternateName":"Mercat Frutal","potentialAction":[{"@type":"SearchAction","target":{"@type":"EntryPoint","urlTemplate":"https:\/\/mercatfrutal.com\/?s={search_term_string}"},"query-input":{"@type":"PropertyValueSpecification","valueRequired":true,"valueName":"search_term_string"}}],"inLanguage":"ca"},{"@type":"Organization","@id":"https:\/\/mercatfrutal.com\/#organization","name":"Mercat Frutal","url":"https:\/\/mercatfrutal.com\/","logo":{"@type":"ImageObject","inLanguage":"ca","@id":"https:\/\/mercatfrutal.com\/#\/schema\/logo\/image\/","url":"https:\/\/mercatfrutal.com\/wp-content\/uploads\/2024\/01\/LOGO-FRUTAL3.png","contentUrl":"https:\/\/mercatfrutal.com\/wp-content\/uploads\/2024\/01\/LOGO-FRUTAL3.png","width":1024,"height":382,"caption":"Mercat Frutal"},"image":{"@id":"https:\/\/mercatfrutal.com\/#\/schema\/logo\/image\/"}}]}},"jetpack_sharing_enabled":true,"_links":{"self":[{"href":"https:\/\/mercatfrutal.com\/ca\/wp-json\/wp\/v2\/product\/7361","targetHints":{"allow":["GET"]}}],"collection":[{"href":"https:\/\/mercatfrutal.com\/ca\/wp-json\/wp\/v2\/product"}],"about":[{"href":"https:\/\/mercatfrutal.com\/ca\/wp-json\/wp\/v2\/types\/product"}],"replies":[{"embeddable":true,"href":"https:\/\/mercatfrutal.com\/ca\/wp-json\/wp\/v2\/comments?post=7361"}],"wp:featuredmedia":[{"embeddable":true,"href":"https:\/\/mercatfrutal.com\/ca\/wp-json\/wp\/v2\/media\/9740"}],"wp:attachment":[{"href":"https:\/\/mercatfrutal.com\/ca\/wp-json\/wp\/v2\/media?parent=7361"}],"wp:term":[{"taxonomy":"product_brand","embeddable":true,"href":"https:\/\/mercatfrutal.com\/ca\/wp-json\/wp\/v2\/product_brand?post=7361"},{"taxonomy":"product_cat","embeddable":true,"href":"https:\/\/mercatfrutal.com\/ca\/wp-json\/wp\/v2\/product_cat?post=7361"},{"taxonomy":"product_tag","embeddable":true,"href":"https:\/\/mercatfrutal.com\/ca\/wp-json\/wp\/v2\/product_tag?post=7361"}],"curies":[{"name":"wp","href":"https:\/\/api.w.org\/{rel}","templated":true}]}}