{"id":7370,"date":"2025-02-11T13:48:26","date_gmt":"2025-02-11T11:48:26","guid":{"rendered":"https:\/\/mercatfrutal.com\/?post_type=product&#038;p=7370"},"modified":"2026-02-04T11:43:29","modified_gmt":"2026-02-04T09:43:29","slug":"proteina-de-guisante-250g-eco","status":"publish","type":"product","link":"https:\/\/mercatfrutal.com\/ca\/producte\/proteina-de-guisante-250g-eco\/","title":{"rendered":"Prote\u00efna de P\u00e8sol 250g ECO"},"content":{"rendered":"","protected":false},"excerpt":{"rendered":"<p data-start=\"166\" data-end=\"400\">La prote\u00efna de p\u00e8sol ecol\u00f2gica s\u2019obt\u00e9 a partir de p\u00e8sols grocs de cultiu ecol\u00f2gic, mitjan\u00e7ant un proc\u00e9s d\u2019extracci\u00f3 natural sense qu\u00edmics. T\u00e9 un sabor suau i neutre, ideal per enriquir tot tipus de receptes.<\/p>\n<h2 data-start=\"402\" data-end=\"689\"><strong data-start=\"402\" data-end=\"466\">Propietats i beneficis de la Prote\u00efna de P\u00e8sol ECO<\/strong><\/h2>\n<p data-start=\"402\" data-end=\"689\">Rica en prote\u00efnes vegetals d\u2019alta qualitat i amino\u00e0cids essencials, contribueix al manteniment i desenvolupament de la massa muscular. A m\u00e9s, \u00e9s f\u00e0cil de digerir i apta per a persones amb intoler\u00e0ncia al gluten o a la soja.<\/p>\n<h2 data-start=\"691\" data-end=\"899\"><strong data-start=\"691\" data-end=\"712\">Formes de consum<\/strong><\/h2>\n<p data-start=\"691\" data-end=\"899\">Perfecta per afegir a batuts, smoothies, sopes, cremes o rebosteria. Tamb\u00e9 es pot incorporar en receptes salades com hamburgueses vegetals, pans o barretes energ\u00e8tiques casolanes.<\/p>","protected":false},"featured_media":9886,"comment_status":"open","ping_status":"closed","template":"","meta":{"content-type":""},"product_brand":[],"product_cat":[203],"product_tag":[],"class_list":{"0":"post-7370","1":"product","2":"type-product","3":"status-publish","4":"has-post-thumbnail","6":"product_cat-tofu","7":"has-subscription-plans","9":"first","10":"instock","11":"taxable","12":"shipping-taxable","13":"purchasable","14":"product-type-simple"},"bundled_by":[],"bundle_stock_status":"instock","bundle_stock_quantity":5,"bundle_virtual":false,"bundle_layout":"","bundle_add_to_cart_form_location":"","bundle_editable_in_cart":false,"bundle_sold_individually_context":"","bundle_item_grouping":"","bundle_min_size":"","bundle_max_size":"","bundle_price":[],"bundled_items":[],"bundle_sell_ids":[],"yoast_head":"<!-- This site is optimized with the Yoast SEO plugin v27.2 - https:\/\/yoast.com\/product\/yoast-seo-wordpress\/ -->\n<title>Prote\u00edna de Guisante 250g ECO - Mercat Frutal<\/title>\n<meta name=\"robots\" content=\"index, follow, max-snippet:-1, max-image-preview:large, max-video-preview:-1\" \/>\n<link rel=\"canonical\" href=\"https:\/\/mercatfrutal.com\/ca\/producte\/proteina-de-guisante-250g-eco\/\" \/>\n<meta property=\"og:locale\" content=\"ca_ES\" \/>\n<meta property=\"og:type\" content=\"article\" \/>\n<meta property=\"og:title\" content=\"Prote\u00edna de Guisante 250g ECO - Mercat Frutal\" \/>\n<meta property=\"og:description\" content=\"La prote\u00edna de guisante ecol\u00f3gica 250g se obtiene a partir de guisantes amarillos de cultivo ecol\u00f3gico, mediante un proceso de extracci\u00f3n natural sin qu\u00edmicos. Tiene un sabor suave y neutro, ideal para enriquecer todo tipo de recetas.  Propiedades y beneficios de la Prote\u00edna de Guisante 250g ECO Rica en prote\u00ednas vegetales de alta calidad y amino\u00e1cidos esenciales, contribuye al mantenimiento y desarrollo de la masa muscular. Adem\u00e1s, es f\u00e1cil de digerir y apta para personas con intolerancia al gluten o a la soja.  Formas de consumo Perfecta para a\u00f1adir a batidos, smoothies, sopas, cremas o reposter\u00eda. Tambi\u00e9n se puede incorporar en recetas saladas como hamburguesas vegetales, panes o barritas energ\u00e9ticas caseras.\" \/>\n<meta property=\"og:url\" content=\"https:\/\/mercatfrutal.com\/ca\/producte\/proteina-de-guisante-250g-eco\/\" \/>\n<meta property=\"og:site_name\" content=\"Mercat Frutal\" \/>\n<meta property=\"article:modified_time\" content=\"2026-02-04T09:43:29+00:00\" \/>\n<meta property=\"og:image\" content=\"https:\/\/mercatfrutal.com\/wp-content\/uploads\/2025\/09\/PROTEINA-DE-GUISANTE-TEXTURIZADA-BIO-250g-min-scaled-1.webp\" \/>\n\t<meta property=\"og:image:width\" content=\"800\" \/>\n\t<meta property=\"og:image:height\" content=\"800\" \/>\n\t<meta property=\"og:image:type\" content=\"image\/webp\" \/>\n<meta name=\"twitter:card\" content=\"summary_large_image\" \/>\n<meta name=\"twitter:label1\" content=\"Temps estimat de lectura\" \/>\n\t<meta name=\"twitter:data1\" content=\"1 minut\" \/>\n<script type=\"application\/ld+json\" class=\"yoast-schema-graph\">{\"@context\":\"https:\/\/schema.org\",\"@graph\":[{\"@type\":\"WebPage\",\"@id\":\"https:\/\/mercatfrutal.com\/producto\/proteina-de-guisante-250g-eco\/\",\"url\":\"https:\/\/mercatfrutal.com\/producto\/proteina-de-guisante-250g-eco\/\",\"name\":\"Prote\u00edna de Guisante 250g ECO - Mercat Frutal\",\"isPartOf\":{\"@id\":\"https:\/\/mercatfrutal.com\/#website\"},\"primaryImageOfPage\":{\"@id\":\"https:\/\/mercatfrutal.com\/producto\/proteina-de-guisante-250g-eco\/#primaryimage\"},\"image\":{\"@id\":\"https:\/\/mercatfrutal.com\/producto\/proteina-de-guisante-250g-eco\/#primaryimage\"},\"thumbnailUrl\":\"https:\/\/mercatfrutal.com\/wp-content\/uploads\/2025\/09\/PROTEINA-DE-GUISANTE-TEXTURIZADA-BIO-250g-min-scaled-1.webp\",\"datePublished\":\"2025-02-11T11:48:26+00:00\",\"dateModified\":\"2026-02-04T09:43:29+00:00\",\"breadcrumb\":{\"@id\":\"https:\/\/mercatfrutal.com\/producto\/proteina-de-guisante-250g-eco\/#breadcrumb\"},\"inLanguage\":\"ca\",\"potentialAction\":[{\"@type\":\"ReadAction\",\"target\":[\"https:\/\/mercatfrutal.com\/producto\/proteina-de-guisante-250g-eco\/\"]}]},{\"@type\":\"ImageObject\",\"inLanguage\":\"ca\",\"@id\":\"https:\/\/mercatfrutal.com\/producto\/proteina-de-guisante-250g-eco\/#primaryimage\",\"url\":\"https:\/\/mercatfrutal.com\/wp-content\/uploads\/2025\/09\/PROTEINA-DE-GUISANTE-TEXTURIZADA-BIO-250g-min-scaled-1.webp\",\"contentUrl\":\"https:\/\/mercatfrutal.com\/wp-content\/uploads\/2025\/09\/PROTEINA-DE-GUISANTE-TEXTURIZADA-BIO-250g-min-scaled-1.webp\",\"width\":800,\"height\":800,\"caption\":\"Prote\u00edna de Guisante 250g ECO\"},{\"@type\":\"BreadcrumbList\",\"@id\":\"https:\/\/mercatfrutal.com\/producto\/proteina-de-guisante-250g-eco\/#breadcrumb\",\"itemListElement\":[{\"@type\":\"ListItem\",\"position\":1,\"name\":\"Portada\",\"item\":\"https:\/\/mercatfrutal.com\/\"},{\"@type\":\"ListItem\",\"position\":2,\"name\":\"Tienda\",\"item\":\"https:\/\/mercatfrutal.com\/tienda\/\"},{\"@type\":\"ListItem\",\"position\":3,\"name\":\"Prote\u00edna de Guisante 250g ECO\"}]},{\"@type\":\"WebSite\",\"@id\":\"https:\/\/mercatfrutal.com\/#website\",\"url\":\"https:\/\/mercatfrutal.com\/\",\"name\":\"Mercat Frutal\",\"description\":\"\",\"publisher\":{\"@id\":\"https:\/\/mercatfrutal.com\/#organization\"},\"alternateName\":\"Mercat Frutal\",\"potentialAction\":[{\"@type\":\"SearchAction\",\"target\":{\"@type\":\"EntryPoint\",\"urlTemplate\":\"https:\/\/mercatfrutal.com\/?s={search_term_string}\"},\"query-input\":{\"@type\":\"PropertyValueSpecification\",\"valueRequired\":true,\"valueName\":\"search_term_string\"}}],\"inLanguage\":\"ca\"},{\"@type\":\"Organization\",\"@id\":\"https:\/\/mercatfrutal.com\/#organization\",\"name\":\"Mercat Frutal\",\"url\":\"https:\/\/mercatfrutal.com\/\",\"logo\":{\"@type\":\"ImageObject\",\"inLanguage\":\"ca\",\"@id\":\"https:\/\/mercatfrutal.com\/#\/schema\/logo\/image\/\",\"url\":\"https:\/\/mercatfrutal.com\/wp-content\/uploads\/2024\/01\/LOGO-FRUTAL3.png\",\"contentUrl\":\"https:\/\/mercatfrutal.com\/wp-content\/uploads\/2024\/01\/LOGO-FRUTAL3.png\",\"width\":1024,\"height\":382,\"caption\":\"Mercat Frutal\"},\"image\":{\"@id\":\"https:\/\/mercatfrutal.com\/#\/schema\/logo\/image\/\"}}]}<\/script>\n<!-- \/ Yoast SEO plugin. -->","yoast_head_json":{"title":"Prote\u00edna de Guisante 250g ECO - Mercat Frutal","robots":{"index":"index","follow":"follow","max-snippet":"max-snippet:-1","max-image-preview":"max-image-preview:large","max-video-preview":"max-video-preview:-1"},"canonical":"https:\/\/mercatfrutal.com\/ca\/producte\/proteina-de-guisante-250g-eco\/","og_locale":"ca_ES","og_type":"article","og_title":"Prote\u00edna de Guisante 250g ECO - Mercat Frutal","og_description":"La prote\u00edna de guisante ecol\u00f3gica 250g se obtiene a partir de guisantes amarillos de cultivo ecol\u00f3gico, mediante un proceso de extracci\u00f3n natural sin qu\u00edmicos. Tiene un sabor suave y neutro, ideal para enriquecer todo tipo de recetas.  Propiedades y beneficios de la Prote\u00edna de Guisante 250g ECO Rica en prote\u00ednas vegetales de alta calidad y amino\u00e1cidos esenciales, contribuye al mantenimiento y desarrollo de la masa muscular. Adem\u00e1s, es f\u00e1cil de digerir y apta para personas con intolerancia al gluten o a la soja.  Formas de consumo Perfecta para a\u00f1adir a batidos, smoothies, sopas, cremas o reposter\u00eda. Tambi\u00e9n se puede incorporar en recetas saladas como hamburguesas vegetales, panes o barritas energ\u00e9ticas caseras.","og_url":"https:\/\/mercatfrutal.com\/ca\/producte\/proteina-de-guisante-250g-eco\/","og_site_name":"Mercat Frutal","article_modified_time":"2026-02-04T09:43:29+00:00","og_image":[{"width":800,"height":800,"url":"https:\/\/mercatfrutal.com\/wp-content\/uploads\/2025\/09\/PROTEINA-DE-GUISANTE-TEXTURIZADA-BIO-250g-min-scaled-1.webp","type":"image\/webp"}],"twitter_card":"summary_large_image","twitter_misc":{"Temps estimat de lectura":"1 minut"},"schema":{"@context":"https:\/\/schema.org","@graph":[{"@type":"WebPage","@id":"https:\/\/mercatfrutal.com\/producto\/proteina-de-guisante-250g-eco\/","url":"https:\/\/mercatfrutal.com\/producto\/proteina-de-guisante-250g-eco\/","name":"Prote\u00edna de Guisante 250g ECO - Mercat Frutal","isPartOf":{"@id":"https:\/\/mercatfrutal.com\/#website"},"primaryImageOfPage":{"@id":"https:\/\/mercatfrutal.com\/producto\/proteina-de-guisante-250g-eco\/#primaryimage"},"image":{"@id":"https:\/\/mercatfrutal.com\/producto\/proteina-de-guisante-250g-eco\/#primaryimage"},"thumbnailUrl":"https:\/\/mercatfrutal.com\/wp-content\/uploads\/2025\/09\/PROTEINA-DE-GUISANTE-TEXTURIZADA-BIO-250g-min-scaled-1.webp","datePublished":"2025-02-11T11:48:26+00:00","dateModified":"2026-02-04T09:43:29+00:00","breadcrumb":{"@id":"https:\/\/mercatfrutal.com\/producto\/proteina-de-guisante-250g-eco\/#breadcrumb"},"inLanguage":"ca","potentialAction":[{"@type":"ReadAction","target":["https:\/\/mercatfrutal.com\/producto\/proteina-de-guisante-250g-eco\/"]}]},{"@type":"ImageObject","inLanguage":"ca","@id":"https:\/\/mercatfrutal.com\/producto\/proteina-de-guisante-250g-eco\/#primaryimage","url":"https:\/\/mercatfrutal.com\/wp-content\/uploads\/2025\/09\/PROTEINA-DE-GUISANTE-TEXTURIZADA-BIO-250g-min-scaled-1.webp","contentUrl":"https:\/\/mercatfrutal.com\/wp-content\/uploads\/2025\/09\/PROTEINA-DE-GUISANTE-TEXTURIZADA-BIO-250g-min-scaled-1.webp","width":800,"height":800,"caption":"Prote\u00edna de Guisante 250g ECO"},{"@type":"BreadcrumbList","@id":"https:\/\/mercatfrutal.com\/producto\/proteina-de-guisante-250g-eco\/#breadcrumb","itemListElement":[{"@type":"ListItem","position":1,"name":"Portada","item":"https:\/\/mercatfrutal.com\/"},{"@type":"ListItem","position":2,"name":"Tienda","item":"https:\/\/mercatfrutal.com\/tienda\/"},{"@type":"ListItem","position":3,"name":"Prote\u00edna de Guisante 250g ECO"}]},{"@type":"WebSite","@id":"https:\/\/mercatfrutal.com\/#website","url":"https:\/\/mercatfrutal.com\/","name":"Mercat Frutal","description":"","publisher":{"@id":"https:\/\/mercatfrutal.com\/#organization"},"alternateName":"Mercat Frutal","potentialAction":[{"@type":"SearchAction","target":{"@type":"EntryPoint","urlTemplate":"https:\/\/mercatfrutal.com\/?s={search_term_string}"},"query-input":{"@type":"PropertyValueSpecification","valueRequired":true,"valueName":"search_term_string"}}],"inLanguage":"ca"},{"@type":"Organization","@id":"https:\/\/mercatfrutal.com\/#organization","name":"Mercat Frutal","url":"https:\/\/mercatfrutal.com\/","logo":{"@type":"ImageObject","inLanguage":"ca","@id":"https:\/\/mercatfrutal.com\/#\/schema\/logo\/image\/","url":"https:\/\/mercatfrutal.com\/wp-content\/uploads\/2024\/01\/LOGO-FRUTAL3.png","contentUrl":"https:\/\/mercatfrutal.com\/wp-content\/uploads\/2024\/01\/LOGO-FRUTAL3.png","width":1024,"height":382,"caption":"Mercat Frutal"},"image":{"@id":"https:\/\/mercatfrutal.com\/#\/schema\/logo\/image\/"}}]}},"jetpack_sharing_enabled":true,"_links":{"self":[{"href":"https:\/\/mercatfrutal.com\/ca\/wp-json\/wp\/v2\/product\/7370","targetHints":{"allow":["GET"]}}],"collection":[{"href":"https:\/\/mercatfrutal.com\/ca\/wp-json\/wp\/v2\/product"}],"about":[{"href":"https:\/\/mercatfrutal.com\/ca\/wp-json\/wp\/v2\/types\/product"}],"replies":[{"embeddable":true,"href":"https:\/\/mercatfrutal.com\/ca\/wp-json\/wp\/v2\/comments?post=7370"}],"wp:featuredmedia":[{"embeddable":true,"href":"https:\/\/mercatfrutal.com\/ca\/wp-json\/wp\/v2\/media\/9886"}],"wp:attachment":[{"href":"https:\/\/mercatfrutal.com\/ca\/wp-json\/wp\/v2\/media?parent=7370"}],"wp:term":[{"taxonomy":"product_brand","embeddable":true,"href":"https:\/\/mercatfrutal.com\/ca\/wp-json\/wp\/v2\/product_brand?post=7370"},{"taxonomy":"product_cat","embeddable":true,"href":"https:\/\/mercatfrutal.com\/ca\/wp-json\/wp\/v2\/product_cat?post=7370"},{"taxonomy":"product_tag","embeddable":true,"href":"https:\/\/mercatfrutal.com\/ca\/wp-json\/wp\/v2\/product_tag?post=7370"}],"curies":[{"name":"wp","href":"https:\/\/api.w.org\/{rel}","templated":true}]}}