{"id":7525,"date":"2025-02-14T13:32:31","date_gmt":"2025-02-14T12:32:31","guid":{"rendered":"https:\/\/mercatfrutal.com\/?post_type=product&#038;p=7525"},"modified":"2026-02-26T12:07:51","modified_gmt":"2026-02-26T11:07:51","slug":"pure-de-manzana-melocoton-y-mango-100g-bio","status":"publish","type":"product","link":"https:\/\/mercatfrutal.com\/ca\/producte\/pure-de-manzana-melocoton-y-mango-100g-bio\/","title":{"rendered":"Potet de poma, pr\u00e9ssec i mango 100g BIO"},"content":{"rendered":"","protected":false},"excerpt":{"rendered":"<p><span style=\"font-weight: 400\">\u00c8s una mescla ecol\u00f2gica equilibrada de fruites de sabor suau i tropical.<\/span><\/p>\n<h2><b>Beneficis principals Potet de poma, pr\u00e9ssec i mango 100g BIO<\/b><\/h2>\n<p><span style=\"font-weight: 400\">Rica en vitamines A i C, aquest pur\u00e9 afavoreix la salut visual i el sistema immunitari.<\/span><\/p>\n<h2><b>Caracter\u00edstiques i sabor<\/b><\/h2>\n<p><span style=\"font-weight: 400\">Sabor afruitat, textura fina i aroma dol\u00e7 i delicat.<\/span><\/p>\n<h2><b>Formes de consum<\/b><\/h2>\n<p class=\"translation-block\"><b>Pur\u00e9 de manzana, melocot\u00f3n y mango 100g BIO\r\n <\/b><span style=\"font-weight: 400\">es ideal como snack, postre o parte de una comida equilibrada.<\/span><\/p>","protected":false},"featured_media":10061,"comment_status":"open","ping_status":"closed","template":"","meta":{"content-type":""},"product_brand":[],"product_cat":[307],"product_tag":[],"class_list":{"0":"post-7525","1":"product","2":"type-product","3":"status-publish","4":"has-post-thumbnail","6":"product_cat-potitos","7":"has-subscription-plans","9":"first","10":"instock","11":"taxable","12":"shipping-taxable","13":"purchasable","14":"product-type-simple"},"bundled_by":[],"bundle_stock_status":"instock","bundle_stock_quantity":65,"bundle_virtual":false,"bundle_layout":"","bundle_add_to_cart_form_location":"","bundle_editable_in_cart":false,"bundle_sold_individually_context":"","bundle_item_grouping":"","bundle_min_size":"","bundle_max_size":"","bundle_price":[],"bundled_items":[],"bundle_sell_ids":[],"yoast_head":"<!-- This site is optimized with the Yoast SEO plugin v27.2 - https:\/\/yoast.com\/product\/yoast-seo-wordpress\/ -->\n<title>Pur\u00e9 de manzana, melocot\u00f3n y mango 100g BIO - Mercat Frutal<\/title>\n<meta name=\"robots\" content=\"index, follow, max-snippet:-1, max-image-preview:large, max-video-preview:-1\" \/>\n<link rel=\"canonical\" href=\"https:\/\/mercatfrutal.com\/ca\/producte\/pure-de-manzana-melocoton-y-mango-100g-bio\/\" \/>\n<meta property=\"og:locale\" content=\"ca_ES\" \/>\n<meta property=\"og:type\" content=\"article\" \/>\n<meta property=\"og:title\" content=\"Pur\u00e9 de manzana, melocot\u00f3n y mango 100g BIO - Mercat Frutal\" \/>\n<meta property=\"og:description\" content=\"Es una mezcla ecol\u00f3gica equilibrada de frutas de sabor suave y tropical. Beneficios principales Pur\u00e9 de manzana, melocot\u00f3n y mango 100g BIO Rico en vitaminas A y C, este pur\u00e9 favorece la salud visual y el sistema inmunol\u00f3gico. Caracter\u00edsticas y sabor Sabor afrutado, textura fina y aroma dulce y delicado. Formas de consumo Pur\u00e9 de manzana, melocot\u00f3n y mango 100g BIO es ideal como snack, postre o parte de una comida equilibrada.\" \/>\n<meta property=\"og:url\" content=\"https:\/\/mercatfrutal.com\/ca\/producte\/pure-de-manzana-melocoton-y-mango-100g-bio\/\" \/>\n<meta property=\"og:site_name\" content=\"Mercat Frutal\" \/>\n<meta property=\"article:modified_time\" content=\"2026-02-26T11:07:51+00:00\" \/>\n<meta property=\"og:image\" content=\"https:\/\/mercatfrutal.com\/wp-content\/uploads\/2025\/09\/Potito-de-manzana-melocoton-y-mango-100g.webp\" \/>\n\t<meta property=\"og:image:width\" content=\"800\" \/>\n\t<meta property=\"og:image:height\" content=\"800\" \/>\n\t<meta property=\"og:image:type\" content=\"image\/webp\" \/>\n<meta name=\"twitter:card\" content=\"summary_large_image\" \/>\n<meta name=\"twitter:label1\" content=\"Temps estimat de lectura\" \/>\n\t<meta name=\"twitter:data1\" content=\"1 minut\" \/>\n<script type=\"application\/ld+json\" class=\"yoast-schema-graph\">{\"@context\":\"https:\/\/schema.org\",\"@graph\":[{\"@type\":\"WebPage\",\"@id\":\"https:\/\/mercatfrutal.com\/producto\/pure-de-manzana-melocoton-y-mango-100g-bio\/\",\"url\":\"https:\/\/mercatfrutal.com\/producto\/pure-de-manzana-melocoton-y-mango-100g-bio\/\",\"name\":\"Pur\u00e9 de manzana, melocot\u00f3n y mango 100g BIO - Mercat Frutal\",\"isPartOf\":{\"@id\":\"https:\/\/mercatfrutal.com\/#website\"},\"primaryImageOfPage\":{\"@id\":\"https:\/\/mercatfrutal.com\/producto\/pure-de-manzana-melocoton-y-mango-100g-bio\/#primaryimage\"},\"image\":{\"@id\":\"https:\/\/mercatfrutal.com\/producto\/pure-de-manzana-melocoton-y-mango-100g-bio\/#primaryimage\"},\"thumbnailUrl\":\"https:\/\/mercatfrutal.com\/wp-content\/uploads\/2025\/09\/Potito-de-manzana-melocoton-y-mango-100g.webp\",\"datePublished\":\"2025-02-14T12:32:31+00:00\",\"dateModified\":\"2026-02-26T11:07:51+00:00\",\"breadcrumb\":{\"@id\":\"https:\/\/mercatfrutal.com\/producto\/pure-de-manzana-melocoton-y-mango-100g-bio\/#breadcrumb\"},\"inLanguage\":\"ca\",\"potentialAction\":[{\"@type\":\"ReadAction\",\"target\":[\"https:\/\/mercatfrutal.com\/producto\/pure-de-manzana-melocoton-y-mango-100g-bio\/\"]}]},{\"@type\":\"ImageObject\",\"inLanguage\":\"ca\",\"@id\":\"https:\/\/mercatfrutal.com\/producto\/pure-de-manzana-melocoton-y-mango-100g-bio\/#primaryimage\",\"url\":\"https:\/\/mercatfrutal.com\/wp-content\/uploads\/2025\/09\/Potito-de-manzana-melocoton-y-mango-100g.webp\",\"contentUrl\":\"https:\/\/mercatfrutal.com\/wp-content\/uploads\/2025\/09\/Potito-de-manzana-melocoton-y-mango-100g.webp\",\"width\":800,\"height\":800,\"caption\":\"Pur\u00e9 de manzana, melocot\u00f3n y mango 100g BIO\"},{\"@type\":\"BreadcrumbList\",\"@id\":\"https:\/\/mercatfrutal.com\/producto\/pure-de-manzana-melocoton-y-mango-100g-bio\/#breadcrumb\",\"itemListElement\":[{\"@type\":\"ListItem\",\"position\":1,\"name\":\"Portada\",\"item\":\"https:\/\/mercatfrutal.com\/\"},{\"@type\":\"ListItem\",\"position\":2,\"name\":\"Tienda\",\"item\":\"https:\/\/mercatfrutal.com\/tienda\/\"},{\"@type\":\"ListItem\",\"position\":3,\"name\":\"Pur\u00e9 de manzana, melocot\u00f3n y mango 100g BIO\"}]},{\"@type\":\"WebSite\",\"@id\":\"https:\/\/mercatfrutal.com\/#website\",\"url\":\"https:\/\/mercatfrutal.com\/\",\"name\":\"Mercat Frutal\",\"description\":\"\",\"publisher\":{\"@id\":\"https:\/\/mercatfrutal.com\/#organization\"},\"alternateName\":\"Mercat Frutal\",\"potentialAction\":[{\"@type\":\"SearchAction\",\"target\":{\"@type\":\"EntryPoint\",\"urlTemplate\":\"https:\/\/mercatfrutal.com\/?s={search_term_string}\"},\"query-input\":{\"@type\":\"PropertyValueSpecification\",\"valueRequired\":true,\"valueName\":\"search_term_string\"}}],\"inLanguage\":\"ca\"},{\"@type\":\"Organization\",\"@id\":\"https:\/\/mercatfrutal.com\/#organization\",\"name\":\"Mercat Frutal\",\"url\":\"https:\/\/mercatfrutal.com\/\",\"logo\":{\"@type\":\"ImageObject\",\"inLanguage\":\"ca\",\"@id\":\"https:\/\/mercatfrutal.com\/#\/schema\/logo\/image\/\",\"url\":\"https:\/\/mercatfrutal.com\/wp-content\/uploads\/2024\/01\/LOGO-FRUTAL3.png\",\"contentUrl\":\"https:\/\/mercatfrutal.com\/wp-content\/uploads\/2024\/01\/LOGO-FRUTAL3.png\",\"width\":1024,\"height\":382,\"caption\":\"Mercat Frutal\"},\"image\":{\"@id\":\"https:\/\/mercatfrutal.com\/#\/schema\/logo\/image\/\"}}]}<\/script>\n<!-- \/ Yoast SEO plugin. -->","yoast_head_json":{"title":"Pur\u00e9 de manzana, melocot\u00f3n y mango 100g BIO - Mercat Frutal","robots":{"index":"index","follow":"follow","max-snippet":"max-snippet:-1","max-image-preview":"max-image-preview:large","max-video-preview":"max-video-preview:-1"},"canonical":"https:\/\/mercatfrutal.com\/ca\/producte\/pure-de-manzana-melocoton-y-mango-100g-bio\/","og_locale":"ca_ES","og_type":"article","og_title":"Pur\u00e9 de manzana, melocot\u00f3n y mango 100g BIO - Mercat Frutal","og_description":"Es una mezcla ecol\u00f3gica equilibrada de frutas de sabor suave y tropical. Beneficios principales Pur\u00e9 de manzana, melocot\u00f3n y mango 100g BIO Rico en vitaminas A y C, este pur\u00e9 favorece la salud visual y el sistema inmunol\u00f3gico. Caracter\u00edsticas y sabor Sabor afrutado, textura fina y aroma dulce y delicado. Formas de consumo Pur\u00e9 de manzana, melocot\u00f3n y mango 100g BIO es ideal como snack, postre o parte de una comida equilibrada.","og_url":"https:\/\/mercatfrutal.com\/ca\/producte\/pure-de-manzana-melocoton-y-mango-100g-bio\/","og_site_name":"Mercat Frutal","article_modified_time":"2026-02-26T11:07:51+00:00","og_image":[{"width":800,"height":800,"url":"https:\/\/mercatfrutal.com\/wp-content\/uploads\/2025\/09\/Potito-de-manzana-melocoton-y-mango-100g.webp","type":"image\/webp"}],"twitter_card":"summary_large_image","twitter_misc":{"Temps estimat de lectura":"1 minut"},"schema":{"@context":"https:\/\/schema.org","@graph":[{"@type":"WebPage","@id":"https:\/\/mercatfrutal.com\/producto\/pure-de-manzana-melocoton-y-mango-100g-bio\/","url":"https:\/\/mercatfrutal.com\/producto\/pure-de-manzana-melocoton-y-mango-100g-bio\/","name":"Pur\u00e9 de manzana, melocot\u00f3n y mango 100g BIO - Mercat Frutal","isPartOf":{"@id":"https:\/\/mercatfrutal.com\/#website"},"primaryImageOfPage":{"@id":"https:\/\/mercatfrutal.com\/producto\/pure-de-manzana-melocoton-y-mango-100g-bio\/#primaryimage"},"image":{"@id":"https:\/\/mercatfrutal.com\/producto\/pure-de-manzana-melocoton-y-mango-100g-bio\/#primaryimage"},"thumbnailUrl":"https:\/\/mercatfrutal.com\/wp-content\/uploads\/2025\/09\/Potito-de-manzana-melocoton-y-mango-100g.webp","datePublished":"2025-02-14T12:32:31+00:00","dateModified":"2026-02-26T11:07:51+00:00","breadcrumb":{"@id":"https:\/\/mercatfrutal.com\/producto\/pure-de-manzana-melocoton-y-mango-100g-bio\/#breadcrumb"},"inLanguage":"ca","potentialAction":[{"@type":"ReadAction","target":["https:\/\/mercatfrutal.com\/producto\/pure-de-manzana-melocoton-y-mango-100g-bio\/"]}]},{"@type":"ImageObject","inLanguage":"ca","@id":"https:\/\/mercatfrutal.com\/producto\/pure-de-manzana-melocoton-y-mango-100g-bio\/#primaryimage","url":"https:\/\/mercatfrutal.com\/wp-content\/uploads\/2025\/09\/Potito-de-manzana-melocoton-y-mango-100g.webp","contentUrl":"https:\/\/mercatfrutal.com\/wp-content\/uploads\/2025\/09\/Potito-de-manzana-melocoton-y-mango-100g.webp","width":800,"height":800,"caption":"Pur\u00e9 de manzana, melocot\u00f3n y mango 100g BIO"},{"@type":"BreadcrumbList","@id":"https:\/\/mercatfrutal.com\/producto\/pure-de-manzana-melocoton-y-mango-100g-bio\/#breadcrumb","itemListElement":[{"@type":"ListItem","position":1,"name":"Portada","item":"https:\/\/mercatfrutal.com\/"},{"@type":"ListItem","position":2,"name":"Tienda","item":"https:\/\/mercatfrutal.com\/tienda\/"},{"@type":"ListItem","position":3,"name":"Pur\u00e9 de manzana, melocot\u00f3n y mango 100g BIO"}]},{"@type":"WebSite","@id":"https:\/\/mercatfrutal.com\/#website","url":"https:\/\/mercatfrutal.com\/","name":"Mercat Frutal","description":"","publisher":{"@id":"https:\/\/mercatfrutal.com\/#organization"},"alternateName":"Mercat Frutal","potentialAction":[{"@type":"SearchAction","target":{"@type":"EntryPoint","urlTemplate":"https:\/\/mercatfrutal.com\/?s={search_term_string}"},"query-input":{"@type":"PropertyValueSpecification","valueRequired":true,"valueName":"search_term_string"}}],"inLanguage":"ca"},{"@type":"Organization","@id":"https:\/\/mercatfrutal.com\/#organization","name":"Mercat Frutal","url":"https:\/\/mercatfrutal.com\/","logo":{"@type":"ImageObject","inLanguage":"ca","@id":"https:\/\/mercatfrutal.com\/#\/schema\/logo\/image\/","url":"https:\/\/mercatfrutal.com\/wp-content\/uploads\/2024\/01\/LOGO-FRUTAL3.png","contentUrl":"https:\/\/mercatfrutal.com\/wp-content\/uploads\/2024\/01\/LOGO-FRUTAL3.png","width":1024,"height":382,"caption":"Mercat Frutal"},"image":{"@id":"https:\/\/mercatfrutal.com\/#\/schema\/logo\/image\/"}}]}},"jetpack_sharing_enabled":true,"_links":{"self":[{"href":"https:\/\/mercatfrutal.com\/ca\/wp-json\/wp\/v2\/product\/7525","targetHints":{"allow":["GET"]}}],"collection":[{"href":"https:\/\/mercatfrutal.com\/ca\/wp-json\/wp\/v2\/product"}],"about":[{"href":"https:\/\/mercatfrutal.com\/ca\/wp-json\/wp\/v2\/types\/product"}],"replies":[{"embeddable":true,"href":"https:\/\/mercatfrutal.com\/ca\/wp-json\/wp\/v2\/comments?post=7525"}],"wp:featuredmedia":[{"embeddable":true,"href":"https:\/\/mercatfrutal.com\/ca\/wp-json\/wp\/v2\/media\/10061"}],"wp:attachment":[{"href":"https:\/\/mercatfrutal.com\/ca\/wp-json\/wp\/v2\/media?parent=7525"}],"wp:term":[{"taxonomy":"product_brand","embeddable":true,"href":"https:\/\/mercatfrutal.com\/ca\/wp-json\/wp\/v2\/product_brand?post=7525"},{"taxonomy":"product_cat","embeddable":true,"href":"https:\/\/mercatfrutal.com\/ca\/wp-json\/wp\/v2\/product_cat?post=7525"},{"taxonomy":"product_tag","embeddable":true,"href":"https:\/\/mercatfrutal.com\/ca\/wp-json\/wp\/v2\/product_tag?post=7525"}],"curies":[{"name":"wp","href":"https:\/\/api.w.org\/{rel}","templated":true}]}}