{"id":7528,"date":"2025-02-14T13:32:44","date_gmt":"2025-02-14T12:32:44","guid":{"rendered":"https:\/\/mercatfrutal.com\/?post_type=product&#038;p=7528"},"modified":"2026-03-31T10:30:36","modified_gmt":"2026-03-31T08:30:36","slug":"galletas-s-gluten-de-crema-de-cacao-200g-bio","status":"publish","type":"product","link":"https:\/\/mercatfrutal.com\/ca\/producte\/galletas-s-gluten-de-crema-de-cacao-200g-bio\/","title":{"rendered":"Galetes Sense Gluten amb Crema de Cacau 200g BIO"},"content":{"rendered":"","protected":false},"excerpt":{"rendered":"<p class=\"translation-block\">Galetes Sense Gluten amb Crema de Cacau 200g BIO s\u00f3n galetes org\u00e0niques aptes per a cel\u00edacs, amb farcit de cacau.<\/p>\n<h2><b>Beneficis principals Galetes Sense Gluten amb Crema de Cacau 200g BIO<\/b><\/h2>\n<p><span style=\"font-weight: 400\">Sense gluten i amb ingredients de qualitat, aptes per a dietes sensibles.<\/span><\/p>\n<h2><b>Caracter\u00edstiques i sabor<\/b><\/h2>\n<p><span style=\"font-weight: 400\">Cruixents per fora, cremoses per dins, amb sabor equilibrat.<\/span><\/p>\n<h2><b>Formes de consum<\/b><\/h2>\n<p><span style=\"font-weight: 400\">Perfectes per a esmorzars sense gluten o com a tentempi\u00e9 dol\u00e7.<\/span><\/p>","protected":false},"featured_media":10040,"comment_status":"open","ping_status":"closed","template":"","meta":{"content-type":""},"product_brand":[],"product_cat":[291],"product_tag":[],"class_list":{"0":"post-7528","1":"product","2":"type-product","3":"status-publish","4":"has-post-thumbnail","6":"product_cat-galletas","7":"has-subscription-plans","9":"first","10":"instock","11":"taxable","12":"shipping-taxable","13":"purchasable","14":"product-type-simple"},"bundled_by":[],"bundle_stock_status":"instock","bundle_stock_quantity":19,"bundle_virtual":false,"bundle_layout":"","bundle_add_to_cart_form_location":"","bundle_editable_in_cart":false,"bundle_sold_individually_context":"","bundle_item_grouping":"","bundle_min_size":"","bundle_max_size":"","bundle_price":[],"bundled_items":[],"bundle_sell_ids":[],"yoast_head":"<!-- This site is optimized with the Yoast SEO plugin v27.2 - https:\/\/yoast.com\/product\/yoast-seo-wordpress\/ -->\n<title>Galletas s\/gluten de crema de cacao 200g BIO - Mercat Frutal<\/title>\n<meta name=\"robots\" content=\"index, follow, max-snippet:-1, max-image-preview:large, max-video-preview:-1\" \/>\n<link rel=\"canonical\" href=\"https:\/\/mercatfrutal.com\/ca\/producte\/galletas-s-gluten-de-crema-de-cacao-200g-bio\/\" \/>\n<meta property=\"og:locale\" content=\"ca_ES\" \/>\n<meta property=\"og:type\" content=\"article\" \/>\n<meta property=\"og:title\" content=\"Galletas s\/gluten de crema de cacao 200g BIO - Mercat Frutal\" \/>\n<meta property=\"og:description\" content=\"Galletas Sin Gluten con Crema de Cacao 200g BIO son galletas org\u00e1nicas aptas para cel\u00edacos, con relleno de cacao. Beneficios principales Galletas Sin Gluten con Crema de Cacao 200g BIO Sin gluten y con ingredientes de calidad, aptas para dietas sensibles. Caracter\u00edsticas y sabor Crujientes por fuera, cremosas por dentro, con sabor equilibrado. Formas de consumo Son perfectas para desayunos sin gluten o como tentempi\u00e9 dulce.\" \/>\n<meta property=\"og:url\" content=\"https:\/\/mercatfrutal.com\/ca\/producte\/galletas-s-gluten-de-crema-de-cacao-200g-bio\/\" \/>\n<meta property=\"og:site_name\" content=\"Mercat Frutal\" \/>\n<meta property=\"article:modified_time\" content=\"2026-03-31T08:30:36+00:00\" \/>\n<meta property=\"og:image\" content=\"https:\/\/mercatfrutal.com\/wp-content\/uploads\/2025\/09\/Galletas-sin-gluten-rellenas-de-crema-de-cacao.webp\" \/>\n\t<meta property=\"og:image:width\" content=\"800\" \/>\n\t<meta property=\"og:image:height\" content=\"800\" \/>\n\t<meta property=\"og:image:type\" content=\"image\/webp\" \/>\n<meta name=\"twitter:card\" content=\"summary_large_image\" \/>\n<meta name=\"twitter:label1\" content=\"Temps estimat de lectura\" \/>\n\t<meta name=\"twitter:data1\" content=\"1 minut\" \/>\n<script type=\"application\/ld+json\" class=\"yoast-schema-graph\">{\"@context\":\"https:\/\/schema.org\",\"@graph\":[{\"@type\":\"WebPage\",\"@id\":\"https:\/\/mercatfrutal.com\/producto\/galletas-s-gluten-de-crema-de-cacao-200g-bio\/\",\"url\":\"https:\/\/mercatfrutal.com\/producto\/galletas-s-gluten-de-crema-de-cacao-200g-bio\/\",\"name\":\"Galletas s\/gluten de crema de cacao 200g BIO - Mercat Frutal\",\"isPartOf\":{\"@id\":\"https:\/\/mercatfrutal.com\/#website\"},\"primaryImageOfPage\":{\"@id\":\"https:\/\/mercatfrutal.com\/producto\/galletas-s-gluten-de-crema-de-cacao-200g-bio\/#primaryimage\"},\"image\":{\"@id\":\"https:\/\/mercatfrutal.com\/producto\/galletas-s-gluten-de-crema-de-cacao-200g-bio\/#primaryimage\"},\"thumbnailUrl\":\"https:\/\/mercatfrutal.com\/wp-content\/uploads\/2025\/09\/Galletas-sin-gluten-rellenas-de-crema-de-cacao.webp\",\"datePublished\":\"2025-02-14T12:32:44+00:00\",\"dateModified\":\"2026-03-31T08:30:36+00:00\",\"breadcrumb\":{\"@id\":\"https:\/\/mercatfrutal.com\/producto\/galletas-s-gluten-de-crema-de-cacao-200g-bio\/#breadcrumb\"},\"inLanguage\":\"ca\",\"potentialAction\":[{\"@type\":\"ReadAction\",\"target\":[\"https:\/\/mercatfrutal.com\/producto\/galletas-s-gluten-de-crema-de-cacao-200g-bio\/\"]}]},{\"@type\":\"ImageObject\",\"inLanguage\":\"ca\",\"@id\":\"https:\/\/mercatfrutal.com\/producto\/galletas-s-gluten-de-crema-de-cacao-200g-bio\/#primaryimage\",\"url\":\"https:\/\/mercatfrutal.com\/wp-content\/uploads\/2025\/09\/Galletas-sin-gluten-rellenas-de-crema-de-cacao.webp\",\"contentUrl\":\"https:\/\/mercatfrutal.com\/wp-content\/uploads\/2025\/09\/Galletas-sin-gluten-rellenas-de-crema-de-cacao.webp\",\"width\":800,\"height\":800,\"caption\":\"Galletas s\/gluten de crema de cacao 200g BIO\"},{\"@type\":\"BreadcrumbList\",\"@id\":\"https:\/\/mercatfrutal.com\/producto\/galletas-s-gluten-de-crema-de-cacao-200g-bio\/#breadcrumb\",\"itemListElement\":[{\"@type\":\"ListItem\",\"position\":1,\"name\":\"Portada\",\"item\":\"https:\/\/mercatfrutal.com\/\"},{\"@type\":\"ListItem\",\"position\":2,\"name\":\"Tienda\",\"item\":\"https:\/\/mercatfrutal.com\/tienda\/\"},{\"@type\":\"ListItem\",\"position\":3,\"name\":\"Galletas s\/gluten de crema de cacao 200g BIO\"}]},{\"@type\":\"WebSite\",\"@id\":\"https:\/\/mercatfrutal.com\/#website\",\"url\":\"https:\/\/mercatfrutal.com\/\",\"name\":\"Mercat Frutal\",\"description\":\"\",\"publisher\":{\"@id\":\"https:\/\/mercatfrutal.com\/#organization\"},\"alternateName\":\"Mercat Frutal\",\"potentialAction\":[{\"@type\":\"SearchAction\",\"target\":{\"@type\":\"EntryPoint\",\"urlTemplate\":\"https:\/\/mercatfrutal.com\/?s={search_term_string}\"},\"query-input\":{\"@type\":\"PropertyValueSpecification\",\"valueRequired\":true,\"valueName\":\"search_term_string\"}}],\"inLanguage\":\"ca\"},{\"@type\":\"Organization\",\"@id\":\"https:\/\/mercatfrutal.com\/#organization\",\"name\":\"Mercat Frutal\",\"url\":\"https:\/\/mercatfrutal.com\/\",\"logo\":{\"@type\":\"ImageObject\",\"inLanguage\":\"ca\",\"@id\":\"https:\/\/mercatfrutal.com\/#\/schema\/logo\/image\/\",\"url\":\"https:\/\/mercatfrutal.com\/wp-content\/uploads\/2024\/01\/LOGO-FRUTAL3.png\",\"contentUrl\":\"https:\/\/mercatfrutal.com\/wp-content\/uploads\/2024\/01\/LOGO-FRUTAL3.png\",\"width\":1024,\"height\":382,\"caption\":\"Mercat Frutal\"},\"image\":{\"@id\":\"https:\/\/mercatfrutal.com\/#\/schema\/logo\/image\/\"}}]}<\/script>\n<!-- \/ Yoast SEO plugin. -->","yoast_head_json":{"title":"Galletas s\/gluten de crema de cacao 200g BIO - Mercat Frutal","robots":{"index":"index","follow":"follow","max-snippet":"max-snippet:-1","max-image-preview":"max-image-preview:large","max-video-preview":"max-video-preview:-1"},"canonical":"https:\/\/mercatfrutal.com\/ca\/producte\/galletas-s-gluten-de-crema-de-cacao-200g-bio\/","og_locale":"ca_ES","og_type":"article","og_title":"Galletas s\/gluten de crema de cacao 200g BIO - Mercat Frutal","og_description":"Galletas Sin Gluten con Crema de Cacao 200g BIO son galletas org\u00e1nicas aptas para cel\u00edacos, con relleno de cacao. Beneficios principales Galletas Sin Gluten con Crema de Cacao 200g BIO Sin gluten y con ingredientes de calidad, aptas para dietas sensibles. Caracter\u00edsticas y sabor Crujientes por fuera, cremosas por dentro, con sabor equilibrado. Formas de consumo Son perfectas para desayunos sin gluten o como tentempi\u00e9 dulce.","og_url":"https:\/\/mercatfrutal.com\/ca\/producte\/galletas-s-gluten-de-crema-de-cacao-200g-bio\/","og_site_name":"Mercat Frutal","article_modified_time":"2026-03-31T08:30:36+00:00","og_image":[{"width":800,"height":800,"url":"https:\/\/mercatfrutal.com\/wp-content\/uploads\/2025\/09\/Galletas-sin-gluten-rellenas-de-crema-de-cacao.webp","type":"image\/webp"}],"twitter_card":"summary_large_image","twitter_misc":{"Temps estimat de lectura":"1 minut"},"schema":{"@context":"https:\/\/schema.org","@graph":[{"@type":"WebPage","@id":"https:\/\/mercatfrutal.com\/producto\/galletas-s-gluten-de-crema-de-cacao-200g-bio\/","url":"https:\/\/mercatfrutal.com\/producto\/galletas-s-gluten-de-crema-de-cacao-200g-bio\/","name":"Galletas s\/gluten de crema de cacao 200g BIO - Mercat Frutal","isPartOf":{"@id":"https:\/\/mercatfrutal.com\/#website"},"primaryImageOfPage":{"@id":"https:\/\/mercatfrutal.com\/producto\/galletas-s-gluten-de-crema-de-cacao-200g-bio\/#primaryimage"},"image":{"@id":"https:\/\/mercatfrutal.com\/producto\/galletas-s-gluten-de-crema-de-cacao-200g-bio\/#primaryimage"},"thumbnailUrl":"https:\/\/mercatfrutal.com\/wp-content\/uploads\/2025\/09\/Galletas-sin-gluten-rellenas-de-crema-de-cacao.webp","datePublished":"2025-02-14T12:32:44+00:00","dateModified":"2026-03-31T08:30:36+00:00","breadcrumb":{"@id":"https:\/\/mercatfrutal.com\/producto\/galletas-s-gluten-de-crema-de-cacao-200g-bio\/#breadcrumb"},"inLanguage":"ca","potentialAction":[{"@type":"ReadAction","target":["https:\/\/mercatfrutal.com\/producto\/galletas-s-gluten-de-crema-de-cacao-200g-bio\/"]}]},{"@type":"ImageObject","inLanguage":"ca","@id":"https:\/\/mercatfrutal.com\/producto\/galletas-s-gluten-de-crema-de-cacao-200g-bio\/#primaryimage","url":"https:\/\/mercatfrutal.com\/wp-content\/uploads\/2025\/09\/Galletas-sin-gluten-rellenas-de-crema-de-cacao.webp","contentUrl":"https:\/\/mercatfrutal.com\/wp-content\/uploads\/2025\/09\/Galletas-sin-gluten-rellenas-de-crema-de-cacao.webp","width":800,"height":800,"caption":"Galletas s\/gluten de crema de cacao 200g BIO"},{"@type":"BreadcrumbList","@id":"https:\/\/mercatfrutal.com\/producto\/galletas-s-gluten-de-crema-de-cacao-200g-bio\/#breadcrumb","itemListElement":[{"@type":"ListItem","position":1,"name":"Portada","item":"https:\/\/mercatfrutal.com\/"},{"@type":"ListItem","position":2,"name":"Tienda","item":"https:\/\/mercatfrutal.com\/tienda\/"},{"@type":"ListItem","position":3,"name":"Galletas s\/gluten de crema de cacao 200g BIO"}]},{"@type":"WebSite","@id":"https:\/\/mercatfrutal.com\/#website","url":"https:\/\/mercatfrutal.com\/","name":"Mercat Frutal","description":"","publisher":{"@id":"https:\/\/mercatfrutal.com\/#organization"},"alternateName":"Mercat Frutal","potentialAction":[{"@type":"SearchAction","target":{"@type":"EntryPoint","urlTemplate":"https:\/\/mercatfrutal.com\/?s={search_term_string}"},"query-input":{"@type":"PropertyValueSpecification","valueRequired":true,"valueName":"search_term_string"}}],"inLanguage":"ca"},{"@type":"Organization","@id":"https:\/\/mercatfrutal.com\/#organization","name":"Mercat Frutal","url":"https:\/\/mercatfrutal.com\/","logo":{"@type":"ImageObject","inLanguage":"ca","@id":"https:\/\/mercatfrutal.com\/#\/schema\/logo\/image\/","url":"https:\/\/mercatfrutal.com\/wp-content\/uploads\/2024\/01\/LOGO-FRUTAL3.png","contentUrl":"https:\/\/mercatfrutal.com\/wp-content\/uploads\/2024\/01\/LOGO-FRUTAL3.png","width":1024,"height":382,"caption":"Mercat Frutal"},"image":{"@id":"https:\/\/mercatfrutal.com\/#\/schema\/logo\/image\/"}}]}},"jetpack_sharing_enabled":true,"_links":{"self":[{"href":"https:\/\/mercatfrutal.com\/ca\/wp-json\/wp\/v2\/product\/7528","targetHints":{"allow":["GET"]}}],"collection":[{"href":"https:\/\/mercatfrutal.com\/ca\/wp-json\/wp\/v2\/product"}],"about":[{"href":"https:\/\/mercatfrutal.com\/ca\/wp-json\/wp\/v2\/types\/product"}],"replies":[{"embeddable":true,"href":"https:\/\/mercatfrutal.com\/ca\/wp-json\/wp\/v2\/comments?post=7528"}],"wp:featuredmedia":[{"embeddable":true,"href":"https:\/\/mercatfrutal.com\/ca\/wp-json\/wp\/v2\/media\/10040"}],"wp:attachment":[{"href":"https:\/\/mercatfrutal.com\/ca\/wp-json\/wp\/v2\/media?parent=7528"}],"wp:term":[{"taxonomy":"product_brand","embeddable":true,"href":"https:\/\/mercatfrutal.com\/ca\/wp-json\/wp\/v2\/product_brand?post=7528"},{"taxonomy":"product_cat","embeddable":true,"href":"https:\/\/mercatfrutal.com\/ca\/wp-json\/wp\/v2\/product_cat?post=7528"},{"taxonomy":"product_tag","embeddable":true,"href":"https:\/\/mercatfrutal.com\/ca\/wp-json\/wp\/v2\/product_tag?post=7528"}],"curies":[{"name":"wp","href":"https:\/\/api.w.org\/{rel}","templated":true}]}}