{"id":7537,"date":"2025-02-14T13:33:14","date_gmt":"2025-02-14T12:33:14","guid":{"rendered":"https:\/\/mercatfrutal.com\/?post_type=product&#038;p=7537"},"modified":"2026-03-31T10:30:37","modified_gmt":"2026-03-31T08:30:37","slug":"pesto-genoves-con-albahaca-130g-bio","status":"publish","type":"product","link":"https:\/\/mercatfrutal.com\/ca\/producte\/pesto-genoves-con-albahaca-130g-bio\/","title":{"rendered":"Pesto genov\u00e8s amb alf\u00e0brega 130g BIO"},"content":{"rendered":"","protected":false},"excerpt":{"rendered":"<p data-start=\"1830\" data-end=\"2008\">El pesto genov\u00e8s ecol\u00f2gic est\u00e0 elaborat amb alf\u00e0brega fresca BIO, pinyons i oli d\u2019oliva verge extra. El seu sabor \u00e9s aut\u00e8ntic i arom\u00e0tic.<\/p>\n<h2 data-start=\"2010\" data-end=\"2211\"><strong data-start=\"2010\" data-end=\"2073\">Propietats i beneficis del Pesto Genov\u00e8s amb Alf\u00e0brega BIO<\/strong><\/h2>\n<p data-start=\"2010\" data-end=\"2211\">Font de greixos saludables, antioxidants i vitamines A i K. No cont\u00e9 conservants artificials i \u00e9s apte per a dietes vegetarianes.<\/p>\n<h2 data-start=\"2213\" data-end=\"2354\"><strong data-start=\"2213\" data-end=\"2256\">Formes de consum<\/strong><\/h2>\n<p data-start=\"2213\" data-end=\"2354\">Ideal per a pastes, pizzes, torrades, entrepans o com a condiment en amanides i plats de verdures.<\/p>","protected":false},"featured_media":9845,"comment_status":"open","ping_status":"closed","template":"","meta":{"content-type":""},"product_brand":[],"product_cat":[192],"product_tag":[],"class_list":{"0":"post-7537","1":"product","2":"type-product","3":"status-publish","4":"has-post-thumbnail","6":"product_cat-salsas","7":"has-subscription-plans","9":"first","10":"instock","11":"taxable","12":"shipping-taxable","13":"purchasable","14":"product-type-simple"},"bundled_by":[],"bundle_stock_status":"instock","bundle_stock_quantity":11,"bundle_virtual":false,"bundle_layout":"","bundle_add_to_cart_form_location":"","bundle_editable_in_cart":false,"bundle_sold_individually_context":"","bundle_item_grouping":"","bundle_min_size":"","bundle_max_size":"","bundle_price":[],"bundled_items":[],"bundle_sell_ids":[],"yoast_head":"<!-- This site is optimized with the Yoast SEO plugin v27.2 - https:\/\/yoast.com\/product\/yoast-seo-wordpress\/ -->\n<title>Pesto genov\u00e9s con albahaca 130g BIO - Mercat Frutal<\/title>\n<meta name=\"robots\" content=\"index, follow, max-snippet:-1, max-image-preview:large, max-video-preview:-1\" \/>\n<link rel=\"canonical\" href=\"https:\/\/mercatfrutal.com\/ca\/producte\/pesto-genoves-con-albahaca-130g-bio\/\" \/>\n<meta property=\"og:locale\" content=\"ca_ES\" \/>\n<meta property=\"og:type\" content=\"article\" \/>\n<meta property=\"og:title\" content=\"Pesto genov\u00e9s con albahaca 130g BIO - Mercat Frutal\" \/>\n<meta property=\"og:description\" content=\"El pesto genov\u00e9s ecol\u00f3gico est\u00e1 elaborado con albahaca fresca BIO, pi\u00f1ones y aceite de oliva virgen extra. Su sabor es aut\u00e9ntico y arom\u00e1tico.  Propiedades y beneficios del Pesto Genov\u00e9s con Albahaca BIO Fuente de grasas saludables, antioxidantes y vitaminas A y K. No contiene conservantes artificiales y es apto para dietas vegetarianas.  Formas de consumo Ideal para pastas, pizzas, tostas, bocadillos o como aderezo en ensaladas y platos de verduras.\" \/>\n<meta property=\"og:url\" content=\"https:\/\/mercatfrutal.com\/ca\/producte\/pesto-genoves-con-albahaca-130g-bio\/\" \/>\n<meta property=\"og:site_name\" content=\"Mercat Frutal\" \/>\n<meta property=\"article:modified_time\" content=\"2026-03-31T08:30:37+00:00\" \/>\n<meta property=\"og:image\" content=\"https:\/\/mercatfrutal.com\/wp-content\/uploads\/2025\/09\/Pesto-genoves-con-albahaca-130g.webp\" \/>\n\t<meta property=\"og:image:width\" content=\"800\" \/>\n\t<meta property=\"og:image:height\" content=\"800\" \/>\n\t<meta property=\"og:image:type\" content=\"image\/webp\" \/>\n<meta name=\"twitter:card\" content=\"summary_large_image\" \/>\n<meta name=\"twitter:label1\" content=\"Temps estimat de lectura\" \/>\n\t<meta name=\"twitter:data1\" content=\"1 minut\" \/>\n<script type=\"application\/ld+json\" class=\"yoast-schema-graph\">{\"@context\":\"https:\/\/schema.org\",\"@graph\":[{\"@type\":\"WebPage\",\"@id\":\"https:\/\/mercatfrutal.com\/producto\/pesto-genoves-con-albahaca-130g-bio\/\",\"url\":\"https:\/\/mercatfrutal.com\/producto\/pesto-genoves-con-albahaca-130g-bio\/\",\"name\":\"Pesto genov\u00e9s con albahaca 130g BIO - Mercat Frutal\",\"isPartOf\":{\"@id\":\"https:\/\/mercatfrutal.com\/#website\"},\"primaryImageOfPage\":{\"@id\":\"https:\/\/mercatfrutal.com\/producto\/pesto-genoves-con-albahaca-130g-bio\/#primaryimage\"},\"image\":{\"@id\":\"https:\/\/mercatfrutal.com\/producto\/pesto-genoves-con-albahaca-130g-bio\/#primaryimage\"},\"thumbnailUrl\":\"https:\/\/mercatfrutal.com\/wp-content\/uploads\/2025\/09\/Pesto-genoves-con-albahaca-130g.webp\",\"datePublished\":\"2025-02-14T12:33:14+00:00\",\"dateModified\":\"2026-03-31T08:30:37+00:00\",\"breadcrumb\":{\"@id\":\"https:\/\/mercatfrutal.com\/producto\/pesto-genoves-con-albahaca-130g-bio\/#breadcrumb\"},\"inLanguage\":\"ca\",\"potentialAction\":[{\"@type\":\"ReadAction\",\"target\":[\"https:\/\/mercatfrutal.com\/producto\/pesto-genoves-con-albahaca-130g-bio\/\"]}]},{\"@type\":\"ImageObject\",\"inLanguage\":\"ca\",\"@id\":\"https:\/\/mercatfrutal.com\/producto\/pesto-genoves-con-albahaca-130g-bio\/#primaryimage\",\"url\":\"https:\/\/mercatfrutal.com\/wp-content\/uploads\/2025\/09\/Pesto-genoves-con-albahaca-130g.webp\",\"contentUrl\":\"https:\/\/mercatfrutal.com\/wp-content\/uploads\/2025\/09\/Pesto-genoves-con-albahaca-130g.webp\",\"width\":800,\"height\":800,\"caption\":\"Pesto genov\u00e9s con albahaca 130g BIO\"},{\"@type\":\"BreadcrumbList\",\"@id\":\"https:\/\/mercatfrutal.com\/producto\/pesto-genoves-con-albahaca-130g-bio\/#breadcrumb\",\"itemListElement\":[{\"@type\":\"ListItem\",\"position\":1,\"name\":\"Portada\",\"item\":\"https:\/\/mercatfrutal.com\/\"},{\"@type\":\"ListItem\",\"position\":2,\"name\":\"Tienda\",\"item\":\"https:\/\/mercatfrutal.com\/tienda\/\"},{\"@type\":\"ListItem\",\"position\":3,\"name\":\"Pesto genov\u00e9s con albahaca 130g BIO\"}]},{\"@type\":\"WebSite\",\"@id\":\"https:\/\/mercatfrutal.com\/#website\",\"url\":\"https:\/\/mercatfrutal.com\/\",\"name\":\"Mercat Frutal\",\"description\":\"\",\"publisher\":{\"@id\":\"https:\/\/mercatfrutal.com\/#organization\"},\"alternateName\":\"Mercat Frutal\",\"potentialAction\":[{\"@type\":\"SearchAction\",\"target\":{\"@type\":\"EntryPoint\",\"urlTemplate\":\"https:\/\/mercatfrutal.com\/?s={search_term_string}\"},\"query-input\":{\"@type\":\"PropertyValueSpecification\",\"valueRequired\":true,\"valueName\":\"search_term_string\"}}],\"inLanguage\":\"ca\"},{\"@type\":\"Organization\",\"@id\":\"https:\/\/mercatfrutal.com\/#organization\",\"name\":\"Mercat Frutal\",\"url\":\"https:\/\/mercatfrutal.com\/\",\"logo\":{\"@type\":\"ImageObject\",\"inLanguage\":\"ca\",\"@id\":\"https:\/\/mercatfrutal.com\/#\/schema\/logo\/image\/\",\"url\":\"https:\/\/mercatfrutal.com\/wp-content\/uploads\/2024\/01\/LOGO-FRUTAL3.png\",\"contentUrl\":\"https:\/\/mercatfrutal.com\/wp-content\/uploads\/2024\/01\/LOGO-FRUTAL3.png\",\"width\":1024,\"height\":382,\"caption\":\"Mercat Frutal\"},\"image\":{\"@id\":\"https:\/\/mercatfrutal.com\/#\/schema\/logo\/image\/\"}}]}<\/script>\n<!-- \/ Yoast SEO plugin. -->","yoast_head_json":{"title":"Pesto genov\u00e9s con albahaca 130g BIO - Mercat Frutal","robots":{"index":"index","follow":"follow","max-snippet":"max-snippet:-1","max-image-preview":"max-image-preview:large","max-video-preview":"max-video-preview:-1"},"canonical":"https:\/\/mercatfrutal.com\/ca\/producte\/pesto-genoves-con-albahaca-130g-bio\/","og_locale":"ca_ES","og_type":"article","og_title":"Pesto genov\u00e9s con albahaca 130g BIO - Mercat Frutal","og_description":"El pesto genov\u00e9s ecol\u00f3gico est\u00e1 elaborado con albahaca fresca BIO, pi\u00f1ones y aceite de oliva virgen extra. Su sabor es aut\u00e9ntico y arom\u00e1tico.  Propiedades y beneficios del Pesto Genov\u00e9s con Albahaca BIO Fuente de grasas saludables, antioxidantes y vitaminas A y K. No contiene conservantes artificiales y es apto para dietas vegetarianas.  Formas de consumo Ideal para pastas, pizzas, tostas, bocadillos o como aderezo en ensaladas y platos de verduras.","og_url":"https:\/\/mercatfrutal.com\/ca\/producte\/pesto-genoves-con-albahaca-130g-bio\/","og_site_name":"Mercat Frutal","article_modified_time":"2026-03-31T08:30:37+00:00","og_image":[{"width":800,"height":800,"url":"https:\/\/mercatfrutal.com\/wp-content\/uploads\/2025\/09\/Pesto-genoves-con-albahaca-130g.webp","type":"image\/webp"}],"twitter_card":"summary_large_image","twitter_misc":{"Temps estimat de lectura":"1 minut"},"schema":{"@context":"https:\/\/schema.org","@graph":[{"@type":"WebPage","@id":"https:\/\/mercatfrutal.com\/producto\/pesto-genoves-con-albahaca-130g-bio\/","url":"https:\/\/mercatfrutal.com\/producto\/pesto-genoves-con-albahaca-130g-bio\/","name":"Pesto genov\u00e9s con albahaca 130g BIO - Mercat Frutal","isPartOf":{"@id":"https:\/\/mercatfrutal.com\/#website"},"primaryImageOfPage":{"@id":"https:\/\/mercatfrutal.com\/producto\/pesto-genoves-con-albahaca-130g-bio\/#primaryimage"},"image":{"@id":"https:\/\/mercatfrutal.com\/producto\/pesto-genoves-con-albahaca-130g-bio\/#primaryimage"},"thumbnailUrl":"https:\/\/mercatfrutal.com\/wp-content\/uploads\/2025\/09\/Pesto-genoves-con-albahaca-130g.webp","datePublished":"2025-02-14T12:33:14+00:00","dateModified":"2026-03-31T08:30:37+00:00","breadcrumb":{"@id":"https:\/\/mercatfrutal.com\/producto\/pesto-genoves-con-albahaca-130g-bio\/#breadcrumb"},"inLanguage":"ca","potentialAction":[{"@type":"ReadAction","target":["https:\/\/mercatfrutal.com\/producto\/pesto-genoves-con-albahaca-130g-bio\/"]}]},{"@type":"ImageObject","inLanguage":"ca","@id":"https:\/\/mercatfrutal.com\/producto\/pesto-genoves-con-albahaca-130g-bio\/#primaryimage","url":"https:\/\/mercatfrutal.com\/wp-content\/uploads\/2025\/09\/Pesto-genoves-con-albahaca-130g.webp","contentUrl":"https:\/\/mercatfrutal.com\/wp-content\/uploads\/2025\/09\/Pesto-genoves-con-albahaca-130g.webp","width":800,"height":800,"caption":"Pesto genov\u00e9s con albahaca 130g BIO"},{"@type":"BreadcrumbList","@id":"https:\/\/mercatfrutal.com\/producto\/pesto-genoves-con-albahaca-130g-bio\/#breadcrumb","itemListElement":[{"@type":"ListItem","position":1,"name":"Portada","item":"https:\/\/mercatfrutal.com\/"},{"@type":"ListItem","position":2,"name":"Tienda","item":"https:\/\/mercatfrutal.com\/tienda\/"},{"@type":"ListItem","position":3,"name":"Pesto genov\u00e9s con albahaca 130g BIO"}]},{"@type":"WebSite","@id":"https:\/\/mercatfrutal.com\/#website","url":"https:\/\/mercatfrutal.com\/","name":"Mercat Frutal","description":"","publisher":{"@id":"https:\/\/mercatfrutal.com\/#organization"},"alternateName":"Mercat Frutal","potentialAction":[{"@type":"SearchAction","target":{"@type":"EntryPoint","urlTemplate":"https:\/\/mercatfrutal.com\/?s={search_term_string}"},"query-input":{"@type":"PropertyValueSpecification","valueRequired":true,"valueName":"search_term_string"}}],"inLanguage":"ca"},{"@type":"Organization","@id":"https:\/\/mercatfrutal.com\/#organization","name":"Mercat Frutal","url":"https:\/\/mercatfrutal.com\/","logo":{"@type":"ImageObject","inLanguage":"ca","@id":"https:\/\/mercatfrutal.com\/#\/schema\/logo\/image\/","url":"https:\/\/mercatfrutal.com\/wp-content\/uploads\/2024\/01\/LOGO-FRUTAL3.png","contentUrl":"https:\/\/mercatfrutal.com\/wp-content\/uploads\/2024\/01\/LOGO-FRUTAL3.png","width":1024,"height":382,"caption":"Mercat Frutal"},"image":{"@id":"https:\/\/mercatfrutal.com\/#\/schema\/logo\/image\/"}}]}},"jetpack_sharing_enabled":true,"_links":{"self":[{"href":"https:\/\/mercatfrutal.com\/ca\/wp-json\/wp\/v2\/product\/7537","targetHints":{"allow":["GET"]}}],"collection":[{"href":"https:\/\/mercatfrutal.com\/ca\/wp-json\/wp\/v2\/product"}],"about":[{"href":"https:\/\/mercatfrutal.com\/ca\/wp-json\/wp\/v2\/types\/product"}],"replies":[{"embeddable":true,"href":"https:\/\/mercatfrutal.com\/ca\/wp-json\/wp\/v2\/comments?post=7537"}],"wp:featuredmedia":[{"embeddable":true,"href":"https:\/\/mercatfrutal.com\/ca\/wp-json\/wp\/v2\/media\/9845"}],"wp:attachment":[{"href":"https:\/\/mercatfrutal.com\/ca\/wp-json\/wp\/v2\/media?parent=7537"}],"wp:term":[{"taxonomy":"product_brand","embeddable":true,"href":"https:\/\/mercatfrutal.com\/ca\/wp-json\/wp\/v2\/product_brand?post=7537"},{"taxonomy":"product_cat","embeddable":true,"href":"https:\/\/mercatfrutal.com\/ca\/wp-json\/wp\/v2\/product_cat?post=7537"},{"taxonomy":"product_tag","embeddable":true,"href":"https:\/\/mercatfrutal.com\/ca\/wp-json\/wp\/v2\/product_tag?post=7537"}],"curies":[{"name":"wp","href":"https:\/\/api.w.org\/{rel}","templated":true}]}}