{"id":801,"date":"2024-02-19T12:52:55","date_gmt":"2024-02-19T10:52:55","guid":{"rendered":"https:\/\/mercatfrutal.com\/producto\/crema-para-cocinar-coco-200ml-eco\/"},"modified":"2026-02-04T11:45:15","modified_gmt":"2026-02-04T09:45:15","slug":"crema-para-cocinar-coco-200ml-eco","status":"publish","type":"product","link":"https:\/\/mercatfrutal.com\/ca\/producte\/crema-para-cocinar-coco-200ml-eco\/","title":{"rendered":"Crema per Cuinar Coco 200ml ECO"},"content":{"rendered":"","protected":false},"excerpt":{"rendered":"<p data-start=\"108\" data-end=\"339\">La crema per cuinar de coco ecol\u00f2gica \u00e9s una alternativa vegetal a la nata, elaborada a base d\u2019extracte de coco. T\u00e9 una textura suau i un sabor delicat, ideal per a receptes dolces i salades.<\/p>\n<h2 data-start=\"341\" data-end=\"612\"><strong data-start=\"341\" data-end=\"403\">Propietats i beneficis de la Crema per Cuinar Coco ECO<\/strong><\/h2>\n<p data-start=\"341\" data-end=\"612\">Naturalment lliure de lactosa i sense gluten, \u00e9s rica en greixos saludables i aporta un toc ex\u00f2tic als teus plats. El seu contingut en \u00e0cid l\u00e0uric afavoreix l\u2019energia r\u00e0pida i t\u00e9 propietats antimicrobianes.<\/p>\n<h2 data-start=\"1701\" data-end=\"1823\"><strong data-start=\"1701\" data-end=\"1727\">Formes de consum<\/strong><\/h2>\n<p data-start=\"614\" data-end=\"789\">Perfecta per a curris, sopes, salses, postres, batuts i receptes veganes. Aporta cremositat sense necessitat d\u2019ingredients d\u2019origen animal.<\/p>","protected":false},"featured_media":9853,"comment_status":"open","ping_status":"closed","template":"","meta":{"content-type":""},"product_brand":[],"product_cat":[195],"product_tag":[],"class_list":{"0":"post-801","1":"product","2":"type-product","3":"status-publish","4":"has-post-thumbnail","6":"product_cat-cremas-para-cocinar","7":"has-subscription-plans","9":"first","10":"instock","11":"taxable","12":"shipping-taxable","13":"purchasable","14":"product-type-simple"},"bundled_by":[],"bundle_stock_status":"instock","bundle_stock_quantity":7,"bundle_virtual":false,"bundle_layout":"","bundle_add_to_cart_form_location":"","bundle_editable_in_cart":false,"bundle_sold_individually_context":"","bundle_item_grouping":"","bundle_min_size":"","bundle_max_size":"","bundle_price":[],"bundled_items":[],"bundle_sell_ids":[],"yoast_head":"<!-- This site is optimized with the Yoast SEO plugin v27.2 - https:\/\/yoast.com\/product\/yoast-seo-wordpress\/ -->\n<title>Crema para Cocinar Coco 200ml ECO - Mercat Frutal<\/title>\n<meta name=\"robots\" content=\"index, follow, max-snippet:-1, max-image-preview:large, max-video-preview:-1\" \/>\n<link rel=\"canonical\" href=\"https:\/\/mercatfrutal.com\/ca\/producte\/crema-para-cocinar-coco-200ml-eco\/\" \/>\n<meta property=\"og:locale\" content=\"ca_ES\" \/>\n<meta property=\"og:type\" content=\"article\" \/>\n<meta property=\"og:title\" content=\"Crema para Cocinar Coco 200ml ECO - Mercat Frutal\" \/>\n<meta property=\"og:description\" content=\"La crema para cocinar de coco ecol\u00f3gica es una alternativa vegetal a la nata, elaborada a base de extracto de coco. Tiene una textura suave y un sabor delicado, ideal para recetas dulces y saladas.  Propiedades y beneficios de la Crema para Cocinar Coco ECO Naturalmente libre de lactosa y sin gluten, es rica en grasas saludables y aporta un toque ex\u00f3tico a tus platos. Su contenido en \u00e1cido l\u00e1urico favorece la energ\u00eda r\u00e1pida y tiene propiedades antimicrobianas.  Formas de consumo Perfecta para currys, sopas, salsas, postres, batidos y recetas veganas. Aporta cremosidad sin necesidad de ingredientes animales.\" \/>\n<meta property=\"og:url\" content=\"https:\/\/mercatfrutal.com\/ca\/producte\/crema-para-cocinar-coco-200ml-eco\/\" \/>\n<meta property=\"og:site_name\" content=\"Mercat Frutal\" \/>\n<meta property=\"article:modified_time\" content=\"2026-02-04T09:45:15+00:00\" \/>\n<meta property=\"og:image\" content=\"https:\/\/mercatfrutal.com\/wp-content\/uploads\/2025\/09\/Crema-para-Cocinar-Coco-200ml-ECO.webp\" \/>\n\t<meta property=\"og:image:width\" content=\"800\" \/>\n\t<meta property=\"og:image:height\" content=\"800\" \/>\n\t<meta property=\"og:image:type\" content=\"image\/webp\" \/>\n<meta name=\"twitter:card\" content=\"summary_large_image\" \/>\n<meta name=\"twitter:label1\" content=\"Temps estimat de lectura\" \/>\n\t<meta name=\"twitter:data1\" content=\"1 minut\" \/>\n<script type=\"application\/ld+json\" class=\"yoast-schema-graph\">{\"@context\":\"https:\/\/schema.org\",\"@graph\":[{\"@type\":\"WebPage\",\"@id\":\"https:\/\/mercatfrutal.com\/producto\/crema-para-cocinar-coco-200ml-eco\/\",\"url\":\"https:\/\/mercatfrutal.com\/producto\/crema-para-cocinar-coco-200ml-eco\/\",\"name\":\"Crema para Cocinar Coco 200ml ECO - Mercat Frutal\",\"isPartOf\":{\"@id\":\"https:\/\/mercatfrutal.com\/#website\"},\"primaryImageOfPage\":{\"@id\":\"https:\/\/mercatfrutal.com\/producto\/crema-para-cocinar-coco-200ml-eco\/#primaryimage\"},\"image\":{\"@id\":\"https:\/\/mercatfrutal.com\/producto\/crema-para-cocinar-coco-200ml-eco\/#primaryimage\"},\"thumbnailUrl\":\"https:\/\/mercatfrutal.com\/wp-content\/uploads\/2025\/09\/Crema-para-Cocinar-Coco-200ml-ECO.webp\",\"datePublished\":\"2024-02-19T10:52:55+00:00\",\"dateModified\":\"2026-02-04T09:45:15+00:00\",\"breadcrumb\":{\"@id\":\"https:\/\/mercatfrutal.com\/producto\/crema-para-cocinar-coco-200ml-eco\/#breadcrumb\"},\"inLanguage\":\"ca\",\"potentialAction\":[{\"@type\":\"ReadAction\",\"target\":[\"https:\/\/mercatfrutal.com\/producto\/crema-para-cocinar-coco-200ml-eco\/\"]}]},{\"@type\":\"ImageObject\",\"inLanguage\":\"ca\",\"@id\":\"https:\/\/mercatfrutal.com\/producto\/crema-para-cocinar-coco-200ml-eco\/#primaryimage\",\"url\":\"https:\/\/mercatfrutal.com\/wp-content\/uploads\/2025\/09\/Crema-para-Cocinar-Coco-200ml-ECO.webp\",\"contentUrl\":\"https:\/\/mercatfrutal.com\/wp-content\/uploads\/2025\/09\/Crema-para-Cocinar-Coco-200ml-ECO.webp\",\"width\":800,\"height\":800,\"caption\":\"Crema para Cocinar Coco 200ml ECO\"},{\"@type\":\"BreadcrumbList\",\"@id\":\"https:\/\/mercatfrutal.com\/producto\/crema-para-cocinar-coco-200ml-eco\/#breadcrumb\",\"itemListElement\":[{\"@type\":\"ListItem\",\"position\":1,\"name\":\"Portada\",\"item\":\"https:\/\/mercatfrutal.com\/\"},{\"@type\":\"ListItem\",\"position\":2,\"name\":\"Tienda\",\"item\":\"https:\/\/mercatfrutal.com\/tienda\/\"},{\"@type\":\"ListItem\",\"position\":3,\"name\":\"Crema para Cocinar Coco 200ml ECO\"}]},{\"@type\":\"WebSite\",\"@id\":\"https:\/\/mercatfrutal.com\/#website\",\"url\":\"https:\/\/mercatfrutal.com\/\",\"name\":\"Mercat Frutal\",\"description\":\"\",\"publisher\":{\"@id\":\"https:\/\/mercatfrutal.com\/#organization\"},\"alternateName\":\"Mercat Frutal\",\"potentialAction\":[{\"@type\":\"SearchAction\",\"target\":{\"@type\":\"EntryPoint\",\"urlTemplate\":\"https:\/\/mercatfrutal.com\/?s={search_term_string}\"},\"query-input\":{\"@type\":\"PropertyValueSpecification\",\"valueRequired\":true,\"valueName\":\"search_term_string\"}}],\"inLanguage\":\"ca\"},{\"@type\":\"Organization\",\"@id\":\"https:\/\/mercatfrutal.com\/#organization\",\"name\":\"Mercat Frutal\",\"url\":\"https:\/\/mercatfrutal.com\/\",\"logo\":{\"@type\":\"ImageObject\",\"inLanguage\":\"ca\",\"@id\":\"https:\/\/mercatfrutal.com\/#\/schema\/logo\/image\/\",\"url\":\"https:\/\/mercatfrutal.com\/wp-content\/uploads\/2024\/01\/LOGO-FRUTAL3.png\",\"contentUrl\":\"https:\/\/mercatfrutal.com\/wp-content\/uploads\/2024\/01\/LOGO-FRUTAL3.png\",\"width\":1024,\"height\":382,\"caption\":\"Mercat Frutal\"},\"image\":{\"@id\":\"https:\/\/mercatfrutal.com\/#\/schema\/logo\/image\/\"}}]}<\/script>\n<!-- \/ Yoast SEO plugin. -->","yoast_head_json":{"title":"Crema para Cocinar Coco 200ml ECO - Mercat Frutal","robots":{"index":"index","follow":"follow","max-snippet":"max-snippet:-1","max-image-preview":"max-image-preview:large","max-video-preview":"max-video-preview:-1"},"canonical":"https:\/\/mercatfrutal.com\/ca\/producte\/crema-para-cocinar-coco-200ml-eco\/","og_locale":"ca_ES","og_type":"article","og_title":"Crema para Cocinar Coco 200ml ECO - Mercat Frutal","og_description":"La crema para cocinar de coco ecol\u00f3gica es una alternativa vegetal a la nata, elaborada a base de extracto de coco. Tiene una textura suave y un sabor delicado, ideal para recetas dulces y saladas.  Propiedades y beneficios de la Crema para Cocinar Coco ECO Naturalmente libre de lactosa y sin gluten, es rica en grasas saludables y aporta un toque ex\u00f3tico a tus platos. Su contenido en \u00e1cido l\u00e1urico favorece la energ\u00eda r\u00e1pida y tiene propiedades antimicrobianas.  Formas de consumo Perfecta para currys, sopas, salsas, postres, batidos y recetas veganas. Aporta cremosidad sin necesidad de ingredientes animales.","og_url":"https:\/\/mercatfrutal.com\/ca\/producte\/crema-para-cocinar-coco-200ml-eco\/","og_site_name":"Mercat Frutal","article_modified_time":"2026-02-04T09:45:15+00:00","og_image":[{"width":800,"height":800,"url":"https:\/\/mercatfrutal.com\/wp-content\/uploads\/2025\/09\/Crema-para-Cocinar-Coco-200ml-ECO.webp","type":"image\/webp"}],"twitter_card":"summary_large_image","twitter_misc":{"Temps estimat de lectura":"1 minut"},"schema":{"@context":"https:\/\/schema.org","@graph":[{"@type":"WebPage","@id":"https:\/\/mercatfrutal.com\/producto\/crema-para-cocinar-coco-200ml-eco\/","url":"https:\/\/mercatfrutal.com\/producto\/crema-para-cocinar-coco-200ml-eco\/","name":"Crema para Cocinar Coco 200ml ECO - Mercat Frutal","isPartOf":{"@id":"https:\/\/mercatfrutal.com\/#website"},"primaryImageOfPage":{"@id":"https:\/\/mercatfrutal.com\/producto\/crema-para-cocinar-coco-200ml-eco\/#primaryimage"},"image":{"@id":"https:\/\/mercatfrutal.com\/producto\/crema-para-cocinar-coco-200ml-eco\/#primaryimage"},"thumbnailUrl":"https:\/\/mercatfrutal.com\/wp-content\/uploads\/2025\/09\/Crema-para-Cocinar-Coco-200ml-ECO.webp","datePublished":"2024-02-19T10:52:55+00:00","dateModified":"2026-02-04T09:45:15+00:00","breadcrumb":{"@id":"https:\/\/mercatfrutal.com\/producto\/crema-para-cocinar-coco-200ml-eco\/#breadcrumb"},"inLanguage":"ca","potentialAction":[{"@type":"ReadAction","target":["https:\/\/mercatfrutal.com\/producto\/crema-para-cocinar-coco-200ml-eco\/"]}]},{"@type":"ImageObject","inLanguage":"ca","@id":"https:\/\/mercatfrutal.com\/producto\/crema-para-cocinar-coco-200ml-eco\/#primaryimage","url":"https:\/\/mercatfrutal.com\/wp-content\/uploads\/2025\/09\/Crema-para-Cocinar-Coco-200ml-ECO.webp","contentUrl":"https:\/\/mercatfrutal.com\/wp-content\/uploads\/2025\/09\/Crema-para-Cocinar-Coco-200ml-ECO.webp","width":800,"height":800,"caption":"Crema para Cocinar Coco 200ml ECO"},{"@type":"BreadcrumbList","@id":"https:\/\/mercatfrutal.com\/producto\/crema-para-cocinar-coco-200ml-eco\/#breadcrumb","itemListElement":[{"@type":"ListItem","position":1,"name":"Portada","item":"https:\/\/mercatfrutal.com\/"},{"@type":"ListItem","position":2,"name":"Tienda","item":"https:\/\/mercatfrutal.com\/tienda\/"},{"@type":"ListItem","position":3,"name":"Crema para Cocinar Coco 200ml ECO"}]},{"@type":"WebSite","@id":"https:\/\/mercatfrutal.com\/#website","url":"https:\/\/mercatfrutal.com\/","name":"Mercat Frutal","description":"","publisher":{"@id":"https:\/\/mercatfrutal.com\/#organization"},"alternateName":"Mercat Frutal","potentialAction":[{"@type":"SearchAction","target":{"@type":"EntryPoint","urlTemplate":"https:\/\/mercatfrutal.com\/?s={search_term_string}"},"query-input":{"@type":"PropertyValueSpecification","valueRequired":true,"valueName":"search_term_string"}}],"inLanguage":"ca"},{"@type":"Organization","@id":"https:\/\/mercatfrutal.com\/#organization","name":"Mercat Frutal","url":"https:\/\/mercatfrutal.com\/","logo":{"@type":"ImageObject","inLanguage":"ca","@id":"https:\/\/mercatfrutal.com\/#\/schema\/logo\/image\/","url":"https:\/\/mercatfrutal.com\/wp-content\/uploads\/2024\/01\/LOGO-FRUTAL3.png","contentUrl":"https:\/\/mercatfrutal.com\/wp-content\/uploads\/2024\/01\/LOGO-FRUTAL3.png","width":1024,"height":382,"caption":"Mercat Frutal"},"image":{"@id":"https:\/\/mercatfrutal.com\/#\/schema\/logo\/image\/"}}]}},"jetpack_sharing_enabled":true,"_links":{"self":[{"href":"https:\/\/mercatfrutal.com\/ca\/wp-json\/wp\/v2\/product\/801","targetHints":{"allow":["GET"]}}],"collection":[{"href":"https:\/\/mercatfrutal.com\/ca\/wp-json\/wp\/v2\/product"}],"about":[{"href":"https:\/\/mercatfrutal.com\/ca\/wp-json\/wp\/v2\/types\/product"}],"replies":[{"embeddable":true,"href":"https:\/\/mercatfrutal.com\/ca\/wp-json\/wp\/v2\/comments?post=801"}],"wp:featuredmedia":[{"embeddable":true,"href":"https:\/\/mercatfrutal.com\/ca\/wp-json\/wp\/v2\/media\/9853"}],"wp:attachment":[{"href":"https:\/\/mercatfrutal.com\/ca\/wp-json\/wp\/v2\/media?parent=801"}],"wp:term":[{"taxonomy":"product_brand","embeddable":true,"href":"https:\/\/mercatfrutal.com\/ca\/wp-json\/wp\/v2\/product_brand?post=801"},{"taxonomy":"product_cat","embeddable":true,"href":"https:\/\/mercatfrutal.com\/ca\/wp-json\/wp\/v2\/product_cat?post=801"},{"taxonomy":"product_tag","embeddable":true,"href":"https:\/\/mercatfrutal.com\/ca\/wp-json\/wp\/v2\/product_tag?post=801"}],"curies":[{"name":"wp","href":"https:\/\/api.w.org\/{rel}","templated":true}]}}