{"id":827,"date":"2024-02-19T12:28:45","date_gmt":"2024-02-19T11:28:45","guid":{"rendered":"https:\/\/mercatfrutal.com\/producto\/tortitas-de-maiz-120g-eco\/"},"modified":"2026-04-01T09:23:05","modified_gmt":"2026-04-01T07:23:05","slug":"tortitas-de-maiz-120g-eco","status":"publish","type":"product","link":"https:\/\/mercatfrutal.com\/ca\/producte\/tortitas-de-maiz-120g-eco\/","title":{"rendered":"Tortites de Blat de Moro 120g ECO"},"content":{"rendered":"","protected":false},"excerpt":{"rendered":"<p data-start=\"4820\" data-end=\"4998\">Les tortites de blat de moro ecol\u00f2giques s\u00f3n lleugeres, cruixents i sense gluten. Elaborades nom\u00e9s amb blat de moro inflat ecol\u00f2gic, s\u00f3n una alternativa saludable al pa.<\/p>\n<h2 data-start=\"5000\" data-end=\"5174\"><strong data-start=\"5000\" data-end=\"5056\">Propietats i beneficis de les Tortites de Blat de Moro ECO<\/strong><\/h2>\n<p data-start=\"5000\" data-end=\"5174\">Baixes en calories, sense sucres afegits ni conservants. Font natural d\u2019energia i aptes per a dietes sense gluten.<\/p>\n<h2 data-start=\"2702\" data-end=\"2844\"><strong data-start=\"2702\" data-end=\"2751\">Formes de consum<\/strong><\/h2>\n<p data-start=\"5176\" data-end=\"5338\">Perfectes per esmorzars o berenars, amb cremes, hummus, alvocat o fruita. Tamb\u00e9 com a base de canap\u00e8s o snacks r\u00e0pids.<\/p>","protected":false},"featured_media":9904,"comment_status":"open","ping_status":"closed","template":"","meta":{"content-type":""},"product_brand":[],"product_cat":[209],"product_tag":[],"class_list":{"0":"post-827","1":"product","2":"type-product","3":"status-publish","4":"has-post-thumbnail","6":"product_cat-snacks","7":"has-subscription-plans","9":"first","10":"instock","11":"taxable","12":"shipping-taxable","13":"purchasable","14":"product-type-simple"},"bundled_by":[],"bundle_stock_status":"instock","bundle_stock_quantity":null,"bundle_virtual":false,"bundle_layout":"","bundle_add_to_cart_form_location":"","bundle_editable_in_cart":false,"bundle_sold_individually_context":"","bundle_item_grouping":"","bundle_min_size":"","bundle_max_size":"","bundle_price":[],"bundled_items":[],"bundle_sell_ids":[],"yoast_head":"<!-- This site is optimized with the Yoast SEO plugin v27.2 - https:\/\/yoast.com\/product\/yoast-seo-wordpress\/ -->\n<title>Tortitas de Ma\u00edz 120g ECO - Mercat Frutal<\/title>\n<meta name=\"robots\" content=\"index, follow, max-snippet:-1, max-image-preview:large, max-video-preview:-1\" \/>\n<link rel=\"canonical\" href=\"https:\/\/mercatfrutal.com\/ca\/producte\/tortitas-de-maiz-120g-eco\/\" \/>\n<meta property=\"og:locale\" content=\"ca_ES\" \/>\n<meta property=\"og:type\" content=\"article\" \/>\n<meta property=\"og:title\" content=\"Tortitas de Ma\u00edz 120g ECO - Mercat Frutal\" \/>\n<meta property=\"og:description\" content=\"Las tortitas de ma\u00edz ecol\u00f3gicas son ligeras, crujientes y sin gluten. Elaboradas solo con ma\u00edz inflado ecol\u00f3gico, son una alternativa saludable al pan.  Propiedades y beneficios de las Tortitas de Ma\u00edz ECO Bajas en calor\u00edas, sin az\u00facares a\u00f1adidos ni conservantes. Fuente natural de energ\u00eda y aptas para dietas sin gluten.  Formas de consumo Perfectas para desayunos o meriendas, con cremas, hummus, aguacate o frutas. Tambi\u00e9n como base de canap\u00e9s o snacks r\u00e1pidos.\" \/>\n<meta property=\"og:url\" content=\"https:\/\/mercatfrutal.com\/ca\/producte\/tortitas-de-maiz-120g-eco\/\" \/>\n<meta property=\"og:site_name\" content=\"Mercat Frutal\" \/>\n<meta property=\"article:modified_time\" content=\"2026-04-01T07:23:05+00:00\" \/>\n<meta property=\"og:image\" content=\"https:\/\/mercatfrutal.com\/wp-content\/uploads\/2025\/09\/Tortitas-de-Maiz-120g-ECO.webp\" \/>\n\t<meta property=\"og:image:width\" content=\"800\" \/>\n\t<meta property=\"og:image:height\" content=\"800\" \/>\n\t<meta property=\"og:image:type\" content=\"image\/webp\" \/>\n<meta name=\"twitter:card\" content=\"summary_large_image\" \/>\n<meta name=\"twitter:label1\" content=\"Temps estimat de lectura\" \/>\n\t<meta name=\"twitter:data1\" content=\"1 minut\" \/>\n<script type=\"application\/ld+json\" class=\"yoast-schema-graph\">{\"@context\":\"https:\/\/schema.org\",\"@graph\":[{\"@type\":\"WebPage\",\"@id\":\"https:\/\/mercatfrutal.com\/producto\/tortitas-de-maiz-120g-eco\/\",\"url\":\"https:\/\/mercatfrutal.com\/producto\/tortitas-de-maiz-120g-eco\/\",\"name\":\"Tortitas de Ma\u00edz 120g ECO - Mercat Frutal\",\"isPartOf\":{\"@id\":\"https:\/\/mercatfrutal.com\/#website\"},\"primaryImageOfPage\":{\"@id\":\"https:\/\/mercatfrutal.com\/producto\/tortitas-de-maiz-120g-eco\/#primaryimage\"},\"image\":{\"@id\":\"https:\/\/mercatfrutal.com\/producto\/tortitas-de-maiz-120g-eco\/#primaryimage\"},\"thumbnailUrl\":\"https:\/\/mercatfrutal.com\/wp-content\/uploads\/2025\/09\/Tortitas-de-Maiz-120g-ECO.webp\",\"datePublished\":\"2024-02-19T11:28:45+00:00\",\"dateModified\":\"2026-04-01T07:23:05+00:00\",\"breadcrumb\":{\"@id\":\"https:\/\/mercatfrutal.com\/producto\/tortitas-de-maiz-120g-eco\/#breadcrumb\"},\"inLanguage\":\"ca\",\"potentialAction\":[{\"@type\":\"ReadAction\",\"target\":[\"https:\/\/mercatfrutal.com\/producto\/tortitas-de-maiz-120g-eco\/\"]}]},{\"@type\":\"ImageObject\",\"inLanguage\":\"ca\",\"@id\":\"https:\/\/mercatfrutal.com\/producto\/tortitas-de-maiz-120g-eco\/#primaryimage\",\"url\":\"https:\/\/mercatfrutal.com\/wp-content\/uploads\/2025\/09\/Tortitas-de-Maiz-120g-ECO.webp\",\"contentUrl\":\"https:\/\/mercatfrutal.com\/wp-content\/uploads\/2025\/09\/Tortitas-de-Maiz-120g-ECO.webp\",\"width\":800,\"height\":800,\"caption\":\"Tortitas de Ma\u00edz 120g ECO\"},{\"@type\":\"BreadcrumbList\",\"@id\":\"https:\/\/mercatfrutal.com\/producto\/tortitas-de-maiz-120g-eco\/#breadcrumb\",\"itemListElement\":[{\"@type\":\"ListItem\",\"position\":1,\"name\":\"Portada\",\"item\":\"https:\/\/mercatfrutal.com\/\"},{\"@type\":\"ListItem\",\"position\":2,\"name\":\"Tienda\",\"item\":\"https:\/\/mercatfrutal.com\/tienda\/\"},{\"@type\":\"ListItem\",\"position\":3,\"name\":\"Tortitas de Ma\u00edz 120g ECO\"}]},{\"@type\":\"WebSite\",\"@id\":\"https:\/\/mercatfrutal.com\/#website\",\"url\":\"https:\/\/mercatfrutal.com\/\",\"name\":\"Mercat Frutal\",\"description\":\"\",\"publisher\":{\"@id\":\"https:\/\/mercatfrutal.com\/#organization\"},\"alternateName\":\"Mercat Frutal\",\"potentialAction\":[{\"@type\":\"SearchAction\",\"target\":{\"@type\":\"EntryPoint\",\"urlTemplate\":\"https:\/\/mercatfrutal.com\/?s={search_term_string}\"},\"query-input\":{\"@type\":\"PropertyValueSpecification\",\"valueRequired\":true,\"valueName\":\"search_term_string\"}}],\"inLanguage\":\"ca\"},{\"@type\":\"Organization\",\"@id\":\"https:\/\/mercatfrutal.com\/#organization\",\"name\":\"Mercat Frutal\",\"url\":\"https:\/\/mercatfrutal.com\/\",\"logo\":{\"@type\":\"ImageObject\",\"inLanguage\":\"ca\",\"@id\":\"https:\/\/mercatfrutal.com\/#\/schema\/logo\/image\/\",\"url\":\"https:\/\/mercatfrutal.com\/wp-content\/uploads\/2024\/01\/LOGO-FRUTAL3.png\",\"contentUrl\":\"https:\/\/mercatfrutal.com\/wp-content\/uploads\/2024\/01\/LOGO-FRUTAL3.png\",\"width\":1024,\"height\":382,\"caption\":\"Mercat Frutal\"},\"image\":{\"@id\":\"https:\/\/mercatfrutal.com\/#\/schema\/logo\/image\/\"}}]}<\/script>\n<!-- \/ Yoast SEO plugin. -->","yoast_head_json":{"title":"Tortitas de Ma\u00edz 120g ECO - Mercat Frutal","robots":{"index":"index","follow":"follow","max-snippet":"max-snippet:-1","max-image-preview":"max-image-preview:large","max-video-preview":"max-video-preview:-1"},"canonical":"https:\/\/mercatfrutal.com\/ca\/producte\/tortitas-de-maiz-120g-eco\/","og_locale":"ca_ES","og_type":"article","og_title":"Tortitas de Ma\u00edz 120g ECO - Mercat Frutal","og_description":"Las tortitas de ma\u00edz ecol\u00f3gicas son ligeras, crujientes y sin gluten. Elaboradas solo con ma\u00edz inflado ecol\u00f3gico, son una alternativa saludable al pan.  Propiedades y beneficios de las Tortitas de Ma\u00edz ECO Bajas en calor\u00edas, sin az\u00facares a\u00f1adidos ni conservantes. Fuente natural de energ\u00eda y aptas para dietas sin gluten.  Formas de consumo Perfectas para desayunos o meriendas, con cremas, hummus, aguacate o frutas. Tambi\u00e9n como base de canap\u00e9s o snacks r\u00e1pidos.","og_url":"https:\/\/mercatfrutal.com\/ca\/producte\/tortitas-de-maiz-120g-eco\/","og_site_name":"Mercat Frutal","article_modified_time":"2026-04-01T07:23:05+00:00","og_image":[{"width":800,"height":800,"url":"https:\/\/mercatfrutal.com\/wp-content\/uploads\/2025\/09\/Tortitas-de-Maiz-120g-ECO.webp","type":"image\/webp"}],"twitter_card":"summary_large_image","twitter_misc":{"Temps estimat de lectura":"1 minut"},"schema":{"@context":"https:\/\/schema.org","@graph":[{"@type":"WebPage","@id":"https:\/\/mercatfrutal.com\/producto\/tortitas-de-maiz-120g-eco\/","url":"https:\/\/mercatfrutal.com\/producto\/tortitas-de-maiz-120g-eco\/","name":"Tortitas de Ma\u00edz 120g ECO - Mercat Frutal","isPartOf":{"@id":"https:\/\/mercatfrutal.com\/#website"},"primaryImageOfPage":{"@id":"https:\/\/mercatfrutal.com\/producto\/tortitas-de-maiz-120g-eco\/#primaryimage"},"image":{"@id":"https:\/\/mercatfrutal.com\/producto\/tortitas-de-maiz-120g-eco\/#primaryimage"},"thumbnailUrl":"https:\/\/mercatfrutal.com\/wp-content\/uploads\/2025\/09\/Tortitas-de-Maiz-120g-ECO.webp","datePublished":"2024-02-19T11:28:45+00:00","dateModified":"2026-04-01T07:23:05+00:00","breadcrumb":{"@id":"https:\/\/mercatfrutal.com\/producto\/tortitas-de-maiz-120g-eco\/#breadcrumb"},"inLanguage":"ca","potentialAction":[{"@type":"ReadAction","target":["https:\/\/mercatfrutal.com\/producto\/tortitas-de-maiz-120g-eco\/"]}]},{"@type":"ImageObject","inLanguage":"ca","@id":"https:\/\/mercatfrutal.com\/producto\/tortitas-de-maiz-120g-eco\/#primaryimage","url":"https:\/\/mercatfrutal.com\/wp-content\/uploads\/2025\/09\/Tortitas-de-Maiz-120g-ECO.webp","contentUrl":"https:\/\/mercatfrutal.com\/wp-content\/uploads\/2025\/09\/Tortitas-de-Maiz-120g-ECO.webp","width":800,"height":800,"caption":"Tortitas de Ma\u00edz 120g ECO"},{"@type":"BreadcrumbList","@id":"https:\/\/mercatfrutal.com\/producto\/tortitas-de-maiz-120g-eco\/#breadcrumb","itemListElement":[{"@type":"ListItem","position":1,"name":"Portada","item":"https:\/\/mercatfrutal.com\/"},{"@type":"ListItem","position":2,"name":"Tienda","item":"https:\/\/mercatfrutal.com\/tienda\/"},{"@type":"ListItem","position":3,"name":"Tortitas de Ma\u00edz 120g ECO"}]},{"@type":"WebSite","@id":"https:\/\/mercatfrutal.com\/#website","url":"https:\/\/mercatfrutal.com\/","name":"Mercat Frutal","description":"","publisher":{"@id":"https:\/\/mercatfrutal.com\/#organization"},"alternateName":"Mercat Frutal","potentialAction":[{"@type":"SearchAction","target":{"@type":"EntryPoint","urlTemplate":"https:\/\/mercatfrutal.com\/?s={search_term_string}"},"query-input":{"@type":"PropertyValueSpecification","valueRequired":true,"valueName":"search_term_string"}}],"inLanguage":"ca"},{"@type":"Organization","@id":"https:\/\/mercatfrutal.com\/#organization","name":"Mercat Frutal","url":"https:\/\/mercatfrutal.com\/","logo":{"@type":"ImageObject","inLanguage":"ca","@id":"https:\/\/mercatfrutal.com\/#\/schema\/logo\/image\/","url":"https:\/\/mercatfrutal.com\/wp-content\/uploads\/2024\/01\/LOGO-FRUTAL3.png","contentUrl":"https:\/\/mercatfrutal.com\/wp-content\/uploads\/2024\/01\/LOGO-FRUTAL3.png","width":1024,"height":382,"caption":"Mercat Frutal"},"image":{"@id":"https:\/\/mercatfrutal.com\/#\/schema\/logo\/image\/"}}]}},"jetpack_sharing_enabled":true,"_links":{"self":[{"href":"https:\/\/mercatfrutal.com\/ca\/wp-json\/wp\/v2\/product\/827","targetHints":{"allow":["GET"]}}],"collection":[{"href":"https:\/\/mercatfrutal.com\/ca\/wp-json\/wp\/v2\/product"}],"about":[{"href":"https:\/\/mercatfrutal.com\/ca\/wp-json\/wp\/v2\/types\/product"}],"replies":[{"embeddable":true,"href":"https:\/\/mercatfrutal.com\/ca\/wp-json\/wp\/v2\/comments?post=827"}],"wp:featuredmedia":[{"embeddable":true,"href":"https:\/\/mercatfrutal.com\/ca\/wp-json\/wp\/v2\/media\/9904"}],"wp:attachment":[{"href":"https:\/\/mercatfrutal.com\/ca\/wp-json\/wp\/v2\/media?parent=827"}],"wp:term":[{"taxonomy":"product_brand","embeddable":true,"href":"https:\/\/mercatfrutal.com\/ca\/wp-json\/wp\/v2\/product_brand?post=827"},{"taxonomy":"product_cat","embeddable":true,"href":"https:\/\/mercatfrutal.com\/ca\/wp-json\/wp\/v2\/product_cat?post=827"},{"taxonomy":"product_tag","embeddable":true,"href":"https:\/\/mercatfrutal.com\/ca\/wp-json\/wp\/v2\/product_tag?post=827"}],"curies":[{"name":"wp","href":"https:\/\/api.w.org\/{rel}","templated":true}]}}