{"id":853,"date":"2024-02-19T12:36:57","date_gmt":"2024-02-19T11:36:57","guid":{"rendered":"https:\/\/mercatfrutal.com\/producto\/bebida-avena-1l-bio-2\/"},"modified":"2026-04-10T09:32:36","modified_gmt":"2026-04-10T07:32:36","slug":"bebida-avena-1l-isola-bio","status":"publish","type":"product","link":"https:\/\/mercatfrutal.com\/ca\/producte\/bebida-avena-1l-isola-bio\/","title":{"rendered":"Bebida Avena 1L Isola BIO"},"content":{"rendered":"","protected":false},"excerpt":{"rendered":"<p><span style=\"font-weight: 400\">La Beguda de Civada 1L BIO \u00e9s una deliciosa alternativa vegetal, ecol\u00f2gica i naturalment dol\u00e7a, perfecta per al teu dia a dia.<\/span><\/p>\n<h2><b>Beneficios principales Bebida de Avena 1L BIO Isola<\/b><\/h2>\n<p><span style=\"font-weight: 400\">Gracias a su contenido en fibra, betaglucanos y carbohidratos complejos, la Bebida de Avena BIO Isola contribuye a una digesti\u00f3n saludable, aporta energ\u00eda prolongada y bienestar general.<\/span><\/p>\n<h2><b>Caracter\u00edstiques i sabor<\/b><\/h2>\n<p><span style=\"font-weight: 400\">De textura cremosa y sabor suave con un toque dulce natural, la Bebida de Avena 1L BIO Isola es perfecta para disfrutar en cualquier momento del d\u00eda.<\/span><\/p>\n<h2><b>Formes de consum<\/b><\/h2>\n<p><span style=\"font-weight: 400\">Ideal per prendre sola, acompanyar cereals, barrejar amb caf\u00e8 o utilitzar en rebosteria i cuina saludable.<\/span><\/p>","protected":false},"featured_media":9911,"comment_status":"open","ping_status":"closed","template":"","meta":{"content-type":""},"product_brand":[],"product_cat":[217],"product_tag":[],"class_list":{"0":"post-853","1":"product","2":"type-product","3":"status-publish","4":"has-post-thumbnail","6":"product_cat-bebidas-vegetales","7":"has-subscription-plans","9":"first","10":"instock","11":"taxable","12":"shipping-taxable","13":"purchasable","14":"product-type-simple"},"bundled_by":[],"bundle_stock_status":"instock","bundle_stock_quantity":36,"bundle_virtual":false,"bundle_layout":"","bundle_add_to_cart_form_location":"","bundle_editable_in_cart":false,"bundle_sold_individually_context":"","bundle_item_grouping":"","bundle_min_size":"","bundle_max_size":"","bundle_price":[],"bundled_items":[],"bundle_sell_ids":[],"yoast_head":"<!-- This site is optimized with the Yoast SEO plugin v27.2 - https:\/\/yoast.com\/product\/yoast-seo-wordpress\/ -->\n<title>Bebida Avena 1L Isola BIO - Mercat Frutal<\/title>\n<meta name=\"robots\" content=\"index, follow, max-snippet:-1, max-image-preview:large, max-video-preview:-1\" \/>\n<link rel=\"canonical\" href=\"https:\/\/mercatfrutal.com\/ca\/producte\/bebida-avena-1l-isola-bio\/\" \/>\n<meta property=\"og:locale\" content=\"ca_ES\" \/>\n<meta property=\"og:type\" content=\"article\" \/>\n<meta property=\"og:title\" content=\"Bebida Avena 1L Isola BIO - Mercat Frutal\" \/>\n<meta property=\"og:description\" content=\"La Bebida de Avena 1L BIO es una deliciosa alternativa vegetal, ecol\u00f3gica y naturalmente dulce, perfecta para tu d\u00eda a d\u00eda. Beneficios principales Bebida de Avena 1L BIO Isola Gracias a su contenido en fibra, betaglucanos y carbohidratos complejos, la Bebida de Avena BIO Isola contribuye a una digesti\u00f3n saludable, aporta energ\u00eda prolongada y bienestar general. Caracter\u00edsticas y sabor De textura cremosa y sabor suave con un toque dulce natural, la Bebida de Avena 1L BIO Isola es perfecta para disfrutar en cualquier momento del d\u00eda. Formas de consumo Ideal para tomar sola, acompa\u00f1ar cereales, mezclar con caf\u00e9 o utilizar en reposter\u00eda y cocina saludable.\" \/>\n<meta property=\"og:url\" content=\"https:\/\/mercatfrutal.com\/ca\/producte\/bebida-avena-1l-isola-bio\/\" \/>\n<meta property=\"og:site_name\" content=\"Mercat Frutal\" \/>\n<meta property=\"article:modified_time\" content=\"2026-04-10T07:32:36+00:00\" \/>\n<meta property=\"og:image\" content=\"https:\/\/mercatfrutal.com\/wp-content\/uploads\/2025\/09\/Bebida-Avena-1L-Iso.-BIO.webp\" \/>\n\t<meta property=\"og:image:width\" content=\"800\" \/>\n\t<meta property=\"og:image:height\" content=\"800\" \/>\n\t<meta property=\"og:image:type\" content=\"image\/webp\" \/>\n<meta name=\"twitter:card\" content=\"summary_large_image\" \/>\n<meta name=\"twitter:label1\" content=\"Temps estimat de lectura\" \/>\n\t<meta name=\"twitter:data1\" content=\"1 minut\" \/>\n<script type=\"application\/ld+json\" class=\"yoast-schema-graph\">{\"@context\":\"https:\/\/schema.org\",\"@graph\":[{\"@type\":\"WebPage\",\"@id\":\"https:\/\/mercatfrutal.com\/producto\/bebida-avena-1l-isola-bio\/\",\"url\":\"https:\/\/mercatfrutal.com\/producto\/bebida-avena-1l-isola-bio\/\",\"name\":\"Bebida Avena 1L Isola BIO - Mercat Frutal\",\"isPartOf\":{\"@id\":\"https:\/\/mercatfrutal.com\/#website\"},\"primaryImageOfPage\":{\"@id\":\"https:\/\/mercatfrutal.com\/producto\/bebida-avena-1l-isola-bio\/#primaryimage\"},\"image\":{\"@id\":\"https:\/\/mercatfrutal.com\/producto\/bebida-avena-1l-isola-bio\/#primaryimage\"},\"thumbnailUrl\":\"https:\/\/mercatfrutal.com\/wp-content\/uploads\/2025\/09\/Bebida-Avena-1L-Iso.-BIO.webp\",\"datePublished\":\"2024-02-19T11:36:57+00:00\",\"dateModified\":\"2026-04-10T07:32:36+00:00\",\"breadcrumb\":{\"@id\":\"https:\/\/mercatfrutal.com\/producto\/bebida-avena-1l-isola-bio\/#breadcrumb\"},\"inLanguage\":\"ca\",\"potentialAction\":[{\"@type\":\"ReadAction\",\"target\":[\"https:\/\/mercatfrutal.com\/producto\/bebida-avena-1l-isola-bio\/\"]}]},{\"@type\":\"ImageObject\",\"inLanguage\":\"ca\",\"@id\":\"https:\/\/mercatfrutal.com\/producto\/bebida-avena-1l-isola-bio\/#primaryimage\",\"url\":\"https:\/\/mercatfrutal.com\/wp-content\/uploads\/2025\/09\/Bebida-Avena-1L-Iso.-BIO.webp\",\"contentUrl\":\"https:\/\/mercatfrutal.com\/wp-content\/uploads\/2025\/09\/Bebida-Avena-1L-Iso.-BIO.webp\",\"width\":800,\"height\":800,\"caption\":\"Bebida Avena 1L Isola BIO\"},{\"@type\":\"BreadcrumbList\",\"@id\":\"https:\/\/mercatfrutal.com\/producto\/bebida-avena-1l-isola-bio\/#breadcrumb\",\"itemListElement\":[{\"@type\":\"ListItem\",\"position\":1,\"name\":\"Portada\",\"item\":\"https:\/\/mercatfrutal.com\/\"},{\"@type\":\"ListItem\",\"position\":2,\"name\":\"Tienda\",\"item\":\"https:\/\/mercatfrutal.com\/tienda\/\"},{\"@type\":\"ListItem\",\"position\":3,\"name\":\"Bebida Avena 1L Isola BIO\"}]},{\"@type\":\"WebSite\",\"@id\":\"https:\/\/mercatfrutal.com\/#website\",\"url\":\"https:\/\/mercatfrutal.com\/\",\"name\":\"Mercat Frutal\",\"description\":\"\",\"publisher\":{\"@id\":\"https:\/\/mercatfrutal.com\/#organization\"},\"alternateName\":\"Mercat Frutal\",\"potentialAction\":[{\"@type\":\"SearchAction\",\"target\":{\"@type\":\"EntryPoint\",\"urlTemplate\":\"https:\/\/mercatfrutal.com\/?s={search_term_string}\"},\"query-input\":{\"@type\":\"PropertyValueSpecification\",\"valueRequired\":true,\"valueName\":\"search_term_string\"}}],\"inLanguage\":\"ca\"},{\"@type\":\"Organization\",\"@id\":\"https:\/\/mercatfrutal.com\/#organization\",\"name\":\"Mercat Frutal\",\"url\":\"https:\/\/mercatfrutal.com\/\",\"logo\":{\"@type\":\"ImageObject\",\"inLanguage\":\"ca\",\"@id\":\"https:\/\/mercatfrutal.com\/#\/schema\/logo\/image\/\",\"url\":\"https:\/\/mercatfrutal.com\/wp-content\/uploads\/2024\/01\/LOGO-FRUTAL3.png\",\"contentUrl\":\"https:\/\/mercatfrutal.com\/wp-content\/uploads\/2024\/01\/LOGO-FRUTAL3.png\",\"width\":1024,\"height\":382,\"caption\":\"Mercat Frutal\"},\"image\":{\"@id\":\"https:\/\/mercatfrutal.com\/#\/schema\/logo\/image\/\"}}]}<\/script>\n<!-- \/ Yoast SEO plugin. -->","yoast_head_json":{"title":"Bebida Avena 1L Isola BIO - Mercat Frutal","robots":{"index":"index","follow":"follow","max-snippet":"max-snippet:-1","max-image-preview":"max-image-preview:large","max-video-preview":"max-video-preview:-1"},"canonical":"https:\/\/mercatfrutal.com\/ca\/producte\/bebida-avena-1l-isola-bio\/","og_locale":"ca_ES","og_type":"article","og_title":"Bebida Avena 1L Isola BIO - Mercat Frutal","og_description":"La Bebida de Avena 1L BIO es una deliciosa alternativa vegetal, ecol\u00f3gica y naturalmente dulce, perfecta para tu d\u00eda a d\u00eda. Beneficios principales Bebida de Avena 1L BIO Isola Gracias a su contenido en fibra, betaglucanos y carbohidratos complejos, la Bebida de Avena BIO Isola contribuye a una digesti\u00f3n saludable, aporta energ\u00eda prolongada y bienestar general. Caracter\u00edsticas y sabor De textura cremosa y sabor suave con un toque dulce natural, la Bebida de Avena 1L BIO Isola es perfecta para disfrutar en cualquier momento del d\u00eda. Formas de consumo Ideal para tomar sola, acompa\u00f1ar cereales, mezclar con caf\u00e9 o utilizar en reposter\u00eda y cocina saludable.","og_url":"https:\/\/mercatfrutal.com\/ca\/producte\/bebida-avena-1l-isola-bio\/","og_site_name":"Mercat Frutal","article_modified_time":"2026-04-10T07:32:36+00:00","og_image":[{"width":800,"height":800,"url":"https:\/\/mercatfrutal.com\/wp-content\/uploads\/2025\/09\/Bebida-Avena-1L-Iso.-BIO.webp","type":"image\/webp"}],"twitter_card":"summary_large_image","twitter_misc":{"Temps estimat de lectura":"1 minut"},"schema":{"@context":"https:\/\/schema.org","@graph":[{"@type":"WebPage","@id":"https:\/\/mercatfrutal.com\/producto\/bebida-avena-1l-isola-bio\/","url":"https:\/\/mercatfrutal.com\/producto\/bebida-avena-1l-isola-bio\/","name":"Bebida Avena 1L Isola BIO - Mercat Frutal","isPartOf":{"@id":"https:\/\/mercatfrutal.com\/#website"},"primaryImageOfPage":{"@id":"https:\/\/mercatfrutal.com\/producto\/bebida-avena-1l-isola-bio\/#primaryimage"},"image":{"@id":"https:\/\/mercatfrutal.com\/producto\/bebida-avena-1l-isola-bio\/#primaryimage"},"thumbnailUrl":"https:\/\/mercatfrutal.com\/wp-content\/uploads\/2025\/09\/Bebida-Avena-1L-Iso.-BIO.webp","datePublished":"2024-02-19T11:36:57+00:00","dateModified":"2026-04-10T07:32:36+00:00","breadcrumb":{"@id":"https:\/\/mercatfrutal.com\/producto\/bebida-avena-1l-isola-bio\/#breadcrumb"},"inLanguage":"ca","potentialAction":[{"@type":"ReadAction","target":["https:\/\/mercatfrutal.com\/producto\/bebida-avena-1l-isola-bio\/"]}]},{"@type":"ImageObject","inLanguage":"ca","@id":"https:\/\/mercatfrutal.com\/producto\/bebida-avena-1l-isola-bio\/#primaryimage","url":"https:\/\/mercatfrutal.com\/wp-content\/uploads\/2025\/09\/Bebida-Avena-1L-Iso.-BIO.webp","contentUrl":"https:\/\/mercatfrutal.com\/wp-content\/uploads\/2025\/09\/Bebida-Avena-1L-Iso.-BIO.webp","width":800,"height":800,"caption":"Bebida Avena 1L Isola BIO"},{"@type":"BreadcrumbList","@id":"https:\/\/mercatfrutal.com\/producto\/bebida-avena-1l-isola-bio\/#breadcrumb","itemListElement":[{"@type":"ListItem","position":1,"name":"Portada","item":"https:\/\/mercatfrutal.com\/"},{"@type":"ListItem","position":2,"name":"Tienda","item":"https:\/\/mercatfrutal.com\/tienda\/"},{"@type":"ListItem","position":3,"name":"Bebida Avena 1L Isola BIO"}]},{"@type":"WebSite","@id":"https:\/\/mercatfrutal.com\/#website","url":"https:\/\/mercatfrutal.com\/","name":"Mercat Frutal","description":"","publisher":{"@id":"https:\/\/mercatfrutal.com\/#organization"},"alternateName":"Mercat Frutal","potentialAction":[{"@type":"SearchAction","target":{"@type":"EntryPoint","urlTemplate":"https:\/\/mercatfrutal.com\/?s={search_term_string}"},"query-input":{"@type":"PropertyValueSpecification","valueRequired":true,"valueName":"search_term_string"}}],"inLanguage":"ca"},{"@type":"Organization","@id":"https:\/\/mercatfrutal.com\/#organization","name":"Mercat Frutal","url":"https:\/\/mercatfrutal.com\/","logo":{"@type":"ImageObject","inLanguage":"ca","@id":"https:\/\/mercatfrutal.com\/#\/schema\/logo\/image\/","url":"https:\/\/mercatfrutal.com\/wp-content\/uploads\/2024\/01\/LOGO-FRUTAL3.png","contentUrl":"https:\/\/mercatfrutal.com\/wp-content\/uploads\/2024\/01\/LOGO-FRUTAL3.png","width":1024,"height":382,"caption":"Mercat Frutal"},"image":{"@id":"https:\/\/mercatfrutal.com\/#\/schema\/logo\/image\/"}}]}},"jetpack_sharing_enabled":true,"_links":{"self":[{"href":"https:\/\/mercatfrutal.com\/ca\/wp-json\/wp\/v2\/product\/853","targetHints":{"allow":["GET"]}}],"collection":[{"href":"https:\/\/mercatfrutal.com\/ca\/wp-json\/wp\/v2\/product"}],"about":[{"href":"https:\/\/mercatfrutal.com\/ca\/wp-json\/wp\/v2\/types\/product"}],"replies":[{"embeddable":true,"href":"https:\/\/mercatfrutal.com\/ca\/wp-json\/wp\/v2\/comments?post=853"}],"wp:featuredmedia":[{"embeddable":true,"href":"https:\/\/mercatfrutal.com\/ca\/wp-json\/wp\/v2\/media\/9911"}],"wp:attachment":[{"href":"https:\/\/mercatfrutal.com\/ca\/wp-json\/wp\/v2\/media?parent=853"}],"wp:term":[{"taxonomy":"product_brand","embeddable":true,"href":"https:\/\/mercatfrutal.com\/ca\/wp-json\/wp\/v2\/product_brand?post=853"},{"taxonomy":"product_cat","embeddable":true,"href":"https:\/\/mercatfrutal.com\/ca\/wp-json\/wp\/v2\/product_cat?post=853"},{"taxonomy":"product_tag","embeddable":true,"href":"https:\/\/mercatfrutal.com\/ca\/wp-json\/wp\/v2\/product_tag?post=853"}],"curies":[{"name":"wp","href":"https:\/\/api.w.org\/{rel}","templated":true}]}}