{"id":858,"date":"2024-02-19T13:41:28","date_gmt":"2024-02-19T11:41:28","guid":{"rendered":"https:\/\/mercatfrutal.com\/producto\/cafe-capsulas-intenso-10un-eco\/"},"modified":"2026-01-14T14:11:58","modified_gmt":"2026-01-14T12:11:58","slug":"cafe-capsulas-intenso-10un-eco","status":"publish","type":"product","link":"https:\/\/mercatfrutal.com\/ca\/producte\/cafe-capsulas-intenso-10un-eco\/","title":{"rendered":"Caf\u00e8 C\u00e0psules Intens 10un ECO"},"content":{"rendered":"","protected":false},"excerpt":{"rendered":"<p class=\"translation-block\">Descobreix el car\u00e0cter profund del Caf\u00e8 C\u00e0psules Intens 10un ECO, un caf\u00e8 ecol\u00f2gic de sabor potent per als amants de les experi\u00e8ncies intenses.<\/p>\n<h2><b>Beneficis principals Caf\u00e8 C\u00e0psules Intens 10un ECO<\/b><\/h2>\n<p class=\"translation-block\">Gr\u00e0cies al seu contingut en cafe\u00efna natural i antioxidants, proporciona energia duradora, millora la concentraci\u00f3 i estimula el rendiment f\u00edsic i mental.<\/p>\n<h2><b>Caracter\u00edstiques i sabor<\/b><\/h2>\n<p><span style=\"font-weight: 400\">De textura cremosa i sabor intens amb notes amargues, \u00e9s perfecte per a qui busca un impuls d\u2019energia a cada glop.<\/span><\/p>\n<h2><b>Formes de consum<\/b><\/h2>\n<p class=\"translation-block\">Ideal per prendre sol com a espresso, o b\u00e9 combinar amb llet o preparar begudes tipus tallat o cappuccino.<\/p>","protected":false},"featured_media":9926,"comment_status":"open","ping_status":"closed","template":"","meta":{"content-type":""},"product_brand":[],"product_cat":[230],"product_tag":[],"class_list":{"0":"post-858","1":"product","2":"type-product","3":"status-publish","4":"has-post-thumbnail","6":"product_cat-cafe","7":"has-subscription-plans","9":"first","10":"instock","11":"taxable","12":"shipping-taxable","13":"purchasable","14":"product-type-simple"},"bundled_by":[],"bundle_stock_status":"instock","bundle_stock_quantity":23,"bundle_virtual":false,"bundle_layout":"","bundle_add_to_cart_form_location":"","bundle_editable_in_cart":false,"bundle_sold_individually_context":"","bundle_item_grouping":"","bundle_min_size":"","bundle_max_size":"","bundle_price":[],"bundled_items":[],"bundle_sell_ids":[],"yoast_head":"<!-- This site is optimized with the Yoast SEO plugin v27.2 - https:\/\/yoast.com\/product\/yoast-seo-wordpress\/ -->\n<title>Cafe C\u00e1psulas Intenso 10un ECO - Mercat Frutal<\/title>\n<meta name=\"robots\" content=\"index, follow, max-snippet:-1, max-image-preview:large, max-video-preview:-1\" \/>\n<link rel=\"canonical\" href=\"https:\/\/mercatfrutal.com\/ca\/producte\/cafe-capsulas-intenso-10un-eco\/\" \/>\n<meta property=\"og:locale\" content=\"ca_ES\" \/>\n<meta property=\"og:type\" content=\"article\" \/>\n<meta property=\"og:title\" content=\"Cafe C\u00e1psulas Intenso 10un ECO - Mercat Frutal\" \/>\n<meta property=\"og:description\" content=\"Descubre el car\u00e1cter profundo del Caf\u00e9 C\u00e1psulas Intenso 10un ECO, un caf\u00e9 ecol\u00f3gico de sabor potente para los amantes de las experiencias intensas. Beneficios principales Caf\u00e9 C\u00e1psulas Intenso 10un ECO Gracias a su contenido en cafe\u00edna natural y antioxidantes, el Caf\u00e9 C\u00e1psulas Intenso 10un ECO proporciona energ\u00eda duradera, mejora la concentraci\u00f3n y estimula el rendimiento f\u00edsico y mental. Caracter\u00edsticas y sabor De textura cremosa y sabor intenso con notas amargas, es una bebida perfecta para quienes buscan un impulso de energ\u00eda con cada sorbo. Formas de consumo El Caf\u00e9 C\u00e1psulas Intenso 10un ECO es ideal para tomar solo como espresso, o bien combinar con leche o preparar bebidas tipo cortado o cappuccino.\" \/>\n<meta property=\"og:url\" content=\"https:\/\/mercatfrutal.com\/ca\/producte\/cafe-capsulas-intenso-10un-eco\/\" \/>\n<meta property=\"og:site_name\" content=\"Mercat Frutal\" \/>\n<meta property=\"article:modified_time\" content=\"2026-01-14T12:11:58+00:00\" \/>\n<meta property=\"og:image\" content=\"https:\/\/mercatfrutal.com\/wp-content\/uploads\/2025\/09\/Cafe-Capsulas-Intenso-10un-ECO.webp\" \/>\n\t<meta property=\"og:image:width\" content=\"800\" \/>\n\t<meta property=\"og:image:height\" content=\"800\" \/>\n\t<meta property=\"og:image:type\" content=\"image\/webp\" \/>\n<meta name=\"twitter:card\" content=\"summary_large_image\" \/>\n<meta name=\"twitter:label1\" content=\"Temps estimat de lectura\" \/>\n\t<meta name=\"twitter:data1\" content=\"1 minut\" \/>\n<script type=\"application\/ld+json\" class=\"yoast-schema-graph\">{\"@context\":\"https:\/\/schema.org\",\"@graph\":[{\"@type\":\"WebPage\",\"@id\":\"https:\/\/mercatfrutal.com\/producto\/cafe-capsulas-intenso-10un-eco\/\",\"url\":\"https:\/\/mercatfrutal.com\/producto\/cafe-capsulas-intenso-10un-eco\/\",\"name\":\"Cafe C\u00e1psulas Intenso 10un ECO - Mercat Frutal\",\"isPartOf\":{\"@id\":\"https:\/\/mercatfrutal.com\/#website\"},\"primaryImageOfPage\":{\"@id\":\"https:\/\/mercatfrutal.com\/producto\/cafe-capsulas-intenso-10un-eco\/#primaryimage\"},\"image\":{\"@id\":\"https:\/\/mercatfrutal.com\/producto\/cafe-capsulas-intenso-10un-eco\/#primaryimage\"},\"thumbnailUrl\":\"https:\/\/mercatfrutal.com\/wp-content\/uploads\/2025\/09\/Cafe-Capsulas-Intenso-10un-ECO.webp\",\"datePublished\":\"2024-02-19T11:41:28+00:00\",\"dateModified\":\"2026-01-14T12:11:58+00:00\",\"breadcrumb\":{\"@id\":\"https:\/\/mercatfrutal.com\/producto\/cafe-capsulas-intenso-10un-eco\/#breadcrumb\"},\"inLanguage\":\"ca\",\"potentialAction\":[{\"@type\":\"ReadAction\",\"target\":[\"https:\/\/mercatfrutal.com\/producto\/cafe-capsulas-intenso-10un-eco\/\"]}]},{\"@type\":\"ImageObject\",\"inLanguage\":\"ca\",\"@id\":\"https:\/\/mercatfrutal.com\/producto\/cafe-capsulas-intenso-10un-eco\/#primaryimage\",\"url\":\"https:\/\/mercatfrutal.com\/wp-content\/uploads\/2025\/09\/Cafe-Capsulas-Intenso-10un-ECO.webp\",\"contentUrl\":\"https:\/\/mercatfrutal.com\/wp-content\/uploads\/2025\/09\/Cafe-Capsulas-Intenso-10un-ECO.webp\",\"width\":800,\"height\":800,\"caption\":\"Cafe C\u00e1psulas Intenso 10un ECO\"},{\"@type\":\"BreadcrumbList\",\"@id\":\"https:\/\/mercatfrutal.com\/producto\/cafe-capsulas-intenso-10un-eco\/#breadcrumb\",\"itemListElement\":[{\"@type\":\"ListItem\",\"position\":1,\"name\":\"Portada\",\"item\":\"https:\/\/mercatfrutal.com\/\"},{\"@type\":\"ListItem\",\"position\":2,\"name\":\"Tienda\",\"item\":\"https:\/\/mercatfrutal.com\/tienda\/\"},{\"@type\":\"ListItem\",\"position\":3,\"name\":\"Cafe C\u00e1psulas Intenso 10un ECO\"}]},{\"@type\":\"WebSite\",\"@id\":\"https:\/\/mercatfrutal.com\/#website\",\"url\":\"https:\/\/mercatfrutal.com\/\",\"name\":\"Mercat Frutal\",\"description\":\"\",\"publisher\":{\"@id\":\"https:\/\/mercatfrutal.com\/#organization\"},\"alternateName\":\"Mercat Frutal\",\"potentialAction\":[{\"@type\":\"SearchAction\",\"target\":{\"@type\":\"EntryPoint\",\"urlTemplate\":\"https:\/\/mercatfrutal.com\/?s={search_term_string}\"},\"query-input\":{\"@type\":\"PropertyValueSpecification\",\"valueRequired\":true,\"valueName\":\"search_term_string\"}}],\"inLanguage\":\"ca\"},{\"@type\":\"Organization\",\"@id\":\"https:\/\/mercatfrutal.com\/#organization\",\"name\":\"Mercat Frutal\",\"url\":\"https:\/\/mercatfrutal.com\/\",\"logo\":{\"@type\":\"ImageObject\",\"inLanguage\":\"ca\",\"@id\":\"https:\/\/mercatfrutal.com\/#\/schema\/logo\/image\/\",\"url\":\"https:\/\/mercatfrutal.com\/wp-content\/uploads\/2024\/01\/LOGO-FRUTAL3.png\",\"contentUrl\":\"https:\/\/mercatfrutal.com\/wp-content\/uploads\/2024\/01\/LOGO-FRUTAL3.png\",\"width\":1024,\"height\":382,\"caption\":\"Mercat Frutal\"},\"image\":{\"@id\":\"https:\/\/mercatfrutal.com\/#\/schema\/logo\/image\/\"}}]}<\/script>\n<!-- \/ Yoast SEO plugin. -->","yoast_head_json":{"title":"Cafe C\u00e1psulas Intenso 10un ECO - Mercat Frutal","robots":{"index":"index","follow":"follow","max-snippet":"max-snippet:-1","max-image-preview":"max-image-preview:large","max-video-preview":"max-video-preview:-1"},"canonical":"https:\/\/mercatfrutal.com\/ca\/producte\/cafe-capsulas-intenso-10un-eco\/","og_locale":"ca_ES","og_type":"article","og_title":"Cafe C\u00e1psulas Intenso 10un ECO - Mercat Frutal","og_description":"Descubre el car\u00e1cter profundo del Caf\u00e9 C\u00e1psulas Intenso 10un ECO, un caf\u00e9 ecol\u00f3gico de sabor potente para los amantes de las experiencias intensas. Beneficios principales Caf\u00e9 C\u00e1psulas Intenso 10un ECO Gracias a su contenido en cafe\u00edna natural y antioxidantes, el Caf\u00e9 C\u00e1psulas Intenso 10un ECO proporciona energ\u00eda duradera, mejora la concentraci\u00f3n y estimula el rendimiento f\u00edsico y mental. Caracter\u00edsticas y sabor De textura cremosa y sabor intenso con notas amargas, es una bebida perfecta para quienes buscan un impulso de energ\u00eda con cada sorbo. Formas de consumo El Caf\u00e9 C\u00e1psulas Intenso 10un ECO es ideal para tomar solo como espresso, o bien combinar con leche o preparar bebidas tipo cortado o cappuccino.","og_url":"https:\/\/mercatfrutal.com\/ca\/producte\/cafe-capsulas-intenso-10un-eco\/","og_site_name":"Mercat Frutal","article_modified_time":"2026-01-14T12:11:58+00:00","og_image":[{"width":800,"height":800,"url":"https:\/\/mercatfrutal.com\/wp-content\/uploads\/2025\/09\/Cafe-Capsulas-Intenso-10un-ECO.webp","type":"image\/webp"}],"twitter_card":"summary_large_image","twitter_misc":{"Temps estimat de lectura":"1 minut"},"schema":{"@context":"https:\/\/schema.org","@graph":[{"@type":"WebPage","@id":"https:\/\/mercatfrutal.com\/producto\/cafe-capsulas-intenso-10un-eco\/","url":"https:\/\/mercatfrutal.com\/producto\/cafe-capsulas-intenso-10un-eco\/","name":"Cafe C\u00e1psulas Intenso 10un ECO - Mercat Frutal","isPartOf":{"@id":"https:\/\/mercatfrutal.com\/#website"},"primaryImageOfPage":{"@id":"https:\/\/mercatfrutal.com\/producto\/cafe-capsulas-intenso-10un-eco\/#primaryimage"},"image":{"@id":"https:\/\/mercatfrutal.com\/producto\/cafe-capsulas-intenso-10un-eco\/#primaryimage"},"thumbnailUrl":"https:\/\/mercatfrutal.com\/wp-content\/uploads\/2025\/09\/Cafe-Capsulas-Intenso-10un-ECO.webp","datePublished":"2024-02-19T11:41:28+00:00","dateModified":"2026-01-14T12:11:58+00:00","breadcrumb":{"@id":"https:\/\/mercatfrutal.com\/producto\/cafe-capsulas-intenso-10un-eco\/#breadcrumb"},"inLanguage":"ca","potentialAction":[{"@type":"ReadAction","target":["https:\/\/mercatfrutal.com\/producto\/cafe-capsulas-intenso-10un-eco\/"]}]},{"@type":"ImageObject","inLanguage":"ca","@id":"https:\/\/mercatfrutal.com\/producto\/cafe-capsulas-intenso-10un-eco\/#primaryimage","url":"https:\/\/mercatfrutal.com\/wp-content\/uploads\/2025\/09\/Cafe-Capsulas-Intenso-10un-ECO.webp","contentUrl":"https:\/\/mercatfrutal.com\/wp-content\/uploads\/2025\/09\/Cafe-Capsulas-Intenso-10un-ECO.webp","width":800,"height":800,"caption":"Cafe C\u00e1psulas Intenso 10un ECO"},{"@type":"BreadcrumbList","@id":"https:\/\/mercatfrutal.com\/producto\/cafe-capsulas-intenso-10un-eco\/#breadcrumb","itemListElement":[{"@type":"ListItem","position":1,"name":"Portada","item":"https:\/\/mercatfrutal.com\/"},{"@type":"ListItem","position":2,"name":"Tienda","item":"https:\/\/mercatfrutal.com\/tienda\/"},{"@type":"ListItem","position":3,"name":"Cafe C\u00e1psulas Intenso 10un ECO"}]},{"@type":"WebSite","@id":"https:\/\/mercatfrutal.com\/#website","url":"https:\/\/mercatfrutal.com\/","name":"Mercat Frutal","description":"","publisher":{"@id":"https:\/\/mercatfrutal.com\/#organization"},"alternateName":"Mercat Frutal","potentialAction":[{"@type":"SearchAction","target":{"@type":"EntryPoint","urlTemplate":"https:\/\/mercatfrutal.com\/?s={search_term_string}"},"query-input":{"@type":"PropertyValueSpecification","valueRequired":true,"valueName":"search_term_string"}}],"inLanguage":"ca"},{"@type":"Organization","@id":"https:\/\/mercatfrutal.com\/#organization","name":"Mercat Frutal","url":"https:\/\/mercatfrutal.com\/","logo":{"@type":"ImageObject","inLanguage":"ca","@id":"https:\/\/mercatfrutal.com\/#\/schema\/logo\/image\/","url":"https:\/\/mercatfrutal.com\/wp-content\/uploads\/2024\/01\/LOGO-FRUTAL3.png","contentUrl":"https:\/\/mercatfrutal.com\/wp-content\/uploads\/2024\/01\/LOGO-FRUTAL3.png","width":1024,"height":382,"caption":"Mercat Frutal"},"image":{"@id":"https:\/\/mercatfrutal.com\/#\/schema\/logo\/image\/"}}]}},"jetpack_sharing_enabled":true,"_links":{"self":[{"href":"https:\/\/mercatfrutal.com\/ca\/wp-json\/wp\/v2\/product\/858","targetHints":{"allow":["GET"]}}],"collection":[{"href":"https:\/\/mercatfrutal.com\/ca\/wp-json\/wp\/v2\/product"}],"about":[{"href":"https:\/\/mercatfrutal.com\/ca\/wp-json\/wp\/v2\/types\/product"}],"replies":[{"embeddable":true,"href":"https:\/\/mercatfrutal.com\/ca\/wp-json\/wp\/v2\/comments?post=858"}],"wp:featuredmedia":[{"embeddable":true,"href":"https:\/\/mercatfrutal.com\/ca\/wp-json\/wp\/v2\/media\/9926"}],"wp:attachment":[{"href":"https:\/\/mercatfrutal.com\/ca\/wp-json\/wp\/v2\/media?parent=858"}],"wp:term":[{"taxonomy":"product_brand","embeddable":true,"href":"https:\/\/mercatfrutal.com\/ca\/wp-json\/wp\/v2\/product_brand?post=858"},{"taxonomy":"product_cat","embeddable":true,"href":"https:\/\/mercatfrutal.com\/ca\/wp-json\/wp\/v2\/product_cat?post=858"},{"taxonomy":"product_tag","embeddable":true,"href":"https:\/\/mercatfrutal.com\/ca\/wp-json\/wp\/v2\/product_tag?post=858"}],"curies":[{"name":"wp","href":"https:\/\/api.w.org\/{rel}","templated":true}]}}