{"id":861,"date":"2024-02-19T13:41:37","date_gmt":"2024-02-19T11:41:37","guid":{"rendered":"https:\/\/mercatfrutal.com\/producto\/infusion-keep-calm-20un-bio\/"},"modified":"2025-11-28T16:22:51","modified_gmt":"2025-11-28T14:22:51","slug":"infusion-keep-calm-20un-bio","status":"publish","type":"product","link":"https:\/\/mercatfrutal.com\/ca\/producte\/infusion-keep-calm-20un-bio\/","title":{"rendered":"Infusi\u00f3 Keep Calm 20un BIO"},"content":{"rendered":"","protected":false},"excerpt":{"rendered":"<p class=\"translation-block\">L\u2019Infusi\u00f3 Keep Calm 20un BIO \u00e9s una barreja ecol\u00f2gica de plantes que afavoreix la calma i ajuda a reduir l\u2019estr\u00e8s diari.<\/p>\n<h2><b>Beneficis principals Infusi\u00f3 Keep Calm 20un BIO<\/b><\/h2>\n<p class=\"translation-block\">Gr\u00e0cies al seu contingut en camamilla, menta i til\u00b7la, aporta tranquil\u00b7litat, alleuja la tensi\u00f3 i promou el benestar emocional.<\/p>\n<h2><b>Caracter\u00edstiques i sabor<\/b><\/h2>\n<p><span style=\"font-weight: 400\">De textura suau i sabor herbal amb notes refrescants, \u00e9s perfecta per a qui busca relaxar-se de manera natural.<\/span><\/p>\n<h2><b>Formes de consum<\/b><\/h2>\n<p class=\"translation-block\">Ideal per prendre a la tarda o al vespre, sola o amb unes gotes de llimona.<\/p>","protected":false},"featured_media":9933,"comment_status":"open","ping_status":"closed","template":"","meta":{"content-type":""},"product_brand":[],"product_cat":[231],"product_tag":[],"class_list":{"0":"post-861","1":"product","2":"type-product","3":"status-publish","4":"has-post-thumbnail","6":"product_cat-infusiones-y-tes","7":"has-subscription-plans","9":"first","10":"instock","11":"taxable","12":"shipping-taxable","13":"purchasable","14":"product-type-simple"},"bundled_by":[],"bundle_stock_status":"instock","bundle_stock_quantity":10,"bundle_virtual":false,"bundle_layout":"","bundle_add_to_cart_form_location":"","bundle_editable_in_cart":false,"bundle_sold_individually_context":"","bundle_item_grouping":"","bundle_min_size":"","bundle_max_size":"","bundle_price":[],"bundled_items":[],"bundle_sell_ids":[],"yoast_head":"<!-- This site is optimized with the Yoast SEO plugin v27.2 - https:\/\/yoast.com\/product\/yoast-seo-wordpress\/ -->\n<title>Infusi\u00f3n Keep Calm 20un BIO - Mercat Frutal<\/title>\n<meta name=\"robots\" content=\"index, follow, max-snippet:-1, max-image-preview:large, max-video-preview:-1\" \/>\n<link rel=\"canonical\" href=\"https:\/\/mercatfrutal.com\/ca\/producte\/infusion-keep-calm-20un-bio\/\" \/>\n<meta property=\"og:locale\" content=\"ca_ES\" \/>\n<meta property=\"og:type\" content=\"article\" \/>\n<meta property=\"og:title\" content=\"Infusi\u00f3n Keep Calm 20un BIO - Mercat Frutal\" \/>\n<meta property=\"og:description\" content=\"La Infusi\u00f3n Keep Calm 20un BIO es una mezcla ecol\u00f3gica de plantas que favorece la calma y ayuda a reducir el estr\u00e9s del d\u00eda a d\u00eda. Beneficios principales Infusi\u00f3n Keep Calm 20un BIO Gracias a su contenido en manzanilla, menta y tila, la Infusi\u00f3n Keep Calm 20un BIO aporta tranquilidad, alivia la tensi\u00f3n y promueve el bienestar emocional. Caracter\u00edsticas y sabor De textura suave y sabor herbal con notas refrescantes, es una bebida perfecta para quienes buscan relajarse de forma natural. Formas de consumo La Infusi\u00f3n Keep Calm 20un BIO es ideal para tomar por la tarde o noche, sola o con unas gotas de lim\u00f3n.\" \/>\n<meta property=\"og:url\" content=\"https:\/\/mercatfrutal.com\/ca\/producte\/infusion-keep-calm-20un-bio\/\" \/>\n<meta property=\"og:site_name\" content=\"Mercat Frutal\" \/>\n<meta property=\"article:modified_time\" content=\"2025-11-28T14:22:51+00:00\" \/>\n<meta property=\"og:image\" content=\"https:\/\/mercatfrutal.com\/wp-content\/uploads\/2025\/09\/Infusion-Keep-Calm-20un-BIO.webp\" \/>\n\t<meta property=\"og:image:width\" content=\"800\" \/>\n\t<meta property=\"og:image:height\" content=\"800\" \/>\n\t<meta property=\"og:image:type\" content=\"image\/webp\" \/>\n<meta name=\"twitter:card\" content=\"summary_large_image\" \/>\n<meta name=\"twitter:label1\" content=\"Temps estimat de lectura\" \/>\n\t<meta name=\"twitter:data1\" content=\"1 minut\" \/>\n<script type=\"application\/ld+json\" class=\"yoast-schema-graph\">{\"@context\":\"https:\/\/schema.org\",\"@graph\":[{\"@type\":\"WebPage\",\"@id\":\"https:\/\/mercatfrutal.com\/producto\/infusion-keep-calm-20un-bio\/\",\"url\":\"https:\/\/mercatfrutal.com\/producto\/infusion-keep-calm-20un-bio\/\",\"name\":\"Infusi\u00f3n Keep Calm 20un BIO - Mercat Frutal\",\"isPartOf\":{\"@id\":\"https:\/\/mercatfrutal.com\/#website\"},\"primaryImageOfPage\":{\"@id\":\"https:\/\/mercatfrutal.com\/producto\/infusion-keep-calm-20un-bio\/#primaryimage\"},\"image\":{\"@id\":\"https:\/\/mercatfrutal.com\/producto\/infusion-keep-calm-20un-bio\/#primaryimage\"},\"thumbnailUrl\":\"https:\/\/mercatfrutal.com\/wp-content\/uploads\/2025\/09\/Infusion-Keep-Calm-20un-BIO.webp\",\"datePublished\":\"2024-02-19T11:41:37+00:00\",\"dateModified\":\"2025-11-28T14:22:51+00:00\",\"breadcrumb\":{\"@id\":\"https:\/\/mercatfrutal.com\/producto\/infusion-keep-calm-20un-bio\/#breadcrumb\"},\"inLanguage\":\"ca\",\"potentialAction\":[{\"@type\":\"ReadAction\",\"target\":[\"https:\/\/mercatfrutal.com\/producto\/infusion-keep-calm-20un-bio\/\"]}]},{\"@type\":\"ImageObject\",\"inLanguage\":\"ca\",\"@id\":\"https:\/\/mercatfrutal.com\/producto\/infusion-keep-calm-20un-bio\/#primaryimage\",\"url\":\"https:\/\/mercatfrutal.com\/wp-content\/uploads\/2025\/09\/Infusion-Keep-Calm-20un-BIO.webp\",\"contentUrl\":\"https:\/\/mercatfrutal.com\/wp-content\/uploads\/2025\/09\/Infusion-Keep-Calm-20un-BIO.webp\",\"width\":800,\"height\":800,\"caption\":\"Infusi\u00f3n Keep Calm 20un BIO\"},{\"@type\":\"BreadcrumbList\",\"@id\":\"https:\/\/mercatfrutal.com\/producto\/infusion-keep-calm-20un-bio\/#breadcrumb\",\"itemListElement\":[{\"@type\":\"ListItem\",\"position\":1,\"name\":\"Portada\",\"item\":\"https:\/\/mercatfrutal.com\/\"},{\"@type\":\"ListItem\",\"position\":2,\"name\":\"Tienda\",\"item\":\"https:\/\/mercatfrutal.com\/tienda\/\"},{\"@type\":\"ListItem\",\"position\":3,\"name\":\"Infusi\u00f3n Keep Calm 20un BIO\"}]},{\"@type\":\"WebSite\",\"@id\":\"https:\/\/mercatfrutal.com\/#website\",\"url\":\"https:\/\/mercatfrutal.com\/\",\"name\":\"Mercat Frutal\",\"description\":\"\",\"publisher\":{\"@id\":\"https:\/\/mercatfrutal.com\/#organization\"},\"alternateName\":\"Mercat Frutal\",\"potentialAction\":[{\"@type\":\"SearchAction\",\"target\":{\"@type\":\"EntryPoint\",\"urlTemplate\":\"https:\/\/mercatfrutal.com\/?s={search_term_string}\"},\"query-input\":{\"@type\":\"PropertyValueSpecification\",\"valueRequired\":true,\"valueName\":\"search_term_string\"}}],\"inLanguage\":\"ca\"},{\"@type\":\"Organization\",\"@id\":\"https:\/\/mercatfrutal.com\/#organization\",\"name\":\"Mercat Frutal\",\"url\":\"https:\/\/mercatfrutal.com\/\",\"logo\":{\"@type\":\"ImageObject\",\"inLanguage\":\"ca\",\"@id\":\"https:\/\/mercatfrutal.com\/#\/schema\/logo\/image\/\",\"url\":\"https:\/\/mercatfrutal.com\/wp-content\/uploads\/2024\/01\/LOGO-FRUTAL3.png\",\"contentUrl\":\"https:\/\/mercatfrutal.com\/wp-content\/uploads\/2024\/01\/LOGO-FRUTAL3.png\",\"width\":1024,\"height\":382,\"caption\":\"Mercat Frutal\"},\"image\":{\"@id\":\"https:\/\/mercatfrutal.com\/#\/schema\/logo\/image\/\"}}]}<\/script>\n<!-- \/ Yoast SEO plugin. -->","yoast_head_json":{"title":"Infusi\u00f3n Keep Calm 20un BIO - Mercat Frutal","robots":{"index":"index","follow":"follow","max-snippet":"max-snippet:-1","max-image-preview":"max-image-preview:large","max-video-preview":"max-video-preview:-1"},"canonical":"https:\/\/mercatfrutal.com\/ca\/producte\/infusion-keep-calm-20un-bio\/","og_locale":"ca_ES","og_type":"article","og_title":"Infusi\u00f3n Keep Calm 20un BIO - Mercat Frutal","og_description":"La Infusi\u00f3n Keep Calm 20un BIO es una mezcla ecol\u00f3gica de plantas que favorece la calma y ayuda a reducir el estr\u00e9s del d\u00eda a d\u00eda. Beneficios principales Infusi\u00f3n Keep Calm 20un BIO Gracias a su contenido en manzanilla, menta y tila, la Infusi\u00f3n Keep Calm 20un BIO aporta tranquilidad, alivia la tensi\u00f3n y promueve el bienestar emocional. Caracter\u00edsticas y sabor De textura suave y sabor herbal con notas refrescantes, es una bebida perfecta para quienes buscan relajarse de forma natural. Formas de consumo La Infusi\u00f3n Keep Calm 20un BIO es ideal para tomar por la tarde o noche, sola o con unas gotas de lim\u00f3n.","og_url":"https:\/\/mercatfrutal.com\/ca\/producte\/infusion-keep-calm-20un-bio\/","og_site_name":"Mercat Frutal","article_modified_time":"2025-11-28T14:22:51+00:00","og_image":[{"width":800,"height":800,"url":"https:\/\/mercatfrutal.com\/wp-content\/uploads\/2025\/09\/Infusion-Keep-Calm-20un-BIO.webp","type":"image\/webp"}],"twitter_card":"summary_large_image","twitter_misc":{"Temps estimat de lectura":"1 minut"},"schema":{"@context":"https:\/\/schema.org","@graph":[{"@type":"WebPage","@id":"https:\/\/mercatfrutal.com\/producto\/infusion-keep-calm-20un-bio\/","url":"https:\/\/mercatfrutal.com\/producto\/infusion-keep-calm-20un-bio\/","name":"Infusi\u00f3n Keep Calm 20un BIO - Mercat Frutal","isPartOf":{"@id":"https:\/\/mercatfrutal.com\/#website"},"primaryImageOfPage":{"@id":"https:\/\/mercatfrutal.com\/producto\/infusion-keep-calm-20un-bio\/#primaryimage"},"image":{"@id":"https:\/\/mercatfrutal.com\/producto\/infusion-keep-calm-20un-bio\/#primaryimage"},"thumbnailUrl":"https:\/\/mercatfrutal.com\/wp-content\/uploads\/2025\/09\/Infusion-Keep-Calm-20un-BIO.webp","datePublished":"2024-02-19T11:41:37+00:00","dateModified":"2025-11-28T14:22:51+00:00","breadcrumb":{"@id":"https:\/\/mercatfrutal.com\/producto\/infusion-keep-calm-20un-bio\/#breadcrumb"},"inLanguage":"ca","potentialAction":[{"@type":"ReadAction","target":["https:\/\/mercatfrutal.com\/producto\/infusion-keep-calm-20un-bio\/"]}]},{"@type":"ImageObject","inLanguage":"ca","@id":"https:\/\/mercatfrutal.com\/producto\/infusion-keep-calm-20un-bio\/#primaryimage","url":"https:\/\/mercatfrutal.com\/wp-content\/uploads\/2025\/09\/Infusion-Keep-Calm-20un-BIO.webp","contentUrl":"https:\/\/mercatfrutal.com\/wp-content\/uploads\/2025\/09\/Infusion-Keep-Calm-20un-BIO.webp","width":800,"height":800,"caption":"Infusi\u00f3n Keep Calm 20un BIO"},{"@type":"BreadcrumbList","@id":"https:\/\/mercatfrutal.com\/producto\/infusion-keep-calm-20un-bio\/#breadcrumb","itemListElement":[{"@type":"ListItem","position":1,"name":"Portada","item":"https:\/\/mercatfrutal.com\/"},{"@type":"ListItem","position":2,"name":"Tienda","item":"https:\/\/mercatfrutal.com\/tienda\/"},{"@type":"ListItem","position":3,"name":"Infusi\u00f3n Keep Calm 20un BIO"}]},{"@type":"WebSite","@id":"https:\/\/mercatfrutal.com\/#website","url":"https:\/\/mercatfrutal.com\/","name":"Mercat Frutal","description":"","publisher":{"@id":"https:\/\/mercatfrutal.com\/#organization"},"alternateName":"Mercat Frutal","potentialAction":[{"@type":"SearchAction","target":{"@type":"EntryPoint","urlTemplate":"https:\/\/mercatfrutal.com\/?s={search_term_string}"},"query-input":{"@type":"PropertyValueSpecification","valueRequired":true,"valueName":"search_term_string"}}],"inLanguage":"ca"},{"@type":"Organization","@id":"https:\/\/mercatfrutal.com\/#organization","name":"Mercat Frutal","url":"https:\/\/mercatfrutal.com\/","logo":{"@type":"ImageObject","inLanguage":"ca","@id":"https:\/\/mercatfrutal.com\/#\/schema\/logo\/image\/","url":"https:\/\/mercatfrutal.com\/wp-content\/uploads\/2024\/01\/LOGO-FRUTAL3.png","contentUrl":"https:\/\/mercatfrutal.com\/wp-content\/uploads\/2024\/01\/LOGO-FRUTAL3.png","width":1024,"height":382,"caption":"Mercat Frutal"},"image":{"@id":"https:\/\/mercatfrutal.com\/#\/schema\/logo\/image\/"}}]}},"jetpack_sharing_enabled":true,"_links":{"self":[{"href":"https:\/\/mercatfrutal.com\/ca\/wp-json\/wp\/v2\/product\/861","targetHints":{"allow":["GET"]}}],"collection":[{"href":"https:\/\/mercatfrutal.com\/ca\/wp-json\/wp\/v2\/product"}],"about":[{"href":"https:\/\/mercatfrutal.com\/ca\/wp-json\/wp\/v2\/types\/product"}],"replies":[{"embeddable":true,"href":"https:\/\/mercatfrutal.com\/ca\/wp-json\/wp\/v2\/comments?post=861"}],"wp:featuredmedia":[{"embeddable":true,"href":"https:\/\/mercatfrutal.com\/ca\/wp-json\/wp\/v2\/media\/9933"}],"wp:attachment":[{"href":"https:\/\/mercatfrutal.com\/ca\/wp-json\/wp\/v2\/media?parent=861"}],"wp:term":[{"taxonomy":"product_brand","embeddable":true,"href":"https:\/\/mercatfrutal.com\/ca\/wp-json\/wp\/v2\/product_brand?post=861"},{"taxonomy":"product_cat","embeddable":true,"href":"https:\/\/mercatfrutal.com\/ca\/wp-json\/wp\/v2\/product_cat?post=861"},{"taxonomy":"product_tag","embeddable":true,"href":"https:\/\/mercatfrutal.com\/ca\/wp-json\/wp\/v2\/product_tag?post=861"}],"curies":[{"name":"wp","href":"https:\/\/api.w.org\/{rel}","templated":true}]}}