{"id":863,"date":"2024-02-19T13:41:43","date_gmt":"2024-02-19T11:41:43","guid":{"rendered":"https:\/\/mercatfrutal.com\/producto\/te-negro-earl-gray-20un-bio\/"},"modified":"2026-01-29T13:27:29","modified_gmt":"2026-01-29T11:27:29","slug":"te-negro-earl-gray-20un-bio","status":"publish","type":"product","link":"https:\/\/mercatfrutal.com\/ca\/producte\/te-negro-earl-gray-20un-bio\/","title":{"rendered":"T\u00e8 Negre Earl Gray 20un BIO"},"content":{"rendered":"","protected":false},"excerpt":{"rendered":"<p class=\"translation-block\">El Te Negre Earl Grey 20un BIO combina el cos del te negre amb l\u2019ess\u00e8ncia c\u00edtrica de la bergamota per a una experi\u00e8ncia elegant.<\/p>\n<h2><b>Beneficis principals Te Negre Earl Grey 20un BIO<\/b><\/h2>\n<p class=\"translation-block\">Gr\u00e0cies al seu contingut en te\u00efna i antioxidants, estimula la concentraci\u00f3 i aporta energia sostinguda.<\/p>\n<h2><b>Caracter\u00edstiques i sabor<\/b><\/h2>\n<p><span style=\"font-weight: 400\">De textura intensa i sabor c\u00edtric i floral, \u00e9s perfecte per a qui busca sofisticaci\u00f3 i vitalitat.<\/span><\/p>\n<h2><b>Formes de consum<\/b><\/h2>\n<p class=\"translation-block\">Ideal per prendre sol, amb llet o amb un toc de llimona.<\/p>","protected":false},"featured_media":9938,"comment_status":"open","ping_status":"closed","template":"","meta":{"content-type":""},"product_brand":[],"product_cat":[231],"product_tag":[],"class_list":{"0":"post-863","1":"product","2":"type-product","3":"status-publish","4":"has-post-thumbnail","6":"product_cat-infusiones-y-tes","7":"has-subscription-plans","9":"first","10":"instock","11":"taxable","12":"shipping-taxable","13":"purchasable","14":"product-type-simple"},"bundled_by":[],"bundle_stock_status":"instock","bundle_stock_quantity":null,"bundle_virtual":false,"bundle_layout":"","bundle_add_to_cart_form_location":"","bundle_editable_in_cart":false,"bundle_sold_individually_context":"","bundle_item_grouping":"","bundle_min_size":"","bundle_max_size":"","bundle_price":[],"bundled_items":[],"bundle_sell_ids":[],"yoast_head":"<!-- This site is optimized with the Yoast SEO plugin v27.2 - https:\/\/yoast.com\/product\/yoast-seo-wordpress\/ -->\n<title>T\u00e9 Negro Earl Gray 20un BIO - Mercat Frutal<\/title>\n<meta name=\"robots\" content=\"index, follow, max-snippet:-1, max-image-preview:large, max-video-preview:-1\" \/>\n<link rel=\"canonical\" href=\"https:\/\/mercatfrutal.com\/ca\/producte\/te-negro-earl-gray-20un-bio\/\" \/>\n<meta property=\"og:locale\" content=\"ca_ES\" \/>\n<meta property=\"og:type\" content=\"article\" \/>\n<meta property=\"og:title\" content=\"T\u00e9 Negro Earl Gray 20un BIO - Mercat Frutal\" \/>\n<meta property=\"og:description\" content=\"El T\u00e9 Negro Earl Grey 20un BIO combina el cuerpo del t\u00e9 negro con la esencia c\u00edtrica de la bergamota para una experiencia elegante. Beneficios principales T\u00e9 Negro Earl Grey 20un BIO Gracias a su contenido en te\u00edna y antioxidantes, el T\u00e9 Negro Earl Grey 20un BIO estimula la concentraci\u00f3n y aporta energ\u00eda sostenida. Caracter\u00edsticas y sabor De textura intensa y sabor c\u00edtrico y floral, es una bebida perfecta para quienes buscan sofisticaci\u00f3n y vitalidad. Formas de consumo El T\u00e9 Negro Earl Grey 20un BIO es ideal para tomar solo, con leche o con un toque de lim\u00f3n.\" \/>\n<meta property=\"og:url\" content=\"https:\/\/mercatfrutal.com\/ca\/producte\/te-negro-earl-gray-20un-bio\/\" \/>\n<meta property=\"og:site_name\" content=\"Mercat Frutal\" \/>\n<meta property=\"article:modified_time\" content=\"2026-01-29T11:27:29+00:00\" \/>\n<meta property=\"og:image\" content=\"https:\/\/mercatfrutal.com\/wp-content\/uploads\/2025\/09\/Te-Negro-Earl-Gray-20un-BIO.webp\" \/>\n\t<meta property=\"og:image:width\" content=\"800\" \/>\n\t<meta property=\"og:image:height\" content=\"800\" \/>\n\t<meta property=\"og:image:type\" content=\"image\/webp\" \/>\n<meta name=\"twitter:card\" content=\"summary_large_image\" \/>\n<meta name=\"twitter:label1\" content=\"Temps estimat de lectura\" \/>\n\t<meta name=\"twitter:data1\" content=\"1 minut\" \/>\n<script type=\"application\/ld+json\" class=\"yoast-schema-graph\">{\"@context\":\"https:\/\/schema.org\",\"@graph\":[{\"@type\":\"WebPage\",\"@id\":\"https:\/\/mercatfrutal.com\/producto\/te-negro-earl-gray-20un-bio\/\",\"url\":\"https:\/\/mercatfrutal.com\/producto\/te-negro-earl-gray-20un-bio\/\",\"name\":\"T\u00e9 Negro Earl Gray 20un BIO - Mercat Frutal\",\"isPartOf\":{\"@id\":\"https:\/\/mercatfrutal.com\/#website\"},\"primaryImageOfPage\":{\"@id\":\"https:\/\/mercatfrutal.com\/producto\/te-negro-earl-gray-20un-bio\/#primaryimage\"},\"image\":{\"@id\":\"https:\/\/mercatfrutal.com\/producto\/te-negro-earl-gray-20un-bio\/#primaryimage\"},\"thumbnailUrl\":\"https:\/\/mercatfrutal.com\/wp-content\/uploads\/2025\/09\/Te-Negro-Earl-Gray-20un-BIO.webp\",\"datePublished\":\"2024-02-19T11:41:43+00:00\",\"dateModified\":\"2026-01-29T11:27:29+00:00\",\"breadcrumb\":{\"@id\":\"https:\/\/mercatfrutal.com\/producto\/te-negro-earl-gray-20un-bio\/#breadcrumb\"},\"inLanguage\":\"ca\",\"potentialAction\":[{\"@type\":\"ReadAction\",\"target\":[\"https:\/\/mercatfrutal.com\/producto\/te-negro-earl-gray-20un-bio\/\"]}]},{\"@type\":\"ImageObject\",\"inLanguage\":\"ca\",\"@id\":\"https:\/\/mercatfrutal.com\/producto\/te-negro-earl-gray-20un-bio\/#primaryimage\",\"url\":\"https:\/\/mercatfrutal.com\/wp-content\/uploads\/2025\/09\/Te-Negro-Earl-Gray-20un-BIO.webp\",\"contentUrl\":\"https:\/\/mercatfrutal.com\/wp-content\/uploads\/2025\/09\/Te-Negro-Earl-Gray-20un-BIO.webp\",\"width\":800,\"height\":800,\"caption\":\"T\u00e9 Negro Earl Gray 20un BIO\"},{\"@type\":\"BreadcrumbList\",\"@id\":\"https:\/\/mercatfrutal.com\/producto\/te-negro-earl-gray-20un-bio\/#breadcrumb\",\"itemListElement\":[{\"@type\":\"ListItem\",\"position\":1,\"name\":\"Portada\",\"item\":\"https:\/\/mercatfrutal.com\/\"},{\"@type\":\"ListItem\",\"position\":2,\"name\":\"Tienda\",\"item\":\"https:\/\/mercatfrutal.com\/tienda\/\"},{\"@type\":\"ListItem\",\"position\":3,\"name\":\"T\u00e9 Negro Earl Gray 20un BIO\"}]},{\"@type\":\"WebSite\",\"@id\":\"https:\/\/mercatfrutal.com\/#website\",\"url\":\"https:\/\/mercatfrutal.com\/\",\"name\":\"Mercat Frutal\",\"description\":\"\",\"publisher\":{\"@id\":\"https:\/\/mercatfrutal.com\/#organization\"},\"alternateName\":\"Mercat Frutal\",\"potentialAction\":[{\"@type\":\"SearchAction\",\"target\":{\"@type\":\"EntryPoint\",\"urlTemplate\":\"https:\/\/mercatfrutal.com\/?s={search_term_string}\"},\"query-input\":{\"@type\":\"PropertyValueSpecification\",\"valueRequired\":true,\"valueName\":\"search_term_string\"}}],\"inLanguage\":\"ca\"},{\"@type\":\"Organization\",\"@id\":\"https:\/\/mercatfrutal.com\/#organization\",\"name\":\"Mercat Frutal\",\"url\":\"https:\/\/mercatfrutal.com\/\",\"logo\":{\"@type\":\"ImageObject\",\"inLanguage\":\"ca\",\"@id\":\"https:\/\/mercatfrutal.com\/#\/schema\/logo\/image\/\",\"url\":\"https:\/\/mercatfrutal.com\/wp-content\/uploads\/2024\/01\/LOGO-FRUTAL3.png\",\"contentUrl\":\"https:\/\/mercatfrutal.com\/wp-content\/uploads\/2024\/01\/LOGO-FRUTAL3.png\",\"width\":1024,\"height\":382,\"caption\":\"Mercat Frutal\"},\"image\":{\"@id\":\"https:\/\/mercatfrutal.com\/#\/schema\/logo\/image\/\"}}]}<\/script>\n<!-- \/ Yoast SEO plugin. -->","yoast_head_json":{"title":"T\u00e9 Negro Earl Gray 20un BIO - Mercat Frutal","robots":{"index":"index","follow":"follow","max-snippet":"max-snippet:-1","max-image-preview":"max-image-preview:large","max-video-preview":"max-video-preview:-1"},"canonical":"https:\/\/mercatfrutal.com\/ca\/producte\/te-negro-earl-gray-20un-bio\/","og_locale":"ca_ES","og_type":"article","og_title":"T\u00e9 Negro Earl Gray 20un BIO - Mercat Frutal","og_description":"El T\u00e9 Negro Earl Grey 20un BIO combina el cuerpo del t\u00e9 negro con la esencia c\u00edtrica de la bergamota para una experiencia elegante. Beneficios principales T\u00e9 Negro Earl Grey 20un BIO Gracias a su contenido en te\u00edna y antioxidantes, el T\u00e9 Negro Earl Grey 20un BIO estimula la concentraci\u00f3n y aporta energ\u00eda sostenida. Caracter\u00edsticas y sabor De textura intensa y sabor c\u00edtrico y floral, es una bebida perfecta para quienes buscan sofisticaci\u00f3n y vitalidad. Formas de consumo El T\u00e9 Negro Earl Grey 20un BIO es ideal para tomar solo, con leche o con un toque de lim\u00f3n.","og_url":"https:\/\/mercatfrutal.com\/ca\/producte\/te-negro-earl-gray-20un-bio\/","og_site_name":"Mercat Frutal","article_modified_time":"2026-01-29T11:27:29+00:00","og_image":[{"width":800,"height":800,"url":"https:\/\/mercatfrutal.com\/wp-content\/uploads\/2025\/09\/Te-Negro-Earl-Gray-20un-BIO.webp","type":"image\/webp"}],"twitter_card":"summary_large_image","twitter_misc":{"Temps estimat de lectura":"1 minut"},"schema":{"@context":"https:\/\/schema.org","@graph":[{"@type":"WebPage","@id":"https:\/\/mercatfrutal.com\/producto\/te-negro-earl-gray-20un-bio\/","url":"https:\/\/mercatfrutal.com\/producto\/te-negro-earl-gray-20un-bio\/","name":"T\u00e9 Negro Earl Gray 20un BIO - Mercat Frutal","isPartOf":{"@id":"https:\/\/mercatfrutal.com\/#website"},"primaryImageOfPage":{"@id":"https:\/\/mercatfrutal.com\/producto\/te-negro-earl-gray-20un-bio\/#primaryimage"},"image":{"@id":"https:\/\/mercatfrutal.com\/producto\/te-negro-earl-gray-20un-bio\/#primaryimage"},"thumbnailUrl":"https:\/\/mercatfrutal.com\/wp-content\/uploads\/2025\/09\/Te-Negro-Earl-Gray-20un-BIO.webp","datePublished":"2024-02-19T11:41:43+00:00","dateModified":"2026-01-29T11:27:29+00:00","breadcrumb":{"@id":"https:\/\/mercatfrutal.com\/producto\/te-negro-earl-gray-20un-bio\/#breadcrumb"},"inLanguage":"ca","potentialAction":[{"@type":"ReadAction","target":["https:\/\/mercatfrutal.com\/producto\/te-negro-earl-gray-20un-bio\/"]}]},{"@type":"ImageObject","inLanguage":"ca","@id":"https:\/\/mercatfrutal.com\/producto\/te-negro-earl-gray-20un-bio\/#primaryimage","url":"https:\/\/mercatfrutal.com\/wp-content\/uploads\/2025\/09\/Te-Negro-Earl-Gray-20un-BIO.webp","contentUrl":"https:\/\/mercatfrutal.com\/wp-content\/uploads\/2025\/09\/Te-Negro-Earl-Gray-20un-BIO.webp","width":800,"height":800,"caption":"T\u00e9 Negro Earl Gray 20un BIO"},{"@type":"BreadcrumbList","@id":"https:\/\/mercatfrutal.com\/producto\/te-negro-earl-gray-20un-bio\/#breadcrumb","itemListElement":[{"@type":"ListItem","position":1,"name":"Portada","item":"https:\/\/mercatfrutal.com\/"},{"@type":"ListItem","position":2,"name":"Tienda","item":"https:\/\/mercatfrutal.com\/tienda\/"},{"@type":"ListItem","position":3,"name":"T\u00e9 Negro Earl Gray 20un BIO"}]},{"@type":"WebSite","@id":"https:\/\/mercatfrutal.com\/#website","url":"https:\/\/mercatfrutal.com\/","name":"Mercat Frutal","description":"","publisher":{"@id":"https:\/\/mercatfrutal.com\/#organization"},"alternateName":"Mercat Frutal","potentialAction":[{"@type":"SearchAction","target":{"@type":"EntryPoint","urlTemplate":"https:\/\/mercatfrutal.com\/?s={search_term_string}"},"query-input":{"@type":"PropertyValueSpecification","valueRequired":true,"valueName":"search_term_string"}}],"inLanguage":"ca"},{"@type":"Organization","@id":"https:\/\/mercatfrutal.com\/#organization","name":"Mercat Frutal","url":"https:\/\/mercatfrutal.com\/","logo":{"@type":"ImageObject","inLanguage":"ca","@id":"https:\/\/mercatfrutal.com\/#\/schema\/logo\/image\/","url":"https:\/\/mercatfrutal.com\/wp-content\/uploads\/2024\/01\/LOGO-FRUTAL3.png","contentUrl":"https:\/\/mercatfrutal.com\/wp-content\/uploads\/2024\/01\/LOGO-FRUTAL3.png","width":1024,"height":382,"caption":"Mercat Frutal"},"image":{"@id":"https:\/\/mercatfrutal.com\/#\/schema\/logo\/image\/"}}]}},"jetpack_sharing_enabled":true,"_links":{"self":[{"href":"https:\/\/mercatfrutal.com\/ca\/wp-json\/wp\/v2\/product\/863","targetHints":{"allow":["GET"]}}],"collection":[{"href":"https:\/\/mercatfrutal.com\/ca\/wp-json\/wp\/v2\/product"}],"about":[{"href":"https:\/\/mercatfrutal.com\/ca\/wp-json\/wp\/v2\/types\/product"}],"replies":[{"embeddable":true,"href":"https:\/\/mercatfrutal.com\/ca\/wp-json\/wp\/v2\/comments?post=863"}],"wp:featuredmedia":[{"embeddable":true,"href":"https:\/\/mercatfrutal.com\/ca\/wp-json\/wp\/v2\/media\/9938"}],"wp:attachment":[{"href":"https:\/\/mercatfrutal.com\/ca\/wp-json\/wp\/v2\/media?parent=863"}],"wp:term":[{"taxonomy":"product_brand","embeddable":true,"href":"https:\/\/mercatfrutal.com\/ca\/wp-json\/wp\/v2\/product_brand?post=863"},{"taxonomy":"product_cat","embeddable":true,"href":"https:\/\/mercatfrutal.com\/ca\/wp-json\/wp\/v2\/product_cat?post=863"},{"taxonomy":"product_tag","embeddable":true,"href":"https:\/\/mercatfrutal.com\/ca\/wp-json\/wp\/v2\/product_tag?post=863"}],"curies":[{"name":"wp","href":"https:\/\/api.w.org\/{rel}","templated":true}]}}