{"id":895,"date":"2024-02-19T13:46:59","date_gmt":"2024-02-19T11:46:59","guid":{"rendered":"https:\/\/mercatfrutal.com\/producto\/refresco-cola-330ml-bio\/"},"modified":"2026-02-13T14:43:44","modified_gmt":"2026-02-13T12:43:44","slug":"refresco-cola-330ml-bio","status":"publish","type":"product","link":"https:\/\/mercatfrutal.com\/ca\/producte\/refresco-cola-330ml-bio\/","title":{"rendered":"Refresc Cola 330ml BIO"},"content":{"rendered":"","protected":false},"excerpt":{"rendered":"<p class=\"translation-block\">El Refresc Cola 330ml BIO ofereix tot el sabor cl\u00e0ssic de la cola amb ingredients ecol\u00f2gics i naturals.<\/p>\n<h2><b>Beneficis principals Refresc Cola 330ml BIO<\/b><\/h2>\n<p class=\"translation-block\">Gr\u00e0cies a l'\u00fas d'ingredients org\u00e0nics i sucre de canya natural, el Refresc Cola BIO \u00e9s una opci\u00f3 m\u00e9s saludable per gaudir d'una beguda amb energia i sabor.<\/p>\n<h2><b>Caracter\u00edstiques i sabor<\/b><\/h2>\n<p><span style=\"font-weight: 400\">De textura lleugera i sabor intens i caramel\u00b7litzat, \u00e9s una beguda perfecta per a qui busca una cola ecol\u00f2gica sense additius artificials.<\/span><\/p>\n<h2><b>Formes de consum<\/b><\/h2>\n<p class=\"translation-block\">El Refresc Cola BIO es pot beure sol, amb gel, o utilitzar com a base per c\u00f2ctels naturals.<\/p>","protected":false},"featured_media":9970,"comment_status":"open","ping_status":"closed","template":"","meta":{"content-type":""},"product_brand":[],"product_cat":[242],"product_tag":[],"class_list":{"0":"post-895","1":"product","2":"type-product","3":"status-publish","4":"has-post-thumbnail","6":"product_cat-refrescos","7":"has-subscription-plans","9":"first","10":"instock","11":"taxable","12":"shipping-taxable","13":"purchasable","14":"product-type-simple"},"bundled_by":[],"bundle_stock_status":"instock","bundle_stock_quantity":null,"bundle_virtual":false,"bundle_layout":"","bundle_add_to_cart_form_location":"","bundle_editable_in_cart":false,"bundle_sold_individually_context":"","bundle_item_grouping":"","bundle_min_size":"","bundle_max_size":"","bundle_price":[],"bundled_items":[],"bundle_sell_ids":[],"yoast_head":"<!-- This site is optimized with the Yoast SEO plugin v27.2 - https:\/\/yoast.com\/product\/yoast-seo-wordpress\/ -->\n<title>Refresco Cola 330ml BIO - Mercat Frutal<\/title>\n<meta name=\"robots\" content=\"index, follow, max-snippet:-1, max-image-preview:large, max-video-preview:-1\" \/>\n<link rel=\"canonical\" href=\"https:\/\/mercatfrutal.com\/ca\/producte\/refresco-cola-330ml-bio\/\" \/>\n<meta property=\"og:locale\" content=\"ca_ES\" \/>\n<meta property=\"og:type\" content=\"article\" \/>\n<meta property=\"og:title\" content=\"Refresco Cola 330ml BIO - Mercat Frutal\" \/>\n<meta property=\"og:description\" content=\"El Refresco Cola 330ml BIO es una bebida ecol\u00f3gica con todo el sabor de la cola tradicional, sin aditivos artificiales. Beneficios principales Refresco Cola 330ml BIO Gracias a su formulaci\u00f3n natural con extractos vegetales, el Refresco Cola BIO ofrece una alternativa m\u00e1s saludable para refrescarte con energ\u00eda. Caracter\u00edsticas y sabor De textura gasificada y sabor intenso con notas de caramelo, es ideal para disfrutar de una bebida cl\u00e1sica con un toque ecol\u00f3gico. Formas de consumo El Refresco Cola BIO se puede tomar fr\u00edo solo o con hielo, y es perfecto para acompa\u00f1ar comidas informales.\" \/>\n<meta property=\"og:url\" content=\"https:\/\/mercatfrutal.com\/ca\/producte\/refresco-cola-330ml-bio\/\" \/>\n<meta property=\"og:site_name\" content=\"Mercat Frutal\" \/>\n<meta property=\"article:modified_time\" content=\"2026-02-13T12:43:44+00:00\" \/>\n<meta property=\"og:image\" content=\"https:\/\/mercatfrutal.com\/wp-content\/uploads\/2025\/09\/Refresco-Cola-330ml-BIO.webp\" \/>\n\t<meta property=\"og:image:width\" content=\"800\" \/>\n\t<meta property=\"og:image:height\" content=\"800\" \/>\n\t<meta property=\"og:image:type\" content=\"image\/webp\" \/>\n<meta name=\"twitter:card\" content=\"summary_large_image\" \/>\n<meta name=\"twitter:label1\" content=\"Temps estimat de lectura\" \/>\n\t<meta name=\"twitter:data1\" content=\"1 minut\" \/>\n<script type=\"application\/ld+json\" class=\"yoast-schema-graph\">{\"@context\":\"https:\/\/schema.org\",\"@graph\":[{\"@type\":\"WebPage\",\"@id\":\"https:\/\/mercatfrutal.com\/producto\/refresco-cola-330ml-bio\/\",\"url\":\"https:\/\/mercatfrutal.com\/producto\/refresco-cola-330ml-bio\/\",\"name\":\"Refresco Cola 330ml BIO - Mercat Frutal\",\"isPartOf\":{\"@id\":\"https:\/\/mercatfrutal.com\/#website\"},\"primaryImageOfPage\":{\"@id\":\"https:\/\/mercatfrutal.com\/producto\/refresco-cola-330ml-bio\/#primaryimage\"},\"image\":{\"@id\":\"https:\/\/mercatfrutal.com\/producto\/refresco-cola-330ml-bio\/#primaryimage\"},\"thumbnailUrl\":\"https:\/\/mercatfrutal.com\/wp-content\/uploads\/2025\/09\/Refresco-Cola-330ml-BIO.webp\",\"datePublished\":\"2024-02-19T11:46:59+00:00\",\"dateModified\":\"2026-02-13T12:43:44+00:00\",\"breadcrumb\":{\"@id\":\"https:\/\/mercatfrutal.com\/producto\/refresco-cola-330ml-bio\/#breadcrumb\"},\"inLanguage\":\"ca\",\"potentialAction\":[{\"@type\":\"ReadAction\",\"target\":[\"https:\/\/mercatfrutal.com\/producto\/refresco-cola-330ml-bio\/\"]}]},{\"@type\":\"ImageObject\",\"inLanguage\":\"ca\",\"@id\":\"https:\/\/mercatfrutal.com\/producto\/refresco-cola-330ml-bio\/#primaryimage\",\"url\":\"https:\/\/mercatfrutal.com\/wp-content\/uploads\/2025\/09\/Refresco-Cola-330ml-BIO.webp\",\"contentUrl\":\"https:\/\/mercatfrutal.com\/wp-content\/uploads\/2025\/09\/Refresco-Cola-330ml-BIO.webp\",\"width\":800,\"height\":800,\"caption\":\"Refresco Cola 330ml BIO\"},{\"@type\":\"BreadcrumbList\",\"@id\":\"https:\/\/mercatfrutal.com\/producto\/refresco-cola-330ml-bio\/#breadcrumb\",\"itemListElement\":[{\"@type\":\"ListItem\",\"position\":1,\"name\":\"Portada\",\"item\":\"https:\/\/mercatfrutal.com\/\"},{\"@type\":\"ListItem\",\"position\":2,\"name\":\"Tienda\",\"item\":\"https:\/\/mercatfrutal.com\/tienda\/\"},{\"@type\":\"ListItem\",\"position\":3,\"name\":\"Refresco Cola 330ml BIO\"}]},{\"@type\":\"WebSite\",\"@id\":\"https:\/\/mercatfrutal.com\/#website\",\"url\":\"https:\/\/mercatfrutal.com\/\",\"name\":\"Mercat Frutal\",\"description\":\"\",\"publisher\":{\"@id\":\"https:\/\/mercatfrutal.com\/#organization\"},\"alternateName\":\"Mercat Frutal\",\"potentialAction\":[{\"@type\":\"SearchAction\",\"target\":{\"@type\":\"EntryPoint\",\"urlTemplate\":\"https:\/\/mercatfrutal.com\/?s={search_term_string}\"},\"query-input\":{\"@type\":\"PropertyValueSpecification\",\"valueRequired\":true,\"valueName\":\"search_term_string\"}}],\"inLanguage\":\"ca\"},{\"@type\":\"Organization\",\"@id\":\"https:\/\/mercatfrutal.com\/#organization\",\"name\":\"Mercat Frutal\",\"url\":\"https:\/\/mercatfrutal.com\/\",\"logo\":{\"@type\":\"ImageObject\",\"inLanguage\":\"ca\",\"@id\":\"https:\/\/mercatfrutal.com\/#\/schema\/logo\/image\/\",\"url\":\"https:\/\/mercatfrutal.com\/wp-content\/uploads\/2024\/01\/LOGO-FRUTAL3.png\",\"contentUrl\":\"https:\/\/mercatfrutal.com\/wp-content\/uploads\/2024\/01\/LOGO-FRUTAL3.png\",\"width\":1024,\"height\":382,\"caption\":\"Mercat Frutal\"},\"image\":{\"@id\":\"https:\/\/mercatfrutal.com\/#\/schema\/logo\/image\/\"}}]}<\/script>\n<!-- \/ Yoast SEO plugin. -->","yoast_head_json":{"title":"Refresco Cola 330ml BIO - Mercat Frutal","robots":{"index":"index","follow":"follow","max-snippet":"max-snippet:-1","max-image-preview":"max-image-preview:large","max-video-preview":"max-video-preview:-1"},"canonical":"https:\/\/mercatfrutal.com\/ca\/producte\/refresco-cola-330ml-bio\/","og_locale":"ca_ES","og_type":"article","og_title":"Refresco Cola 330ml BIO - Mercat Frutal","og_description":"El Refresco Cola 330ml BIO es una bebida ecol\u00f3gica con todo el sabor de la cola tradicional, sin aditivos artificiales. Beneficios principales Refresco Cola 330ml BIO Gracias a su formulaci\u00f3n natural con extractos vegetales, el Refresco Cola BIO ofrece una alternativa m\u00e1s saludable para refrescarte con energ\u00eda. Caracter\u00edsticas y sabor De textura gasificada y sabor intenso con notas de caramelo, es ideal para disfrutar de una bebida cl\u00e1sica con un toque ecol\u00f3gico. Formas de consumo El Refresco Cola BIO se puede tomar fr\u00edo solo o con hielo, y es perfecto para acompa\u00f1ar comidas informales.","og_url":"https:\/\/mercatfrutal.com\/ca\/producte\/refresco-cola-330ml-bio\/","og_site_name":"Mercat Frutal","article_modified_time":"2026-02-13T12:43:44+00:00","og_image":[{"width":800,"height":800,"url":"https:\/\/mercatfrutal.com\/wp-content\/uploads\/2025\/09\/Refresco-Cola-330ml-BIO.webp","type":"image\/webp"}],"twitter_card":"summary_large_image","twitter_misc":{"Temps estimat de lectura":"1 minut"},"schema":{"@context":"https:\/\/schema.org","@graph":[{"@type":"WebPage","@id":"https:\/\/mercatfrutal.com\/producto\/refresco-cola-330ml-bio\/","url":"https:\/\/mercatfrutal.com\/producto\/refresco-cola-330ml-bio\/","name":"Refresco Cola 330ml BIO - Mercat Frutal","isPartOf":{"@id":"https:\/\/mercatfrutal.com\/#website"},"primaryImageOfPage":{"@id":"https:\/\/mercatfrutal.com\/producto\/refresco-cola-330ml-bio\/#primaryimage"},"image":{"@id":"https:\/\/mercatfrutal.com\/producto\/refresco-cola-330ml-bio\/#primaryimage"},"thumbnailUrl":"https:\/\/mercatfrutal.com\/wp-content\/uploads\/2025\/09\/Refresco-Cola-330ml-BIO.webp","datePublished":"2024-02-19T11:46:59+00:00","dateModified":"2026-02-13T12:43:44+00:00","breadcrumb":{"@id":"https:\/\/mercatfrutal.com\/producto\/refresco-cola-330ml-bio\/#breadcrumb"},"inLanguage":"ca","potentialAction":[{"@type":"ReadAction","target":["https:\/\/mercatfrutal.com\/producto\/refresco-cola-330ml-bio\/"]}]},{"@type":"ImageObject","inLanguage":"ca","@id":"https:\/\/mercatfrutal.com\/producto\/refresco-cola-330ml-bio\/#primaryimage","url":"https:\/\/mercatfrutal.com\/wp-content\/uploads\/2025\/09\/Refresco-Cola-330ml-BIO.webp","contentUrl":"https:\/\/mercatfrutal.com\/wp-content\/uploads\/2025\/09\/Refresco-Cola-330ml-BIO.webp","width":800,"height":800,"caption":"Refresco Cola 330ml BIO"},{"@type":"BreadcrumbList","@id":"https:\/\/mercatfrutal.com\/producto\/refresco-cola-330ml-bio\/#breadcrumb","itemListElement":[{"@type":"ListItem","position":1,"name":"Portada","item":"https:\/\/mercatfrutal.com\/"},{"@type":"ListItem","position":2,"name":"Tienda","item":"https:\/\/mercatfrutal.com\/tienda\/"},{"@type":"ListItem","position":3,"name":"Refresco Cola 330ml BIO"}]},{"@type":"WebSite","@id":"https:\/\/mercatfrutal.com\/#website","url":"https:\/\/mercatfrutal.com\/","name":"Mercat Frutal","description":"","publisher":{"@id":"https:\/\/mercatfrutal.com\/#organization"},"alternateName":"Mercat Frutal","potentialAction":[{"@type":"SearchAction","target":{"@type":"EntryPoint","urlTemplate":"https:\/\/mercatfrutal.com\/?s={search_term_string}"},"query-input":{"@type":"PropertyValueSpecification","valueRequired":true,"valueName":"search_term_string"}}],"inLanguage":"ca"},{"@type":"Organization","@id":"https:\/\/mercatfrutal.com\/#organization","name":"Mercat Frutal","url":"https:\/\/mercatfrutal.com\/","logo":{"@type":"ImageObject","inLanguage":"ca","@id":"https:\/\/mercatfrutal.com\/#\/schema\/logo\/image\/","url":"https:\/\/mercatfrutal.com\/wp-content\/uploads\/2024\/01\/LOGO-FRUTAL3.png","contentUrl":"https:\/\/mercatfrutal.com\/wp-content\/uploads\/2024\/01\/LOGO-FRUTAL3.png","width":1024,"height":382,"caption":"Mercat Frutal"},"image":{"@id":"https:\/\/mercatfrutal.com\/#\/schema\/logo\/image\/"}}]}},"jetpack_sharing_enabled":true,"_links":{"self":[{"href":"https:\/\/mercatfrutal.com\/ca\/wp-json\/wp\/v2\/product\/895","targetHints":{"allow":["GET"]}}],"collection":[{"href":"https:\/\/mercatfrutal.com\/ca\/wp-json\/wp\/v2\/product"}],"about":[{"href":"https:\/\/mercatfrutal.com\/ca\/wp-json\/wp\/v2\/types\/product"}],"replies":[{"embeddable":true,"href":"https:\/\/mercatfrutal.com\/ca\/wp-json\/wp\/v2\/comments?post=895"}],"wp:featuredmedia":[{"embeddable":true,"href":"https:\/\/mercatfrutal.com\/ca\/wp-json\/wp\/v2\/media\/9970"}],"wp:attachment":[{"href":"https:\/\/mercatfrutal.com\/ca\/wp-json\/wp\/v2\/media?parent=895"}],"wp:term":[{"taxonomy":"product_brand","embeddable":true,"href":"https:\/\/mercatfrutal.com\/ca\/wp-json\/wp\/v2\/product_brand?post=895"},{"taxonomy":"product_cat","embeddable":true,"href":"https:\/\/mercatfrutal.com\/ca\/wp-json\/wp\/v2\/product_cat?post=895"},{"taxonomy":"product_tag","embeddable":true,"href":"https:\/\/mercatfrutal.com\/ca\/wp-json\/wp\/v2\/product_tag?post=895"}],"curies":[{"name":"wp","href":"https:\/\/api.w.org\/{rel}","templated":true}]}}