{"id":903,"date":"2024-02-19T13:52:36","date_gmt":"2024-02-19T11:52:36","guid":{"rendered":"https:\/\/mercatfrutal.com\/producto\/cervesa-la-fera-de-la-clamor-330ml-eco\/"},"modified":"2025-12-16T10:02:34","modified_gmt":"2025-12-16T08:02:34","slug":"cerveza-la-fera-de-la-clamor-330ml-eco","status":"publish","type":"product","link":"https:\/\/mercatfrutal.com\/ca\/producte\/cerveza-la-fera-de-la-clamor-330ml-eco\/","title":{"rendered":"Cervesa La Fera De La Clamor 330ml ECO"},"content":{"rendered":"","protected":false},"excerpt":{"rendered":"<p class=\"translation-block\">Cervesa La Fera de la Clamor 330ml ECO \u00e9s una cervesa ecol\u00f2gica artesana amb car\u00e0cter i cos.<\/p>\n<h2><b>Beneficis principals Cervesa La Fera de la Clamor 330ml ECO<\/b><\/h2>\n<p class=\"translation-block\">Elaborada amb ingredients naturals i sense additius, la Fera de la Clamor reflecteix el territori i la passi\u00f3 pel bon fer.<\/p>\n<h2><b>Caracter\u00edstiques i sabor<\/b><\/h2>\n<p><span style=\"font-weight: 400\">Color ambre, amb amargor equilibrada i notes de malta torrada, \u00e9s intensa i reconfortant.<\/span><\/p>\n<h2><b>Formes de consum<\/b><\/h2>\n<p class=\"translation-block\">Perfecta per acompanyar formatges, carns o per gaudir com a copa de tarda.<\/p>","protected":false},"featured_media":9995,"comment_status":"open","ping_status":"closed","template":"","meta":{"content-type":""},"product_brand":[],"product_cat":[258],"product_tag":[],"class_list":{"0":"post-903","1":"product","2":"type-product","3":"status-publish","4":"has-post-thumbnail","6":"product_cat-cervezas","7":"has-subscription-plans","9":"first","10":"instock","11":"taxable","12":"shipping-taxable","13":"purchasable","14":"product-type-simple"},"bundled_by":[],"bundle_stock_status":"instock","bundle_stock_quantity":67,"bundle_virtual":false,"bundle_layout":"","bundle_add_to_cart_form_location":"","bundle_editable_in_cart":false,"bundle_sold_individually_context":"","bundle_item_grouping":"","bundle_min_size":"","bundle_max_size":"","bundle_price":[],"bundled_items":[],"bundle_sell_ids":[],"yoast_head":"<!-- This site is optimized with the Yoast SEO plugin v27.2 - https:\/\/yoast.com\/product\/yoast-seo-wordpress\/ -->\n<title>Cerveza La Fera De La Clamor 330ml ECO - Mercat Frutal<\/title>\n<meta name=\"robots\" content=\"index, follow, max-snippet:-1, max-image-preview:large, max-video-preview:-1\" \/>\n<link rel=\"canonical\" href=\"https:\/\/mercatfrutal.com\/ca\/producte\/cerveza-la-fera-de-la-clamor-330ml-eco\/\" \/>\n<meta property=\"og:locale\" content=\"ca_ES\" \/>\n<meta property=\"og:type\" content=\"article\" \/>\n<meta property=\"og:title\" content=\"Cerveza La Fera De La Clamor 330ml ECO - Mercat Frutal\" \/>\n<meta property=\"og:description\" content=\"Cerveza La Fera De La Clamor 330ml ECO es una cerveza ecol\u00f3gica intensa, inspirada en la fuerza de la naturaleza. Beneficios principales Cerveza La Fera De La Clamor 330ml ECO Elaborada con ingredientes naturales y sin aditivos, la Cerveza La Fera ECO ofrece una experiencia m\u00e1s pura y respetuosa con el medio ambiente. Caracter\u00edsticas y sabor De textura densa y sabor intenso con car\u00e1cter maltoso, es una bebida ideal para los amantes de las cervezas con cuerpo. Formas de consumo La Cerveza La Fera ECO se puede disfrutar sola, en reuniones especiales o acompa\u00f1ando platos sabrosos.\" \/>\n<meta property=\"og:url\" content=\"https:\/\/mercatfrutal.com\/ca\/producte\/cerveza-la-fera-de-la-clamor-330ml-eco\/\" \/>\n<meta property=\"og:site_name\" content=\"Mercat Frutal\" \/>\n<meta property=\"article:modified_time\" content=\"2025-12-16T08:02:34+00:00\" \/>\n<meta property=\"og:image\" content=\"https:\/\/mercatfrutal.com\/wp-content\/uploads\/2025\/09\/Cervesa-La-Fera-De-La-Clamor-330ml-ECO.webp\" \/>\n\t<meta property=\"og:image:width\" content=\"800\" \/>\n\t<meta property=\"og:image:height\" content=\"800\" \/>\n\t<meta property=\"og:image:type\" content=\"image\/webp\" \/>\n<meta name=\"twitter:card\" content=\"summary_large_image\" \/>\n<meta name=\"twitter:label1\" content=\"Temps estimat de lectura\" \/>\n\t<meta name=\"twitter:data1\" content=\"1 minut\" \/>\n<script type=\"application\/ld+json\" class=\"yoast-schema-graph\">{\"@context\":\"https:\/\/schema.org\",\"@graph\":[{\"@type\":\"WebPage\",\"@id\":\"https:\/\/mercatfrutal.com\/producto\/cerveza-la-fera-de-la-clamor-330ml-eco\/\",\"url\":\"https:\/\/mercatfrutal.com\/producto\/cerveza-la-fera-de-la-clamor-330ml-eco\/\",\"name\":\"Cerveza La Fera De La Clamor 330ml ECO - Mercat Frutal\",\"isPartOf\":{\"@id\":\"https:\/\/mercatfrutal.com\/#website\"},\"primaryImageOfPage\":{\"@id\":\"https:\/\/mercatfrutal.com\/producto\/cerveza-la-fera-de-la-clamor-330ml-eco\/#primaryimage\"},\"image\":{\"@id\":\"https:\/\/mercatfrutal.com\/producto\/cerveza-la-fera-de-la-clamor-330ml-eco\/#primaryimage\"},\"thumbnailUrl\":\"https:\/\/mercatfrutal.com\/wp-content\/uploads\/2025\/09\/Cervesa-La-Fera-De-La-Clamor-330ml-ECO.webp\",\"datePublished\":\"2024-02-19T11:52:36+00:00\",\"dateModified\":\"2025-12-16T08:02:34+00:00\",\"breadcrumb\":{\"@id\":\"https:\/\/mercatfrutal.com\/producto\/cerveza-la-fera-de-la-clamor-330ml-eco\/#breadcrumb\"},\"inLanguage\":\"ca\",\"potentialAction\":[{\"@type\":\"ReadAction\",\"target\":[\"https:\/\/mercatfrutal.com\/producto\/cerveza-la-fera-de-la-clamor-330ml-eco\/\"]}]},{\"@type\":\"ImageObject\",\"inLanguage\":\"ca\",\"@id\":\"https:\/\/mercatfrutal.com\/producto\/cerveza-la-fera-de-la-clamor-330ml-eco\/#primaryimage\",\"url\":\"https:\/\/mercatfrutal.com\/wp-content\/uploads\/2025\/09\/Cervesa-La-Fera-De-La-Clamor-330ml-ECO.webp\",\"contentUrl\":\"https:\/\/mercatfrutal.com\/wp-content\/uploads\/2025\/09\/Cervesa-La-Fera-De-La-Clamor-330ml-ECO.webp\",\"width\":800,\"height\":800,\"caption\":\"Cerveza La Fera De La Clamor 330ml ECO\"},{\"@type\":\"BreadcrumbList\",\"@id\":\"https:\/\/mercatfrutal.com\/producto\/cerveza-la-fera-de-la-clamor-330ml-eco\/#breadcrumb\",\"itemListElement\":[{\"@type\":\"ListItem\",\"position\":1,\"name\":\"Portada\",\"item\":\"https:\/\/mercatfrutal.com\/\"},{\"@type\":\"ListItem\",\"position\":2,\"name\":\"Tienda\",\"item\":\"https:\/\/mercatfrutal.com\/tienda\/\"},{\"@type\":\"ListItem\",\"position\":3,\"name\":\"Cerveza La Fera De La Clamor 330ml ECO\"}]},{\"@type\":\"WebSite\",\"@id\":\"https:\/\/mercatfrutal.com\/#website\",\"url\":\"https:\/\/mercatfrutal.com\/\",\"name\":\"Mercat Frutal\",\"description\":\"\",\"publisher\":{\"@id\":\"https:\/\/mercatfrutal.com\/#organization\"},\"alternateName\":\"Mercat Frutal\",\"potentialAction\":[{\"@type\":\"SearchAction\",\"target\":{\"@type\":\"EntryPoint\",\"urlTemplate\":\"https:\/\/mercatfrutal.com\/?s={search_term_string}\"},\"query-input\":{\"@type\":\"PropertyValueSpecification\",\"valueRequired\":true,\"valueName\":\"search_term_string\"}}],\"inLanguage\":\"ca\"},{\"@type\":\"Organization\",\"@id\":\"https:\/\/mercatfrutal.com\/#organization\",\"name\":\"Mercat Frutal\",\"url\":\"https:\/\/mercatfrutal.com\/\",\"logo\":{\"@type\":\"ImageObject\",\"inLanguage\":\"ca\",\"@id\":\"https:\/\/mercatfrutal.com\/#\/schema\/logo\/image\/\",\"url\":\"https:\/\/mercatfrutal.com\/wp-content\/uploads\/2024\/01\/LOGO-FRUTAL3.png\",\"contentUrl\":\"https:\/\/mercatfrutal.com\/wp-content\/uploads\/2024\/01\/LOGO-FRUTAL3.png\",\"width\":1024,\"height\":382,\"caption\":\"Mercat Frutal\"},\"image\":{\"@id\":\"https:\/\/mercatfrutal.com\/#\/schema\/logo\/image\/\"}}]}<\/script>\n<!-- \/ Yoast SEO plugin. -->","yoast_head_json":{"title":"Cerveza La Fera De La Clamor 330ml ECO - Mercat Frutal","robots":{"index":"index","follow":"follow","max-snippet":"max-snippet:-1","max-image-preview":"max-image-preview:large","max-video-preview":"max-video-preview:-1"},"canonical":"https:\/\/mercatfrutal.com\/ca\/producte\/cerveza-la-fera-de-la-clamor-330ml-eco\/","og_locale":"ca_ES","og_type":"article","og_title":"Cerveza La Fera De La Clamor 330ml ECO - Mercat Frutal","og_description":"Cerveza La Fera De La Clamor 330ml ECO es una cerveza ecol\u00f3gica intensa, inspirada en la fuerza de la naturaleza. Beneficios principales Cerveza La Fera De La Clamor 330ml ECO Elaborada con ingredientes naturales y sin aditivos, la Cerveza La Fera ECO ofrece una experiencia m\u00e1s pura y respetuosa con el medio ambiente. Caracter\u00edsticas y sabor De textura densa y sabor intenso con car\u00e1cter maltoso, es una bebida ideal para los amantes de las cervezas con cuerpo. Formas de consumo La Cerveza La Fera ECO se puede disfrutar sola, en reuniones especiales o acompa\u00f1ando platos sabrosos.","og_url":"https:\/\/mercatfrutal.com\/ca\/producte\/cerveza-la-fera-de-la-clamor-330ml-eco\/","og_site_name":"Mercat Frutal","article_modified_time":"2025-12-16T08:02:34+00:00","og_image":[{"width":800,"height":800,"url":"https:\/\/mercatfrutal.com\/wp-content\/uploads\/2025\/09\/Cervesa-La-Fera-De-La-Clamor-330ml-ECO.webp","type":"image\/webp"}],"twitter_card":"summary_large_image","twitter_misc":{"Temps estimat de lectura":"1 minut"},"schema":{"@context":"https:\/\/schema.org","@graph":[{"@type":"WebPage","@id":"https:\/\/mercatfrutal.com\/producto\/cerveza-la-fera-de-la-clamor-330ml-eco\/","url":"https:\/\/mercatfrutal.com\/producto\/cerveza-la-fera-de-la-clamor-330ml-eco\/","name":"Cerveza La Fera De La Clamor 330ml ECO - Mercat Frutal","isPartOf":{"@id":"https:\/\/mercatfrutal.com\/#website"},"primaryImageOfPage":{"@id":"https:\/\/mercatfrutal.com\/producto\/cerveza-la-fera-de-la-clamor-330ml-eco\/#primaryimage"},"image":{"@id":"https:\/\/mercatfrutal.com\/producto\/cerveza-la-fera-de-la-clamor-330ml-eco\/#primaryimage"},"thumbnailUrl":"https:\/\/mercatfrutal.com\/wp-content\/uploads\/2025\/09\/Cervesa-La-Fera-De-La-Clamor-330ml-ECO.webp","datePublished":"2024-02-19T11:52:36+00:00","dateModified":"2025-12-16T08:02:34+00:00","breadcrumb":{"@id":"https:\/\/mercatfrutal.com\/producto\/cerveza-la-fera-de-la-clamor-330ml-eco\/#breadcrumb"},"inLanguage":"ca","potentialAction":[{"@type":"ReadAction","target":["https:\/\/mercatfrutal.com\/producto\/cerveza-la-fera-de-la-clamor-330ml-eco\/"]}]},{"@type":"ImageObject","inLanguage":"ca","@id":"https:\/\/mercatfrutal.com\/producto\/cerveza-la-fera-de-la-clamor-330ml-eco\/#primaryimage","url":"https:\/\/mercatfrutal.com\/wp-content\/uploads\/2025\/09\/Cervesa-La-Fera-De-La-Clamor-330ml-ECO.webp","contentUrl":"https:\/\/mercatfrutal.com\/wp-content\/uploads\/2025\/09\/Cervesa-La-Fera-De-La-Clamor-330ml-ECO.webp","width":800,"height":800,"caption":"Cerveza La Fera De La Clamor 330ml ECO"},{"@type":"BreadcrumbList","@id":"https:\/\/mercatfrutal.com\/producto\/cerveza-la-fera-de-la-clamor-330ml-eco\/#breadcrumb","itemListElement":[{"@type":"ListItem","position":1,"name":"Portada","item":"https:\/\/mercatfrutal.com\/"},{"@type":"ListItem","position":2,"name":"Tienda","item":"https:\/\/mercatfrutal.com\/tienda\/"},{"@type":"ListItem","position":3,"name":"Cerveza La Fera De La Clamor 330ml ECO"}]},{"@type":"WebSite","@id":"https:\/\/mercatfrutal.com\/#website","url":"https:\/\/mercatfrutal.com\/","name":"Mercat Frutal","description":"","publisher":{"@id":"https:\/\/mercatfrutal.com\/#organization"},"alternateName":"Mercat Frutal","potentialAction":[{"@type":"SearchAction","target":{"@type":"EntryPoint","urlTemplate":"https:\/\/mercatfrutal.com\/?s={search_term_string}"},"query-input":{"@type":"PropertyValueSpecification","valueRequired":true,"valueName":"search_term_string"}}],"inLanguage":"ca"},{"@type":"Organization","@id":"https:\/\/mercatfrutal.com\/#organization","name":"Mercat Frutal","url":"https:\/\/mercatfrutal.com\/","logo":{"@type":"ImageObject","inLanguage":"ca","@id":"https:\/\/mercatfrutal.com\/#\/schema\/logo\/image\/","url":"https:\/\/mercatfrutal.com\/wp-content\/uploads\/2024\/01\/LOGO-FRUTAL3.png","contentUrl":"https:\/\/mercatfrutal.com\/wp-content\/uploads\/2024\/01\/LOGO-FRUTAL3.png","width":1024,"height":382,"caption":"Mercat Frutal"},"image":{"@id":"https:\/\/mercatfrutal.com\/#\/schema\/logo\/image\/"}}]}},"jetpack_sharing_enabled":true,"_links":{"self":[{"href":"https:\/\/mercatfrutal.com\/ca\/wp-json\/wp\/v2\/product\/903","targetHints":{"allow":["GET"]}}],"collection":[{"href":"https:\/\/mercatfrutal.com\/ca\/wp-json\/wp\/v2\/product"}],"about":[{"href":"https:\/\/mercatfrutal.com\/ca\/wp-json\/wp\/v2\/types\/product"}],"replies":[{"embeddable":true,"href":"https:\/\/mercatfrutal.com\/ca\/wp-json\/wp\/v2\/comments?post=903"}],"wp:featuredmedia":[{"embeddable":true,"href":"https:\/\/mercatfrutal.com\/ca\/wp-json\/wp\/v2\/media\/9995"}],"wp:attachment":[{"href":"https:\/\/mercatfrutal.com\/ca\/wp-json\/wp\/v2\/media?parent=903"}],"wp:term":[{"taxonomy":"product_brand","embeddable":true,"href":"https:\/\/mercatfrutal.com\/ca\/wp-json\/wp\/v2\/product_brand?post=903"},{"taxonomy":"product_cat","embeddable":true,"href":"https:\/\/mercatfrutal.com\/ca\/wp-json\/wp\/v2\/product_cat?post=903"},{"taxonomy":"product_tag","embeddable":true,"href":"https:\/\/mercatfrutal.com\/ca\/wp-json\/wp\/v2\/product_tag?post=903"}],"curies":[{"name":"wp","href":"https:\/\/api.w.org\/{rel}","templated":true}]}}