{"id":970,"date":"2024-02-19T13:25:50","date_gmt":"2024-02-19T12:25:50","guid":{"rendered":"https:\/\/mercatfrutal.com\/producto\/galleta-copos-avena-int-chips-choco-250g-eco\/"},"modified":"2026-04-14T14:49:36","modified_gmt":"2026-04-14T12:49:36","slug":"galleta-copos-avena-int-chips-choco-250g-eco","status":"publish","type":"product","link":"https:\/\/mercatfrutal.com\/ca\/producte\/galleta-copos-avena-int-chips-choco-250g-eco\/","title":{"rendered":"Galeta Flocs de Civada Integral amb Xips de Xocolata 250g ECO"},"content":{"rendered":"","protected":false},"excerpt":{"rendered":"<p class=\"translation-block\">Galeta Flocs de Civada Integral amb Xips de Xocolata 250g ECO combina l\u2019energia de la civada amb el sabor de la xocolata.<\/p>\n<h2><b>Beneficis principals Galeta Flocs de Civada Integral amb Xips de Xocolata 250g ECO<\/b><\/h2>\n<p><span style=\"font-weight: 400\">Font de fibra i amb ingredients ecol\u00f2gics, ideal per mantenir una dieta equilibrada.<\/span><\/p>\n<h2><b>Caracter\u00edstiques i sabor<\/b><\/h2>\n<p><span style=\"font-weight: 400\">Cruixent, amb contrast entre el toc r\u00fastic de la civada i la dol\u00e7or de la xocolata.<\/span><\/p>\n<h2><b>Formes de consum<\/b><\/h2>\n<p><span style=\"font-weight: 400\">Ideal per a mitja matinada o acompanyar begudes calentes.<\/span><\/p>","protected":false},"featured_media":10032,"comment_status":"open","ping_status":"closed","template":"","meta":{"content-type":""},"product_brand":[],"product_cat":[291],"product_tag":[],"class_list":{"0":"post-970","1":"product","2":"type-product","3":"status-publish","4":"has-post-thumbnail","6":"product_cat-galletas","7":"has-subscription-plans","9":"first","10":"instock","11":"taxable","12":"shipping-taxable","13":"purchasable","14":"product-type-simple"},"bundled_by":[],"bundle_stock_status":"instock","bundle_stock_quantity":163,"bundle_virtual":false,"bundle_layout":"","bundle_add_to_cart_form_location":"","bundle_editable_in_cart":false,"bundle_sold_individually_context":"","bundle_item_grouping":"","bundle_min_size":"","bundle_max_size":"","bundle_price":[],"bundled_items":[],"bundle_sell_ids":[],"yoast_head":"<!-- This site is optimized with the Yoast SEO plugin v27.2 - https:\/\/yoast.com\/product\/yoast-seo-wordpress\/ -->\n<title>Galleta Copos Avena Int. Chips Choco 250g ECO - Mercat Frutal<\/title>\n<meta name=\"robots\" content=\"index, follow, max-snippet:-1, max-image-preview:large, max-video-preview:-1\" \/>\n<link rel=\"canonical\" href=\"https:\/\/mercatfrutal.com\/ca\/producte\/galleta-copos-avena-int-chips-choco-250g-eco\/\" \/>\n<meta property=\"og:locale\" content=\"ca_ES\" \/>\n<meta property=\"og:type\" content=\"article\" \/>\n<meta property=\"og:title\" content=\"Galleta Copos Avena Int. Chips Choco 250g ECO - Mercat Frutal\" \/>\n<meta property=\"og:description\" content=\"Galleta Copos de Avena Integral con Chips de Chocolate 250g ECO combina la energ\u00eda de la avena con el sabor del chocolate. Beneficios principales Galleta Copos de Avena Integral con Chips de Chocolate 250g ECO Fuente de fibra y con ingredientes ecol\u00f3gicos, ideal para mantener una dieta equilibrada. Caracter\u00edsticas y sabor Crujiente, con contraste entre lo r\u00fastico de la avena y lo dulce del chocolate. Formas de consumo Es ideal para media ma\u00f1ana o acompa\u00f1ar bebidas calientes.\" \/>\n<meta property=\"og:url\" content=\"https:\/\/mercatfrutal.com\/ca\/producte\/galleta-copos-avena-int-chips-choco-250g-eco\/\" \/>\n<meta property=\"og:site_name\" content=\"Mercat Frutal\" \/>\n<meta property=\"article:modified_time\" content=\"2026-04-14T12:49:36+00:00\" \/>\n<meta property=\"og:image\" content=\"https:\/\/mercatfrutal.com\/wp-content\/uploads\/2025\/09\/Galleta-Copos-Avena-Int.-Chips-Choco-250g-ECO.webp\" \/>\n\t<meta property=\"og:image:width\" content=\"800\" \/>\n\t<meta property=\"og:image:height\" content=\"800\" \/>\n\t<meta property=\"og:image:type\" content=\"image\/webp\" \/>\n<meta name=\"twitter:card\" content=\"summary_large_image\" \/>\n<meta name=\"twitter:label1\" content=\"Temps estimat de lectura\" \/>\n\t<meta name=\"twitter:data1\" content=\"1 minut\" \/>\n<script type=\"application\/ld+json\" class=\"yoast-schema-graph\">{\"@context\":\"https:\/\/schema.org\",\"@graph\":[{\"@type\":\"WebPage\",\"@id\":\"https:\/\/mercatfrutal.com\/producto\/galleta-copos-avena-int-chips-choco-250g-eco\/\",\"url\":\"https:\/\/mercatfrutal.com\/producto\/galleta-copos-avena-int-chips-choco-250g-eco\/\",\"name\":\"Galleta Copos Avena Int. Chips Choco 250g ECO - Mercat Frutal\",\"isPartOf\":{\"@id\":\"https:\/\/mercatfrutal.com\/#website\"},\"primaryImageOfPage\":{\"@id\":\"https:\/\/mercatfrutal.com\/producto\/galleta-copos-avena-int-chips-choco-250g-eco\/#primaryimage\"},\"image\":{\"@id\":\"https:\/\/mercatfrutal.com\/producto\/galleta-copos-avena-int-chips-choco-250g-eco\/#primaryimage\"},\"thumbnailUrl\":\"https:\/\/mercatfrutal.com\/wp-content\/uploads\/2025\/09\/Galleta-Copos-Avena-Int.-Chips-Choco-250g-ECO.webp\",\"datePublished\":\"2024-02-19T12:25:50+00:00\",\"dateModified\":\"2026-04-14T12:49:36+00:00\",\"breadcrumb\":{\"@id\":\"https:\/\/mercatfrutal.com\/producto\/galleta-copos-avena-int-chips-choco-250g-eco\/#breadcrumb\"},\"inLanguage\":\"ca\",\"potentialAction\":[{\"@type\":\"ReadAction\",\"target\":[\"https:\/\/mercatfrutal.com\/producto\/galleta-copos-avena-int-chips-choco-250g-eco\/\"]}]},{\"@type\":\"ImageObject\",\"inLanguage\":\"ca\",\"@id\":\"https:\/\/mercatfrutal.com\/producto\/galleta-copos-avena-int-chips-choco-250g-eco\/#primaryimage\",\"url\":\"https:\/\/mercatfrutal.com\/wp-content\/uploads\/2025\/09\/Galleta-Copos-Avena-Int.-Chips-Choco-250g-ECO.webp\",\"contentUrl\":\"https:\/\/mercatfrutal.com\/wp-content\/uploads\/2025\/09\/Galleta-Copos-Avena-Int.-Chips-Choco-250g-ECO.webp\",\"width\":800,\"height\":800,\"caption\":\"Galleta Copos Avena Int. Chips Choco 250g ECO\"},{\"@type\":\"BreadcrumbList\",\"@id\":\"https:\/\/mercatfrutal.com\/producto\/galleta-copos-avena-int-chips-choco-250g-eco\/#breadcrumb\",\"itemListElement\":[{\"@type\":\"ListItem\",\"position\":1,\"name\":\"Portada\",\"item\":\"https:\/\/mercatfrutal.com\/\"},{\"@type\":\"ListItem\",\"position\":2,\"name\":\"Tienda\",\"item\":\"https:\/\/mercatfrutal.com\/tienda\/\"},{\"@type\":\"ListItem\",\"position\":3,\"name\":\"Galleta Copos Avena Int. Chips Choco 250g ECO\"}]},{\"@type\":\"WebSite\",\"@id\":\"https:\/\/mercatfrutal.com\/#website\",\"url\":\"https:\/\/mercatfrutal.com\/\",\"name\":\"Mercat Frutal\",\"description\":\"\",\"publisher\":{\"@id\":\"https:\/\/mercatfrutal.com\/#organization\"},\"alternateName\":\"Mercat Frutal\",\"potentialAction\":[{\"@type\":\"SearchAction\",\"target\":{\"@type\":\"EntryPoint\",\"urlTemplate\":\"https:\/\/mercatfrutal.com\/?s={search_term_string}\"},\"query-input\":{\"@type\":\"PropertyValueSpecification\",\"valueRequired\":true,\"valueName\":\"search_term_string\"}}],\"inLanguage\":\"ca\"},{\"@type\":\"Organization\",\"@id\":\"https:\/\/mercatfrutal.com\/#organization\",\"name\":\"Mercat Frutal\",\"url\":\"https:\/\/mercatfrutal.com\/\",\"logo\":{\"@type\":\"ImageObject\",\"inLanguage\":\"ca\",\"@id\":\"https:\/\/mercatfrutal.com\/#\/schema\/logo\/image\/\",\"url\":\"https:\/\/mercatfrutal.com\/wp-content\/uploads\/2024\/01\/LOGO-FRUTAL3.png\",\"contentUrl\":\"https:\/\/mercatfrutal.com\/wp-content\/uploads\/2024\/01\/LOGO-FRUTAL3.png\",\"width\":1024,\"height\":382,\"caption\":\"Mercat Frutal\"},\"image\":{\"@id\":\"https:\/\/mercatfrutal.com\/#\/schema\/logo\/image\/\"}}]}<\/script>\n<!-- \/ Yoast SEO plugin. -->","yoast_head_json":{"title":"Galleta Copos Avena Int. Chips Choco 250g ECO - Mercat Frutal","robots":{"index":"index","follow":"follow","max-snippet":"max-snippet:-1","max-image-preview":"max-image-preview:large","max-video-preview":"max-video-preview:-1"},"canonical":"https:\/\/mercatfrutal.com\/ca\/producte\/galleta-copos-avena-int-chips-choco-250g-eco\/","og_locale":"ca_ES","og_type":"article","og_title":"Galleta Copos Avena Int. Chips Choco 250g ECO - Mercat Frutal","og_description":"Galleta Copos de Avena Integral con Chips de Chocolate 250g ECO combina la energ\u00eda de la avena con el sabor del chocolate. Beneficios principales Galleta Copos de Avena Integral con Chips de Chocolate 250g ECO Fuente de fibra y con ingredientes ecol\u00f3gicos, ideal para mantener una dieta equilibrada. Caracter\u00edsticas y sabor Crujiente, con contraste entre lo r\u00fastico de la avena y lo dulce del chocolate. Formas de consumo Es ideal para media ma\u00f1ana o acompa\u00f1ar bebidas calientes.","og_url":"https:\/\/mercatfrutal.com\/ca\/producte\/galleta-copos-avena-int-chips-choco-250g-eco\/","og_site_name":"Mercat Frutal","article_modified_time":"2026-04-14T12:49:36+00:00","og_image":[{"width":800,"height":800,"url":"https:\/\/mercatfrutal.com\/wp-content\/uploads\/2025\/09\/Galleta-Copos-Avena-Int.-Chips-Choco-250g-ECO.webp","type":"image\/webp"}],"twitter_card":"summary_large_image","twitter_misc":{"Temps estimat de lectura":"1 minut"},"schema":{"@context":"https:\/\/schema.org","@graph":[{"@type":"WebPage","@id":"https:\/\/mercatfrutal.com\/producto\/galleta-copos-avena-int-chips-choco-250g-eco\/","url":"https:\/\/mercatfrutal.com\/producto\/galleta-copos-avena-int-chips-choco-250g-eco\/","name":"Galleta Copos Avena Int. Chips Choco 250g ECO - Mercat Frutal","isPartOf":{"@id":"https:\/\/mercatfrutal.com\/#website"},"primaryImageOfPage":{"@id":"https:\/\/mercatfrutal.com\/producto\/galleta-copos-avena-int-chips-choco-250g-eco\/#primaryimage"},"image":{"@id":"https:\/\/mercatfrutal.com\/producto\/galleta-copos-avena-int-chips-choco-250g-eco\/#primaryimage"},"thumbnailUrl":"https:\/\/mercatfrutal.com\/wp-content\/uploads\/2025\/09\/Galleta-Copos-Avena-Int.-Chips-Choco-250g-ECO.webp","datePublished":"2024-02-19T12:25:50+00:00","dateModified":"2026-04-14T12:49:36+00:00","breadcrumb":{"@id":"https:\/\/mercatfrutal.com\/producto\/galleta-copos-avena-int-chips-choco-250g-eco\/#breadcrumb"},"inLanguage":"ca","potentialAction":[{"@type":"ReadAction","target":["https:\/\/mercatfrutal.com\/producto\/galleta-copos-avena-int-chips-choco-250g-eco\/"]}]},{"@type":"ImageObject","inLanguage":"ca","@id":"https:\/\/mercatfrutal.com\/producto\/galleta-copos-avena-int-chips-choco-250g-eco\/#primaryimage","url":"https:\/\/mercatfrutal.com\/wp-content\/uploads\/2025\/09\/Galleta-Copos-Avena-Int.-Chips-Choco-250g-ECO.webp","contentUrl":"https:\/\/mercatfrutal.com\/wp-content\/uploads\/2025\/09\/Galleta-Copos-Avena-Int.-Chips-Choco-250g-ECO.webp","width":800,"height":800,"caption":"Galleta Copos Avena Int. Chips Choco 250g ECO"},{"@type":"BreadcrumbList","@id":"https:\/\/mercatfrutal.com\/producto\/galleta-copos-avena-int-chips-choco-250g-eco\/#breadcrumb","itemListElement":[{"@type":"ListItem","position":1,"name":"Portada","item":"https:\/\/mercatfrutal.com\/"},{"@type":"ListItem","position":2,"name":"Tienda","item":"https:\/\/mercatfrutal.com\/tienda\/"},{"@type":"ListItem","position":3,"name":"Galleta Copos Avena Int. Chips Choco 250g ECO"}]},{"@type":"WebSite","@id":"https:\/\/mercatfrutal.com\/#website","url":"https:\/\/mercatfrutal.com\/","name":"Mercat Frutal","description":"","publisher":{"@id":"https:\/\/mercatfrutal.com\/#organization"},"alternateName":"Mercat Frutal","potentialAction":[{"@type":"SearchAction","target":{"@type":"EntryPoint","urlTemplate":"https:\/\/mercatfrutal.com\/?s={search_term_string}"},"query-input":{"@type":"PropertyValueSpecification","valueRequired":true,"valueName":"search_term_string"}}],"inLanguage":"ca"},{"@type":"Organization","@id":"https:\/\/mercatfrutal.com\/#organization","name":"Mercat Frutal","url":"https:\/\/mercatfrutal.com\/","logo":{"@type":"ImageObject","inLanguage":"ca","@id":"https:\/\/mercatfrutal.com\/#\/schema\/logo\/image\/","url":"https:\/\/mercatfrutal.com\/wp-content\/uploads\/2024\/01\/LOGO-FRUTAL3.png","contentUrl":"https:\/\/mercatfrutal.com\/wp-content\/uploads\/2024\/01\/LOGO-FRUTAL3.png","width":1024,"height":382,"caption":"Mercat Frutal"},"image":{"@id":"https:\/\/mercatfrutal.com\/#\/schema\/logo\/image\/"}}]}},"jetpack_sharing_enabled":true,"_links":{"self":[{"href":"https:\/\/mercatfrutal.com\/ca\/wp-json\/wp\/v2\/product\/970","targetHints":{"allow":["GET"]}}],"collection":[{"href":"https:\/\/mercatfrutal.com\/ca\/wp-json\/wp\/v2\/product"}],"about":[{"href":"https:\/\/mercatfrutal.com\/ca\/wp-json\/wp\/v2\/types\/product"}],"replies":[{"embeddable":true,"href":"https:\/\/mercatfrutal.com\/ca\/wp-json\/wp\/v2\/comments?post=970"}],"wp:featuredmedia":[{"embeddable":true,"href":"https:\/\/mercatfrutal.com\/ca\/wp-json\/wp\/v2\/media\/10032"}],"wp:attachment":[{"href":"https:\/\/mercatfrutal.com\/ca\/wp-json\/wp\/v2\/media?parent=970"}],"wp:term":[{"taxonomy":"product_brand","embeddable":true,"href":"https:\/\/mercatfrutal.com\/ca\/wp-json\/wp\/v2\/product_brand?post=970"},{"taxonomy":"product_cat","embeddable":true,"href":"https:\/\/mercatfrutal.com\/ca\/wp-json\/wp\/v2\/product_cat?post=970"},{"taxonomy":"product_tag","embeddable":true,"href":"https:\/\/mercatfrutal.com\/ca\/wp-json\/wp\/v2\/product_tag?post=970"}],"curies":[{"name":"wp","href":"https:\/\/api.w.org\/{rel}","templated":true}]}}