{"id":255,"date":"2024-01-16T22:27:18","date_gmt":"2024-01-16T22:27:18","guid":{"rendered":"https:\/\/mercatfrutal.com\/?page_id=255"},"modified":"2025-02-21T14:35:49","modified_gmt":"2025-02-21T12:35:49","slug":"politica-de-cookies","status":"publish","type":"page","link":"https:\/\/mercatfrutal.com\/en\/politica-de-cookies\/","title":{"rendered":"Cookies policy"},"content":{"rendered":"<div data-elementor-type=\"wp-page\" data-elementor-id=\"255\" class=\"elementor elementor-255\" data-elementor-post-type=\"page\">\n\t\t\t\t<div class=\"elementor-element elementor-element-bfbcc74 e-flex e-con-boxed e-con e-parent\" data-id=\"bfbcc74\" data-element_type=\"container\" data-e-type=\"container\">\n\t\t\t\t\t<div class=\"e-con-inner\">\n\t\t\t\t<div class=\"elementor-element elementor-element-f0ba633 elementor-widget elementor-widget-heading\" data-id=\"f0ba633\" data-element_type=\"widget\" data-e-type=\"widget\" data-widget_type=\"heading.default\">\n\t\t\t\t<div class=\"elementor-widget-container\">\n\t\t\t\t\t<h1 class=\"elementor-heading-title elementor-size-default\">Cookies policy\n<\/h1>\t\t\t\t<\/div>\n\t\t\t\t<\/div>\n\t\t\t\t<div class=\"elementor-element elementor-element-e773215 elementor-widget elementor-widget-text-editor\" data-id=\"e773215\" data-element_type=\"widget\" data-e-type=\"widget\" data-widget_type=\"text-editor.default\">\n\t\t\t\t<div class=\"elementor-widget-container\">\n\t\t\t\t\t\t\t\t\t<p>A COOKIE IS A SMALL TEXT FILE THAT IS STORED IN YOUR BROWSER WHEN YOU VISIT ALMOST ANY WEBSITE. ITS USEFULNESS IS THAT THE WEB CAN REMEMBER YOUR VISIT WHEN YOU RETURN TO BROWSE THAT PAGE. COOKIES TYPICALLY STORE TECHNICAL INFORMATION, PERSONAL PREFERENCES, CONTENT PERSONALIZATION, USAGE STATISTICS, LINKS TO SOCIAL NETWORKS, ACCESS TO USER ACCOUNTS, ETC. THE PURPOSE OF THE COOKIE IS TO ADAPT THE CONTENT OF THE WEBSITE TO YOUR PROFILE AND NEEDS; WITHOUT COOKIES, THE SERVICES OFFERED BY ANY PAGE WOULD BE SIGNIFICANTLY DIMINISHED. IF YOU WOULD LIKE TO CONSULT MORE INFORMATION ABOUT WHAT COOKIES ARE, WHAT THEY STORE, HOW TO DELETE THEM, DEACTIVATE THEM, ETC., PLEASE FOLLOW THIS LINK.<\/p><p><strong>COOKIES USED ON THIS WEBSITE<\/strong><\/p><p>FOLLOWING THE GUIDELINES OF THE SPANISH DATA PROTECTION AGENCY, WE PROCEED TO DETAIL THE USE OF COOKIES MADE BY THIS WEBSITE TO INFORM YOU AS ACCURATELY AS POSSIBLE.<\/p><p><strong>THIS WEBSITE USES THE FOLLOWING OWN COOKIES:<\/strong><\/p><p>SESSION COOKIES, TO ENSURE THAT USERS WHO WRITE COMMENTS ON THE BLOG ARE HUMAN AND NOT AUTOMATED APPLICATIONS. THIS WAY, SPAM IS COMBATED.<\/p><p>THIS WEBSITE USES THE FOLLOWING THIRD-PARTY COOKIES:<\/p><p><strong>GOOGLE ANALYTICS:<\/strong> STORES COOKIES TO BE ABLE TO COMPILE STATISTICS ON THE TRAFFIC AND VOLUME OF VISITS TO THIS WEBSITE. BY USING THIS WEBSITE, YOU ARE CONSENTING TO THE PROCESSING OF INFORMATION ABOUT YOU BY GOOGLE. THEREFORE, THE EXERCISE OF ANY RIGHT IN THIS REGARD SHOULD BE DONE BY COMMUNICATING DIRECTLY WITH GOOGLE.<\/p><p><strong>SOCIAL MEDIA:<\/strong> EACH SOCIAL NETWORK USES ITS OWN COOKIES SO THAT YOU CAN CLICK ON BUTTONS SUCH AS LIKE OR SHARE.<\/p><p><strong>DEACTIVATION OR DELETION OF COOKIES<\/strong><\/p><p>AT ANY TIME, YOU CAN EXERCISE YOUR RIGHT TO DEACTIVATE OR DELETE COOKIES FROM THIS WEBSITE. THESE ACTIONS ARE PERFORMED DIFFERENTLY DEPENDING ON THE BROWSER YOU ARE USING. HERE WE LEAVE YOU A QUICK GUIDE FOR THE MOST POPULAR BROWSERS.<\/p><p><strong>ADDITIONAL NOTES<\/strong><\/p><p>NEITHER THIS WEBSITE NOR ITS LEGAL REPRESENTATIVES ARE RESPONSIBLE FOR THE CONTENT OR THE VERACITY OF THE PRIVACY POLICIES THAT THE THIRD PARTIES MENTIONED IN THIS COOKIE POLICY MAY HAVE.<\/p><p>WEB BROWSERS ARE THE TOOLS RESPONSIBLE FOR STORING COOKIES, AND FROM THIS PLACE, YOU SHOULD EXERCISE YOUR RIGHT TO DELETE OR DEACTIVATE THEM. NEITHER THIS WEBSITE NOR ITS LEGAL REPRESENTATIVES CAN GUARANTEE THE CORRECT OR INCORRECT HANDLING OF COOKIES BY THE MENTIONED BROWSERS.<\/p><p>IN SOME CASES, IT IS NECESSARY TO INSTALL COOKIES SO THAT THE BROWSER DOES NOT FORGET YOUR DECISION NOT TO ACCEPT THEM.<\/p><p>IN THE CASE OF GOOGLE ANALYTICS COOKIES, THIS COMPANY STORES THE COOKIES ON SERVERS LOCATED IN THE UNITED STATES AND IS COMMITTED TO NOT SHARING THEM WITH THIRD PARTIES, EXCEPT WHEN NECESSARY FOR THE SYSTEM'S OPERATION OR WHEN REQUIRED BY LAW. ACCORDING TO GOOGLE, IT DOES NOT STORE YOUR IP ADDRESS. GOOGLE INC. IS A COMPANY ADHERED TO THE SAFE HARBOR AGREEMENT, WHICH GUARANTEES THAT ALL DATA TRANSFERRED WILL BE TREATED WITH A LEVEL OF PROTECTION IN ACCORDANCE WITH EUROPEAN REGULATIONS. YOU CAN FIND DETAILED INFORMATION ABOUT THIS IN THIS LINK. IF YOU WANT INFORMATION ABOUT HOW GOOGLE USES COOKIES, WE ATTACH THIS OTHER LINK.<\/p><p>FOR ANY DOUBT OR QUERY ABOUT THIS COOKIE POLICY, DO NOT HESITATE TO CONTACT US THROUGH THE CONTACT SECTION.<\/p>\t\t\t\t\t\t\t\t<\/div>\n\t\t\t\t<\/div>\n\t\t\t\t\t<\/div>\n\t\t\t\t<\/div>\n\t\t\t\t<\/div>","protected":false},"excerpt":{"rendered":"<p>Pol\u00edtica de Cookies UNA COOKIE ES UN PEQUE\u00d1O FICHERO DE TEXTO QUE SE ALMACENA EN SU NAVEGADOR CUANDO VISITA CASI CUALQUIER P\u00c1GINA WEB. SU UTILIDAD ES QUE LA WEB SEA CAPAZ DE RECORDAR SU VISITA CUANDO VUELVA A NAVEGAR POR ESA P\u00c1GINA. LAS COOKIES SUELEN ALMACENAR INFORMACI\u00d3N DE CAR\u00c1CTER T\u00c9CNICO, PREFERENCIAS PERSONALES, PERSONALIZACI\u00d3N DE CONTENIDOS, [&hellip;]<\/p>\n","protected":false},"author":1,"featured_media":0,"parent":0,"menu_order":0,"comment_status":"closed","ping_status":"closed","template":"elementor_header_footer","meta":{"content-type":"","footnotes":""},"class_list":["post-255","page","type-page","status-publish","hentry"],"yoast_head":"<!-- This site is optimized with the Yoast SEO plugin v27.2 - https:\/\/yoast.com\/product\/yoast-seo-wordpress\/ -->\n<title>Pol\u00edtica de Cookies - Mercat Frutal<\/title>\n<meta name=\"description\" content=\"POL\u00cdTICA DE COOKIES. PROCEDEMOS A DETALLAR EL USO DE COOKIES QUE HACE ESTA WEB CON EL FIN DE INFORMARLE CON LA M\u00c1XIMA EXACTITUD POSIBLE.\" \/>\n<meta name=\"robots\" content=\"noindex, nofollow\" \/>\n<meta property=\"og:locale\" content=\"en_GB\" \/>\n<meta property=\"og:type\" content=\"article\" \/>\n<meta property=\"og:title\" content=\"Pol\u00edtica de Cookies - Mercat Frutal\" \/>\n<meta property=\"og:description\" content=\"POL\u00cdTICA DE COOKIES. PROCEDEMOS A DETALLAR EL USO DE COOKIES QUE HACE ESTA WEB CON EL FIN DE INFORMARLE CON LA M\u00c1XIMA EXACTITUD POSIBLE.\" \/>\n<meta property=\"og:url\" content=\"https:\/\/mercatfrutal.com\/en\/politica-de-cookies\/\" \/>\n<meta property=\"og:site_name\" content=\"Mercat Frutal\" \/>\n<meta property=\"article:modified_time\" content=\"2025-02-21T12:35:49+00:00\" \/>\n<meta property=\"og:image\" content=\"https:\/\/mercatfrutal.com\/wp-content\/uploads\/2024\/07\/Mercat-Frutal-Fachada-scaled.jpg\" \/>\n\t<meta property=\"og:image:width\" content=\"2560\" \/>\n\t<meta property=\"og:image:height\" content=\"1508\" \/>\n\t<meta property=\"og:image:type\" content=\"image\/jpeg\" \/>\n<meta name=\"twitter:card\" content=\"summary_large_image\" \/>\n<meta name=\"twitter:label1\" content=\"Estimated reading time\" \/>\n\t<meta name=\"twitter:data1\" content=\"3 minutes\" \/>\n<script type=\"application\/ld+json\" class=\"yoast-schema-graph\">{\"@context\":\"https:\/\/schema.org\",\"@graph\":[{\"@type\":\"WebPage\",\"@id\":\"https:\/\/mercatfrutal.com\/politica-de-cookies\/\",\"url\":\"https:\/\/mercatfrutal.com\/politica-de-cookies\/\",\"name\":\"Pol\u00edtica de Cookies - Mercat Frutal\",\"isPartOf\":{\"@id\":\"https:\/\/mercatfrutal.com\/#website\"},\"datePublished\":\"2024-01-16T22:27:18+00:00\",\"dateModified\":\"2025-02-21T12:35:49+00:00\",\"description\":\"POL\u00cdTICA DE COOKIES. PROCEDEMOS A DETALLAR EL USO DE COOKIES QUE HACE ESTA WEB CON EL FIN DE INFORMARLE CON LA M\u00c1XIMA EXACTITUD POSIBLE.\",\"breadcrumb\":{\"@id\":\"https:\/\/mercatfrutal.com\/politica-de-cookies\/#breadcrumb\"},\"inLanguage\":\"en-GB\",\"potentialAction\":[{\"@type\":\"ReadAction\",\"target\":[\"https:\/\/mercatfrutal.com\/politica-de-cookies\/\"]}]},{\"@type\":\"BreadcrumbList\",\"@id\":\"https:\/\/mercatfrutal.com\/politica-de-cookies\/#breadcrumb\",\"itemListElement\":[{\"@type\":\"ListItem\",\"position\":1,\"name\":\"Portada\",\"item\":\"https:\/\/mercatfrutal.com\/\"},{\"@type\":\"ListItem\",\"position\":2,\"name\":\"Pol\u00edtica de Cookies\"}]},{\"@type\":\"WebSite\",\"@id\":\"https:\/\/mercatfrutal.com\/#website\",\"url\":\"https:\/\/mercatfrutal.com\/\",\"name\":\"Mercat Frutal\",\"description\":\"\",\"publisher\":{\"@id\":\"https:\/\/mercatfrutal.com\/#organization\"},\"alternateName\":\"Mercat Frutal\",\"potentialAction\":[{\"@type\":\"SearchAction\",\"target\":{\"@type\":\"EntryPoint\",\"urlTemplate\":\"https:\/\/mercatfrutal.com\/?s={search_term_string}\"},\"query-input\":{\"@type\":\"PropertyValueSpecification\",\"valueRequired\":true,\"valueName\":\"search_term_string\"}}],\"inLanguage\":\"en-GB\"},{\"@type\":\"Organization\",\"@id\":\"https:\/\/mercatfrutal.com\/#organization\",\"name\":\"Mercat Frutal\",\"url\":\"https:\/\/mercatfrutal.com\/\",\"logo\":{\"@type\":\"ImageObject\",\"inLanguage\":\"en-GB\",\"@id\":\"https:\/\/mercatfrutal.com\/#\/schema\/logo\/image\/\",\"url\":\"https:\/\/mercatfrutal.com\/wp-content\/uploads\/2024\/01\/LOGO-FRUTAL3.png\",\"contentUrl\":\"https:\/\/mercatfrutal.com\/wp-content\/uploads\/2024\/01\/LOGO-FRUTAL3.png\",\"width\":1024,\"height\":382,\"caption\":\"Mercat Frutal\"},\"image\":{\"@id\":\"https:\/\/mercatfrutal.com\/#\/schema\/logo\/image\/\"}}]}<\/script>\n<!-- \/ Yoast SEO plugin. -->","yoast_head_json":{"title":"Pol\u00edtica de Cookies - Mercat Frutal","description":"POL\u00cdTICA DE COOKIES. PROCEDEMOS A DETALLAR EL USO DE COOKIES QUE HACE ESTA WEB CON EL FIN DE INFORMARLE CON LA M\u00c1XIMA EXACTITUD POSIBLE.","robots":{"index":"noindex","follow":"nofollow"},"og_locale":"en_GB","og_type":"article","og_title":"Pol\u00edtica de Cookies - Mercat Frutal","og_description":"POL\u00cdTICA DE COOKIES. PROCEDEMOS A DETALLAR EL USO DE COOKIES QUE HACE ESTA WEB CON EL FIN DE INFORMARLE CON LA M\u00c1XIMA EXACTITUD POSIBLE.","og_url":"https:\/\/mercatfrutal.com\/en\/politica-de-cookies\/","og_site_name":"Mercat Frutal","article_modified_time":"2025-02-21T12:35:49+00:00","og_image":[{"width":2560,"height":1508,"url":"https:\/\/mercatfrutal.com\/wp-content\/uploads\/2024\/07\/Mercat-Frutal-Fachada-scaled.jpg","type":"image\/jpeg"}],"twitter_card":"summary_large_image","twitter_misc":{"Estimated reading time":"3 minutes"},"schema":{"@context":"https:\/\/schema.org","@graph":[{"@type":"WebPage","@id":"https:\/\/mercatfrutal.com\/politica-de-cookies\/","url":"https:\/\/mercatfrutal.com\/politica-de-cookies\/","name":"Pol\u00edtica de Cookies - Mercat Frutal","isPartOf":{"@id":"https:\/\/mercatfrutal.com\/#website"},"datePublished":"2024-01-16T22:27:18+00:00","dateModified":"2025-02-21T12:35:49+00:00","description":"POL\u00cdTICA DE COOKIES. PROCEDEMOS A DETALLAR EL USO DE COOKIES QUE HACE ESTA WEB CON EL FIN DE INFORMARLE CON LA M\u00c1XIMA EXACTITUD POSIBLE.","breadcrumb":{"@id":"https:\/\/mercatfrutal.com\/politica-de-cookies\/#breadcrumb"},"inLanguage":"en-GB","potentialAction":[{"@type":"ReadAction","target":["https:\/\/mercatfrutal.com\/politica-de-cookies\/"]}]},{"@type":"BreadcrumbList","@id":"https:\/\/mercatfrutal.com\/politica-de-cookies\/#breadcrumb","itemListElement":[{"@type":"ListItem","position":1,"name":"Portada","item":"https:\/\/mercatfrutal.com\/"},{"@type":"ListItem","position":2,"name":"Pol\u00edtica de Cookies"}]},{"@type":"WebSite","@id":"https:\/\/mercatfrutal.com\/#website","url":"https:\/\/mercatfrutal.com\/","name":"Mercat Frutal","description":"","publisher":{"@id":"https:\/\/mercatfrutal.com\/#organization"},"alternateName":"Mercat Frutal","potentialAction":[{"@type":"SearchAction","target":{"@type":"EntryPoint","urlTemplate":"https:\/\/mercatfrutal.com\/?s={search_term_string}"},"query-input":{"@type":"PropertyValueSpecification","valueRequired":true,"valueName":"search_term_string"}}],"inLanguage":"en-GB"},{"@type":"Organization","@id":"https:\/\/mercatfrutal.com\/#organization","name":"Mercat Frutal","url":"https:\/\/mercatfrutal.com\/","logo":{"@type":"ImageObject","inLanguage":"en-GB","@id":"https:\/\/mercatfrutal.com\/#\/schema\/logo\/image\/","url":"https:\/\/mercatfrutal.com\/wp-content\/uploads\/2024\/01\/LOGO-FRUTAL3.png","contentUrl":"https:\/\/mercatfrutal.com\/wp-content\/uploads\/2024\/01\/LOGO-FRUTAL3.png","width":1024,"height":382,"caption":"Mercat Frutal"},"image":{"@id":"https:\/\/mercatfrutal.com\/#\/schema\/logo\/image\/"}}]}},"jetpack_sharing_enabled":true,"_links":{"self":[{"href":"https:\/\/mercatfrutal.com\/en\/wp-json\/wp\/v2\/pages\/255","targetHints":{"allow":["GET"]}}],"collection":[{"href":"https:\/\/mercatfrutal.com\/en\/wp-json\/wp\/v2\/pages"}],"about":[{"href":"https:\/\/mercatfrutal.com\/en\/wp-json\/wp\/v2\/types\/page"}],"author":[{"embeddable":true,"href":"https:\/\/mercatfrutal.com\/en\/wp-json\/wp\/v2\/users\/1"}],"replies":[{"embeddable":true,"href":"https:\/\/mercatfrutal.com\/en\/wp-json\/wp\/v2\/comments?post=255"}],"version-history":[{"count":5,"href":"https:\/\/mercatfrutal.com\/en\/wp-json\/wp\/v2\/pages\/255\/revisions"}],"predecessor-version":[{"id":260,"href":"https:\/\/mercatfrutal.com\/en\/wp-json\/wp\/v2\/pages\/255\/revisions\/260"}],"wp:attachment":[{"href":"https:\/\/mercatfrutal.com\/en\/wp-json\/wp\/v2\/media?parent=255"}],"curies":[{"name":"wp","href":"https:\/\/api.w.org\/{rel}","templated":true}]}}