{"id":3376,"date":"2024-06-27T13:44:43","date_gmt":"2024-06-27T13:44:43","guid":{"rendered":"https:\/\/mercatfrutal.com\/?page_id=3376"},"modified":"2024-07-10T10:48:41","modified_gmt":"2024-07-10T08:48:41","slug":"codigo-lp-huevos","status":"publish","type":"page","link":"https:\/\/mercatfrutal.com\/en\/codigo-lp-huevos\/","title":{"rendered":"Thank You Page &#8211; Landing Huevos"},"content":{"rendered":"<div data-elementor-type=\"wp-page\" data-elementor-id=\"3376\" class=\"elementor elementor-3376\" data-elementor-post-type=\"page\">\n\t\t\t\t<div class=\"elementor-element elementor-element-440dfba3 e-flex e-con-boxed elementor-invisible e-con e-parent\" data-id=\"440dfba3\" data-element_type=\"container\" data-e-type=\"container\" data-settings=\"{&quot;background_background&quot;:&quot;classic&quot;,&quot;animation&quot;:&quot;fadeIn&quot;}\">\n\t\t\t\t\t<div class=\"e-con-inner\">\n\t\t\t\t<div class=\"elementor-element elementor-element-2ca5cd7a elementor-widget-divider--view-line elementor-widget elementor-widget-divider\" data-id=\"2ca5cd7a\" data-element_type=\"widget\" data-e-type=\"widget\" data-widget_type=\"divider.default\">\n\t\t\t\t<div class=\"elementor-widget-container\">\n\t\t\t\t\t\t\t<div class=\"elementor-divider\">\n\t\t\t<span class=\"elementor-divider-separator\">\n\t\t\t\t\t\t<\/span>\n\t\t<\/div>\n\t\t\t\t\t\t<\/div>\n\t\t\t\t<\/div>\n\t\t\t\t<div class=\"elementor-element elementor-element-38bc1f6 elementor-widget elementor-widget-heading\" data-id=\"38bc1f6\" data-element_type=\"widget\" data-e-type=\"widget\" data-widget_type=\"heading.default\">\n\t\t\t\t<div class=\"elementor-widget-container\">\n\t\t\t\t\t<h2 class=\"elementor-heading-title elementor-size-default\">\u00a1MUCHAS GRACIAS!<\/h2>\t\t\t\t<\/div>\n\t\t\t\t<\/div>\n\t\t\t\t<div class=\"elementor-element elementor-element-190f97a1 elementor-widget elementor-widget-image\" data-id=\"190f97a1\" data-element_type=\"widget\" data-e-type=\"widget\" data-widget_type=\"image.default\">\n\t\t\t\t<div class=\"elementor-widget-container\">\n\t\t\t\t\t\t\t\t\t\t\t\t\t\t\t<img fetchpriority=\"high\" decoding=\"async\" width=\"299\" height=\"283\" src=\"https:\/\/mercatfrutal.com\/wp-content\/uploads\/2024\/06\/ous-entrevinyes-amarillo.png\" class=\"attachment-medium size-medium wp-image-3095\" alt=\"\" srcset=\"https:\/\/mercatfrutal.com\/wp-content\/uploads\/2024\/06\/ous-entrevinyes-amarillo.png 299w, https:\/\/mercatfrutal.com\/wp-content\/uploads\/2024\/06\/ous-entrevinyes-amarillo-13x12.png 13w\" sizes=\"(max-width: 299px) 100vw, 299px\" \/>\t\t\t\t\t\t\t\t\t\t\t\t\t\t\t<\/div>\n\t\t\t\t<\/div>\n\t\t\t\t<div class=\"elementor-element elementor-element-61b5167a elementor-widget elementor-widget-heading\" data-id=\"61b5167a\" data-element_type=\"widget\" data-e-type=\"widget\" data-widget_type=\"heading.default\">\n\t\t\t\t<div class=\"elementor-widget-container\">\n\t\t\t\t\t<h3 class=\"elementor-heading-title elementor-size-default\">C\u00d3DIGO: OUSGRATIS<\/h3>\t\t\t\t<\/div>\n\t\t\t\t<\/div>\n\t\t\t\t<div class=\"elementor-element elementor-element-c0b8fdb elementor-widget elementor-widget-heading\" data-id=\"c0b8fdb\" data-element_type=\"widget\" data-e-type=\"widget\" data-widget_type=\"heading.default\">\n\t\t\t\t<div class=\"elementor-widget-container\">\n\t\t\t\t\t<h3 class=\"elementor-heading-title elementor-size-default\">Recuerda que este es  un cup\u00f3n de descuento. <br> A\u00f1ade a tu carrito los huevos Entrevinyes y los dem\u00e1s productos que quieras.<br> Antes de finalizar tu compra ingresa el c\u00f3digo de descuento.<\/h3>\t\t\t\t<\/div>\n\t\t\t\t<\/div>\n\t\t\t\t<div class=\"elementor-element elementor-element-1c914932 elementor-widget elementor-widget-heading\" data-id=\"1c914932\" data-element_type=\"widget\" data-e-type=\"widget\" data-widget_type=\"heading.default\">\n\t\t\t\t<div class=\"elementor-widget-container\">\n\t\t\t\t\t<h3 class=\"elementor-heading-title elementor-size-default\">V\u00e1lido solo en sitio web.<\/h3>\t\t\t\t<\/div>\n\t\t\t\t<\/div>\n\t\t\t\t<div class=\"elementor-element elementor-element-6d679312 elementor-widget-divider--view-line elementor-widget elementor-widget-divider\" data-id=\"6d679312\" data-element_type=\"widget\" data-e-type=\"widget\" data-widget_type=\"divider.default\">\n\t\t\t\t<div class=\"elementor-widget-container\">\n\t\t\t\t\t\t\t<div class=\"elementor-divider\">\n\t\t\t<span class=\"elementor-divider-separator\">\n\t\t\t\t\t\t<\/span>\n\t\t<\/div>\n\t\t\t\t\t\t<\/div>\n\t\t\t\t<\/div>\n\t\t\t\t\t<\/div>\n\t\t\t\t<\/div>\n\t\t<div class=\"elementor-element elementor-element-2e574c9 e-flex e-con-boxed e-con e-parent\" data-id=\"2e574c9\" data-element_type=\"container\" data-e-type=\"container\" data-settings=\"{&quot;background_background&quot;:&quot;classic&quot;}\">\n\t\t\t\t\t<div class=\"e-con-inner\">\n\t\t<div class=\"elementor-element elementor-element-9468d5f e-con-full e-flex e-con e-child\" data-id=\"9468d5f\" data-element_type=\"container\" data-e-type=\"container\" data-settings=\"{&quot;background_background&quot;:&quot;classic&quot;}\">\n\t\t\t\t<div class=\"elementor-element elementor-element-c69f256 elementor-widget elementor-widget-heading\" data-id=\"c69f256\" data-element_type=\"widget\" data-e-type=\"widget\" data-widget_type=\"heading.default\">\n\t\t\t\t<div class=\"elementor-widget-container\">\n\t\t\t\t\t<h2 class=\"elementor-heading-title elementor-size-default\">Pasos para tus huevos gratis<\/h2>\t\t\t\t<\/div>\n\t\t\t\t<\/div>\n\t\t\t\t<div class=\"elementor-element elementor-element-dd27319 elementor-mobile-align-start elementor-align-start elementor-icon-list--layout-traditional elementor-list-item-link-full_width elementor-widget elementor-widget-icon-list\" data-id=\"dd27319\" data-element_type=\"widget\" data-e-type=\"widget\" data-widget_type=\"icon-list.default\">\n\t\t\t\t<div class=\"elementor-widget-container\">\n\t\t\t\t\t\t\t<ul class=\"elementor-icon-list-items\">\n\t\t\t\t\t\t\t<li class=\"elementor-icon-list-item\">\n\t\t\t\t\t\t\t\t\t\t\t<span class=\"elementor-icon-list-icon\">\n\t\t\t\t\t\t\t<svg aria-hidden=\"true\" class=\"e-font-icon-svg e-fas-check\" viewbox=\"0 0 512 512\" xmlns=\"http:\/\/www.w3.org\/2000\/svg\"><path d=\"M173.898 439.404l-166.4-166.4c-9.997-9.997-9.997-26.206 0-36.204l36.203-36.204c9.997-9.998 26.207-9.998 36.204 0L192 312.69 432.095 72.596c9.997-9.997 26.207-9.997 36.204 0l36.203 36.204c9.997 9.997 9.997 26.206 0 36.204l-294.4 294.401c-9.998 9.997-26.207 9.997-36.204-.001z\"><\/path><\/svg>\t\t\t\t\t\t<\/span>\n\t\t\t\t\t\t\t\t\t\t<span class=\"elementor-icon-list-text\">Agrega tus huevos al carrito en el sitio web, recuerda que con el c\u00f3digo OUSGRATIS\u00a0se descontar\u00e1 el valor de los huevos.<\/span>\n\t\t\t\t\t\t\t\t\t<\/li>\n\t\t\t\t\t\t\t\t<li class=\"elementor-icon-list-item\">\n\t\t\t\t\t\t\t\t\t\t\t<span class=\"elementor-icon-list-icon\">\n\t\t\t\t\t\t\t<svg aria-hidden=\"true\" class=\"e-font-icon-svg e-fas-check\" viewbox=\"0 0 512 512\" xmlns=\"http:\/\/www.w3.org\/2000\/svg\"><path d=\"M173.898 439.404l-166.4-166.4c-9.997-9.997-9.997-26.206 0-36.204l36.203-36.204c9.997-9.998 26.207-9.998 36.204 0L192 312.69 432.095 72.596c9.997-9.997 26.207-9.997 36.204 0l36.203 36.204c9.997 9.997 9.997 26.206 0 36.204l-294.4 294.401c-9.998 9.997-26.207 9.997-36.204-.001z\"><\/path><\/svg>\t\t\t\t\t\t<\/span>\n\t\t\t\t\t\t\t\t\t\t<span class=\"elementor-icon-list-text\">A\u00f1ade m\u00e1s productos a tu pedido. Recuerda que la compra m\u00ednima en sitio web es de 10\u20ac.<\/span>\n\t\t\t\t\t\t\t\t\t<\/li>\n\t\t\t\t\t\t\t\t<li class=\"elementor-icon-list-item\">\n\t\t\t\t\t\t\t\t\t\t\t<span class=\"elementor-icon-list-icon\">\n\t\t\t\t\t\t\t<svg aria-hidden=\"true\" class=\"e-font-icon-svg e-fas-check\" viewbox=\"0 0 512 512\" xmlns=\"http:\/\/www.w3.org\/2000\/svg\"><path d=\"M173.898 439.404l-166.4-166.4c-9.997-9.997-9.997-26.206 0-36.204l36.203-36.204c9.997-9.998 26.207-9.998 36.204 0L192 312.69 432.095 72.596c9.997-9.997 26.207-9.997 36.204 0l36.203 36.204c9.997 9.997 9.997 26.206 0 36.204l-294.4 294.401c-9.998 9.997-26.207 9.997-36.204-.001z\"><\/path><\/svg>\t\t\t\t\t\t<\/span>\n\t\t\t\t\t\t\t\t\t\t<span class=\"elementor-icon-list-text\">Selecciona tu forma de env\u00edo (Domicilio o Recogida). Si eliges recogida en tienda (C\/Ram\u00f3n Turro 81, Poblenou) es totalmente gr\u00e1tis.<\/span>\n\t\t\t\t\t\t\t\t\t<\/li>\n\t\t\t\t\t\t\t\t<li class=\"elementor-icon-list-item\">\n\t\t\t\t\t\t\t\t\t\t\t<span class=\"elementor-icon-list-icon\">\n\t\t\t\t\t\t\t<svg aria-hidden=\"true\" class=\"e-font-icon-svg e-fas-check\" viewbox=\"0 0 512 512\" xmlns=\"http:\/\/www.w3.org\/2000\/svg\"><path d=\"M173.898 439.404l-166.4-166.4c-9.997-9.997-9.997-26.206 0-36.204l36.203-36.204c9.997-9.998 26.207-9.998 36.204 0L192 312.69 432.095 72.596c9.997-9.997 26.207-9.997 36.204 0l36.203 36.204c9.997 9.997 9.997 26.206 0 36.204l-294.4 294.401c-9.998 9.997-26.207 9.997-36.204-.001z\"><\/path><\/svg>\t\t\t\t\t\t<\/span>\n\t\t\t\t\t\t\t\t\t\t<span class=\"elementor-icon-list-text\">Ingresa tu cup\u00f3n y te restaremos el valor de los huevos.<\/span>\n\t\t\t\t\t\t\t\t\t<\/li>\n\t\t\t\t\t\t\t\t<li class=\"elementor-icon-list-item\">\n\t\t\t\t\t\t\t\t\t\t\t<span class=\"elementor-icon-list-icon\">\n\t\t\t\t\t\t\t<svg aria-hidden=\"true\" class=\"e-font-icon-svg e-fas-check\" viewbox=\"0 0 512 512\" xmlns=\"http:\/\/www.w3.org\/2000\/svg\"><path d=\"M173.898 439.404l-166.4-166.4c-9.997-9.997-9.997-26.206 0-36.204l36.203-36.204c9.997-9.998 26.207-9.998 36.204 0L192 312.69 432.095 72.596c9.997-9.997 26.207-9.997 36.204 0l36.203 36.204c9.997 9.997 9.997 26.206 0 36.204l-294.4 294.401c-9.998 9.997-26.207 9.997-36.204-.001z\"><\/path><\/svg>\t\t\t\t\t\t<\/span>\n\t\t\t\t\t\t\t\t\t\t<span class=\"elementor-icon-list-text\">Realiza el pago y en las pr\u00f3ximas 24-48 horas tendr\u00e1s tu pedido. <\/span>\n\t\t\t\t\t\t\t\t\t<\/li>\n\t\t\t\t\t\t<\/ul>\n\t\t\t\t\t\t<\/div>\n\t\t\t\t<\/div>\n\t\t\t\t<div class=\"elementor-element elementor-element-6cd86a8 elementor-grid-1 elementor-grid-mobile-1 elementor-product-loop-item--align-center elementor-product-loop-item--align-center elementor-grid-tablet-3 elementor-products-grid elementor-wc-products elementor-widget elementor-widget-woocommerce-products\" data-id=\"6cd86a8\" data-element_type=\"widget\" data-e-type=\"widget\" data-widget_type=\"woocommerce-products.default\">\n\t\t\t\t<div class=\"elementor-widget-container\">\n\t\t\t\t\t<div class=\"woocommerce columns-1\"><ul class=\"products elementor-grid columns-1\">\n<li class=\"has-subscription-plans product type-product post-1006 status-publish first instock product_cat-huevos has-post-thumbnail featured taxable shipping-taxable purchasable product-type-simple\">\n\t<a href=\"https:\/\/mercatfrutal.com\/en\/product\/6-huevos-m-l-entrevinyes-eco\/\" class=\"woocommerce-LoopProduct-link woocommerce-loop-product__link\"><img decoding=\"async\" width=\"300\" height=\"300\" src=\"https:\/\/mercatfrutal.com\/wp-content\/uploads\/2025\/09\/6-Huevos-_L-ECO_EN-300x300.webp\" class=\"attachment-woocommerce_thumbnail size-woocommerce_thumbnail\" alt=\"6 Organic Eggs  M\/L Entrevinyes\" srcset=\"https:\/\/mercatfrutal.com\/wp-content\/uploads\/2025\/09\/6-Huevos-_L-ECO_EN-300x300.webp 300w, https:\/\/mercatfrutal.com\/wp-content\/uploads\/2025\/09\/6-Huevos-_L-ECO_EN-150x150.webp 150w, https:\/\/mercatfrutal.com\/wp-content\/uploads\/2025\/09\/6-Huevos-_L-ECO_EN-768x768.webp 768w, https:\/\/mercatfrutal.com\/wp-content\/uploads\/2025\/09\/6-Huevos-_L-ECO_EN-12x12.webp 12w, https:\/\/mercatfrutal.com\/wp-content\/uploads\/2025\/09\/6-Huevos-_L-ECO_EN-600x600.webp 600w, https:\/\/mercatfrutal.com\/wp-content\/uploads\/2025\/09\/6-Huevos-_L-ECO_EN-100x100.webp 100w, https:\/\/mercatfrutal.com\/wp-content\/uploads\/2025\/09\/6-Huevos-_L-ECO_EN.webp 800w\" sizes=\"(max-width: 300px) 100vw, 300px\" \/><h2 class=\"woocommerce-loop-product__title\">6 Organic Eggs  M\/L Entrevinyes<\/h2>\n\t<span class=\"price\"><span class=\"woocommerce-Price-amount amount\"><bdi>2,87&nbsp;<span class=\"woocommerce-Price-currencySymbol\">&euro;<\/span><\/bdi><\/span><small class=\"wcsatt-sub-options\"> <span class=\"wcsatt-dash\">&mdash;<\/span> or subscribe to save up to<\/small> <span class=\"wcsatt-sub-discount\">5&#37;<\/span><small><\/small><\/span>\n<\/a><a href=\"\/en\/wp-json\/wp\/v2\/pages\/3376?add-to-cart=1006\" aria-describedby=\"woocommerce_loop_add_to_cart_link_describedby_1006\" data-quantity=\"1\" class=\"button product_type_simple add_to_cart_button ajax_add_to_cart\" data-product_id=\"1006\" data-product_sku=\"25\" aria-label=\"Add to cart\" rel=\"nofollow\" data-success_message=\"\u201c6 Huevos M\/L Entrevinyes ECO\u201d has been added to your cart\" role=\"button\" data-no-translation=\"\" data-trp-gettext=\"\" data-no-translation-aria-label=\"\" data-no-translation-data-success_message=\"\">Add to cart<\/a>\t<span id=\"woocommerce_loop_add_to_cart_link_describedby_1006\" class=\"screen-reader-text\">\n\t\t\t<\/span>\n<span class=\"gtm4wp_productdata\" style=\"display:none; visibility:hidden;\" data-gtm4wp_product_data=\"{&quot;internal_id&quot;:1006,&quot;item_id&quot;:1006,&quot;item_name&quot;:&quot;6 Huevos M\\\/L Entrevinyes ECO&quot;,&quot;sku&quot;:&quot;25&quot;,&quot;price&quot;:2.87,&quot;stocklevel&quot;:109,&quot;stockstatus&quot;:&quot;instock&quot;,&quot;google_business_vertical&quot;:&quot;retail&quot;,&quot;item_category&quot;:&quot;Huevos&quot;,&quot;id&quot;:1006,&quot;productlink&quot;:&quot;https:\\\/\\\/mercatfrutal.com\\\/en\\\/product\\\/6-huevos-m-l-entrevinyes-eco\\\/&quot;,&quot;item_list_name&quot;:&quot;General Product List&quot;,&quot;index&quot;:1,&quot;product_type&quot;:&quot;simple&quot;,&quot;item_brand&quot;:&quot;&quot;}\"><\/span><\/li>\n<\/ul>\n<\/div>\t\t\t\t<\/div>\n\t\t\t\t<\/div>\n\t\t\t\t<\/div>\n\t\t\t\t<div class=\"elementor-element elementor-element-7313280 elementor-widget elementor-widget-spacer\" data-id=\"7313280\" data-element_type=\"widget\" data-e-type=\"widget\" data-widget_type=\"spacer.default\">\n\t\t\t\t<div class=\"elementor-widget-container\">\n\t\t\t\t\t\t\t<div class=\"elementor-spacer\">\n\t\t\t<div class=\"elementor-spacer-inner\"><\/div>\n\t\t<\/div>\n\t\t\t\t\t\t<\/div>\n\t\t\t\t<\/div>\n\t\t<div class=\"elementor-element elementor-element-1241e40 e-con-full e-flex e-con e-child\" data-id=\"1241e40\" data-element_type=\"container\" data-e-type=\"container\" data-settings=\"{&quot;background_background&quot;:&quot;classic&quot;}\">\n\t\t\t\t<div class=\"elementor-element elementor-element-a52f8c0 elementor-widget elementor-widget-image\" data-id=\"a52f8c0\" data-element_type=\"widget\" data-e-type=\"widget\" data-widget_type=\"image.default\">\n\t\t\t\t<div class=\"elementor-widget-container\">\n\t\t\t\t\t\t\t\t\t\t\t\t\t\t\t<img decoding=\"async\" width=\"800\" height=\"534\" src=\"https:\/\/mercatfrutal.com\/wp-content\/uploads\/2024\/07\/DSC_0225-1024x683.jpg\" class=\"attachment-large size-large wp-image-3531\" alt=\"\" srcset=\"https:\/\/mercatfrutal.com\/wp-content\/uploads\/2024\/07\/DSC_0225-1024x683.jpg 1024w, https:\/\/mercatfrutal.com\/wp-content\/uploads\/2024\/07\/DSC_0225-300x200.jpg 300w, https:\/\/mercatfrutal.com\/wp-content\/uploads\/2024\/07\/DSC_0225-768x512.jpg 768w, https:\/\/mercatfrutal.com\/wp-content\/uploads\/2024\/07\/DSC_0225-1536x1024.jpg 1536w, https:\/\/mercatfrutal.com\/wp-content\/uploads\/2024\/07\/DSC_0225-2048x1365.jpg 2048w, https:\/\/mercatfrutal.com\/wp-content\/uploads\/2024\/07\/DSC_0225-18x12.jpg 18w, https:\/\/mercatfrutal.com\/wp-content\/uploads\/2024\/07\/DSC_0225-600x400.jpg 600w\" sizes=\"(max-width: 800px) 100vw, 800px\" \/>\t\t\t\t\t\t\t\t\t\t\t\t\t\t\t<\/div>\n\t\t\t\t<\/div>\n\t\t\t\t<div class=\"elementor-element elementor-element-bb1e562 elementor-widget elementor-widget-heading\" data-id=\"bb1e562\" data-element_type=\"widget\" data-e-type=\"widget\" data-widget_type=\"heading.default\">\n\t\t\t\t<div class=\"elementor-widget-container\">\n\t\t\t\t\t<h2 class=\"elementor-heading-title elementor-size-default\">Los huevos ecol\u00f3gicos de Josep<\/h2>\t\t\t\t<\/div>\n\t\t\t\t<\/div>\n\t\t\t\t<div class=\"elementor-element elementor-element-5f76ec0 elementor-widget elementor-widget-text-editor\" data-id=\"5f76ec0\" data-element_type=\"widget\" data-e-type=\"widget\" data-widget_type=\"text-editor.default\">\n\t\t\t\t<div class=\"elementor-widget-container\">\n\t\t\t\t\t\t\t\t\t<p>Los huevos ecol\u00f3gicos adem\u00e1s de ser mas ricos en nutrientes y mas gustosos, \u00a0garantizan que las gallinas se han alimentado con productos ecol\u00f3gicos, viven en libertad y no han estado maltratadas.<\/p>\t\t\t\t\t\t\t\t<\/div>\n\t\t\t\t<\/div>\n\t\t\t\t<\/div>\n\t\t\t\t\t<\/div>\n\t\t\t\t<\/div>\n\t\t<div class=\"elementor-element elementor-element-e328178 e-flex e-con-boxed e-con e-parent\" data-id=\"e328178\" data-element_type=\"container\" data-e-type=\"container\" data-settings=\"{&quot;background_background&quot;:&quot;classic&quot;}\">\n\t\t\t\t\t<div class=\"e-con-inner\">\n\t\t\t\t<div class=\"elementor-element elementor-element-a09061b elementor-align-center elementor-widget elementor-widget-elementskit-button\" data-id=\"a09061b\" data-element_type=\"widget\" data-e-type=\"widget\" data-widget_type=\"elementskit-button.default\">\n\t\t\t\t<div class=\"elementor-widget-container\">\n\t\t\t\t\t<div class=\"ekit-wid-con\" >\t\t<div class=\"ekit-btn-wraper\">\n\t\t\t\t\t\t\t<a href=\"https:\/\/mercatfrutal.com\/en\/product-category\/frutas\/\" class=\"elementskit-btn  whitespace--normal\" id=\"\">\n\t\t\t\t\tVer m\u00e1s productos\t\t\t\t<\/a>\n\t\t\t\t\t<\/div>\n        <\/div>\t\t\t\t<\/div>\n\t\t\t\t<\/div>\n\t\t\t\t\t<\/div>\n\t\t\t\t<\/div>\n\t\t\t\t<\/div>","protected":false},"excerpt":{"rendered":"<p>\u00a1MUCHAS GRACIAS! C\u00d3DIGO: OUSGRATIS Recuerda que este es un cup\u00f3n de descuento. A\u00f1ade a tu carrito los huevos Entrevinyes y los dem\u00e1s productos que quieras. Antes de finalizar tu compra ingresa el c\u00f3digo de descuento. V\u00e1lido solo en sitio web. Pasos para tus huevos gratis Agrega tus huevos al carrito en el sitio web, recuerda [&hellip;]<\/p>\n","protected":false},"author":40,"featured_media":0,"parent":0,"menu_order":0,"comment_status":"closed","ping_status":"closed","template":"","meta":{"content-type":"","footnotes":""},"class_list":["post-3376","page","type-page","status-publish","hentry","has-subscription-plans"],"yoast_head":"<!-- This site is optimized with the Yoast SEO plugin v27.2 - https:\/\/yoast.com\/product\/yoast-seo-wordpress\/ -->\n<title>Thank You Page - Landing Huevos - Mercat Frutal<\/title>\n<meta name=\"robots\" content=\"index, follow, max-snippet:-1, max-image-preview:large, max-video-preview:-1\" \/>\n<link rel=\"canonical\" href=\"https:\/\/mercatfrutal.com\/en\/codigo-lp-huevos\/\" \/>\n<meta property=\"og:locale\" content=\"en_GB\" \/>\n<meta property=\"og:type\" content=\"article\" \/>\n<meta property=\"og:title\" content=\"Thank You Page - Landing Huevos - Mercat Frutal\" \/>\n<meta property=\"og:description\" content=\"\u00a1MUCHAS GRACIAS! C\u00d3DIGO: OUSGRATIS Recuerda que este es un cup\u00f3n de descuento. A\u00f1ade a tu carrito los huevos Entrevinyes y los dem\u00e1s productos que quieras. Antes de finalizar tu compra ingresa el c\u00f3digo de descuento. V\u00e1lido solo en sitio web. Pasos para tus huevos gratis Agrega tus huevos al carrito en el sitio web, recuerda [&hellip;]\" \/>\n<meta property=\"og:url\" content=\"https:\/\/mercatfrutal.com\/en\/codigo-lp-huevos\/\" \/>\n<meta property=\"og:site_name\" content=\"Mercat Frutal\" \/>\n<meta property=\"article:modified_time\" content=\"2024-07-10T08:48:41+00:00\" \/>\n<meta property=\"og:image\" content=\"https:\/\/mercatfrutal.com\/wp-content\/uploads\/2024\/06\/ous-entrevinyes-amarillo.png\" \/>\n<meta name=\"twitter:card\" content=\"summary_large_image\" \/>\n<meta name=\"twitter:label1\" content=\"Estimated reading time\" \/>\n\t<meta name=\"twitter:data1\" content=\"2 minutes\" \/>\n<script type=\"application\/ld+json\" class=\"yoast-schema-graph\">{\"@context\":\"https:\/\/schema.org\",\"@graph\":[{\"@type\":\"WebPage\",\"@id\":\"https:\/\/mercatfrutal.com\/codigo-lp-huevos\/\",\"url\":\"https:\/\/mercatfrutal.com\/codigo-lp-huevos\/\",\"name\":\"Thank You Page - Landing Huevos - Mercat Frutal\",\"isPartOf\":{\"@id\":\"https:\/\/mercatfrutal.com\/#website\"},\"primaryImageOfPage\":{\"@id\":\"https:\/\/mercatfrutal.com\/codigo-lp-huevos\/#primaryimage\"},\"image\":{\"@id\":\"https:\/\/mercatfrutal.com\/codigo-lp-huevos\/#primaryimage\"},\"thumbnailUrl\":\"https:\/\/mercatfrutal.com\/wp-content\/uploads\/2024\/06\/ous-entrevinyes-amarillo.png\",\"datePublished\":\"2024-06-27T13:44:43+00:00\",\"dateModified\":\"2024-07-10T08:48:41+00:00\",\"breadcrumb\":{\"@id\":\"https:\/\/mercatfrutal.com\/codigo-lp-huevos\/#breadcrumb\"},\"inLanguage\":\"en-GB\",\"potentialAction\":[{\"@type\":\"ReadAction\",\"target\":[\"https:\/\/mercatfrutal.com\/codigo-lp-huevos\/\"]}]},{\"@type\":\"ImageObject\",\"inLanguage\":\"en-GB\",\"@id\":\"https:\/\/mercatfrutal.com\/codigo-lp-huevos\/#primaryimage\",\"url\":\"https:\/\/mercatfrutal.com\/wp-content\/uploads\/2024\/06\/ous-entrevinyes-amarillo.png\",\"contentUrl\":\"https:\/\/mercatfrutal.com\/wp-content\/uploads\/2024\/06\/ous-entrevinyes-amarillo.png\"},{\"@type\":\"BreadcrumbList\",\"@id\":\"https:\/\/mercatfrutal.com\/codigo-lp-huevos\/#breadcrumb\",\"itemListElement\":[{\"@type\":\"ListItem\",\"position\":1,\"name\":\"Portada\",\"item\":\"https:\/\/mercatfrutal.com\/\"},{\"@type\":\"ListItem\",\"position\":2,\"name\":\"Thank You Page &#8211; Landing Huevos\"}]},{\"@type\":\"WebSite\",\"@id\":\"https:\/\/mercatfrutal.com\/#website\",\"url\":\"https:\/\/mercatfrutal.com\/\",\"name\":\"Mercat Frutal\",\"description\":\"\",\"publisher\":{\"@id\":\"https:\/\/mercatfrutal.com\/#organization\"},\"alternateName\":\"Mercat Frutal\",\"potentialAction\":[{\"@type\":\"SearchAction\",\"target\":{\"@type\":\"EntryPoint\",\"urlTemplate\":\"https:\/\/mercatfrutal.com\/?s={search_term_string}\"},\"query-input\":{\"@type\":\"PropertyValueSpecification\",\"valueRequired\":true,\"valueName\":\"search_term_string\"}}],\"inLanguage\":\"en-GB\"},{\"@type\":\"Organization\",\"@id\":\"https:\/\/mercatfrutal.com\/#organization\",\"name\":\"Mercat Frutal\",\"url\":\"https:\/\/mercatfrutal.com\/\",\"logo\":{\"@type\":\"ImageObject\",\"inLanguage\":\"en-GB\",\"@id\":\"https:\/\/mercatfrutal.com\/#\/schema\/logo\/image\/\",\"url\":\"https:\/\/mercatfrutal.com\/wp-content\/uploads\/2024\/01\/LOGO-FRUTAL3.png\",\"contentUrl\":\"https:\/\/mercatfrutal.com\/wp-content\/uploads\/2024\/01\/LOGO-FRUTAL3.png\",\"width\":1024,\"height\":382,\"caption\":\"Mercat Frutal\"},\"image\":{\"@id\":\"https:\/\/mercatfrutal.com\/#\/schema\/logo\/image\/\"}}]}<\/script>\n<!-- \/ Yoast SEO plugin. -->","yoast_head_json":{"title":"Thank You Page - Landing Huevos - Mercat Frutal","robots":{"index":"index","follow":"follow","max-snippet":"max-snippet:-1","max-image-preview":"max-image-preview:large","max-video-preview":"max-video-preview:-1"},"canonical":"https:\/\/mercatfrutal.com\/en\/codigo-lp-huevos\/","og_locale":"en_GB","og_type":"article","og_title":"Thank You Page - Landing Huevos - Mercat Frutal","og_description":"\u00a1MUCHAS GRACIAS! C\u00d3DIGO: OUSGRATIS Recuerda que este es un cup\u00f3n de descuento. A\u00f1ade a tu carrito los huevos Entrevinyes y los dem\u00e1s productos que quieras. Antes de finalizar tu compra ingresa el c\u00f3digo de descuento. V\u00e1lido solo en sitio web. Pasos para tus huevos gratis Agrega tus huevos al carrito en el sitio web, recuerda [&hellip;]","og_url":"https:\/\/mercatfrutal.com\/en\/codigo-lp-huevos\/","og_site_name":"Mercat Frutal","article_modified_time":"2024-07-10T08:48:41+00:00","og_image":[{"url":"https:\/\/mercatfrutal.com\/wp-content\/uploads\/2024\/06\/ous-entrevinyes-amarillo.png","type":"","width":"","height":""}],"twitter_card":"summary_large_image","twitter_misc":{"Estimated reading time":"2 minutes"},"schema":{"@context":"https:\/\/schema.org","@graph":[{"@type":"WebPage","@id":"https:\/\/mercatfrutal.com\/codigo-lp-huevos\/","url":"https:\/\/mercatfrutal.com\/codigo-lp-huevos\/","name":"Thank You Page - Landing Huevos - Mercat Frutal","isPartOf":{"@id":"https:\/\/mercatfrutal.com\/#website"},"primaryImageOfPage":{"@id":"https:\/\/mercatfrutal.com\/codigo-lp-huevos\/#primaryimage"},"image":{"@id":"https:\/\/mercatfrutal.com\/codigo-lp-huevos\/#primaryimage"},"thumbnailUrl":"https:\/\/mercatfrutal.com\/wp-content\/uploads\/2024\/06\/ous-entrevinyes-amarillo.png","datePublished":"2024-06-27T13:44:43+00:00","dateModified":"2024-07-10T08:48:41+00:00","breadcrumb":{"@id":"https:\/\/mercatfrutal.com\/codigo-lp-huevos\/#breadcrumb"},"inLanguage":"en-GB","potentialAction":[{"@type":"ReadAction","target":["https:\/\/mercatfrutal.com\/codigo-lp-huevos\/"]}]},{"@type":"ImageObject","inLanguage":"en-GB","@id":"https:\/\/mercatfrutal.com\/codigo-lp-huevos\/#primaryimage","url":"https:\/\/mercatfrutal.com\/wp-content\/uploads\/2024\/06\/ous-entrevinyes-amarillo.png","contentUrl":"https:\/\/mercatfrutal.com\/wp-content\/uploads\/2024\/06\/ous-entrevinyes-amarillo.png"},{"@type":"BreadcrumbList","@id":"https:\/\/mercatfrutal.com\/codigo-lp-huevos\/#breadcrumb","itemListElement":[{"@type":"ListItem","position":1,"name":"Portada","item":"https:\/\/mercatfrutal.com\/"},{"@type":"ListItem","position":2,"name":"Thank You Page &#8211; Landing Huevos"}]},{"@type":"WebSite","@id":"https:\/\/mercatfrutal.com\/#website","url":"https:\/\/mercatfrutal.com\/","name":"Mercat Frutal","description":"","publisher":{"@id":"https:\/\/mercatfrutal.com\/#organization"},"alternateName":"Mercat Frutal","potentialAction":[{"@type":"SearchAction","target":{"@type":"EntryPoint","urlTemplate":"https:\/\/mercatfrutal.com\/?s={search_term_string}"},"query-input":{"@type":"PropertyValueSpecification","valueRequired":true,"valueName":"search_term_string"}}],"inLanguage":"en-GB"},{"@type":"Organization","@id":"https:\/\/mercatfrutal.com\/#organization","name":"Mercat Frutal","url":"https:\/\/mercatfrutal.com\/","logo":{"@type":"ImageObject","inLanguage":"en-GB","@id":"https:\/\/mercatfrutal.com\/#\/schema\/logo\/image\/","url":"https:\/\/mercatfrutal.com\/wp-content\/uploads\/2024\/01\/LOGO-FRUTAL3.png","contentUrl":"https:\/\/mercatfrutal.com\/wp-content\/uploads\/2024\/01\/LOGO-FRUTAL3.png","width":1024,"height":382,"caption":"Mercat Frutal"},"image":{"@id":"https:\/\/mercatfrutal.com\/#\/schema\/logo\/image\/"}}]}},"jetpack_sharing_enabled":true,"_links":{"self":[{"href":"https:\/\/mercatfrutal.com\/en\/wp-json\/wp\/v2\/pages\/3376","targetHints":{"allow":["GET"]}}],"collection":[{"href":"https:\/\/mercatfrutal.com\/en\/wp-json\/wp\/v2\/pages"}],"about":[{"href":"https:\/\/mercatfrutal.com\/en\/wp-json\/wp\/v2\/types\/page"}],"author":[{"embeddable":true,"href":"https:\/\/mercatfrutal.com\/en\/wp-json\/wp\/v2\/users\/40"}],"replies":[{"embeddable":true,"href":"https:\/\/mercatfrutal.com\/en\/wp-json\/wp\/v2\/comments?post=3376"}],"version-history":[{"count":43,"href":"https:\/\/mercatfrutal.com\/en\/wp-json\/wp\/v2\/pages\/3376\/revisions"}],"predecessor-version":[{"id":3927,"href":"https:\/\/mercatfrutal.com\/en\/wp-json\/wp\/v2\/pages\/3376\/revisions\/3927"}],"wp:attachment":[{"href":"https:\/\/mercatfrutal.com\/en\/wp-json\/wp\/v2\/media?parent=3376"}],"curies":[{"name":"wp","href":"https:\/\/api.w.org\/{rel}","templated":true}]}}