{"id":4835,"date":"2024-08-14T12:38:06","date_gmt":"2024-08-14T10:38:06","guid":{"rendered":"https:\/\/mercatfrutal.com\/?page_id=4835"},"modified":"2025-10-14T14:47:33","modified_gmt":"2025-10-14T12:47:33","slug":"supermercado-ecologico","status":"publish","type":"page","link":"https:\/\/mercatfrutal.com\/en\/supermercado-ecologico\/","title":{"rendered":"Supermercado ecol\u00f3gico"},"content":{"rendered":"<div data-elementor-type=\"wp-page\" data-elementor-id=\"4835\" class=\"elementor elementor-4835\" data-elementor-post-type=\"page\">\n\t\t\t\t<div class=\"elementor-element elementor-element-52046d1 e-flex e-con-boxed e-con e-parent\" data-id=\"52046d1\" data-element_type=\"container\" data-e-type=\"container\" data-settings=\"{&quot;background_background&quot;:&quot;classic&quot;}\">\n\t\t\t\t\t<div class=\"e-con-inner\">\n\t\t\t\t<div class=\"elementor-element elementor-element-1f4f5a2 elementor-widget elementor-widget-spacer\" data-id=\"1f4f5a2\" data-element_type=\"widget\" data-e-type=\"widget\" data-widget_type=\"spacer.default\">\n\t\t\t\t<div class=\"elementor-widget-container\">\n\t\t\t\t\t\t\t<div class=\"elementor-spacer\">\n\t\t\t<div class=\"elementor-spacer-inner\"><\/div>\n\t\t<\/div>\n\t\t\t\t\t\t<\/div>\n\t\t\t\t<\/div>\n\t\t\t\t<div class=\"elementor-element elementor-element-e326759 elementor-widget elementor-widget-heading\" data-id=\"e326759\" data-element_type=\"widget\" data-e-type=\"widget\" data-widget_type=\"heading.default\">\n\t\t\t\t<div class=\"elementor-widget-container\">\n\t\t\t\t\t<h2 class=\"elementor-heading-title elementor-size-default\">SUPERMERCADO ECOL\u00d3GICO<\/h2>\t\t\t\t<\/div>\n\t\t\t\t<\/div>\n\t\t\t\t<div class=\"elementor-element elementor-element-6b4eff2 elementor-widget elementor-widget-heading\" data-id=\"6b4eff2\" data-element_type=\"widget\" data-e-type=\"widget\" data-widget_type=\"heading.default\">\n\t\t\t\t<div class=\"elementor-widget-container\">\n\t\t\t\t\t<h2 class=\"elementor-heading-title elementor-size-default\">Supermercado ecol\u00f3gico en Barcelona. Haz tu compra online de fruta y verdura de proximidad y te lo llevamos a casa.<\/h2>\t\t\t\t<\/div>\n\t\t\t\t<\/div>\n\t\t\t\t\t<\/div>\n\t\t\t\t<\/div>\n\t\t<div class=\"elementor-element elementor-element-dc3d420 e-flex e-con-boxed e-con e-parent\" data-id=\"dc3d420\" data-element_type=\"container\" data-e-type=\"container\" data-settings=\"{&quot;background_background&quot;:&quot;classic&quot;}\">\n\t\t\t\t\t<div class=\"e-con-inner\">\n\t\t<div class=\"elementor-element elementor-element-3d2d5b9 e-con-full e-flex e-con e-child\" data-id=\"3d2d5b9\" data-element_type=\"container\" data-e-type=\"container\" data-settings=\"{&quot;background_background&quot;:&quot;classic&quot;}\">\n\t\t\t\t<div class=\"elementor-element elementor-element-4ae592d elementor-align-center elementor-widget elementor-widget-button\" data-id=\"4ae592d\" data-element_type=\"widget\" data-e-type=\"widget\" data-widget_type=\"button.default\">\n\t\t\t\t<div class=\"elementor-widget-container\">\n\t\t\t\t\t\t\t\t\t<div class=\"elementor-button-wrapper\">\n\t\t\t\t\t<a class=\"elementor-button elementor-button-link elementor-size-sm\" href=\"\/en\/cestas-ecologicas\/\">\n\t\t\t\t\t\t<span class=\"elementor-button-content-wrapper\">\n\t\t\t\t\t\t\t\t\t<span class=\"elementor-button-text\">Ver productos<\/span>\n\t\t\t\t\t<\/span>\n\t\t\t\t\t<\/a>\n\t\t\t\t<\/div>\n\t\t\t\t\t\t\t\t<\/div>\n\t\t\t\t<\/div>\n\t\t\t\t<\/div>\n\t\t<div class=\"elementor-element elementor-element-154cfa5 e-con-full e-flex e-con e-child\" data-id=\"154cfa5\" data-element_type=\"container\" data-e-type=\"container\">\n\t\t\t\t<div class=\"elementor-element elementor-element-8b346cb elementor-widget elementor-widget-heading\" data-id=\"8b346cb\" data-element_type=\"widget\" data-e-type=\"widget\" data-widget_type=\"heading.default\">\n\t\t\t\t<div class=\"elementor-widget-container\">\n\t\t\t\t\t<h2 class=\"elementor-heading-title elementor-size-default\">MERCAT FRUTAL, POBLENOU<\/h2>\t\t\t\t<\/div>\n\t\t\t\t<\/div>\n\t\t\t\t<div class=\"elementor-element elementor-element-ef28dce elementor-widget elementor-widget-heading\" data-id=\"ef28dce\" data-element_type=\"widget\" data-e-type=\"widget\" data-widget_type=\"heading.default\">\n\t\t\t\t<div class=\"elementor-widget-container\">\n\t\t\t\t\t<h3 class=\"elementor-heading-title elementor-size-default\">SCHEDULE<\/h3>\t\t\t\t<\/div>\n\t\t\t\t<\/div>\n\t\t\t\t<div class=\"elementor-element elementor-element-110de09 elementor-icon-list--layout-traditional elementor-list-item-link-full_width elementor-widget elementor-widget-icon-list\" data-id=\"110de09\" data-element_type=\"widget\" data-e-type=\"widget\" data-widget_type=\"icon-list.default\">\n\t\t\t\t<div class=\"elementor-widget-container\">\n\t\t\t\t\t\t\t<ul class=\"elementor-icon-list-items\">\n\t\t\t\t\t\t\t<li class=\"elementor-icon-list-item\">\n\t\t\t\t\t\t\t\t\t\t\t<span class=\"elementor-icon-list-icon\">\n\t\t\t\t\t\t\t<svg aria-hidden=\"true\" class=\"e-font-icon-svg e-fas-circle\" viewbox=\"0 0 512 512\" xmlns=\"http:\/\/www.w3.org\/2000\/svg\"><path d=\"M256 8C119 8 8 119 8 256s111 248 248 248 248-111 248-248S393 8 256 8z\"><\/path><\/svg>\t\t\t\t\t\t<\/span>\n\t\t\t\t\t\t\t\t\t\t<span class=\"elementor-icon-list-text\">Lunes a viernes: 8:45 a 20:30<\/span>\n\t\t\t\t\t\t\t\t\t<\/li>\n\t\t\t\t\t\t\t\t<li class=\"elementor-icon-list-item\">\n\t\t\t\t\t\t\t\t\t\t\t<span class=\"elementor-icon-list-icon\">\n\t\t\t\t\t\t\t<svg aria-hidden=\"true\" class=\"e-font-icon-svg e-fas-circle\" viewbox=\"0 0 512 512\" xmlns=\"http:\/\/www.w3.org\/2000\/svg\"><path d=\"M256 8C119 8 8 119 8 256s111 248 248 248 248-111 248-248S393 8 256 8z\"><\/path><\/svg>\t\t\t\t\t\t<\/span>\n\t\t\t\t\t\t\t\t\t\t<span class=\"elementor-icon-list-text\">S\u00e1bados:  9:00 a 14:30<\/span>\n\t\t\t\t\t\t\t\t\t<\/li>\n\t\t\t\t\t\t\t\t<li class=\"elementor-icon-list-item\">\n\t\t\t\t\t\t\t\t\t\t\t<span class=\"elementor-icon-list-icon\">\n\t\t\t\t\t\t\t<svg aria-hidden=\"true\" class=\"e-font-icon-svg e-fas-circle\" viewbox=\"0 0 512 512\" xmlns=\"http:\/\/www.w3.org\/2000\/svg\"><path d=\"M256 8C119 8 8 119 8 256s111 248 248 248 248-111 248-248S393 8 256 8z\"><\/path><\/svg>\t\t\t\t\t\t<\/span>\n\t\t\t\t\t\t\t\t\t\t<span class=\"elementor-icon-list-text\">Domingos: Cerrados<\/span>\n\t\t\t\t\t\t\t\t\t<\/li>\n\t\t\t\t\t\t<\/ul>\n\t\t\t\t\t\t<\/div>\n\t\t\t\t<\/div>\n\t\t\t\t<div class=\"elementor-element elementor-element-fe72aa0 elementor-widget elementor-widget-heading\" data-id=\"fe72aa0\" data-element_type=\"widget\" data-e-type=\"widget\" data-widget_type=\"heading.default\">\n\t\t\t\t<div class=\"elementor-widget-container\">\n\t\t\t\t\t<h3 class=\"elementor-heading-title elementor-size-default\">DIRECCI\u00d3N<\/h3>\t\t\t\t<\/div>\n\t\t\t\t<\/div>\n\t\t\t\t<div class=\"elementor-element elementor-element-eb6e939 elementor-widget elementor-widget-heading\" data-id=\"eb6e939\" data-element_type=\"widget\" data-e-type=\"widget\" data-widget_type=\"heading.default\">\n\t\t\t\t<div class=\"elementor-widget-container\">\n\t\t\t\t\t<p class=\"elementor-heading-title elementor-size-default\"><a href=\"https:\/\/maps.app.goo.gl\/HdhDoJXmGXCQW9NE9\">Calle Ram\u00f3n Turr\u00f3 81, 08005, Barcelona<\/a><\/p>\t\t\t\t<\/div>\n\t\t\t\t<\/div>\n\t\t\t\t<div class=\"elementor-element elementor-element-cae75d7 elementor-widget elementor-widget-heading\" data-id=\"cae75d7\" data-element_type=\"widget\" data-e-type=\"widget\" data-widget_type=\"heading.default\">\n\t\t\t\t<div class=\"elementor-widget-container\">\n\t\t\t\t\t<h3 class=\"elementor-heading-title elementor-size-default\">TEL\u00c9FONO<\/h3>\t\t\t\t<\/div>\n\t\t\t\t<\/div>\n\t\t\t\t<div class=\"elementor-element elementor-element-28446c8 elementor-widget elementor-widget-heading\" data-id=\"28446c8\" data-element_type=\"widget\" data-e-type=\"widget\" data-widget_type=\"heading.default\">\n\t\t\t\t<div class=\"elementor-widget-container\">\n\t\t\t\t\t<p class=\"elementor-heading-title elementor-size-default\"><a href=\"https:\/\/wa.me\/+34722448934\">935 993 133 (llamada), \n722 448 934 (Whatsapp)<\/a><\/p>\t\t\t\t<\/div>\n\t\t\t\t<\/div>\n\t\t\t\t<div class=\"elementor-element elementor-element-2380cbd elementor-widget elementor-widget-heading\" data-id=\"2380cbd\" data-element_type=\"widget\" data-e-type=\"widget\" data-widget_type=\"heading.default\">\n\t\t\t\t<div class=\"elementor-widget-container\">\n\t\t\t\t\t<h3 class=\"elementor-heading-title elementor-size-default\">CORREO<\/h3>\t\t\t\t<\/div>\n\t\t\t\t<\/div>\n\t\t\t\t<div class=\"elementor-element elementor-element-779525d elementor-widget elementor-widget-heading\" data-id=\"779525d\" data-element_type=\"widget\" data-e-type=\"widget\" data-widget_type=\"heading.default\">\n\t\t\t\t<div class=\"elementor-widget-container\">\n\t\t\t\t\t<p class=\"elementor-heading-title elementor-size-default\"><a href=\"mailto:info@meratfrutal.com\">info@mercatfrutal.com<\/a><\/p>\t\t\t\t<\/div>\n\t\t\t\t<\/div>\n\t\t\t\t<\/div>\n\t\t\t\t\t<\/div>\n\t\t\t\t<\/div>\n\t\t<div class=\"elementor-element elementor-element-c917d39 e-flex e-con-boxed e-con e-parent\" data-id=\"c917d39\" data-element_type=\"container\" data-e-type=\"container\" data-settings=\"{&quot;background_background&quot;:&quot;classic&quot;}\">\n\t\t\t\t\t<div class=\"e-con-inner\">\n\t\t<div class=\"elementor-element elementor-element-38ada85 e-con-full e-flex e-con e-child\" data-id=\"38ada85\" data-element_type=\"container\" data-e-type=\"container\">\n\t\t\t\t<div class=\"elementor-element elementor-element-eadbbd5 elementor-widget elementor-widget-image\" data-id=\"eadbbd5\" data-element_type=\"widget\" data-e-type=\"widget\" data-widget_type=\"image.default\">\n\t\t\t\t<div class=\"elementor-widget-container\">\n\t\t\t\t\t\t\t\t\t\t\t\t\t\t\t<img fetchpriority=\"high\" decoding=\"async\" width=\"267\" height=\"239\" src=\"https:\/\/mercatfrutal.com\/wp-content\/uploads\/2024\/01\/ppera_yellow_267x239px.png\" class=\"attachment-large size-large wp-image-2225\" alt=\"\" srcset=\"https:\/\/mercatfrutal.com\/wp-content\/uploads\/2024\/01\/ppera_yellow_267x239px.png 267w, https:\/\/mercatfrutal.com\/wp-content\/uploads\/2024\/01\/ppera_yellow_267x239px-13x12.png 13w\" sizes=\"(max-width: 267px) 100vw, 267px\" \/>\t\t\t\t\t\t\t\t\t\t\t\t\t\t\t<\/div>\n\t\t\t\t<\/div>\n\t\t\t\t<div class=\"elementor-element elementor-element-a0aa839 elementor-widget elementor-widget-heading\" data-id=\"a0aa839\" data-element_type=\"widget\" data-e-type=\"widget\" data-widget_type=\"heading.default\">\n\t\t\t\t<div class=\"elementor-widget-container\">\n\t\t\t\t\t<h2 class=\"elementor-heading-title elementor-size-default\">ORGANIC<\/h2>\t\t\t\t<\/div>\n\t\t\t\t<\/div>\n\t\t\t\t<\/div>\n\t\t<div class=\"elementor-element elementor-element-3553919 e-con-full e-flex e-con e-child\" data-id=\"3553919\" data-element_type=\"container\" data-e-type=\"container\">\n\t\t\t\t<div class=\"elementor-element elementor-element-86bfb80 elementor-widget elementor-widget-image\" data-id=\"86bfb80\" data-element_type=\"widget\" data-e-type=\"widget\" data-widget_type=\"image.default\">\n\t\t\t\t<div class=\"elementor-widget-container\">\n\t\t\t\t\t\t\t\t\t\t\t\t\t\t\t<img decoding=\"async\" width=\"267\" height=\"239\" src=\"https:\/\/mercatfrutal.com\/wp-content\/uploads\/2024\/01\/Kiwi_yellow_267x239px-1.png\" class=\"attachment-large size-large wp-image-2218\" alt=\"\" srcset=\"https:\/\/mercatfrutal.com\/wp-content\/uploads\/2024\/01\/Kiwi_yellow_267x239px-1.png 267w, https:\/\/mercatfrutal.com\/wp-content\/uploads\/2024\/01\/Kiwi_yellow_267x239px-1-13x12.png 13w\" sizes=\"(max-width: 267px) 100vw, 267px\" \/>\t\t\t\t\t\t\t\t\t\t\t\t\t\t\t<\/div>\n\t\t\t\t<\/div>\n\t\t\t\t<div class=\"elementor-element elementor-element-4b2863c elementor-widget elementor-widget-heading\" data-id=\"4b2863c\" data-element_type=\"widget\" data-e-type=\"widget\" data-widget_type=\"heading.default\">\n\t\t\t\t<div class=\"elementor-widget-container\">\n\t\t\t\t\t<h2 class=\"elementor-heading-title elementor-size-default\">SEASON<\/h2>\t\t\t\t<\/div>\n\t\t\t\t<\/div>\n\t\t\t\t<\/div>\n\t\t<div class=\"elementor-element elementor-element-add9e3d e-con-full e-flex e-con e-child\" data-id=\"add9e3d\" data-element_type=\"container\" data-e-type=\"container\">\n\t\t\t\t<div class=\"elementor-element elementor-element-b4e15d7 elementor-widget elementor-widget-image\" data-id=\"b4e15d7\" data-element_type=\"widget\" data-e-type=\"widget\" data-widget_type=\"image.default\">\n\t\t\t\t<div class=\"elementor-widget-container\">\n\t\t\t\t\t\t\t\t\t\t\t\t\t\t\t<img decoding=\"async\" width=\"619\" height=\"547\" src=\"https:\/\/mercatfrutal.com\/wp-content\/uploads\/2024\/07\/tomate-pegatina-amarilla.png\" class=\"attachment-large size-large wp-image-4040\" alt=\"tomate Mercat Frutal\" srcset=\"https:\/\/mercatfrutal.com\/wp-content\/uploads\/2024\/07\/tomate-pegatina-amarilla.png 619w, https:\/\/mercatfrutal.com\/wp-content\/uploads\/2024\/07\/tomate-pegatina-amarilla-300x265.png 300w, https:\/\/mercatfrutal.com\/wp-content\/uploads\/2024\/07\/tomate-pegatina-amarilla-14x12.png 14w, https:\/\/mercatfrutal.com\/wp-content\/uploads\/2024\/07\/tomate-pegatina-amarilla-600x530.png 600w\" sizes=\"(max-width: 619px) 100vw, 619px\" \/>\t\t\t\t\t\t\t\t\t\t\t\t\t\t\t<\/div>\n\t\t\t\t<\/div>\n\t\t\t\t<div class=\"elementor-element elementor-element-d23f4a8 elementor-widget elementor-widget-heading\" data-id=\"d23f4a8\" data-element_type=\"widget\" data-e-type=\"widget\" data-widget_type=\"heading.default\">\n\t\t\t\t<div class=\"elementor-widget-container\">\n\t\t\t\t\t<h2 class=\"elementor-heading-title elementor-size-default\">KM REAL<\/h2>\t\t\t\t<\/div>\n\t\t\t\t<\/div>\n\t\t\t\t<\/div>\n\t\t<div class=\"elementor-element elementor-element-bebb1ce e-con-full e-flex e-con e-child\" data-id=\"bebb1ce\" data-element_type=\"container\" data-e-type=\"container\">\n\t\t\t\t<div class=\"elementor-element elementor-element-281e18e elementor-widget elementor-widget-image\" data-id=\"281e18e\" data-element_type=\"widget\" data-e-type=\"widget\" data-widget_type=\"image.default\">\n\t\t\t\t<div class=\"elementor-widget-container\">\n\t\t\t\t\t\t\t\t\t\t\t\t\t\t\t<img loading=\"lazy\" decoding=\"async\" width=\"619\" height=\"547\" src=\"https:\/\/mercatfrutal.com\/wp-content\/uploads\/2024\/07\/platano-pegatina.png\" class=\"attachment-large size-large wp-image-3998\" alt=\"Pl\u00e1tano Mercat Frutal\" srcset=\"https:\/\/mercatfrutal.com\/wp-content\/uploads\/2024\/07\/platano-pegatina.png 619w, https:\/\/mercatfrutal.com\/wp-content\/uploads\/2024\/07\/platano-pegatina-300x265.png 300w, https:\/\/mercatfrutal.com\/wp-content\/uploads\/2024\/07\/platano-pegatina-14x12.png 14w, https:\/\/mercatfrutal.com\/wp-content\/uploads\/2024\/07\/platano-pegatina-600x530.png 600w\" sizes=\"(max-width: 619px) 100vw, 619px\" \/>\t\t\t\t\t\t\t\t\t\t\t\t\t\t\t<\/div>\n\t\t\t\t<\/div>\n\t\t\t\t<div class=\"elementor-element elementor-element-3333cda elementor-widget elementor-widget-heading\" data-id=\"3333cda\" data-element_type=\"widget\" data-e-type=\"widget\" data-widget_type=\"heading.default\">\n\t\t\t\t<div class=\"elementor-widget-container\">\n\t\t\t\t\t<h2 class=\"elementor-heading-title elementor-size-default\">ENV\u00cdO A DOMICILIO<\/h2>\t\t\t\t<\/div>\n\t\t\t\t<\/div>\n\t\t\t\t<\/div>\n\t\t\t\t\t<\/div>\n\t\t\t\t<\/div>\n\t\t\t\t<\/div>","protected":false},"excerpt":{"rendered":"<p>SUPERMERCADO ECOL\u00d3GICO Supermercado ecol\u00f3gico en Barcelona. Haz tu compra online de fruta y verdura de proximidad y te lo llevamos a casa. Ver productos MERCAT FRUTAL, POBLENOU HORARIO Lunes a viernes: 8:45 a 20:30 S\u00e1bados: 9:00 a 14:30 Domingos: Cerrados DIRECCI\u00d3N Calle Ram\u00f3n Turr\u00f3 81, 08005, Barcelona TEL\u00c9FONO 935 993 133 (llamada), 722 448 934 [&hellip;]<\/p>\n","protected":false},"author":40,"featured_media":6127,"parent":0,"menu_order":0,"comment_status":"closed","ping_status":"closed","template":"","meta":{"content-type":"","footnotes":""},"class_list":["post-4835","page","type-page","status-publish","has-post-thumbnail","hentry"],"yoast_head":"<!-- This site is optimized with the Yoast SEO plugin v27.2 - https:\/\/yoast.com\/product\/yoast-seo-wordpress\/ -->\n<title>Supermercado Ecol\u00f3gico - Mercat Frutal<\/title>\n<meta name=\"description\" content=\"Mercat Frutal, tu supermercado ecol\u00f3gico en Barcelona. Haz tu compra online de fruta y verdura de proximidad y te lo llevamos a casa.\" \/>\n<meta name=\"robots\" content=\"index, follow, max-snippet:-1, max-image-preview:large, max-video-preview:-1\" \/>\n<link rel=\"canonical\" href=\"https:\/\/mercatfrutal.com\/en\/supermercado-ecologico\/\" \/>\n<meta property=\"og:locale\" content=\"en_GB\" \/>\n<meta property=\"og:type\" content=\"article\" \/>\n<meta property=\"og:title\" content=\"Supermercado Ecol\u00f3gico - Mercat Frutal\" \/>\n<meta property=\"og:description\" content=\"Mercat Frutal, tu supermercado ecol\u00f3gico en Barcelona. Haz tu compra online de fruta y verdura de proximidad y te lo llevamos a casa.\" \/>\n<meta property=\"og:url\" content=\"https:\/\/mercatfrutal.com\/en\/supermercado-ecologico\/\" \/>\n<meta property=\"og:site_name\" content=\"Mercat Frutal\" \/>\n<meta property=\"article:modified_time\" content=\"2025-10-14T12:47:33+00:00\" \/>\n<meta property=\"og:image\" content=\"https:\/\/mercatfrutal.com\/wp-content\/uploads\/2024\/10\/DSC_0778-scaled.jpg\" \/>\n\t<meta property=\"og:image:width\" content=\"2560\" \/>\n\t<meta property=\"og:image:height\" content=\"1702\" \/>\n\t<meta property=\"og:image:type\" content=\"image\/jpeg\" \/>\n<meta name=\"twitter:card\" content=\"summary_large_image\" \/>\n<meta name=\"twitter:label1\" content=\"Estimated reading time\" \/>\n\t<meta name=\"twitter:data1\" content=\"2 minutes\" \/>\n<script type=\"application\/ld+json\" class=\"yoast-schema-graph\">{\"@context\":\"https:\/\/schema.org\",\"@graph\":[{\"@type\":\"WebPage\",\"@id\":\"https:\/\/mercatfrutal.com\/supermercado-ecologico\/\",\"url\":\"https:\/\/mercatfrutal.com\/supermercado-ecologico\/\",\"name\":\"Supermercado Ecol\u00f3gico - Mercat Frutal\",\"isPartOf\":{\"@id\":\"https:\/\/mercatfrutal.com\/#website\"},\"primaryImageOfPage\":{\"@id\":\"https:\/\/mercatfrutal.com\/supermercado-ecologico\/#primaryimage\"},\"image\":{\"@id\":\"https:\/\/mercatfrutal.com\/supermercado-ecologico\/#primaryimage\"},\"thumbnailUrl\":\"https:\/\/mercatfrutal.com\/wp-content\/uploads\/2024\/10\/DSC_0778-scaled.jpg\",\"datePublished\":\"2024-08-14T10:38:06+00:00\",\"dateModified\":\"2025-10-14T12:47:33+00:00\",\"description\":\"Mercat Frutal, tu supermercado ecol\u00f3gico en Barcelona. Haz tu compra online de fruta y verdura de proximidad y te lo llevamos a casa.\",\"breadcrumb\":{\"@id\":\"https:\/\/mercatfrutal.com\/supermercado-ecologico\/#breadcrumb\"},\"inLanguage\":\"en-GB\",\"potentialAction\":[{\"@type\":\"ReadAction\",\"target\":[\"https:\/\/mercatfrutal.com\/supermercado-ecologico\/\"]}]},{\"@type\":\"ImageObject\",\"inLanguage\":\"en-GB\",\"@id\":\"https:\/\/mercatfrutal.com\/supermercado-ecologico\/#primaryimage\",\"url\":\"https:\/\/mercatfrutal.com\/wp-content\/uploads\/2024\/10\/DSC_0778-scaled.jpg\",\"contentUrl\":\"https:\/\/mercatfrutal.com\/wp-content\/uploads\/2024\/10\/DSC_0778-scaled.jpg\",\"width\":2560,\"height\":1702,\"caption\":\"fruta y verdura a domicilio\"},{\"@type\":\"BreadcrumbList\",\"@id\":\"https:\/\/mercatfrutal.com\/supermercado-ecologico\/#breadcrumb\",\"itemListElement\":[{\"@type\":\"ListItem\",\"position\":1,\"name\":\"Portada\",\"item\":\"https:\/\/mercatfrutal.com\/\"},{\"@type\":\"ListItem\",\"position\":2,\"name\":\"Supermercado ecol\u00f3gico\"}]},{\"@type\":\"WebSite\",\"@id\":\"https:\/\/mercatfrutal.com\/#website\",\"url\":\"https:\/\/mercatfrutal.com\/\",\"name\":\"Mercat Frutal\",\"description\":\"\",\"publisher\":{\"@id\":\"https:\/\/mercatfrutal.com\/#organization\"},\"alternateName\":\"Mercat Frutal\",\"potentialAction\":[{\"@type\":\"SearchAction\",\"target\":{\"@type\":\"EntryPoint\",\"urlTemplate\":\"https:\/\/mercatfrutal.com\/?s={search_term_string}\"},\"query-input\":{\"@type\":\"PropertyValueSpecification\",\"valueRequired\":true,\"valueName\":\"search_term_string\"}}],\"inLanguage\":\"en-GB\"},{\"@type\":\"Organization\",\"@id\":\"https:\/\/mercatfrutal.com\/#organization\",\"name\":\"Mercat Frutal\",\"url\":\"https:\/\/mercatfrutal.com\/\",\"logo\":{\"@type\":\"ImageObject\",\"inLanguage\":\"en-GB\",\"@id\":\"https:\/\/mercatfrutal.com\/#\/schema\/logo\/image\/\",\"url\":\"https:\/\/mercatfrutal.com\/wp-content\/uploads\/2024\/01\/LOGO-FRUTAL3.png\",\"contentUrl\":\"https:\/\/mercatfrutal.com\/wp-content\/uploads\/2024\/01\/LOGO-FRUTAL3.png\",\"width\":1024,\"height\":382,\"caption\":\"Mercat Frutal\"},\"image\":{\"@id\":\"https:\/\/mercatfrutal.com\/#\/schema\/logo\/image\/\"}}]}<\/script>\n<!-- \/ Yoast SEO plugin. -->","yoast_head_json":{"title":"Supermercado Ecol\u00f3gico - Mercat Frutal","description":"Mercat Frutal, tu supermercado ecol\u00f3gico en Barcelona. Haz tu compra online de fruta y verdura de proximidad y te lo llevamos a casa.","robots":{"index":"index","follow":"follow","max-snippet":"max-snippet:-1","max-image-preview":"max-image-preview:large","max-video-preview":"max-video-preview:-1"},"canonical":"https:\/\/mercatfrutal.com\/en\/supermercado-ecologico\/","og_locale":"en_GB","og_type":"article","og_title":"Supermercado Ecol\u00f3gico - Mercat Frutal","og_description":"Mercat Frutal, tu supermercado ecol\u00f3gico en Barcelona. Haz tu compra online de fruta y verdura de proximidad y te lo llevamos a casa.","og_url":"https:\/\/mercatfrutal.com\/en\/supermercado-ecologico\/","og_site_name":"Mercat Frutal","article_modified_time":"2025-10-14T12:47:33+00:00","og_image":[{"width":2560,"height":1702,"url":"https:\/\/mercatfrutal.com\/wp-content\/uploads\/2024\/10\/DSC_0778-scaled.jpg","type":"image\/jpeg"}],"twitter_card":"summary_large_image","twitter_misc":{"Estimated reading time":"2 minutes"},"schema":{"@context":"https:\/\/schema.org","@graph":[{"@type":"WebPage","@id":"https:\/\/mercatfrutal.com\/supermercado-ecologico\/","url":"https:\/\/mercatfrutal.com\/supermercado-ecologico\/","name":"Supermercado Ecol\u00f3gico - Mercat Frutal","isPartOf":{"@id":"https:\/\/mercatfrutal.com\/#website"},"primaryImageOfPage":{"@id":"https:\/\/mercatfrutal.com\/supermercado-ecologico\/#primaryimage"},"image":{"@id":"https:\/\/mercatfrutal.com\/supermercado-ecologico\/#primaryimage"},"thumbnailUrl":"https:\/\/mercatfrutal.com\/wp-content\/uploads\/2024\/10\/DSC_0778-scaled.jpg","datePublished":"2024-08-14T10:38:06+00:00","dateModified":"2025-10-14T12:47:33+00:00","description":"Mercat Frutal, tu supermercado ecol\u00f3gico en Barcelona. Haz tu compra online de fruta y verdura de proximidad y te lo llevamos a casa.","breadcrumb":{"@id":"https:\/\/mercatfrutal.com\/supermercado-ecologico\/#breadcrumb"},"inLanguage":"en-GB","potentialAction":[{"@type":"ReadAction","target":["https:\/\/mercatfrutal.com\/supermercado-ecologico\/"]}]},{"@type":"ImageObject","inLanguage":"en-GB","@id":"https:\/\/mercatfrutal.com\/supermercado-ecologico\/#primaryimage","url":"https:\/\/mercatfrutal.com\/wp-content\/uploads\/2024\/10\/DSC_0778-scaled.jpg","contentUrl":"https:\/\/mercatfrutal.com\/wp-content\/uploads\/2024\/10\/DSC_0778-scaled.jpg","width":2560,"height":1702,"caption":"fruta y verdura a domicilio"},{"@type":"BreadcrumbList","@id":"https:\/\/mercatfrutal.com\/supermercado-ecologico\/#breadcrumb","itemListElement":[{"@type":"ListItem","position":1,"name":"Portada","item":"https:\/\/mercatfrutal.com\/"},{"@type":"ListItem","position":2,"name":"Supermercado ecol\u00f3gico"}]},{"@type":"WebSite","@id":"https:\/\/mercatfrutal.com\/#website","url":"https:\/\/mercatfrutal.com\/","name":"Mercat Frutal","description":"","publisher":{"@id":"https:\/\/mercatfrutal.com\/#organization"},"alternateName":"Mercat Frutal","potentialAction":[{"@type":"SearchAction","target":{"@type":"EntryPoint","urlTemplate":"https:\/\/mercatfrutal.com\/?s={search_term_string}"},"query-input":{"@type":"PropertyValueSpecification","valueRequired":true,"valueName":"search_term_string"}}],"inLanguage":"en-GB"},{"@type":"Organization","@id":"https:\/\/mercatfrutal.com\/#organization","name":"Mercat Frutal","url":"https:\/\/mercatfrutal.com\/","logo":{"@type":"ImageObject","inLanguage":"en-GB","@id":"https:\/\/mercatfrutal.com\/#\/schema\/logo\/image\/","url":"https:\/\/mercatfrutal.com\/wp-content\/uploads\/2024\/01\/LOGO-FRUTAL3.png","contentUrl":"https:\/\/mercatfrutal.com\/wp-content\/uploads\/2024\/01\/LOGO-FRUTAL3.png","width":1024,"height":382,"caption":"Mercat Frutal"},"image":{"@id":"https:\/\/mercatfrutal.com\/#\/schema\/logo\/image\/"}}]}},"jetpack_sharing_enabled":true,"_links":{"self":[{"href":"https:\/\/mercatfrutal.com\/en\/wp-json\/wp\/v2\/pages\/4835","targetHints":{"allow":["GET"]}}],"collection":[{"href":"https:\/\/mercatfrutal.com\/en\/wp-json\/wp\/v2\/pages"}],"about":[{"href":"https:\/\/mercatfrutal.com\/en\/wp-json\/wp\/v2\/types\/page"}],"author":[{"embeddable":true,"href":"https:\/\/mercatfrutal.com\/en\/wp-json\/wp\/v2\/users\/40"}],"replies":[{"embeddable":true,"href":"https:\/\/mercatfrutal.com\/en\/wp-json\/wp\/v2\/comments?post=4835"}],"version-history":[{"count":65,"href":"https:\/\/mercatfrutal.com\/en\/wp-json\/wp\/v2\/pages\/4835\/revisions"}],"predecessor-version":[{"id":10456,"href":"https:\/\/mercatfrutal.com\/en\/wp-json\/wp\/v2\/pages\/4835\/revisions\/10456"}],"wp:featuredmedia":[{"embeddable":true,"href":"https:\/\/mercatfrutal.com\/en\/wp-json\/wp\/v2\/media\/6127"}],"wp:attachment":[{"href":"https:\/\/mercatfrutal.com\/en\/wp-json\/wp\/v2\/media?parent=4835"}],"curies":[{"name":"wp","href":"https:\/\/api.w.org\/{rel}","templated":true}]}}