{"id":8608,"date":"2025-04-24T16:50:44","date_gmt":"2025-04-24T14:50:44","guid":{"rendered":"https:\/\/mercatfrutal.com\/?page_id=8608"},"modified":"2026-01-20T13:59:56","modified_gmt":"2026-01-20T11:59:56","slug":"elige-tu-experiencia-ecologica","status":"publish","type":"page","link":"https:\/\/mercatfrutal.com\/en\/elige-tu-experiencia-ecologica\/","title":{"rendered":"Fake Home Page"},"content":{"rendered":"<div data-elementor-type=\"wp-page\" data-elementor-id=\"8608\" class=\"elementor elementor-8608\" data-elementor-post-type=\"page\">\n\t\t\t\t<div class=\"elementor-element elementor-element-eb98154 e-con-full e-flex e-con e-parent\" data-id=\"eb98154\" data-element_type=\"container\" data-e-type=\"container\" data-settings=\"{&quot;background_background&quot;:&quot;classic&quot;}\">\n\t\t<div class=\"elementor-element elementor-element-bcd9c69 e-con-full e-flex e-con e-child\" data-id=\"bcd9c69\" data-element_type=\"container\" data-e-type=\"container\" data-settings=\"{&quot;background_background&quot;:&quot;classic&quot;}\">\n\t\t\t\t<div class=\"elementor-element elementor-element-1e80e63 elementor-widget elementor-widget-spacer\" data-id=\"1e80e63\" data-element_type=\"widget\" data-e-type=\"widget\" data-widget_type=\"spacer.default\">\n\t\t\t\t<div class=\"elementor-widget-container\">\n\t\t\t\t\t\t\t<div class=\"elementor-spacer\">\n\t\t\t<div class=\"elementor-spacer-inner\"><\/div>\n\t\t<\/div>\n\t\t\t\t\t\t<\/div>\n\t\t\t\t<\/div>\n\t\t\t\t<div class=\"elementor-element elementor-element-69e39d5 elementor-invisible elementor-widget elementor-widget-image\" data-id=\"69e39d5\" data-element_type=\"widget\" data-e-type=\"widget\" data-settings=\"{&quot;_animation&quot;:&quot;zoomIn&quot;}\" data-widget_type=\"image.default\">\n\t\t\t\t<div class=\"elementor-widget-container\">\n\t\t\t\t\t\t\t\t\t\t\t\t\t\t\t<img fetchpriority=\"high\" decoding=\"async\" width=\"700\" height=\"694\" src=\"https:\/\/mercatfrutal.com\/wp-content\/uploads\/2025\/10\/bienvenidos-al-circuito.png\" class=\"attachment-large size-large wp-image-10593\" alt=\"\" srcset=\"https:\/\/mercatfrutal.com\/wp-content\/uploads\/2025\/10\/bienvenidos-al-circuito.png 700w, https:\/\/mercatfrutal.com\/wp-content\/uploads\/2025\/10\/bienvenidos-al-circuito-300x297.png 300w, https:\/\/mercatfrutal.com\/wp-content\/uploads\/2025\/10\/bienvenidos-al-circuito-150x150.png 150w, https:\/\/mercatfrutal.com\/wp-content\/uploads\/2025\/10\/bienvenidos-al-circuito-12x12.png 12w, https:\/\/mercatfrutal.com\/wp-content\/uploads\/2025\/10\/bienvenidos-al-circuito-600x595.png 600w, https:\/\/mercatfrutal.com\/wp-content\/uploads\/2025\/10\/bienvenidos-al-circuito-100x100.png 100w\" sizes=\"(max-width: 700px) 100vw, 700px\" \/>\t\t\t\t\t\t\t\t\t\t\t\t\t\t\t<\/div>\n\t\t\t\t<\/div>\n\t\t\t\t<\/div>\n\t\t<div class=\"elementor-element elementor-element-2516276 e-con-full e-flex e-con e-child\" data-id=\"2516276\" data-element_type=\"container\" data-e-type=\"container\" data-settings=\"{&quot;background_background&quot;:&quot;classic&quot;}\">\n\t\t\t\t<div class=\"elementor-element elementor-element-84d5eec elementor-invisible elementor-widget elementor-widget-heading\" data-id=\"84d5eec\" data-element_type=\"widget\" data-e-type=\"widget\" data-settings=\"{&quot;_animation&quot;:&quot;rubberBand&quot;}\" data-widget_type=\"heading.default\">\n\t\t\t\t<div class=\"elementor-widget-container\">\n\t\t\t\t\t<h1 class=\"elementor-heading-title elementor-size-default\">WE ARE NOT JUST AN ORGANIC STORE, <br>WE ARE A SUSTAINABLE CYCLE.<\/h1>\t\t\t\t<\/div>\n\t\t\t\t<\/div>\n\t\t\t\t<div class=\"elementor-element elementor-element-ad5fe1c elementor-widget elementor-widget-heading\" data-id=\"ad5fe1c\" data-element_type=\"widget\" data-e-type=\"widget\" data-widget_type=\"heading.default\">\n\t\t\t\t<div class=\"elementor-widget-container\">\n\t\t\t\t\t<p class=\"elementor-heading-title elementor-size-default\">Create a more sustainable future with us. <br>Choose your organic experience and create your own circuit.<\/p>\t\t\t\t<\/div>\n\t\t\t\t<\/div>\n\t\t\t\t<div class=\"elementor-element elementor-element-2581374 elementor-view-default elementor-invisible elementor-widget elementor-widget-icon\" data-id=\"2581374\" data-element_type=\"widget\" data-e-type=\"widget\" data-settings=\"{&quot;_animation&quot;:&quot;bounce&quot;}\" data-widget_type=\"icon.default\">\n\t\t\t\t<div class=\"elementor-widget-container\">\n\t\t\t\t\t\t\t<div class=\"elementor-icon-wrapper\">\n\t\t\t<div class=\"elementor-icon\">\n\t\t\t<svg aria-hidden=\"true\" class=\"e-font-icon-svg e-fas-arrow-down\" viewbox=\"0 0 448 512\" xmlns=\"http:\/\/www.w3.org\/2000\/svg\"><path d=\"M413.1 222.5l22.2 22.2c9.4 9.4 9.4 24.6 0 33.9L241 473c-9.4 9.4-24.6 9.4-33.9 0L12.7 278.6c-9.4-9.4-9.4-24.6 0-33.9l22.2-22.2c9.5-9.5 25-9.3 34.3.4L184 343.4V56c0-13.3 10.7-24 24-24h32c13.3 0 24 10.7 24 24v287.4l114.8-120.5c9.3-9.8 24.8-10 34.3-.4z\"><\/path><\/svg>\t\t\t<\/div>\n\t\t<\/div>\n\t\t\t\t\t\t<\/div>\n\t\t\t\t<\/div>\n\t\t\t\t<div class=\"elementor-element elementor-element-e798f28 elementor-widget elementor-widget-spacer\" data-id=\"e798f28\" data-element_type=\"widget\" data-e-type=\"widget\" data-widget_type=\"spacer.default\">\n\t\t\t\t<div class=\"elementor-widget-container\">\n\t\t\t\t\t\t\t<div class=\"elementor-spacer\">\n\t\t\t<div class=\"elementor-spacer-inner\"><\/div>\n\t\t<\/div>\n\t\t\t\t\t\t<\/div>\n\t\t\t\t<\/div>\n\t\t\t\t<\/div>\n\t\t\t\t<\/div>\n\t\t<div class=\"elementor-element elementor-element-617cfca e-flex e-con-boxed e-con e-parent\" data-id=\"617cfca\" data-element_type=\"container\" data-e-type=\"container\" data-settings=\"{&quot;background_background&quot;:&quot;classic&quot;,&quot;animation&quot;:&quot;none&quot;}\">\n\t\t\t\t\t<div class=\"e-con-inner\">\n\t\t<div class=\"elementor-element elementor-element-c9bf3b4 e-con-full e-flex e-con e-child\" data-id=\"c9bf3b4\" data-element_type=\"container\" data-e-type=\"container\">\n\t\t\t\t<div class=\"elementor-element elementor-element-03fb1d2 elementor-widget elementor-widget-spacer\" data-id=\"03fb1d2\" data-element_type=\"widget\" data-e-type=\"widget\" data-widget_type=\"spacer.default\">\n\t\t\t\t<div class=\"elementor-widget-container\">\n\t\t\t\t\t\t\t<div class=\"elementor-spacer\">\n\t\t\t<div class=\"elementor-spacer-inner\"><\/div>\n\t\t<\/div>\n\t\t\t\t\t\t<\/div>\n\t\t\t\t<\/div>\n\t\t\t\t<div class=\"elementor-element elementor-element-60633ce elementor-widget elementor-widget-image\" data-id=\"60633ce\" data-element_type=\"widget\" data-e-type=\"widget\" data-widget_type=\"image.default\">\n\t\t\t\t<div class=\"elementor-widget-container\">\n\t\t\t\t\t\t\t\t\t\t\t\t\t\t\t<img decoding=\"async\" width=\"619\" height=\"490\" src=\"https:\/\/mercatfrutal.com\/wp-content\/uploads\/2025\/10\/tomate.png\" class=\"attachment-large size-large wp-image-10595\" alt=\"tomate ecol\u00f3gico\" srcset=\"https:\/\/mercatfrutal.com\/wp-content\/uploads\/2025\/10\/tomate.png 619w, https:\/\/mercatfrutal.com\/wp-content\/uploads\/2025\/10\/tomate-300x237.png 300w, https:\/\/mercatfrutal.com\/wp-content\/uploads\/2025\/10\/tomate-15x12.png 15w, https:\/\/mercatfrutal.com\/wp-content\/uploads\/2025\/10\/tomate-600x475.png 600w\" sizes=\"(max-width: 619px) 100vw, 619px\" \/>\t\t\t\t\t\t\t\t\t\t\t\t\t\t\t<\/div>\n\t\t\t\t<\/div>\n\t\t\t\t<div class=\"elementor-element elementor-element-500645f elementor-widget elementor-widget-heading\" data-id=\"500645f\" data-element_type=\"widget\" data-e-type=\"widget\" data-widget_type=\"heading.default\">\n\t\t\t\t<div class=\"elementor-widget-container\">\n\t\t\t\t\t<h2 class=\"elementor-heading-title elementor-size-default\">PERSONAL EXPERIENCE<\/h2>\t\t\t\t<\/div>\n\t\t\t\t<\/div>\n\t\t\t\t<div class=\"elementor-element elementor-element-b426350 elementor-widget elementor-widget-text-editor\" data-id=\"b426350\" data-element_type=\"widget\" data-e-type=\"widget\" data-widget_type=\"text-editor.default\">\n\t\t\t\t<div class=\"elementor-widget-container\">\n\t\t\t\t\t\t\t\t\t<p>Organic products designed for you: fresh fruits and vegetables, in the ideal quantities.<\/p>\t\t\t\t\t\t\t\t<\/div>\n\t\t\t\t<\/div>\n\t\t\t\t<div class=\"elementor-element elementor-element-7ec7dc0 elementor-align-center elementor-widget elementor-widget-button\" data-id=\"7ec7dc0\" data-element_type=\"widget\" data-e-type=\"widget\" data-widget_type=\"button.default\">\n\t\t\t\t<div class=\"elementor-widget-container\">\n\t\t\t\t\t\t\t\t\t<div class=\"elementor-button-wrapper\">\n\t\t\t\t\t<a class=\"elementor-button elementor-button-link elementor-size-sm\" href=\"\/en\/experiencia-individual\/\">\n\t\t\t\t\t\t<span class=\"elementor-button-content-wrapper\">\n\t\t\t\t\t\t\t\t\t<span class=\"elementor-button-text\">DISCOVER THE REAL FLAVOR<\/span>\n\t\t\t\t\t<\/span>\n\t\t\t\t\t<\/a>\n\t\t\t\t<\/div>\n\t\t\t\t\t\t\t\t<\/div>\n\t\t\t\t<\/div>\n\t\t\t\t<\/div>\n\t\t<div class=\"elementor-element elementor-element-e5246aa e-con-full e-flex e-con e-child\" data-id=\"e5246aa\" data-element_type=\"container\" data-e-type=\"container\">\n\t\t\t\t<div class=\"elementor-element elementor-element-840c108 elementor-widget elementor-widget-spacer\" data-id=\"840c108\" data-element_type=\"widget\" data-e-type=\"widget\" data-widget_type=\"spacer.default\">\n\t\t\t\t<div class=\"elementor-widget-container\">\n\t\t\t\t\t\t\t<div class=\"elementor-spacer\">\n\t\t\t<div class=\"elementor-spacer-inner\"><\/div>\n\t\t<\/div>\n\t\t\t\t\t\t<\/div>\n\t\t\t\t<\/div>\n\t\t\t\t<div class=\"elementor-element elementor-element-046f9ec elementor-widget elementor-widget-image\" data-id=\"046f9ec\" data-element_type=\"widget\" data-e-type=\"widget\" data-widget_type=\"image.default\">\n\t\t\t\t<div class=\"elementor-widget-container\">\n\t\t\t\t\t\t\t\t\t\t\t\t\t\t\t<img decoding=\"async\" width=\"619\" height=\"490\" src=\"https:\/\/mercatfrutal.com\/wp-content\/uploads\/2025\/10\/uva-y-zanahoria.png\" class=\"attachment-large size-large wp-image-10596\" alt=\"uva y zanahoria ecol\u00f3gica\" srcset=\"https:\/\/mercatfrutal.com\/wp-content\/uploads\/2025\/10\/uva-y-zanahoria.png 619w, https:\/\/mercatfrutal.com\/wp-content\/uploads\/2025\/10\/uva-y-zanahoria-300x237.png 300w, https:\/\/mercatfrutal.com\/wp-content\/uploads\/2025\/10\/uva-y-zanahoria-15x12.png 15w, https:\/\/mercatfrutal.com\/wp-content\/uploads\/2025\/10\/uva-y-zanahoria-600x475.png 600w\" sizes=\"(max-width: 619px) 100vw, 619px\" \/>\t\t\t\t\t\t\t\t\t\t\t\t\t\t\t<\/div>\n\t\t\t\t<\/div>\n\t\t\t\t<div class=\"elementor-element elementor-element-378332d elementor-widget elementor-widget-heading\" data-id=\"378332d\" data-element_type=\"widget\" data-e-type=\"widget\" data-widget_type=\"heading.default\">\n\t\t\t\t<div class=\"elementor-widget-container\">\n\t\t\t\t\t<h2 class=\"elementor-heading-title elementor-size-default\">COUPLE'S EXPERIENCE<\/h2>\t\t\t\t<\/div>\n\t\t\t\t<\/div>\n\t\t\t\t<div class=\"elementor-element elementor-element-4c8ad43 elementor-widget elementor-widget-text-editor\" data-id=\"4c8ad43\" data-element_type=\"widget\" data-e-type=\"widget\" data-widget_type=\"text-editor.default\">\n\t\t\t\t<div class=\"elementor-widget-container\">\n\t\t\t\t\t\t\t\t\t<p>Share the best the land has to offer with those you love most. Balanced baskets, perfect for cooking together.<\/p>\t\t\t\t\t\t\t\t<\/div>\n\t\t\t\t<\/div>\n\t\t\t\t<div class=\"elementor-element elementor-element-2fe9794 elementor-align-center elementor-widget elementor-widget-button\" data-id=\"2fe9794\" data-element_type=\"widget\" data-e-type=\"widget\" data-widget_type=\"button.default\">\n\t\t\t\t<div class=\"elementor-widget-container\">\n\t\t\t\t\t\t\t\t\t<div class=\"elementor-button-wrapper\">\n\t\t\t\t\t<a class=\"elementor-button elementor-button-link elementor-size-sm\" href=\"\/en\/experiencia-pareja\/\">\n\t\t\t\t\t\t<span class=\"elementor-button-content-wrapper\">\n\t\t\t\t\t\t\t\t\t<span class=\"elementor-button-text\">SHARE THE FRESHNESS<\/span>\n\t\t\t\t\t<\/span>\n\t\t\t\t\t<\/a>\n\t\t\t\t<\/div>\n\t\t\t\t\t\t\t\t<\/div>\n\t\t\t\t<\/div>\n\t\t\t\t<\/div>\n\t\t<div class=\"elementor-element elementor-element-1dead6f e-con-full e-flex e-con e-child\" data-id=\"1dead6f\" data-element_type=\"container\" data-e-type=\"container\">\n\t\t\t\t<div class=\"elementor-element elementor-element-22cd498 elementor-widget elementor-widget-spacer\" data-id=\"22cd498\" data-element_type=\"widget\" data-e-type=\"widget\" data-widget_type=\"spacer.default\">\n\t\t\t\t<div class=\"elementor-widget-container\">\n\t\t\t\t\t\t\t<div class=\"elementor-spacer\">\n\t\t\t<div class=\"elementor-spacer-inner\"><\/div>\n\t\t<\/div>\n\t\t\t\t\t\t<\/div>\n\t\t\t\t<\/div>\n\t\t\t\t<div class=\"elementor-element elementor-element-9508f92 elementor-widget elementor-widget-image\" data-id=\"9508f92\" data-element_type=\"widget\" data-e-type=\"widget\" data-widget_type=\"image.default\">\n\t\t\t\t<div class=\"elementor-widget-container\">\n\t\t\t\t\t\t\t\t\t\t\t\t\t\t\t<img loading=\"lazy\" decoding=\"async\" width=\"619\" height=\"490\" src=\"https:\/\/mercatfrutal.com\/wp-content\/uploads\/2025\/10\/cereza-kiwi-limon.png\" class=\"attachment-large size-large wp-image-10594\" alt=\"cereza, kiwi, lim\u00f3n ecologico\" srcset=\"https:\/\/mercatfrutal.com\/wp-content\/uploads\/2025\/10\/cereza-kiwi-limon.png 619w, https:\/\/mercatfrutal.com\/wp-content\/uploads\/2025\/10\/cereza-kiwi-limon-300x237.png 300w, https:\/\/mercatfrutal.com\/wp-content\/uploads\/2025\/10\/cereza-kiwi-limon-15x12.png 15w, https:\/\/mercatfrutal.com\/wp-content\/uploads\/2025\/10\/cereza-kiwi-limon-600x475.png 600w\" sizes=\"(max-width: 619px) 100vw, 619px\" \/>\t\t\t\t\t\t\t\t\t\t\t\t\t\t\t<\/div>\n\t\t\t\t<\/div>\n\t\t\t\t<div class=\"elementor-element elementor-element-4c7beec elementor-widget elementor-widget-heading\" data-id=\"4c7beec\" data-element_type=\"widget\" data-e-type=\"widget\" data-widget_type=\"heading.default\">\n\t\t\t\t<div class=\"elementor-widget-container\">\n\t\t\t\t\t<h2 class=\"elementor-heading-title elementor-size-default\">FAMILY EXPERIENCE<\/h2>\t\t\t\t<\/div>\n\t\t\t\t<\/div>\n\t\t\t\t<div class=\"elementor-element elementor-element-3dbfc13 elementor-widget elementor-widget-text-editor\" data-id=\"3dbfc13\" data-element_type=\"widget\" data-e-type=\"widget\" data-widget_type=\"text-editor.default\">\n\t\t\t\t<div class=\"elementor-widget-container\">\n\t\t\t\t\t\t\t\t\t<p>Natural abundance for all. Products designed to nourish both adults and children.<\/p>\t\t\t\t\t\t\t\t<\/div>\n\t\t\t\t<\/div>\n\t\t\t\t<div class=\"elementor-element elementor-element-85dafa0 elementor-align-center elementor-widget elementor-widget-button\" data-id=\"85dafa0\" data-element_type=\"widget\" data-e-type=\"widget\" data-widget_type=\"button.default\">\n\t\t\t\t<div class=\"elementor-widget-container\">\n\t\t\t\t\t\t\t\t\t<div class=\"elementor-button-wrapper\">\n\t\t\t\t\t<a class=\"elementor-button elementor-button-link elementor-size-sm\" href=\"\/en\/experiencia-familiar\/\">\n\t\t\t\t\t\t<span class=\"elementor-button-content-wrapper\">\n\t\t\t\t\t\t\t\t\t<span class=\"elementor-button-text\">TAKING CARE OF MY OWN<\/span>\n\t\t\t\t\t<\/span>\n\t\t\t\t\t<\/a>\n\t\t\t\t<\/div>\n\t\t\t\t\t\t\t\t<\/div>\n\t\t\t\t<\/div>\n\t\t\t\t<\/div>\n\t\t\t\t\t<\/div>\n\t\t\t\t<\/div>\n\t\t<div class=\"elementor-element elementor-element-1dbb338 e-flex e-con-boxed e-con e-parent\" data-id=\"1dbb338\" data-element_type=\"container\" data-e-type=\"container\" data-settings=\"{&quot;background_background&quot;:&quot;classic&quot;}\">\n\t\t\t\t\t<div class=\"e-con-inner\">\n\t\t\t\t<div class=\"elementor-element elementor-element-a3fef3f elementor-widget elementor-widget-spacer\" data-id=\"a3fef3f\" data-element_type=\"widget\" data-e-type=\"widget\" data-widget_type=\"spacer.default\">\n\t\t\t\t<div class=\"elementor-widget-container\">\n\t\t\t\t\t\t\t<div class=\"elementor-spacer\">\n\t\t\t<div class=\"elementor-spacer-inner\"><\/div>\n\t\t<\/div>\n\t\t\t\t\t\t<\/div>\n\t\t\t\t<\/div>\n\t\t\t\t<div class=\"elementor-element elementor-element-21f6946 elementor-invisible elementor-widget elementor-widget-heading\" data-id=\"21f6946\" data-element_type=\"widget\" data-e-type=\"widget\" data-settings=\"{&quot;_animation&quot;:&quot;fadeInUp&quot;}\" data-widget_type=\"heading.default\">\n\t\t\t\t<div class=\"elementor-widget-container\">\n\t\t\t\t\t<h2 class=\"elementor-heading-title elementor-size-default\">CHOOSE YOUR ORGANIC EXPERIENCE AND JOIN THE CIRCUIT!<\/h2>\t\t\t\t<\/div>\n\t\t\t\t<\/div>\n\t\t\t\t<div class=\"elementor-element elementor-element-8954642 elementor-widget elementor-widget-spacer\" data-id=\"8954642\" data-element_type=\"widget\" data-e-type=\"widget\" data-widget_type=\"spacer.default\">\n\t\t\t\t<div class=\"elementor-widget-container\">\n\t\t\t\t\t\t\t<div class=\"elementor-spacer\">\n\t\t\t<div class=\"elementor-spacer-inner\"><\/div>\n\t\t<\/div>\n\t\t\t\t\t\t<\/div>\n\t\t\t\t<\/div>\n\t\t\t\t\t<\/div>\n\t\t\t\t<\/div>\n\t\t\t\t<\/div>","protected":false},"excerpt":{"rendered":"<p>NO SOMOS SOLO UNA TIENDA ECOL\u00d3GICA, SOMOS UN CIRCUITO SOSTENIBLE. Crea un futuro m\u00e1s sostenible con nosotros. Elige tu experiencia ecol\u00f3gica y crea tu propio circuito. EXPERIENCIA INDIVIDUAL Productos ecol\u00f3gicos pensados para ti: frutas y verduras frescas, en las cantidades ideales. DESCUBRIR EL SABOR REAL EXPERIENCIA EN PAREJA Comparte lo mejor de la tierra con [&hellip;]<\/p>\n","protected":false},"author":40,"featured_media":0,"parent":0,"menu_order":0,"comment_status":"closed","ping_status":"closed","template":"","meta":{"content-type":"","footnotes":""},"class_list":["post-8608","page","type-page","status-publish","hentry"],"yoast_head":"<!-- This site is optimized with the Yoast SEO plugin v27.2 - https:\/\/yoast.com\/product\/yoast-seo-wordpress\/ -->\n<title>Experiencia ecol\u00f3gica | Frutas y verduras de proximidad<\/title>\n<meta name=\"description\" content=\"Experiencia ecol\u00f3gica seg\u00fan tu estilo de vida: individual, en pareja o en familia. Frutas y verduras de temporada y de km real.\" \/>\n<meta name=\"robots\" content=\"index, follow, max-snippet:-1, max-image-preview:large, max-video-preview:-1\" \/>\n<link rel=\"canonical\" href=\"https:\/\/mercatfrutal.com\/en\/elige-tu-experiencia-ecologica\/\" \/>\n<meta property=\"og:locale\" content=\"en_GB\" \/>\n<meta property=\"og:type\" content=\"article\" \/>\n<meta property=\"og:title\" content=\"Experiencia ecol\u00f3gica | Frutas y verduras de proximidad\" \/>\n<meta property=\"og:description\" content=\"Experiencia ecol\u00f3gica seg\u00fan tu estilo de vida: individual, en pareja o en familia. Frutas y verduras de temporada y de km real.\" \/>\n<meta property=\"og:url\" content=\"https:\/\/mercatfrutal.com\/en\/elige-tu-experiencia-ecologica\/\" \/>\n<meta property=\"og:site_name\" content=\"Mercat Frutal\" \/>\n<meta property=\"article:modified_time\" content=\"2026-01-20T11:59:56+00:00\" \/>\n<meta property=\"og:image\" content=\"https:\/\/mercatfrutal.com\/wp-content\/uploads\/2025\/10\/bienvenidos-al-circuito.png\" \/>\n<meta name=\"twitter:card\" content=\"summary_large_image\" \/>\n<meta name=\"twitter:label1\" content=\"Estimated reading time\" \/>\n\t<meta name=\"twitter:data1\" content=\"2 minutes\" \/>\n<script type=\"application\/ld+json\" class=\"yoast-schema-graph\">{\"@context\":\"https:\/\/schema.org\",\"@graph\":[{\"@type\":\"WebPage\",\"@id\":\"https:\/\/mercatfrutal.com\/elige-tu-experiencia-ecologica\/\",\"url\":\"https:\/\/mercatfrutal.com\/elige-tu-experiencia-ecologica\/\",\"name\":\"Experiencia ecol\u00f3gica | Frutas y verduras de proximidad\",\"isPartOf\":{\"@id\":\"https:\/\/mercatfrutal.com\/#website\"},\"primaryImageOfPage\":{\"@id\":\"https:\/\/mercatfrutal.com\/elige-tu-experiencia-ecologica\/#primaryimage\"},\"image\":{\"@id\":\"https:\/\/mercatfrutal.com\/elige-tu-experiencia-ecologica\/#primaryimage\"},\"thumbnailUrl\":\"https:\/\/mercatfrutal.com\/wp-content\/uploads\/2025\/10\/bienvenidos-al-circuito.png\",\"datePublished\":\"2025-04-24T14:50:44+00:00\",\"dateModified\":\"2026-01-20T11:59:56+00:00\",\"description\":\"Experiencia ecol\u00f3gica seg\u00fan tu estilo de vida: individual, en pareja o en familia. Frutas y verduras de temporada y de km real.\",\"breadcrumb\":{\"@id\":\"https:\/\/mercatfrutal.com\/elige-tu-experiencia-ecologica\/#breadcrumb\"},\"inLanguage\":\"en-GB\",\"potentialAction\":[{\"@type\":\"ReadAction\",\"target\":[\"https:\/\/mercatfrutal.com\/elige-tu-experiencia-ecologica\/\"]}]},{\"@type\":\"ImageObject\",\"inLanguage\":\"en-GB\",\"@id\":\"https:\/\/mercatfrutal.com\/elige-tu-experiencia-ecologica\/#primaryimage\",\"url\":\"https:\/\/mercatfrutal.com\/wp-content\/uploads\/2025\/10\/bienvenidos-al-circuito.png\",\"contentUrl\":\"https:\/\/mercatfrutal.com\/wp-content\/uploads\/2025\/10\/bienvenidos-al-circuito.png\"},{\"@type\":\"BreadcrumbList\",\"@id\":\"https:\/\/mercatfrutal.com\/elige-tu-experiencia-ecologica\/#breadcrumb\",\"itemListElement\":[{\"@type\":\"ListItem\",\"position\":1,\"name\":\"Portada\",\"item\":\"https:\/\/mercatfrutal.com\/\"},{\"@type\":\"ListItem\",\"position\":2,\"name\":\"Fake Home Page\"}]},{\"@type\":\"WebSite\",\"@id\":\"https:\/\/mercatfrutal.com\/#website\",\"url\":\"https:\/\/mercatfrutal.com\/\",\"name\":\"Mercat Frutal\",\"description\":\"\",\"publisher\":{\"@id\":\"https:\/\/mercatfrutal.com\/#organization\"},\"alternateName\":\"Mercat Frutal\",\"potentialAction\":[{\"@type\":\"SearchAction\",\"target\":{\"@type\":\"EntryPoint\",\"urlTemplate\":\"https:\/\/mercatfrutal.com\/?s={search_term_string}\"},\"query-input\":{\"@type\":\"PropertyValueSpecification\",\"valueRequired\":true,\"valueName\":\"search_term_string\"}}],\"inLanguage\":\"en-GB\"},{\"@type\":\"Organization\",\"@id\":\"https:\/\/mercatfrutal.com\/#organization\",\"name\":\"Mercat Frutal\",\"url\":\"https:\/\/mercatfrutal.com\/\",\"logo\":{\"@type\":\"ImageObject\",\"inLanguage\":\"en-GB\",\"@id\":\"https:\/\/mercatfrutal.com\/#\/schema\/logo\/image\/\",\"url\":\"https:\/\/mercatfrutal.com\/wp-content\/uploads\/2024\/01\/LOGO-FRUTAL3.png\",\"contentUrl\":\"https:\/\/mercatfrutal.com\/wp-content\/uploads\/2024\/01\/LOGO-FRUTAL3.png\",\"width\":1024,\"height\":382,\"caption\":\"Mercat Frutal\"},\"image\":{\"@id\":\"https:\/\/mercatfrutal.com\/#\/schema\/logo\/image\/\"}}]}<\/script>\n<!-- \/ Yoast SEO plugin. -->","yoast_head_json":{"title":"Experiencia ecol\u00f3gica | Frutas y verduras de proximidad","description":"Experiencia ecol\u00f3gica seg\u00fan tu estilo de vida: individual, en pareja o en familia. Frutas y verduras de temporada y de km real.","robots":{"index":"index","follow":"follow","max-snippet":"max-snippet:-1","max-image-preview":"max-image-preview:large","max-video-preview":"max-video-preview:-1"},"canonical":"https:\/\/mercatfrutal.com\/en\/elige-tu-experiencia-ecologica\/","og_locale":"en_GB","og_type":"article","og_title":"Experiencia ecol\u00f3gica | Frutas y verduras de proximidad","og_description":"Experiencia ecol\u00f3gica seg\u00fan tu estilo de vida: individual, en pareja o en familia. Frutas y verduras de temporada y de km real.","og_url":"https:\/\/mercatfrutal.com\/en\/elige-tu-experiencia-ecologica\/","og_site_name":"Mercat Frutal","article_modified_time":"2026-01-20T11:59:56+00:00","og_image":[{"url":"https:\/\/mercatfrutal.com\/wp-content\/uploads\/2025\/10\/bienvenidos-al-circuito.png","type":"","width":"","height":""}],"twitter_card":"summary_large_image","twitter_misc":{"Estimated reading time":"2 minutes"},"schema":{"@context":"https:\/\/schema.org","@graph":[{"@type":"WebPage","@id":"https:\/\/mercatfrutal.com\/elige-tu-experiencia-ecologica\/","url":"https:\/\/mercatfrutal.com\/elige-tu-experiencia-ecologica\/","name":"Experiencia ecol\u00f3gica | Frutas y verduras de proximidad","isPartOf":{"@id":"https:\/\/mercatfrutal.com\/#website"},"primaryImageOfPage":{"@id":"https:\/\/mercatfrutal.com\/elige-tu-experiencia-ecologica\/#primaryimage"},"image":{"@id":"https:\/\/mercatfrutal.com\/elige-tu-experiencia-ecologica\/#primaryimage"},"thumbnailUrl":"https:\/\/mercatfrutal.com\/wp-content\/uploads\/2025\/10\/bienvenidos-al-circuito.png","datePublished":"2025-04-24T14:50:44+00:00","dateModified":"2026-01-20T11:59:56+00:00","description":"Experiencia ecol\u00f3gica seg\u00fan tu estilo de vida: individual, en pareja o en familia. Frutas y verduras de temporada y de km real.","breadcrumb":{"@id":"https:\/\/mercatfrutal.com\/elige-tu-experiencia-ecologica\/#breadcrumb"},"inLanguage":"en-GB","potentialAction":[{"@type":"ReadAction","target":["https:\/\/mercatfrutal.com\/elige-tu-experiencia-ecologica\/"]}]},{"@type":"ImageObject","inLanguage":"en-GB","@id":"https:\/\/mercatfrutal.com\/elige-tu-experiencia-ecologica\/#primaryimage","url":"https:\/\/mercatfrutal.com\/wp-content\/uploads\/2025\/10\/bienvenidos-al-circuito.png","contentUrl":"https:\/\/mercatfrutal.com\/wp-content\/uploads\/2025\/10\/bienvenidos-al-circuito.png"},{"@type":"BreadcrumbList","@id":"https:\/\/mercatfrutal.com\/elige-tu-experiencia-ecologica\/#breadcrumb","itemListElement":[{"@type":"ListItem","position":1,"name":"Portada","item":"https:\/\/mercatfrutal.com\/"},{"@type":"ListItem","position":2,"name":"Fake Home Page"}]},{"@type":"WebSite","@id":"https:\/\/mercatfrutal.com\/#website","url":"https:\/\/mercatfrutal.com\/","name":"Mercat Frutal","description":"","publisher":{"@id":"https:\/\/mercatfrutal.com\/#organization"},"alternateName":"Mercat Frutal","potentialAction":[{"@type":"SearchAction","target":{"@type":"EntryPoint","urlTemplate":"https:\/\/mercatfrutal.com\/?s={search_term_string}"},"query-input":{"@type":"PropertyValueSpecification","valueRequired":true,"valueName":"search_term_string"}}],"inLanguage":"en-GB"},{"@type":"Organization","@id":"https:\/\/mercatfrutal.com\/#organization","name":"Mercat Frutal","url":"https:\/\/mercatfrutal.com\/","logo":{"@type":"ImageObject","inLanguage":"en-GB","@id":"https:\/\/mercatfrutal.com\/#\/schema\/logo\/image\/","url":"https:\/\/mercatfrutal.com\/wp-content\/uploads\/2024\/01\/LOGO-FRUTAL3.png","contentUrl":"https:\/\/mercatfrutal.com\/wp-content\/uploads\/2024\/01\/LOGO-FRUTAL3.png","width":1024,"height":382,"caption":"Mercat Frutal"},"image":{"@id":"https:\/\/mercatfrutal.com\/#\/schema\/logo\/image\/"}}]}},"jetpack_sharing_enabled":true,"_links":{"self":[{"href":"https:\/\/mercatfrutal.com\/en\/wp-json\/wp\/v2\/pages\/8608","targetHints":{"allow":["GET"]}}],"collection":[{"href":"https:\/\/mercatfrutal.com\/en\/wp-json\/wp\/v2\/pages"}],"about":[{"href":"https:\/\/mercatfrutal.com\/en\/wp-json\/wp\/v2\/types\/page"}],"author":[{"embeddable":true,"href":"https:\/\/mercatfrutal.com\/en\/wp-json\/wp\/v2\/users\/40"}],"replies":[{"embeddable":true,"href":"https:\/\/mercatfrutal.com\/en\/wp-json\/wp\/v2\/comments?post=8608"}],"version-history":[{"count":202,"href":"https:\/\/mercatfrutal.com\/en\/wp-json\/wp\/v2\/pages\/8608\/revisions"}],"predecessor-version":[{"id":12534,"href":"https:\/\/mercatfrutal.com\/en\/wp-json\/wp\/v2\/pages\/8608\/revisions\/12534"}],"wp:attachment":[{"href":"https:\/\/mercatfrutal.com\/en\/wp-json\/wp\/v2\/media?parent=8608"}],"curies":[{"name":"wp","href":"https:\/\/api.w.org\/{rel}","templated":true}]}}