{"id":10341,"date":"2025-10-06T15:37:46","date_gmt":"2025-10-06T13:37:46","guid":{"rendered":"https:\/\/mercatfrutal.com\/?post_type=product&#038;p=10341"},"modified":"2025-10-07T11:58:36","modified_gmt":"2025-10-07T09:58:36","slug":"eco-sorpresa","status":"publish","type":"product","link":"https:\/\/mercatfrutal.com\/en\/product\/eco-sorpresa\/","title":{"rendered":"Organic Surprise"},"content":{"rendered":"","protected":false},"excerpt":{"rendered":"<p><span style=\"font-weight: 400\">A varied selection blending the best of sweet and savory, comfort and surprise. Organic, authentic ingredients that invite you to discover new flavors, care for yourself with quality, and enjoy small daily pleasures. The perfect gift for those who love natural products and appreciate unexpected details.<\/span><\/p>\n<p><span style=\"font-weight: 400\">Includes:<\/span><\/p>\n<ul>\n<li><span style=\"font-weight: 400\">Entrevinyes Eggs M\/L (6 pcs)<\/span><\/li>\n<li><span style=\"font-weight: 400\">Magicao Cocoa &amp; Hazelnut Spread (1 pc, 250g)<\/span><\/li>\n<li><span style=\"font-weight: 400\">Love Me Truly Chai Infusion (20 pcs)<\/span><\/li>\n<li><span style=\"font-weight: 400\">Caramel Wafel Cookies (1 pc, 175g)<\/span><\/li>\n<li><span style=\"font-weight: 400\">Chicken Broth (1 pc, 1 Litre)<\/span><\/li>\n<li><span style=\"font-weight: 400\">Luno Red Wine (1 pc, 75 cl)<\/span><\/li>\n<li><span style=\"font-weight: 400\">Apple Vinegar (1 pc, 50 cl)<\/span><\/li>\n<li><span style=\"font-weight: 400\">Genoese Basil Pesto (1 pc, 130g)<\/span><\/li>\n<li><span style=\"font-weight: 400\">Spaghetti Pasta (1 pc, 500g)<\/span><\/li>\n<li><span style=\"font-weight: 400\">Goat Cheese (1 pc, 350g)<\/span><\/li>\n<li><span style=\"font-weight: 400\">Rosemary Honey (1 pc, 500g)<\/span><\/li>\n<\/ul>","protected":false},"featured_media":10304,"comment_status":"open","ping_status":"closed","template":"","meta":{"content-type":""},"product_brand":[],"product_cat":[593],"product_tag":[],"class_list":{"0":"post-10341","1":"product","2":"type-product","3":"status-publish","4":"has-post-thumbnail","6":"product_cat-cestas-de-regalo","7":"has-subscription-plans","9":"first","10":"instock","11":"taxable","12":"shipping-taxable","13":"purchasable","14":"product-type-simple"},"bundled_by":[],"bundle_stock_status":"instock","bundle_stock_quantity":null,"bundle_virtual":false,"bundle_layout":"","bundle_add_to_cart_form_location":"","bundle_editable_in_cart":false,"bundle_sold_individually_context":"","bundle_item_grouping":"","bundle_min_size":"","bundle_max_size":"","bundle_price":[],"bundled_items":[],"bundle_sell_ids":[],"yoast_head":"<!-- This site is optimized with the Yoast SEO plugin v27.2 - https:\/\/yoast.com\/product\/yoast-seo-wordpress\/ -->\n<title>Regalo Productos Ecol\u00f3gicos - Eco Sorpresa<\/title>\n<meta name=\"description\" content=\"Regalo productos ecol\u00f3gicos. Una selecci\u00f3n variada que mezcla lo mejor de lo dulce y lo salado, lo reconfortante y lo sorprendente.\" \/>\n<meta name=\"robots\" content=\"index, follow, max-snippet:-1, max-image-preview:large, max-video-preview:-1\" \/>\n<link rel=\"canonical\" href=\"https:\/\/mercatfrutal.com\/en\/product\/eco-sorpresa\/\" \/>\n<meta property=\"og:locale\" content=\"en_GB\" \/>\n<meta property=\"og:type\" content=\"article\" \/>\n<meta property=\"og:title\" content=\"Regalo Productos Ecol\u00f3gicos - Eco Sorpresa\" \/>\n<meta property=\"og:description\" content=\"Regalo productos ecol\u00f3gicos. Una selecci\u00f3n variada que mezcla lo mejor de lo dulce y lo salado, lo reconfortante y lo sorprendente.\" \/>\n<meta property=\"og:url\" content=\"https:\/\/mercatfrutal.com\/en\/product\/eco-sorpresa\/\" \/>\n<meta property=\"og:site_name\" content=\"Mercat Frutal\" \/>\n<meta property=\"article:modified_time\" content=\"2025-10-07T09:58:36+00:00\" \/>\n<meta property=\"og:image\" content=\"https:\/\/mercatfrutal.com\/wp-content\/uploads\/2025\/10\/08-Eco-Sorpresa.webp\" \/>\n\t<meta property=\"og:image:width\" content=\"800\" \/>\n\t<meta property=\"og:image:height\" content=\"800\" \/>\n\t<meta property=\"og:image:type\" content=\"image\/webp\" \/>\n<meta name=\"twitter:card\" content=\"summary_large_image\" \/>\n<meta name=\"twitter:label1\" content=\"Estimated reading time\" \/>\n\t<meta name=\"twitter:data1\" content=\"1 minute\" \/>\n<script type=\"application\/ld+json\" class=\"yoast-schema-graph\">{\"@context\":\"https:\/\/schema.org\",\"@graph\":[{\"@type\":\"WebPage\",\"@id\":\"https:\/\/mercatfrutal.com\/producto\/eco-sorpresa\/\",\"url\":\"https:\/\/mercatfrutal.com\/producto\/eco-sorpresa\/\",\"name\":\"Regalo Productos Ecol\u00f3gicos - Eco Sorpresa\",\"isPartOf\":{\"@id\":\"https:\/\/mercatfrutal.com\/#website\"},\"primaryImageOfPage\":{\"@id\":\"https:\/\/mercatfrutal.com\/producto\/eco-sorpresa\/#primaryimage\"},\"image\":{\"@id\":\"https:\/\/mercatfrutal.com\/producto\/eco-sorpresa\/#primaryimage\"},\"thumbnailUrl\":\"https:\/\/mercatfrutal.com\/wp-content\/uploads\/2025\/10\/08-Eco-Sorpresa.webp\",\"datePublished\":\"2025-10-06T13:37:46+00:00\",\"dateModified\":\"2025-10-07T09:58:36+00:00\",\"description\":\"Regalo productos ecol\u00f3gicos. Una selecci\u00f3n variada que mezcla lo mejor de lo dulce y lo salado, lo reconfortante y lo sorprendente.\",\"breadcrumb\":{\"@id\":\"https:\/\/mercatfrutal.com\/producto\/eco-sorpresa\/#breadcrumb\"},\"inLanguage\":\"en-GB\",\"potentialAction\":[{\"@type\":\"ReadAction\",\"target\":[\"https:\/\/mercatfrutal.com\/producto\/eco-sorpresa\/\"]}]},{\"@type\":\"ImageObject\",\"inLanguage\":\"en-GB\",\"@id\":\"https:\/\/mercatfrutal.com\/producto\/eco-sorpresa\/#primaryimage\",\"url\":\"https:\/\/mercatfrutal.com\/wp-content\/uploads\/2025\/10\/08-Eco-Sorpresa.webp\",\"contentUrl\":\"https:\/\/mercatfrutal.com\/wp-content\/uploads\/2025\/10\/08-Eco-Sorpresa.webp\",\"width\":800,\"height\":800,\"caption\":\"regalo productos ecol\u00f3gicos\"},{\"@type\":\"BreadcrumbList\",\"@id\":\"https:\/\/mercatfrutal.com\/producto\/eco-sorpresa\/#breadcrumb\",\"itemListElement\":[{\"@type\":\"ListItem\",\"position\":1,\"name\":\"Portada\",\"item\":\"https:\/\/mercatfrutal.com\/\"},{\"@type\":\"ListItem\",\"position\":2,\"name\":\"Tienda\",\"item\":\"https:\/\/mercatfrutal.com\/tienda\/\"},{\"@type\":\"ListItem\",\"position\":3,\"name\":\"Eco Sorpresa\"}]},{\"@type\":\"WebSite\",\"@id\":\"https:\/\/mercatfrutal.com\/#website\",\"url\":\"https:\/\/mercatfrutal.com\/\",\"name\":\"Mercat Frutal\",\"description\":\"\",\"publisher\":{\"@id\":\"https:\/\/mercatfrutal.com\/#organization\"},\"alternateName\":\"Mercat Frutal\",\"potentialAction\":[{\"@type\":\"SearchAction\",\"target\":{\"@type\":\"EntryPoint\",\"urlTemplate\":\"https:\/\/mercatfrutal.com\/?s={search_term_string}\"},\"query-input\":{\"@type\":\"PropertyValueSpecification\",\"valueRequired\":true,\"valueName\":\"search_term_string\"}}],\"inLanguage\":\"en-GB\"},{\"@type\":\"Organization\",\"@id\":\"https:\/\/mercatfrutal.com\/#organization\",\"name\":\"Mercat Frutal\",\"url\":\"https:\/\/mercatfrutal.com\/\",\"logo\":{\"@type\":\"ImageObject\",\"inLanguage\":\"en-GB\",\"@id\":\"https:\/\/mercatfrutal.com\/#\/schema\/logo\/image\/\",\"url\":\"https:\/\/mercatfrutal.com\/wp-content\/uploads\/2024\/01\/LOGO-FRUTAL3.png\",\"contentUrl\":\"https:\/\/mercatfrutal.com\/wp-content\/uploads\/2024\/01\/LOGO-FRUTAL3.png\",\"width\":1024,\"height\":382,\"caption\":\"Mercat Frutal\"},\"image\":{\"@id\":\"https:\/\/mercatfrutal.com\/#\/schema\/logo\/image\/\"}}]}<\/script>\n<!-- \/ Yoast SEO plugin. -->","yoast_head_json":{"title":"Regalo Productos Ecol\u00f3gicos - Eco Sorpresa","description":"Regalo productos ecol\u00f3gicos. Una selecci\u00f3n variada que mezcla lo mejor de lo dulce y lo salado, lo reconfortante y lo sorprendente.","robots":{"index":"index","follow":"follow","max-snippet":"max-snippet:-1","max-image-preview":"max-image-preview:large","max-video-preview":"max-video-preview:-1"},"canonical":"https:\/\/mercatfrutal.com\/en\/product\/eco-sorpresa\/","og_locale":"en_GB","og_type":"article","og_title":"Regalo Productos Ecol\u00f3gicos - Eco Sorpresa","og_description":"Regalo productos ecol\u00f3gicos. Una selecci\u00f3n variada que mezcla lo mejor de lo dulce y lo salado, lo reconfortante y lo sorprendente.","og_url":"https:\/\/mercatfrutal.com\/en\/product\/eco-sorpresa\/","og_site_name":"Mercat Frutal","article_modified_time":"2025-10-07T09:58:36+00:00","og_image":[{"width":800,"height":800,"url":"https:\/\/mercatfrutal.com\/wp-content\/uploads\/2025\/10\/08-Eco-Sorpresa.webp","type":"image\/webp"}],"twitter_card":"summary_large_image","twitter_misc":{"Estimated reading time":"1 minute"},"schema":{"@context":"https:\/\/schema.org","@graph":[{"@type":"WebPage","@id":"https:\/\/mercatfrutal.com\/producto\/eco-sorpresa\/","url":"https:\/\/mercatfrutal.com\/producto\/eco-sorpresa\/","name":"Regalo Productos Ecol\u00f3gicos - Eco Sorpresa","isPartOf":{"@id":"https:\/\/mercatfrutal.com\/#website"},"primaryImageOfPage":{"@id":"https:\/\/mercatfrutal.com\/producto\/eco-sorpresa\/#primaryimage"},"image":{"@id":"https:\/\/mercatfrutal.com\/producto\/eco-sorpresa\/#primaryimage"},"thumbnailUrl":"https:\/\/mercatfrutal.com\/wp-content\/uploads\/2025\/10\/08-Eco-Sorpresa.webp","datePublished":"2025-10-06T13:37:46+00:00","dateModified":"2025-10-07T09:58:36+00:00","description":"Regalo productos ecol\u00f3gicos. Una selecci\u00f3n variada que mezcla lo mejor de lo dulce y lo salado, lo reconfortante y lo sorprendente.","breadcrumb":{"@id":"https:\/\/mercatfrutal.com\/producto\/eco-sorpresa\/#breadcrumb"},"inLanguage":"en-GB","potentialAction":[{"@type":"ReadAction","target":["https:\/\/mercatfrutal.com\/producto\/eco-sorpresa\/"]}]},{"@type":"ImageObject","inLanguage":"en-GB","@id":"https:\/\/mercatfrutal.com\/producto\/eco-sorpresa\/#primaryimage","url":"https:\/\/mercatfrutal.com\/wp-content\/uploads\/2025\/10\/08-Eco-Sorpresa.webp","contentUrl":"https:\/\/mercatfrutal.com\/wp-content\/uploads\/2025\/10\/08-Eco-Sorpresa.webp","width":800,"height":800,"caption":"regalo productos ecol\u00f3gicos"},{"@type":"BreadcrumbList","@id":"https:\/\/mercatfrutal.com\/producto\/eco-sorpresa\/#breadcrumb","itemListElement":[{"@type":"ListItem","position":1,"name":"Portada","item":"https:\/\/mercatfrutal.com\/"},{"@type":"ListItem","position":2,"name":"Tienda","item":"https:\/\/mercatfrutal.com\/tienda\/"},{"@type":"ListItem","position":3,"name":"Eco Sorpresa"}]},{"@type":"WebSite","@id":"https:\/\/mercatfrutal.com\/#website","url":"https:\/\/mercatfrutal.com\/","name":"Mercat Frutal","description":"","publisher":{"@id":"https:\/\/mercatfrutal.com\/#organization"},"alternateName":"Mercat Frutal","potentialAction":[{"@type":"SearchAction","target":{"@type":"EntryPoint","urlTemplate":"https:\/\/mercatfrutal.com\/?s={search_term_string}"},"query-input":{"@type":"PropertyValueSpecification","valueRequired":true,"valueName":"search_term_string"}}],"inLanguage":"en-GB"},{"@type":"Organization","@id":"https:\/\/mercatfrutal.com\/#organization","name":"Mercat Frutal","url":"https:\/\/mercatfrutal.com\/","logo":{"@type":"ImageObject","inLanguage":"en-GB","@id":"https:\/\/mercatfrutal.com\/#\/schema\/logo\/image\/","url":"https:\/\/mercatfrutal.com\/wp-content\/uploads\/2024\/01\/LOGO-FRUTAL3.png","contentUrl":"https:\/\/mercatfrutal.com\/wp-content\/uploads\/2024\/01\/LOGO-FRUTAL3.png","width":1024,"height":382,"caption":"Mercat Frutal"},"image":{"@id":"https:\/\/mercatfrutal.com\/#\/schema\/logo\/image\/"}}]}},"jetpack_sharing_enabled":true,"_links":{"self":[{"href":"https:\/\/mercatfrutal.com\/en\/wp-json\/wp\/v2\/product\/10341","targetHints":{"allow":["GET"]}}],"collection":[{"href":"https:\/\/mercatfrutal.com\/en\/wp-json\/wp\/v2\/product"}],"about":[{"href":"https:\/\/mercatfrutal.com\/en\/wp-json\/wp\/v2\/types\/product"}],"replies":[{"embeddable":true,"href":"https:\/\/mercatfrutal.com\/en\/wp-json\/wp\/v2\/comments?post=10341"}],"wp:featuredmedia":[{"embeddable":true,"href":"https:\/\/mercatfrutal.com\/en\/wp-json\/wp\/v2\/media\/10304"}],"wp:attachment":[{"href":"https:\/\/mercatfrutal.com\/en\/wp-json\/wp\/v2\/media?parent=10341"}],"wp:term":[{"taxonomy":"product_brand","embeddable":true,"href":"https:\/\/mercatfrutal.com\/en\/wp-json\/wp\/v2\/product_brand?post=10341"},{"taxonomy":"product_cat","embeddable":true,"href":"https:\/\/mercatfrutal.com\/en\/wp-json\/wp\/v2\/product_cat?post=10341"},{"taxonomy":"product_tag","embeddable":true,"href":"https:\/\/mercatfrutal.com\/en\/wp-json\/wp\/v2\/product_tag?post=10341"}],"curies":[{"name":"wp","href":"https:\/\/api.w.org\/{rel}","templated":true}]}}