{"id":13425,"date":"2026-02-09T12:30:32","date_gmt":"2026-02-09T11:30:32","guid":{"rendered":"https:\/\/mercatfrutal.com\/producto\/maracuya-300g-eco\/"},"modified":"2026-04-14T15:36:07","modified_gmt":"2026-04-14T13:36:07","slug":"maracuya-300g-eco","status":"publish","type":"product","link":"https:\/\/mercatfrutal.com\/en\/product\/maracuya-300g-eco\/","title":{"rendered":"Organic Passion Fruit 300g"},"content":{"rendered":"","protected":false},"excerpt":{"rendered":"<p><span style=\"font-weight: 400\">Organic passion fruit stands out for its intense, exotic flavor, with a perfect balance between sweetness and acidity. Its aromatic and juicy pulp comes from environmentally friendly farming, preserving all its freshness and nutritional quality.<\/span><\/p>\n<h2><strong>Properties and Benefits of Organic Passion Fruit<\/strong><\/h2>\n<p><span style=\"font-weight: 400\">It is rich in vitamin C and antioxidants, which help strengthen the immune system and fight oxidative stress. It also provides fiber, supporting digestion, and contains natural compounds with a relaxing effect.<\/span><\/p>\n<h2><strong>Uses of Organic Passion Fruit<\/strong><\/h2>\n<p><span style=\"font-weight: 400\">Ideal to enjoy fresh, in juices, smoothies, desserts, and yogurts. It is also perfect for sauces, jams, or to add an aromatic, tangy touch to salads and sweet dishes.<\/span><\/p>\n<p><br style=\"font-weight: 400\" \/><br style=\"font-weight: 400\" \/><\/p>","protected":false},"featured_media":9510,"comment_status":"open","ping_status":"closed","template":"","meta":{"content-type":""},"product_brand":[],"product_cat":[26],"product_tag":[],"class_list":{"0":"post-13425","1":"product","2":"type-product","3":"status-publish","4":"has-post-thumbnail","6":"product_cat-frutas","7":"has-subscription-plans","9":"first","10":"instock","11":"taxable","12":"shipping-taxable","13":"purchasable","14":"product-type-simple"},"bundled_by":[],"bundle_stock_status":"instock","bundle_stock_quantity":null,"bundle_virtual":false,"bundle_layout":"","bundle_add_to_cart_form_location":"","bundle_editable_in_cart":false,"bundle_sold_individually_context":"","bundle_item_grouping":"","bundle_min_size":"","bundle_max_size":"","bundle_price":[],"bundled_items":[],"bundle_sell_ids":[],"yoast_head":"<!-- This site is optimized with the Yoast SEO plugin v27.2 - https:\/\/yoast.com\/product\/yoast-seo-wordpress\/ -->\n<title>Maracuy\u00e1 300g ECO - Mercat Frutal<\/title>\n<meta name=\"robots\" content=\"index, follow, max-snippet:-1, max-image-preview:large, max-video-preview:-1\" \/>\n<link rel=\"canonical\" href=\"https:\/\/mercatfrutal.com\/en\/product\/maracuya-300g-eco\/\" \/>\n<meta property=\"og:locale\" content=\"en_GB\" \/>\n<meta property=\"og:type\" content=\"article\" \/>\n<meta property=\"og:title\" content=\"Maracuy\u00e1 300g ECO - Mercat Frutal\" \/>\n<meta property=\"og:description\" content=\"El maracuy\u00e1 ecol\u00f3gico destaca por su sabor intenso y ex\u00f3tico, con un equilibrio perfecto entre dulce y \u00e1cido. Su pulpa arom\u00e1tica y jugosa se obtiene de cultivos respetuosos con el medio ambiente, conservando toda su frescura y calidad nutricional. Propiedades y beneficios del Maracuy\u00e1 ECO Es rico en vitamina C y antioxidantes, que ayudan a reforzar el sistema inmunol\u00f3gico y a combatir el estr\u00e9s oxidativo. Aporta fibra, favoreciendo la digesti\u00f3n, y contiene compuestos naturales con efecto relajante. Usos del Maracuy\u00e1 ECO Ideal para consumir fresco, en zumos, batidos, postres y yogures. Tambi\u00e9n es perfecto para salsas, mermeladas o para dar un toque \u00e1cido y arom\u00e1tico a ensaladas y platos dulces.\" \/>\n<meta property=\"og:url\" content=\"https:\/\/mercatfrutal.com\/en\/product\/maracuya-300g-eco\/\" \/>\n<meta property=\"og:site_name\" content=\"Mercat Frutal\" \/>\n<meta property=\"article:modified_time\" content=\"2026-04-14T13:36:07+00:00\" \/>\n<meta property=\"og:image\" content=\"https:\/\/mercatfrutal.com\/wp-content\/uploads\/2025\/09\/Maracuya-300g-ECO.webp\" \/>\n\t<meta property=\"og:image:width\" content=\"800\" \/>\n\t<meta property=\"og:image:height\" content=\"800\" \/>\n\t<meta property=\"og:image:type\" content=\"image\/webp\" \/>\n<meta name=\"twitter:card\" content=\"summary_large_image\" \/>\n<meta name=\"twitter:label1\" content=\"Estimated reading time\" \/>\n\t<meta name=\"twitter:data1\" content=\"1 minute\" \/>\n<script type=\"application\/ld+json\" class=\"yoast-schema-graph\">{\"@context\":\"https:\/\/schema.org\",\"@graph\":[{\"@type\":\"WebPage\",\"@id\":\"https:\/\/mercatfrutal.com\/producto\/maracuya-300g-eco\/\",\"url\":\"https:\/\/mercatfrutal.com\/producto\/maracuya-300g-eco\/\",\"name\":\"Maracuy\u00e1 300g ECO - Mercat Frutal\",\"isPartOf\":{\"@id\":\"https:\/\/mercatfrutal.com\/#website\"},\"primaryImageOfPage\":{\"@id\":\"https:\/\/mercatfrutal.com\/producto\/maracuya-300g-eco\/#primaryimage\"},\"image\":{\"@id\":\"https:\/\/mercatfrutal.com\/producto\/maracuya-300g-eco\/#primaryimage\"},\"thumbnailUrl\":\"https:\/\/mercatfrutal.com\/wp-content\/uploads\/2025\/09\/Maracuya-300g-ECO.webp\",\"datePublished\":\"2026-02-09T11:30:32+00:00\",\"dateModified\":\"2026-04-14T13:36:07+00:00\",\"breadcrumb\":{\"@id\":\"https:\/\/mercatfrutal.com\/producto\/maracuya-300g-eco\/#breadcrumb\"},\"inLanguage\":\"en-GB\",\"potentialAction\":[{\"@type\":\"ReadAction\",\"target\":[\"https:\/\/mercatfrutal.com\/producto\/maracuya-300g-eco\/\"]}]},{\"@type\":\"ImageObject\",\"inLanguage\":\"en-GB\",\"@id\":\"https:\/\/mercatfrutal.com\/producto\/maracuya-300g-eco\/#primaryimage\",\"url\":\"https:\/\/mercatfrutal.com\/wp-content\/uploads\/2025\/09\/Maracuya-300g-ECO.webp\",\"contentUrl\":\"https:\/\/mercatfrutal.com\/wp-content\/uploads\/2025\/09\/Maracuya-300g-ECO.webp\",\"width\":800,\"height\":800,\"caption\":\"Maracuy\u00e1 ECO\"},{\"@type\":\"BreadcrumbList\",\"@id\":\"https:\/\/mercatfrutal.com\/producto\/maracuya-300g-eco\/#breadcrumb\",\"itemListElement\":[{\"@type\":\"ListItem\",\"position\":1,\"name\":\"Portada\",\"item\":\"https:\/\/mercatfrutal.com\/\"},{\"@type\":\"ListItem\",\"position\":2,\"name\":\"Tienda\",\"item\":\"https:\/\/mercatfrutal.com\/tienda\/\"},{\"@type\":\"ListItem\",\"position\":3,\"name\":\"Maracuy\u00e1 300g ECO\"}]},{\"@type\":\"WebSite\",\"@id\":\"https:\/\/mercatfrutal.com\/#website\",\"url\":\"https:\/\/mercatfrutal.com\/\",\"name\":\"Mercat Frutal\",\"description\":\"\",\"publisher\":{\"@id\":\"https:\/\/mercatfrutal.com\/#organization\"},\"alternateName\":\"Mercat Frutal\",\"potentialAction\":[{\"@type\":\"SearchAction\",\"target\":{\"@type\":\"EntryPoint\",\"urlTemplate\":\"https:\/\/mercatfrutal.com\/?s={search_term_string}\"},\"query-input\":{\"@type\":\"PropertyValueSpecification\",\"valueRequired\":true,\"valueName\":\"search_term_string\"}}],\"inLanguage\":\"en-GB\"},{\"@type\":\"Organization\",\"@id\":\"https:\/\/mercatfrutal.com\/#organization\",\"name\":\"Mercat Frutal\",\"url\":\"https:\/\/mercatfrutal.com\/\",\"logo\":{\"@type\":\"ImageObject\",\"inLanguage\":\"en-GB\",\"@id\":\"https:\/\/mercatfrutal.com\/#\/schema\/logo\/image\/\",\"url\":\"https:\/\/mercatfrutal.com\/wp-content\/uploads\/2024\/01\/LOGO-FRUTAL3.png\",\"contentUrl\":\"https:\/\/mercatfrutal.com\/wp-content\/uploads\/2024\/01\/LOGO-FRUTAL3.png\",\"width\":1024,\"height\":382,\"caption\":\"Mercat Frutal\"},\"image\":{\"@id\":\"https:\/\/mercatfrutal.com\/#\/schema\/logo\/image\/\"}}]}<\/script>\n<!-- \/ Yoast SEO plugin. -->","yoast_head_json":{"title":"Maracuy\u00e1 300g ECO - Mercat Frutal","robots":{"index":"index","follow":"follow","max-snippet":"max-snippet:-1","max-image-preview":"max-image-preview:large","max-video-preview":"max-video-preview:-1"},"canonical":"https:\/\/mercatfrutal.com\/en\/product\/maracuya-300g-eco\/","og_locale":"en_GB","og_type":"article","og_title":"Maracuy\u00e1 300g ECO - Mercat Frutal","og_description":"El maracuy\u00e1 ecol\u00f3gico destaca por su sabor intenso y ex\u00f3tico, con un equilibrio perfecto entre dulce y \u00e1cido. Su pulpa arom\u00e1tica y jugosa se obtiene de cultivos respetuosos con el medio ambiente, conservando toda su frescura y calidad nutricional. Propiedades y beneficios del Maracuy\u00e1 ECO Es rico en vitamina C y antioxidantes, que ayudan a reforzar el sistema inmunol\u00f3gico y a combatir el estr\u00e9s oxidativo. Aporta fibra, favoreciendo la digesti\u00f3n, y contiene compuestos naturales con efecto relajante. Usos del Maracuy\u00e1 ECO Ideal para consumir fresco, en zumos, batidos, postres y yogures. Tambi\u00e9n es perfecto para salsas, mermeladas o para dar un toque \u00e1cido y arom\u00e1tico a ensaladas y platos dulces.","og_url":"https:\/\/mercatfrutal.com\/en\/product\/maracuya-300g-eco\/","og_site_name":"Mercat Frutal","article_modified_time":"2026-04-14T13:36:07+00:00","og_image":[{"width":800,"height":800,"url":"https:\/\/mercatfrutal.com\/wp-content\/uploads\/2025\/09\/Maracuya-300g-ECO.webp","type":"image\/webp"}],"twitter_card":"summary_large_image","twitter_misc":{"Estimated reading time":"1 minute"},"schema":{"@context":"https:\/\/schema.org","@graph":[{"@type":"WebPage","@id":"https:\/\/mercatfrutal.com\/producto\/maracuya-300g-eco\/","url":"https:\/\/mercatfrutal.com\/producto\/maracuya-300g-eco\/","name":"Maracuy\u00e1 300g ECO - Mercat Frutal","isPartOf":{"@id":"https:\/\/mercatfrutal.com\/#website"},"primaryImageOfPage":{"@id":"https:\/\/mercatfrutal.com\/producto\/maracuya-300g-eco\/#primaryimage"},"image":{"@id":"https:\/\/mercatfrutal.com\/producto\/maracuya-300g-eco\/#primaryimage"},"thumbnailUrl":"https:\/\/mercatfrutal.com\/wp-content\/uploads\/2025\/09\/Maracuya-300g-ECO.webp","datePublished":"2026-02-09T11:30:32+00:00","dateModified":"2026-04-14T13:36:07+00:00","breadcrumb":{"@id":"https:\/\/mercatfrutal.com\/producto\/maracuya-300g-eco\/#breadcrumb"},"inLanguage":"en-GB","potentialAction":[{"@type":"ReadAction","target":["https:\/\/mercatfrutal.com\/producto\/maracuya-300g-eco\/"]}]},{"@type":"ImageObject","inLanguage":"en-GB","@id":"https:\/\/mercatfrutal.com\/producto\/maracuya-300g-eco\/#primaryimage","url":"https:\/\/mercatfrutal.com\/wp-content\/uploads\/2025\/09\/Maracuya-300g-ECO.webp","contentUrl":"https:\/\/mercatfrutal.com\/wp-content\/uploads\/2025\/09\/Maracuya-300g-ECO.webp","width":800,"height":800,"caption":"Maracuy\u00e1 ECO"},{"@type":"BreadcrumbList","@id":"https:\/\/mercatfrutal.com\/producto\/maracuya-300g-eco\/#breadcrumb","itemListElement":[{"@type":"ListItem","position":1,"name":"Portada","item":"https:\/\/mercatfrutal.com\/"},{"@type":"ListItem","position":2,"name":"Tienda","item":"https:\/\/mercatfrutal.com\/tienda\/"},{"@type":"ListItem","position":3,"name":"Maracuy\u00e1 300g ECO"}]},{"@type":"WebSite","@id":"https:\/\/mercatfrutal.com\/#website","url":"https:\/\/mercatfrutal.com\/","name":"Mercat Frutal","description":"","publisher":{"@id":"https:\/\/mercatfrutal.com\/#organization"},"alternateName":"Mercat Frutal","potentialAction":[{"@type":"SearchAction","target":{"@type":"EntryPoint","urlTemplate":"https:\/\/mercatfrutal.com\/?s={search_term_string}"},"query-input":{"@type":"PropertyValueSpecification","valueRequired":true,"valueName":"search_term_string"}}],"inLanguage":"en-GB"},{"@type":"Organization","@id":"https:\/\/mercatfrutal.com\/#organization","name":"Mercat Frutal","url":"https:\/\/mercatfrutal.com\/","logo":{"@type":"ImageObject","inLanguage":"en-GB","@id":"https:\/\/mercatfrutal.com\/#\/schema\/logo\/image\/","url":"https:\/\/mercatfrutal.com\/wp-content\/uploads\/2024\/01\/LOGO-FRUTAL3.png","contentUrl":"https:\/\/mercatfrutal.com\/wp-content\/uploads\/2024\/01\/LOGO-FRUTAL3.png","width":1024,"height":382,"caption":"Mercat Frutal"},"image":{"@id":"https:\/\/mercatfrutal.com\/#\/schema\/logo\/image\/"}}]}},"jetpack_sharing_enabled":true,"_links":{"self":[{"href":"https:\/\/mercatfrutal.com\/en\/wp-json\/wp\/v2\/product\/13425","targetHints":{"allow":["GET"]}}],"collection":[{"href":"https:\/\/mercatfrutal.com\/en\/wp-json\/wp\/v2\/product"}],"about":[{"href":"https:\/\/mercatfrutal.com\/en\/wp-json\/wp\/v2\/types\/product"}],"replies":[{"embeddable":true,"href":"https:\/\/mercatfrutal.com\/en\/wp-json\/wp\/v2\/comments?post=13425"}],"wp:featuredmedia":[{"embeddable":true,"href":"https:\/\/mercatfrutal.com\/en\/wp-json\/wp\/v2\/media\/9510"}],"wp:attachment":[{"href":"https:\/\/mercatfrutal.com\/en\/wp-json\/wp\/v2\/media?parent=13425"}],"wp:term":[{"taxonomy":"product_brand","embeddable":true,"href":"https:\/\/mercatfrutal.com\/en\/wp-json\/wp\/v2\/product_brand?post=13425"},{"taxonomy":"product_cat","embeddable":true,"href":"https:\/\/mercatfrutal.com\/en\/wp-json\/wp\/v2\/product_cat?post=13425"},{"taxonomy":"product_tag","embeddable":true,"href":"https:\/\/mercatfrutal.com\/en\/wp-json\/wp\/v2\/product_tag?post=13425"}],"curies":[{"name":"wp","href":"https:\/\/api.w.org\/{rel}","templated":true}]}}