{"id":432,"date":"2024-02-02T15:28:53","date_gmt":"2024-02-02T14:28:53","guid":{"rendered":"https:\/\/mercatfrutal.com\/producto\/kiwi-500g-eco\/"},"modified":"2026-04-02T13:45:03","modified_gmt":"2026-04-02T11:45:03","slug":"kiwi-500g-eco","status":"publish","type":"product","link":"https:\/\/mercatfrutal.com\/en\/product\/kiwi-500g-eco\/","title":{"rendered":"\/\u00a0Organic Kiwi 500g"},"content":{"rendered":"","protected":false},"excerpt":{"rendered":"<p>Organic kiwifruit stands out for its sweet taste with a hint of acid and its juicy, refreshing texture. Its vibrant flesh and high nutrient content make it a delicious and healthy choice for any time of the day.<\/p>\n<h2><strong>Properties and benefits of Organic Kiwi<\/strong><\/h2>\n<p>Kiwi is one of the fruits with the highest vitamin C content, strengthening the immune system and promoting collagen production for healthy skin. It contains antioxidants and minerals such as potassium, essential for the cardiovascular system and hydration of the body.<\/p>\n<h2><strong>Uses of Organic Kiwi<\/strong><\/h2>\n<p>Its versatility makes it perfect to consume fresh, in smoothies, fruit salads, yogurts or desserts. It can also be used in sauces, jams or sweet and savory combinations, providing an exotic and refreshing touch.<\/p>","protected":false},"featured_media":9499,"comment_status":"open","ping_status":"closed","template":"","meta":{"content-type":""},"product_brand":[],"product_cat":[26],"product_tag":[],"class_list":{"0":"post-432","1":"product","2":"type-product","3":"status-publish","4":"has-post-thumbnail","6":"product_cat-frutas","7":"has-subscription-plans","9":"first","10":"instock","11":"taxable","12":"shipping-taxable","13":"purchasable","14":"product-type-simple"},"bundled_by":["7987","8597"],"bundle_stock_status":"instock","bundle_stock_quantity":null,"bundle_virtual":false,"bundle_layout":"","bundle_add_to_cart_form_location":"","bundle_editable_in_cart":false,"bundle_sold_individually_context":"","bundle_item_grouping":"","bundle_min_size":"","bundle_max_size":"","bundle_price":[],"bundled_items":[],"bundle_sell_ids":[],"yoast_head":"<!-- This site is optimized with the Yoast SEO plugin v27.2 - https:\/\/yoast.com\/product\/yoast-seo-wordpress\/ -->\n<title>Kiwi 500g ECO - Mercat Frutal<\/title>\n<meta name=\"robots\" content=\"index, follow, max-snippet:-1, max-image-preview:large, max-video-preview:-1\" \/>\n<link rel=\"canonical\" href=\"https:\/\/mercatfrutal.com\/en\/product\/kiwi-500g-eco\/\" \/>\n<meta property=\"og:locale\" content=\"en_GB\" \/>\n<meta property=\"og:type\" content=\"article\" \/>\n<meta property=\"og:title\" content=\"Kiwi 500g ECO - Mercat Frutal\" \/>\n<meta property=\"og:description\" content=\"El kiwi ecol\u00f3gico destaca por su sabor dulce con un toque \u00e1cido y su textura jugosa y refrescante. Su pulpa vibrante y su alto contenido en nutrientes lo convierten en una opci\u00f3n deliciosa y saludable para cualquier momento del d\u00eda. Propiedades y beneficios del Kiwi ECO El kiwi es una de las frutas con mayor contenido en vitamina C, fortaleciendo el sistema inmunol\u00f3gico y favoreciendo la producci\u00f3n de col\u00e1geno para una piel saludable. Contiene antioxidantes y minerales como el potasio, esenciales para el sistema cardiovascular y la hidrataci\u00f3n del organismo. Usos del Kiwi ECO Su versatilidad lo hace perfecto para consumir fresco, en batidos, ensaladas de frutas, yogures o postres. Tambi\u00e9n se puede utilizar en salsas, mermeladas o combinaciones dulces y saladas, aportando un toque ex\u00f3tico y refrescante.\" \/>\n<meta property=\"og:url\" content=\"https:\/\/mercatfrutal.com\/en\/product\/kiwi-500g-eco\/\" \/>\n<meta property=\"og:site_name\" content=\"Mercat Frutal\" \/>\n<meta property=\"article:modified_time\" content=\"2026-04-02T11:45:03+00:00\" \/>\n<meta property=\"og:image\" content=\"https:\/\/mercatfrutal.com\/wp-content\/uploads\/2025\/09\/Kiwi-500g-ECO.webp\" \/>\n\t<meta property=\"og:image:width\" content=\"800\" \/>\n\t<meta property=\"og:image:height\" content=\"800\" \/>\n\t<meta property=\"og:image:type\" content=\"image\/webp\" \/>\n<meta name=\"twitter:card\" content=\"summary_large_image\" \/>\n<meta name=\"twitter:label1\" content=\"Estimated reading time\" \/>\n\t<meta name=\"twitter:data1\" content=\"1 minute\" \/>\n<script type=\"application\/ld+json\" class=\"yoast-schema-graph\">{\"@context\":\"https:\/\/schema.org\",\"@graph\":[{\"@type\":\"WebPage\",\"@id\":\"https:\/\/mercatfrutal.com\/producto\/kiwi-500g-eco\/\",\"url\":\"https:\/\/mercatfrutal.com\/producto\/kiwi-500g-eco\/\",\"name\":\"Kiwi 500g ECO - Mercat Frutal\",\"isPartOf\":{\"@id\":\"https:\/\/mercatfrutal.com\/#website\"},\"primaryImageOfPage\":{\"@id\":\"https:\/\/mercatfrutal.com\/producto\/kiwi-500g-eco\/#primaryimage\"},\"image\":{\"@id\":\"https:\/\/mercatfrutal.com\/producto\/kiwi-500g-eco\/#primaryimage\"},\"thumbnailUrl\":\"https:\/\/mercatfrutal.com\/wp-content\/uploads\/2025\/09\/Kiwi-500g-ECO.webp\",\"datePublished\":\"2024-02-02T14:28:53+00:00\",\"dateModified\":\"2026-04-02T11:45:03+00:00\",\"breadcrumb\":{\"@id\":\"https:\/\/mercatfrutal.com\/producto\/kiwi-500g-eco\/#breadcrumb\"},\"inLanguage\":\"en-GB\",\"potentialAction\":[{\"@type\":\"ReadAction\",\"target\":[\"https:\/\/mercatfrutal.com\/producto\/kiwi-500g-eco\/\"]}]},{\"@type\":\"ImageObject\",\"inLanguage\":\"en-GB\",\"@id\":\"https:\/\/mercatfrutal.com\/producto\/kiwi-500g-eco\/#primaryimage\",\"url\":\"https:\/\/mercatfrutal.com\/wp-content\/uploads\/2025\/09\/Kiwi-500g-ECO.webp\",\"contentUrl\":\"https:\/\/mercatfrutal.com\/wp-content\/uploads\/2025\/09\/Kiwi-500g-ECO.webp\",\"width\":800,\"height\":800,\"caption\":\"Kiwi 500g ECO\"},{\"@type\":\"BreadcrumbList\",\"@id\":\"https:\/\/mercatfrutal.com\/producto\/kiwi-500g-eco\/#breadcrumb\",\"itemListElement\":[{\"@type\":\"ListItem\",\"position\":1,\"name\":\"Portada\",\"item\":\"https:\/\/mercatfrutal.com\/\"},{\"@type\":\"ListItem\",\"position\":2,\"name\":\"Tienda\",\"item\":\"https:\/\/mercatfrutal.com\/tienda\/\"},{\"@type\":\"ListItem\",\"position\":3,\"name\":\"Kiwi 500g ECO\"}]},{\"@type\":\"WebSite\",\"@id\":\"https:\/\/mercatfrutal.com\/#website\",\"url\":\"https:\/\/mercatfrutal.com\/\",\"name\":\"Mercat Frutal\",\"description\":\"\",\"publisher\":{\"@id\":\"https:\/\/mercatfrutal.com\/#organization\"},\"alternateName\":\"Mercat Frutal\",\"potentialAction\":[{\"@type\":\"SearchAction\",\"target\":{\"@type\":\"EntryPoint\",\"urlTemplate\":\"https:\/\/mercatfrutal.com\/?s={search_term_string}\"},\"query-input\":{\"@type\":\"PropertyValueSpecification\",\"valueRequired\":true,\"valueName\":\"search_term_string\"}}],\"inLanguage\":\"en-GB\"},{\"@type\":\"Organization\",\"@id\":\"https:\/\/mercatfrutal.com\/#organization\",\"name\":\"Mercat Frutal\",\"url\":\"https:\/\/mercatfrutal.com\/\",\"logo\":{\"@type\":\"ImageObject\",\"inLanguage\":\"en-GB\",\"@id\":\"https:\/\/mercatfrutal.com\/#\/schema\/logo\/image\/\",\"url\":\"https:\/\/mercatfrutal.com\/wp-content\/uploads\/2024\/01\/LOGO-FRUTAL3.png\",\"contentUrl\":\"https:\/\/mercatfrutal.com\/wp-content\/uploads\/2024\/01\/LOGO-FRUTAL3.png\",\"width\":1024,\"height\":382,\"caption\":\"Mercat Frutal\"},\"image\":{\"@id\":\"https:\/\/mercatfrutal.com\/#\/schema\/logo\/image\/\"}}]}<\/script>\n<!-- \/ Yoast SEO plugin. -->","yoast_head_json":{"title":"Kiwi 500g ECO - Mercat Frutal","robots":{"index":"index","follow":"follow","max-snippet":"max-snippet:-1","max-image-preview":"max-image-preview:large","max-video-preview":"max-video-preview:-1"},"canonical":"https:\/\/mercatfrutal.com\/en\/product\/kiwi-500g-eco\/","og_locale":"en_GB","og_type":"article","og_title":"Kiwi 500g ECO - Mercat Frutal","og_description":"El kiwi ecol\u00f3gico destaca por su sabor dulce con un toque \u00e1cido y su textura jugosa y refrescante. Su pulpa vibrante y su alto contenido en nutrientes lo convierten en una opci\u00f3n deliciosa y saludable para cualquier momento del d\u00eda. Propiedades y beneficios del Kiwi ECO El kiwi es una de las frutas con mayor contenido en vitamina C, fortaleciendo el sistema inmunol\u00f3gico y favoreciendo la producci\u00f3n de col\u00e1geno para una piel saludable. Contiene antioxidantes y minerales como el potasio, esenciales para el sistema cardiovascular y la hidrataci\u00f3n del organismo. Usos del Kiwi ECO Su versatilidad lo hace perfecto para consumir fresco, en batidos, ensaladas de frutas, yogures o postres. Tambi\u00e9n se puede utilizar en salsas, mermeladas o combinaciones dulces y saladas, aportando un toque ex\u00f3tico y refrescante.","og_url":"https:\/\/mercatfrutal.com\/en\/product\/kiwi-500g-eco\/","og_site_name":"Mercat Frutal","article_modified_time":"2026-04-02T11:45:03+00:00","og_image":[{"width":800,"height":800,"url":"https:\/\/mercatfrutal.com\/wp-content\/uploads\/2025\/09\/Kiwi-500g-ECO.webp","type":"image\/webp"}],"twitter_card":"summary_large_image","twitter_misc":{"Estimated reading time":"1 minute"},"schema":{"@context":"https:\/\/schema.org","@graph":[{"@type":"WebPage","@id":"https:\/\/mercatfrutal.com\/producto\/kiwi-500g-eco\/","url":"https:\/\/mercatfrutal.com\/producto\/kiwi-500g-eco\/","name":"Kiwi 500g ECO - Mercat Frutal","isPartOf":{"@id":"https:\/\/mercatfrutal.com\/#website"},"primaryImageOfPage":{"@id":"https:\/\/mercatfrutal.com\/producto\/kiwi-500g-eco\/#primaryimage"},"image":{"@id":"https:\/\/mercatfrutal.com\/producto\/kiwi-500g-eco\/#primaryimage"},"thumbnailUrl":"https:\/\/mercatfrutal.com\/wp-content\/uploads\/2025\/09\/Kiwi-500g-ECO.webp","datePublished":"2024-02-02T14:28:53+00:00","dateModified":"2026-04-02T11:45:03+00:00","breadcrumb":{"@id":"https:\/\/mercatfrutal.com\/producto\/kiwi-500g-eco\/#breadcrumb"},"inLanguage":"en-GB","potentialAction":[{"@type":"ReadAction","target":["https:\/\/mercatfrutal.com\/producto\/kiwi-500g-eco\/"]}]},{"@type":"ImageObject","inLanguage":"en-GB","@id":"https:\/\/mercatfrutal.com\/producto\/kiwi-500g-eco\/#primaryimage","url":"https:\/\/mercatfrutal.com\/wp-content\/uploads\/2025\/09\/Kiwi-500g-ECO.webp","contentUrl":"https:\/\/mercatfrutal.com\/wp-content\/uploads\/2025\/09\/Kiwi-500g-ECO.webp","width":800,"height":800,"caption":"Kiwi 500g ECO"},{"@type":"BreadcrumbList","@id":"https:\/\/mercatfrutal.com\/producto\/kiwi-500g-eco\/#breadcrumb","itemListElement":[{"@type":"ListItem","position":1,"name":"Portada","item":"https:\/\/mercatfrutal.com\/"},{"@type":"ListItem","position":2,"name":"Tienda","item":"https:\/\/mercatfrutal.com\/tienda\/"},{"@type":"ListItem","position":3,"name":"Kiwi 500g ECO"}]},{"@type":"WebSite","@id":"https:\/\/mercatfrutal.com\/#website","url":"https:\/\/mercatfrutal.com\/","name":"Mercat Frutal","description":"","publisher":{"@id":"https:\/\/mercatfrutal.com\/#organization"},"alternateName":"Mercat Frutal","potentialAction":[{"@type":"SearchAction","target":{"@type":"EntryPoint","urlTemplate":"https:\/\/mercatfrutal.com\/?s={search_term_string}"},"query-input":{"@type":"PropertyValueSpecification","valueRequired":true,"valueName":"search_term_string"}}],"inLanguage":"en-GB"},{"@type":"Organization","@id":"https:\/\/mercatfrutal.com\/#organization","name":"Mercat Frutal","url":"https:\/\/mercatfrutal.com\/","logo":{"@type":"ImageObject","inLanguage":"en-GB","@id":"https:\/\/mercatfrutal.com\/#\/schema\/logo\/image\/","url":"https:\/\/mercatfrutal.com\/wp-content\/uploads\/2024\/01\/LOGO-FRUTAL3.png","contentUrl":"https:\/\/mercatfrutal.com\/wp-content\/uploads\/2024\/01\/LOGO-FRUTAL3.png","width":1024,"height":382,"caption":"Mercat Frutal"},"image":{"@id":"https:\/\/mercatfrutal.com\/#\/schema\/logo\/image\/"}}]}},"jetpack_sharing_enabled":true,"_links":{"self":[{"href":"https:\/\/mercatfrutal.com\/en\/wp-json\/wp\/v2\/product\/432","targetHints":{"allow":["GET"]}}],"collection":[{"href":"https:\/\/mercatfrutal.com\/en\/wp-json\/wp\/v2\/product"}],"about":[{"href":"https:\/\/mercatfrutal.com\/en\/wp-json\/wp\/v2\/types\/product"}],"replies":[{"embeddable":true,"href":"https:\/\/mercatfrutal.com\/en\/wp-json\/wp\/v2\/comments?post=432"}],"wp:featuredmedia":[{"embeddable":true,"href":"https:\/\/mercatfrutal.com\/en\/wp-json\/wp\/v2\/media\/9499"}],"wp:attachment":[{"href":"https:\/\/mercatfrutal.com\/en\/wp-json\/wp\/v2\/media?parent=432"}],"wp:term":[{"taxonomy":"product_brand","embeddable":true,"href":"https:\/\/mercatfrutal.com\/en\/wp-json\/wp\/v2\/product_brand?post=432"},{"taxonomy":"product_cat","embeddable":true,"href":"https:\/\/mercatfrutal.com\/en\/wp-json\/wp\/v2\/product_cat?post=432"},{"taxonomy":"product_tag","embeddable":true,"href":"https:\/\/mercatfrutal.com\/en\/wp-json\/wp\/v2\/product_tag?post=432"}],"curies":[{"name":"wp","href":"https:\/\/api.w.org\/{rel}","templated":true}]}}