{"id":632,"date":"2024-02-07T16:11:30","date_gmt":"2024-02-07T15:11:30","guid":{"rendered":"https:\/\/mercatfrutal.com\/producto\/champinon-blanco-300g-eco\/"},"modified":"2026-03-20T13:31:52","modified_gmt":"2026-03-20T12:31:52","slug":"champinon-blanco-300g-eco","status":"publish","type":"product","link":"https:\/\/mercatfrutal.com\/en\/product\/champinon-blanco-300g-eco\/","title":{"rendered":"Organic White Mushroom 300g"},"content":{"rendered":"","protected":false},"excerpt":{"rendered":"<p data-start=\"129\" data-end=\"313\">Organic white mushrooms have a firm texture and mild flavor. Grown without chemicals or pesticides, they stand out for their versatility and natural purity.<\/p>\n<h2 data-start=\"315\" data-end=\"558\"><strong data-start=\"315\" data-end=\"368\">Properties and Benefits of Organic White Mushroom<\/strong><\/h2>\n<p data-start=\"315\" data-end=\"558\">Rich in plant-based proteins, fiber, B vitamins, and minerals like phosphorus and selenium. Supports immune function, bone health, and energy metabolism.<\/p>\n<h2 data-start=\"560\" data-end=\"744\"><strong data-start=\"560\" data-end=\"593\">Uses of Organic White Mushroom<\/strong><\/h2>\n<p data-start=\"560\" data-end=\"744\">Perfect for stir-fries, scrambled dishes, soups, stews, or grilled. Can also be eaten raw in salads for added flavor and texture.<\/p>","protected":false},"featured_media":9694,"comment_status":"open","ping_status":"closed","template":"","meta":{"content-type":""},"product_brand":[],"product_cat":[113],"product_tag":[],"class_list":{"0":"post-632","1":"product","2":"type-product","3":"status-publish","4":"has-post-thumbnail","6":"product_cat-setas","7":"has-subscription-plans","9":"first","10":"instock","11":"taxable","12":"shipping-taxable","13":"purchasable","14":"product-type-simple"},"bundled_by":[],"bundle_stock_status":"instock","bundle_stock_quantity":null,"bundle_virtual":false,"bundle_layout":"","bundle_add_to_cart_form_location":"","bundle_editable_in_cart":false,"bundle_sold_individually_context":"","bundle_item_grouping":"","bundle_min_size":"","bundle_max_size":"","bundle_price":[],"bundled_items":[],"bundle_sell_ids":[],"yoast_head":"<!-- This site is optimized with the Yoast SEO plugin v27.2 - https:\/\/yoast.com\/product\/yoast-seo-wordpress\/ -->\n<title>Champi\u00f1on Blanco 300g ECO - Mercat Frutal<\/title>\n<meta name=\"robots\" content=\"index, follow, max-snippet:-1, max-image-preview:large, max-video-preview:-1\" \/>\n<link rel=\"canonical\" href=\"https:\/\/mercatfrutal.com\/en\/product\/champinon-blanco-300g-eco\/\" \/>\n<meta property=\"og:locale\" content=\"en_GB\" \/>\n<meta property=\"og:type\" content=\"article\" \/>\n<meta property=\"og:title\" content=\"Champi\u00f1on Blanco 300g ECO - Mercat Frutal\" \/>\n<meta property=\"og:description\" content=\"El champi\u00f1\u00f3n blanco ecol\u00f3gico es un hongo de textura firme y sabor suave. Cultivado sin qu\u00edmicos ni pesticidas, destaca por su versatilidad y pureza natural.  Propiedades y beneficios del Champi\u00f1\u00f3n Blanco ECO Rico en prote\u00ednas vegetales, fibra, vitamina B y minerales como el f\u00f3sforo y el selenio. Contribuye al fortalecimiento del sistema inmunol\u00f3gico, la salud \u00f3sea y el metabolismo energ\u00e9tico.  Usos del Champi\u00f1\u00f3n Blanco ECO Ideal para salteados, revueltos, sopas, guisos o a la plancha. Tambi\u00e9n se puede consumir crudo en ensaladas para un aporte extra de sabor y textura.\" \/>\n<meta property=\"og:url\" content=\"https:\/\/mercatfrutal.com\/en\/product\/champinon-blanco-300g-eco\/\" \/>\n<meta property=\"og:site_name\" content=\"Mercat Frutal\" \/>\n<meta property=\"article:modified_time\" content=\"2026-03-20T12:31:52+00:00\" \/>\n<meta property=\"og:image\" content=\"https:\/\/mercatfrutal.com\/wp-content\/uploads\/2025\/09\/Champinon-Blanco-300g-ECO.webp\" \/>\n\t<meta property=\"og:image:width\" content=\"800\" \/>\n\t<meta property=\"og:image:height\" content=\"800\" \/>\n\t<meta property=\"og:image:type\" content=\"image\/webp\" \/>\n<meta name=\"twitter:card\" content=\"summary_large_image\" \/>\n<meta name=\"twitter:label1\" content=\"Estimated reading time\" \/>\n\t<meta name=\"twitter:data1\" content=\"1 minute\" \/>\n<script type=\"application\/ld+json\" class=\"yoast-schema-graph\">{\"@context\":\"https:\/\/schema.org\",\"@graph\":[{\"@type\":\"WebPage\",\"@id\":\"https:\/\/mercatfrutal.com\/producto\/champinon-blanco-300g-eco\/\",\"url\":\"https:\/\/mercatfrutal.com\/producto\/champinon-blanco-300g-eco\/\",\"name\":\"Champi\u00f1on Blanco 300g ECO - Mercat Frutal\",\"isPartOf\":{\"@id\":\"https:\/\/mercatfrutal.com\/#website\"},\"primaryImageOfPage\":{\"@id\":\"https:\/\/mercatfrutal.com\/producto\/champinon-blanco-300g-eco\/#primaryimage\"},\"image\":{\"@id\":\"https:\/\/mercatfrutal.com\/producto\/champinon-blanco-300g-eco\/#primaryimage\"},\"thumbnailUrl\":\"https:\/\/mercatfrutal.com\/wp-content\/uploads\/2025\/09\/Champinon-Blanco-300g-ECO.webp\",\"datePublished\":\"2024-02-07T15:11:30+00:00\",\"dateModified\":\"2026-03-20T12:31:52+00:00\",\"breadcrumb\":{\"@id\":\"https:\/\/mercatfrutal.com\/producto\/champinon-blanco-300g-eco\/#breadcrumb\"},\"inLanguage\":\"en-GB\",\"potentialAction\":[{\"@type\":\"ReadAction\",\"target\":[\"https:\/\/mercatfrutal.com\/producto\/champinon-blanco-300g-eco\/\"]}]},{\"@type\":\"ImageObject\",\"inLanguage\":\"en-GB\",\"@id\":\"https:\/\/mercatfrutal.com\/producto\/champinon-blanco-300g-eco\/#primaryimage\",\"url\":\"https:\/\/mercatfrutal.com\/wp-content\/uploads\/2025\/09\/Champinon-Blanco-300g-ECO.webp\",\"contentUrl\":\"https:\/\/mercatfrutal.com\/wp-content\/uploads\/2025\/09\/Champinon-Blanco-300g-ECO.webp\",\"width\":800,\"height\":800,\"caption\":\"Champi\u00f1on Blanco 300g ECO\"},{\"@type\":\"BreadcrumbList\",\"@id\":\"https:\/\/mercatfrutal.com\/producto\/champinon-blanco-300g-eco\/#breadcrumb\",\"itemListElement\":[{\"@type\":\"ListItem\",\"position\":1,\"name\":\"Portada\",\"item\":\"https:\/\/mercatfrutal.com\/\"},{\"@type\":\"ListItem\",\"position\":2,\"name\":\"Tienda\",\"item\":\"https:\/\/mercatfrutal.com\/tienda\/\"},{\"@type\":\"ListItem\",\"position\":3,\"name\":\"Champi\u00f1on Blanco 300g ECO\"}]},{\"@type\":\"WebSite\",\"@id\":\"https:\/\/mercatfrutal.com\/#website\",\"url\":\"https:\/\/mercatfrutal.com\/\",\"name\":\"Mercat Frutal\",\"description\":\"\",\"publisher\":{\"@id\":\"https:\/\/mercatfrutal.com\/#organization\"},\"alternateName\":\"Mercat Frutal\",\"potentialAction\":[{\"@type\":\"SearchAction\",\"target\":{\"@type\":\"EntryPoint\",\"urlTemplate\":\"https:\/\/mercatfrutal.com\/?s={search_term_string}\"},\"query-input\":{\"@type\":\"PropertyValueSpecification\",\"valueRequired\":true,\"valueName\":\"search_term_string\"}}],\"inLanguage\":\"en-GB\"},{\"@type\":\"Organization\",\"@id\":\"https:\/\/mercatfrutal.com\/#organization\",\"name\":\"Mercat Frutal\",\"url\":\"https:\/\/mercatfrutal.com\/\",\"logo\":{\"@type\":\"ImageObject\",\"inLanguage\":\"en-GB\",\"@id\":\"https:\/\/mercatfrutal.com\/#\/schema\/logo\/image\/\",\"url\":\"https:\/\/mercatfrutal.com\/wp-content\/uploads\/2024\/01\/LOGO-FRUTAL3.png\",\"contentUrl\":\"https:\/\/mercatfrutal.com\/wp-content\/uploads\/2024\/01\/LOGO-FRUTAL3.png\",\"width\":1024,\"height\":382,\"caption\":\"Mercat Frutal\"},\"image\":{\"@id\":\"https:\/\/mercatfrutal.com\/#\/schema\/logo\/image\/\"}}]}<\/script>\n<!-- \/ Yoast SEO plugin. -->","yoast_head_json":{"title":"Champi\u00f1on Blanco 300g ECO - Mercat Frutal","robots":{"index":"index","follow":"follow","max-snippet":"max-snippet:-1","max-image-preview":"max-image-preview:large","max-video-preview":"max-video-preview:-1"},"canonical":"https:\/\/mercatfrutal.com\/en\/product\/champinon-blanco-300g-eco\/","og_locale":"en_GB","og_type":"article","og_title":"Champi\u00f1on Blanco 300g ECO - Mercat Frutal","og_description":"El champi\u00f1\u00f3n blanco ecol\u00f3gico es un hongo de textura firme y sabor suave. Cultivado sin qu\u00edmicos ni pesticidas, destaca por su versatilidad y pureza natural.  Propiedades y beneficios del Champi\u00f1\u00f3n Blanco ECO Rico en prote\u00ednas vegetales, fibra, vitamina B y minerales como el f\u00f3sforo y el selenio. Contribuye al fortalecimiento del sistema inmunol\u00f3gico, la salud \u00f3sea y el metabolismo energ\u00e9tico.  Usos del Champi\u00f1\u00f3n Blanco ECO Ideal para salteados, revueltos, sopas, guisos o a la plancha. Tambi\u00e9n se puede consumir crudo en ensaladas para un aporte extra de sabor y textura.","og_url":"https:\/\/mercatfrutal.com\/en\/product\/champinon-blanco-300g-eco\/","og_site_name":"Mercat Frutal","article_modified_time":"2026-03-20T12:31:52+00:00","og_image":[{"width":800,"height":800,"url":"https:\/\/mercatfrutal.com\/wp-content\/uploads\/2025\/09\/Champinon-Blanco-300g-ECO.webp","type":"image\/webp"}],"twitter_card":"summary_large_image","twitter_misc":{"Estimated reading time":"1 minute"},"schema":{"@context":"https:\/\/schema.org","@graph":[{"@type":"WebPage","@id":"https:\/\/mercatfrutal.com\/producto\/champinon-blanco-300g-eco\/","url":"https:\/\/mercatfrutal.com\/producto\/champinon-blanco-300g-eco\/","name":"Champi\u00f1on Blanco 300g ECO - Mercat Frutal","isPartOf":{"@id":"https:\/\/mercatfrutal.com\/#website"},"primaryImageOfPage":{"@id":"https:\/\/mercatfrutal.com\/producto\/champinon-blanco-300g-eco\/#primaryimage"},"image":{"@id":"https:\/\/mercatfrutal.com\/producto\/champinon-blanco-300g-eco\/#primaryimage"},"thumbnailUrl":"https:\/\/mercatfrutal.com\/wp-content\/uploads\/2025\/09\/Champinon-Blanco-300g-ECO.webp","datePublished":"2024-02-07T15:11:30+00:00","dateModified":"2026-03-20T12:31:52+00:00","breadcrumb":{"@id":"https:\/\/mercatfrutal.com\/producto\/champinon-blanco-300g-eco\/#breadcrumb"},"inLanguage":"en-GB","potentialAction":[{"@type":"ReadAction","target":["https:\/\/mercatfrutal.com\/producto\/champinon-blanco-300g-eco\/"]}]},{"@type":"ImageObject","inLanguage":"en-GB","@id":"https:\/\/mercatfrutal.com\/producto\/champinon-blanco-300g-eco\/#primaryimage","url":"https:\/\/mercatfrutal.com\/wp-content\/uploads\/2025\/09\/Champinon-Blanco-300g-ECO.webp","contentUrl":"https:\/\/mercatfrutal.com\/wp-content\/uploads\/2025\/09\/Champinon-Blanco-300g-ECO.webp","width":800,"height":800,"caption":"Champi\u00f1on Blanco 300g ECO"},{"@type":"BreadcrumbList","@id":"https:\/\/mercatfrutal.com\/producto\/champinon-blanco-300g-eco\/#breadcrumb","itemListElement":[{"@type":"ListItem","position":1,"name":"Portada","item":"https:\/\/mercatfrutal.com\/"},{"@type":"ListItem","position":2,"name":"Tienda","item":"https:\/\/mercatfrutal.com\/tienda\/"},{"@type":"ListItem","position":3,"name":"Champi\u00f1on Blanco 300g ECO"}]},{"@type":"WebSite","@id":"https:\/\/mercatfrutal.com\/#website","url":"https:\/\/mercatfrutal.com\/","name":"Mercat Frutal","description":"","publisher":{"@id":"https:\/\/mercatfrutal.com\/#organization"},"alternateName":"Mercat Frutal","potentialAction":[{"@type":"SearchAction","target":{"@type":"EntryPoint","urlTemplate":"https:\/\/mercatfrutal.com\/?s={search_term_string}"},"query-input":{"@type":"PropertyValueSpecification","valueRequired":true,"valueName":"search_term_string"}}],"inLanguage":"en-GB"},{"@type":"Organization","@id":"https:\/\/mercatfrutal.com\/#organization","name":"Mercat Frutal","url":"https:\/\/mercatfrutal.com\/","logo":{"@type":"ImageObject","inLanguage":"en-GB","@id":"https:\/\/mercatfrutal.com\/#\/schema\/logo\/image\/","url":"https:\/\/mercatfrutal.com\/wp-content\/uploads\/2024\/01\/LOGO-FRUTAL3.png","contentUrl":"https:\/\/mercatfrutal.com\/wp-content\/uploads\/2024\/01\/LOGO-FRUTAL3.png","width":1024,"height":382,"caption":"Mercat Frutal"},"image":{"@id":"https:\/\/mercatfrutal.com\/#\/schema\/logo\/image\/"}}]}},"jetpack_sharing_enabled":true,"_links":{"self":[{"href":"https:\/\/mercatfrutal.com\/en\/wp-json\/wp\/v2\/product\/632","targetHints":{"allow":["GET"]}}],"collection":[{"href":"https:\/\/mercatfrutal.com\/en\/wp-json\/wp\/v2\/product"}],"about":[{"href":"https:\/\/mercatfrutal.com\/en\/wp-json\/wp\/v2\/types\/product"}],"replies":[{"embeddable":true,"href":"https:\/\/mercatfrutal.com\/en\/wp-json\/wp\/v2\/comments?post=632"}],"wp:featuredmedia":[{"embeddable":true,"href":"https:\/\/mercatfrutal.com\/en\/wp-json\/wp\/v2\/media\/9694"}],"wp:attachment":[{"href":"https:\/\/mercatfrutal.com\/en\/wp-json\/wp\/v2\/media?parent=632"}],"wp:term":[{"taxonomy":"product_brand","embeddable":true,"href":"https:\/\/mercatfrutal.com\/en\/wp-json\/wp\/v2\/product_brand?post=632"},{"taxonomy":"product_cat","embeddable":true,"href":"https:\/\/mercatfrutal.com\/en\/wp-json\/wp\/v2\/product_cat?post=632"},{"taxonomy":"product_tag","embeddable":true,"href":"https:\/\/mercatfrutal.com\/en\/wp-json\/wp\/v2\/product_tag?post=632"}],"curies":[{"name":"wp","href":"https:\/\/api.w.org\/{rel}","templated":true}]}}