{"id":6514,"date":"2024-12-18T20:13:38","date_gmt":"2024-12-18T18:13:38","guid":{"rendered":"https:\/\/mercatfrutal.com\/?post_type=product&#038;p=6514"},"modified":"2026-02-04T11:46:28","modified_gmt":"2026-02-04T09:46:28","slug":"vino-negro-els-nanos-2023","status":"publish","type":"product","link":"https:\/\/mercatfrutal.com\/en\/product\/vino-negro-els-nanos-2023\/","title":{"rendered":"Organic Els Nanos Red Wine 2023"},"content":{"rendered":"","protected":false},"excerpt":{"rendered":"<p class=\"translation-block\">Organic Els Nanos Red Wine 2023 is a young, vibrant, and versatile red wine.<\/p>\n<h2><b>Main benefits of Organic Els Nanos Red Wine 2023<\/b><\/h2>\n<p class=\"translation-block\">Made with minimal intervention, Organic Els Nanos Red Wine offers a natural and authentic profile.<\/p>\n<h2><b>Characteristics and Flavor<\/b><\/h2>\n<p><span style=\"font-weight: 400\">With a smooth texture and fruity flavor with spicy touches, it is ideal for those who enjoy easy and tasty reds.<\/span><\/p>\n<h2><b>Ways to consume<\/b><\/h2>\n<p class=\"translation-block\">Organic Els Nanos Red Wine can be enjoyed alone, with tapas, cured meats, or pasta dishes.<\/p>","protected":false},"featured_media":9997,"comment_status":"open","ping_status":"closed","template":"","meta":{"content-type":""},"product_brand":[],"product_cat":[257],"product_tag":[],"class_list":{"0":"post-6514","1":"product","2":"type-product","3":"status-publish","4":"has-post-thumbnail","6":"product_cat-vinos","7":"has-subscription-plans","9":"first","10":"instock","11":"taxable","12":"shipping-taxable","13":"purchasable","14":"product-type-simple"},"bundled_by":[],"bundle_stock_status":"instock","bundle_stock_quantity":36,"bundle_virtual":false,"bundle_layout":"","bundle_add_to_cart_form_location":"","bundle_editable_in_cart":false,"bundle_sold_individually_context":"","bundle_item_grouping":"","bundle_min_size":"","bundle_max_size":"","bundle_price":[],"bundled_items":[],"bundle_sell_ids":[],"yoast_head":"<!-- This site is optimized with the Yoast SEO plugin v27.2 - https:\/\/yoast.com\/product\/yoast-seo-wordpress\/ -->\n<title>Vino Negro Els Nanos 2023 - Mercat Frutal<\/title>\n<meta name=\"robots\" content=\"index, follow, max-snippet:-1, max-image-preview:large, max-video-preview:-1\" \/>\n<link rel=\"canonical\" href=\"https:\/\/mercatfrutal.com\/en\/product\/vino-negro-els-nanos-2023\/\" \/>\n<meta property=\"og:locale\" content=\"en_GB\" \/>\n<meta property=\"og:type\" content=\"article\" \/>\n<meta property=\"og:title\" content=\"Vino Negro Els Nanos 2023 - Mercat Frutal\" \/>\n<meta property=\"og:description\" content=\"Vino Negro Els Nanos 2023 es un vino tinto joven, vibrante y vers\u00e1til. Beneficios principales Vino Negro Els Nanos 2023 Elaborado con m\u00ednima intervenci\u00f3n, el Vino Negro Els Nanos ofrece un perfil natural y aut\u00e9ntico. Caracter\u00edsticas y sabor De textura suave y sabor frutal con toques especiados, es ideal para quienes disfrutan de tintos f\u00e1ciles y sabrosos. Formas de consumo El Vino Negro Els Nanos se puede disfrutar solo, con tapas, embutidos o platos de pasta.\" \/>\n<meta property=\"og:url\" content=\"https:\/\/mercatfrutal.com\/en\/product\/vino-negro-els-nanos-2023\/\" \/>\n<meta property=\"og:site_name\" content=\"Mercat Frutal\" \/>\n<meta property=\"article:modified_time\" content=\"2026-02-04T09:46:28+00:00\" \/>\n<meta property=\"og:image\" content=\"https:\/\/mercatfrutal.com\/wp-content\/uploads\/2025\/09\/Els-Nanos-Negre.webp\" \/>\n\t<meta property=\"og:image:width\" content=\"750\" \/>\n\t<meta property=\"og:image:height\" content=\"1000\" \/>\n\t<meta property=\"og:image:type\" content=\"image\/webp\" \/>\n<meta name=\"twitter:card\" content=\"summary_large_image\" \/>\n<meta name=\"twitter:label1\" content=\"Estimated reading time\" \/>\n\t<meta name=\"twitter:data1\" content=\"1 minute\" \/>\n<script type=\"application\/ld+json\" class=\"yoast-schema-graph\">{\"@context\":\"https:\/\/schema.org\",\"@graph\":[{\"@type\":\"WebPage\",\"@id\":\"https:\/\/mercatfrutal.com\/producto\/vino-negro-els-nanos-2023\/\",\"url\":\"https:\/\/mercatfrutal.com\/producto\/vino-negro-els-nanos-2023\/\",\"name\":\"Vino Negro Els Nanos 2023 - Mercat Frutal\",\"isPartOf\":{\"@id\":\"https:\/\/mercatfrutal.com\/#website\"},\"primaryImageOfPage\":{\"@id\":\"https:\/\/mercatfrutal.com\/producto\/vino-negro-els-nanos-2023\/#primaryimage\"},\"image\":{\"@id\":\"https:\/\/mercatfrutal.com\/producto\/vino-negro-els-nanos-2023\/#primaryimage\"},\"thumbnailUrl\":\"https:\/\/mercatfrutal.com\/wp-content\/uploads\/2025\/09\/Els-Nanos-Negre.webp\",\"datePublished\":\"2024-12-18T18:13:38+00:00\",\"dateModified\":\"2026-02-04T09:46:28+00:00\",\"breadcrumb\":{\"@id\":\"https:\/\/mercatfrutal.com\/producto\/vino-negro-els-nanos-2023\/#breadcrumb\"},\"inLanguage\":\"en-GB\",\"potentialAction\":[{\"@type\":\"ReadAction\",\"target\":[\"https:\/\/mercatfrutal.com\/producto\/vino-negro-els-nanos-2023\/\"]}]},{\"@type\":\"ImageObject\",\"inLanguage\":\"en-GB\",\"@id\":\"https:\/\/mercatfrutal.com\/producto\/vino-negro-els-nanos-2023\/#primaryimage\",\"url\":\"https:\/\/mercatfrutal.com\/wp-content\/uploads\/2025\/09\/Els-Nanos-Negre.webp\",\"contentUrl\":\"https:\/\/mercatfrutal.com\/wp-content\/uploads\/2025\/09\/Els-Nanos-Negre.webp\",\"width\":750,\"height\":1000,\"caption\":\"Vino Negro Els Nanos 2023\"},{\"@type\":\"BreadcrumbList\",\"@id\":\"https:\/\/mercatfrutal.com\/producto\/vino-negro-els-nanos-2023\/#breadcrumb\",\"itemListElement\":[{\"@type\":\"ListItem\",\"position\":1,\"name\":\"Portada\",\"item\":\"https:\/\/mercatfrutal.com\/\"},{\"@type\":\"ListItem\",\"position\":2,\"name\":\"Tienda\",\"item\":\"https:\/\/mercatfrutal.com\/tienda\/\"},{\"@type\":\"ListItem\",\"position\":3,\"name\":\"Vino Negro Els Nanos 2023\"}]},{\"@type\":\"WebSite\",\"@id\":\"https:\/\/mercatfrutal.com\/#website\",\"url\":\"https:\/\/mercatfrutal.com\/\",\"name\":\"Mercat Frutal\",\"description\":\"\",\"publisher\":{\"@id\":\"https:\/\/mercatfrutal.com\/#organization\"},\"alternateName\":\"Mercat Frutal\",\"potentialAction\":[{\"@type\":\"SearchAction\",\"target\":{\"@type\":\"EntryPoint\",\"urlTemplate\":\"https:\/\/mercatfrutal.com\/?s={search_term_string}\"},\"query-input\":{\"@type\":\"PropertyValueSpecification\",\"valueRequired\":true,\"valueName\":\"search_term_string\"}}],\"inLanguage\":\"en-GB\"},{\"@type\":\"Organization\",\"@id\":\"https:\/\/mercatfrutal.com\/#organization\",\"name\":\"Mercat Frutal\",\"url\":\"https:\/\/mercatfrutal.com\/\",\"logo\":{\"@type\":\"ImageObject\",\"inLanguage\":\"en-GB\",\"@id\":\"https:\/\/mercatfrutal.com\/#\/schema\/logo\/image\/\",\"url\":\"https:\/\/mercatfrutal.com\/wp-content\/uploads\/2024\/01\/LOGO-FRUTAL3.png\",\"contentUrl\":\"https:\/\/mercatfrutal.com\/wp-content\/uploads\/2024\/01\/LOGO-FRUTAL3.png\",\"width\":1024,\"height\":382,\"caption\":\"Mercat Frutal\"},\"image\":{\"@id\":\"https:\/\/mercatfrutal.com\/#\/schema\/logo\/image\/\"}}]}<\/script>\n<!-- \/ Yoast SEO plugin. -->","yoast_head_json":{"title":"Vino Negro Els Nanos 2023 - Mercat Frutal","robots":{"index":"index","follow":"follow","max-snippet":"max-snippet:-1","max-image-preview":"max-image-preview:large","max-video-preview":"max-video-preview:-1"},"canonical":"https:\/\/mercatfrutal.com\/en\/product\/vino-negro-els-nanos-2023\/","og_locale":"en_GB","og_type":"article","og_title":"Vino Negro Els Nanos 2023 - Mercat Frutal","og_description":"Vino Negro Els Nanos 2023 es un vino tinto joven, vibrante y vers\u00e1til. Beneficios principales Vino Negro Els Nanos 2023 Elaborado con m\u00ednima intervenci\u00f3n, el Vino Negro Els Nanos ofrece un perfil natural y aut\u00e9ntico. Caracter\u00edsticas y sabor De textura suave y sabor frutal con toques especiados, es ideal para quienes disfrutan de tintos f\u00e1ciles y sabrosos. Formas de consumo El Vino Negro Els Nanos se puede disfrutar solo, con tapas, embutidos o platos de pasta.","og_url":"https:\/\/mercatfrutal.com\/en\/product\/vino-negro-els-nanos-2023\/","og_site_name":"Mercat Frutal","article_modified_time":"2026-02-04T09:46:28+00:00","og_image":[{"width":750,"height":1000,"url":"https:\/\/mercatfrutal.com\/wp-content\/uploads\/2025\/09\/Els-Nanos-Negre.webp","type":"image\/webp"}],"twitter_card":"summary_large_image","twitter_misc":{"Estimated reading time":"1 minute"},"schema":{"@context":"https:\/\/schema.org","@graph":[{"@type":"WebPage","@id":"https:\/\/mercatfrutal.com\/producto\/vino-negro-els-nanos-2023\/","url":"https:\/\/mercatfrutal.com\/producto\/vino-negro-els-nanos-2023\/","name":"Vino Negro Els Nanos 2023 - Mercat Frutal","isPartOf":{"@id":"https:\/\/mercatfrutal.com\/#website"},"primaryImageOfPage":{"@id":"https:\/\/mercatfrutal.com\/producto\/vino-negro-els-nanos-2023\/#primaryimage"},"image":{"@id":"https:\/\/mercatfrutal.com\/producto\/vino-negro-els-nanos-2023\/#primaryimage"},"thumbnailUrl":"https:\/\/mercatfrutal.com\/wp-content\/uploads\/2025\/09\/Els-Nanos-Negre.webp","datePublished":"2024-12-18T18:13:38+00:00","dateModified":"2026-02-04T09:46:28+00:00","breadcrumb":{"@id":"https:\/\/mercatfrutal.com\/producto\/vino-negro-els-nanos-2023\/#breadcrumb"},"inLanguage":"en-GB","potentialAction":[{"@type":"ReadAction","target":["https:\/\/mercatfrutal.com\/producto\/vino-negro-els-nanos-2023\/"]}]},{"@type":"ImageObject","inLanguage":"en-GB","@id":"https:\/\/mercatfrutal.com\/producto\/vino-negro-els-nanos-2023\/#primaryimage","url":"https:\/\/mercatfrutal.com\/wp-content\/uploads\/2025\/09\/Els-Nanos-Negre.webp","contentUrl":"https:\/\/mercatfrutal.com\/wp-content\/uploads\/2025\/09\/Els-Nanos-Negre.webp","width":750,"height":1000,"caption":"Vino Negro Els Nanos 2023"},{"@type":"BreadcrumbList","@id":"https:\/\/mercatfrutal.com\/producto\/vino-negro-els-nanos-2023\/#breadcrumb","itemListElement":[{"@type":"ListItem","position":1,"name":"Portada","item":"https:\/\/mercatfrutal.com\/"},{"@type":"ListItem","position":2,"name":"Tienda","item":"https:\/\/mercatfrutal.com\/tienda\/"},{"@type":"ListItem","position":3,"name":"Vino Negro Els Nanos 2023"}]},{"@type":"WebSite","@id":"https:\/\/mercatfrutal.com\/#website","url":"https:\/\/mercatfrutal.com\/","name":"Mercat Frutal","description":"","publisher":{"@id":"https:\/\/mercatfrutal.com\/#organization"},"alternateName":"Mercat Frutal","potentialAction":[{"@type":"SearchAction","target":{"@type":"EntryPoint","urlTemplate":"https:\/\/mercatfrutal.com\/?s={search_term_string}"},"query-input":{"@type":"PropertyValueSpecification","valueRequired":true,"valueName":"search_term_string"}}],"inLanguage":"en-GB"},{"@type":"Organization","@id":"https:\/\/mercatfrutal.com\/#organization","name":"Mercat Frutal","url":"https:\/\/mercatfrutal.com\/","logo":{"@type":"ImageObject","inLanguage":"en-GB","@id":"https:\/\/mercatfrutal.com\/#\/schema\/logo\/image\/","url":"https:\/\/mercatfrutal.com\/wp-content\/uploads\/2024\/01\/LOGO-FRUTAL3.png","contentUrl":"https:\/\/mercatfrutal.com\/wp-content\/uploads\/2024\/01\/LOGO-FRUTAL3.png","width":1024,"height":382,"caption":"Mercat Frutal"},"image":{"@id":"https:\/\/mercatfrutal.com\/#\/schema\/logo\/image\/"}}]}},"jetpack_sharing_enabled":true,"_links":{"self":[{"href":"https:\/\/mercatfrutal.com\/en\/wp-json\/wp\/v2\/product\/6514","targetHints":{"allow":["GET"]}}],"collection":[{"href":"https:\/\/mercatfrutal.com\/en\/wp-json\/wp\/v2\/product"}],"about":[{"href":"https:\/\/mercatfrutal.com\/en\/wp-json\/wp\/v2\/types\/product"}],"replies":[{"embeddable":true,"href":"https:\/\/mercatfrutal.com\/en\/wp-json\/wp\/v2\/comments?post=6514"}],"wp:featuredmedia":[{"embeddable":true,"href":"https:\/\/mercatfrutal.com\/en\/wp-json\/wp\/v2\/media\/9997"}],"wp:attachment":[{"href":"https:\/\/mercatfrutal.com\/en\/wp-json\/wp\/v2\/media?parent=6514"}],"wp:term":[{"taxonomy":"product_brand","embeddable":true,"href":"https:\/\/mercatfrutal.com\/en\/wp-json\/wp\/v2\/product_brand?post=6514"},{"taxonomy":"product_cat","embeddable":true,"href":"https:\/\/mercatfrutal.com\/en\/wp-json\/wp\/v2\/product_cat?post=6514"},{"taxonomy":"product_tag","embeddable":true,"href":"https:\/\/mercatfrutal.com\/en\/wp-json\/wp\/v2\/product_tag?post=6514"}],"curies":[{"name":"wp","href":"https:\/\/api.w.org\/{rel}","templated":true}]}}