{"id":6523,"date":"2024-12-19T20:17:07","date_gmt":"2024-12-19T19:17:07","guid":{"rendered":"https:\/\/mercatfrutal.com\/producto\/ghee-de-cabra-bio-220ml-vegetalia\/"},"modified":"2026-02-26T12:08:25","modified_gmt":"2026-02-26T11:08:25","slug":"mantequilla-ghee-de-cabra-bio-220ml","status":"publish","type":"product","link":"https:\/\/mercatfrutal.com\/en\/product\/mantequilla-ghee-de-cabra-bio-220ml\/","title":{"rendered":"Mantequilla Ghee de Cabra BIO 220ml"},"content":{"rendered":"","protected":false},"excerpt":{"rendered":"<p data-start=\"118\" data-end=\"315\">Organic goat ghee is clarified butter made from organic goat\u2019s milk. Its purity and delicate flavor make it ideal for healthy cooking.<\/p>\n<h2 data-start=\"317\" data-end=\"568\"><strong data-start=\"317\" data-end=\"367\">Properties and Benefits of Organic Goat Ghee<\/strong><\/h2>\n<p data-start=\"317\" data-end=\"568\">Rich in healthy fats, antioxidants, and butyric acid, it supports digestion, improves gut health, and has anti-inflammatory effects. Suitable for lactose-intolerant individuals and easy to digest.<\/p>\n<h2 data-start=\"570\" data-end=\"758\"><strong data-start=\"570\" data-end=\"600\">Uses of Organic Goat Ghee<\/strong><\/h2>\n<p data-start=\"570\" data-end=\"758\">Perfect for cooking, frying, or spreading. Ideal in Indian dishes, stir-fries, soups, and as a gourmet substitute for conventional oils or butter.<\/p>","protected":false},"featured_media":9735,"comment_status":"open","ping_status":"closed","template":"","meta":{"content-type":""},"product_brand":[],"product_cat":[316],"product_tag":[],"class_list":{"0":"post-6523","1":"product","2":"type-product","3":"status-publish","4":"has-post-thumbnail","6":"product_cat-mantequillas","7":"has-subscription-plans","9":"first","10":"instock","11":"taxable","12":"shipping-taxable","13":"purchasable","14":"product-type-simple"},"bundled_by":[],"bundle_stock_status":"instock","bundle_stock_quantity":14,"bundle_virtual":false,"bundle_layout":"","bundle_add_to_cart_form_location":"","bundle_editable_in_cart":false,"bundle_sold_individually_context":"","bundle_item_grouping":"","bundle_min_size":"","bundle_max_size":"","bundle_price":[],"bundled_items":[],"bundle_sell_ids":[],"yoast_head":"<!-- This site is optimized with the Yoast SEO plugin v27.2 - https:\/\/yoast.com\/product\/yoast-seo-wordpress\/ -->\n<title>Mantequilla Ghee de Cabra BIO 220ml - Mercat Frutal<\/title>\n<meta name=\"robots\" content=\"index, follow, max-snippet:-1, max-image-preview:large, max-video-preview:-1\" \/>\n<link rel=\"canonical\" href=\"https:\/\/mercatfrutal.com\/en\/product\/mantequilla-ghee-de-cabra-bio-220ml\/\" \/>\n<meta property=\"og:locale\" content=\"en_GB\" \/>\n<meta property=\"og:type\" content=\"article\" \/>\n<meta property=\"og:title\" content=\"Mantequilla Ghee de Cabra BIO 220ml - Mercat Frutal\" \/>\n<meta property=\"og:description\" content=\"El ghee ecol\u00f3gico de cabra es una mantequilla clarificada elaborada a partir de leche de cabra ecol\u00f3gica. Su pureza y sabor delicado lo hacen ideal para la cocina saludable.  Propiedades y beneficios del Ghee de Cabra BIO Rico en grasas saludables, antioxidantes y \u00e1cido but\u00edrico, favorece la digesti\u00f3n, mejora la salud intestinal y tiene efecto antiinflamatorio. Apto para intolerantes a la lactosa y f\u00e1cil de asimilar.  Usos del Ghee de Cabra BIO Perfecto para cocinar, fre\u00edr o untar. Ideal en platos indios, salteados, sopas y para sustituir aceites o mantequillas convencionales con un toque gourmet.\" \/>\n<meta property=\"og:url\" content=\"https:\/\/mercatfrutal.com\/en\/product\/mantequilla-ghee-de-cabra-bio-220ml\/\" \/>\n<meta property=\"og:site_name\" content=\"Mercat Frutal\" \/>\n<meta property=\"article:modified_time\" content=\"2026-02-26T11:08:25+00:00\" \/>\n<meta property=\"og:image\" content=\"https:\/\/mercatfrutal.com\/wp-content\/uploads\/2025\/09\/Mantequilla-Ghee-Cabra-220ml-BIO.webp\" \/>\n\t<meta property=\"og:image:width\" content=\"800\" \/>\n\t<meta property=\"og:image:height\" content=\"800\" \/>\n\t<meta property=\"og:image:type\" content=\"image\/webp\" \/>\n<meta name=\"twitter:card\" content=\"summary_large_image\" \/>\n<meta name=\"twitter:label1\" content=\"Estimated reading time\" \/>\n\t<meta name=\"twitter:data1\" content=\"1 minute\" \/>\n<script type=\"application\/ld+json\" class=\"yoast-schema-graph\">{\"@context\":\"https:\/\/schema.org\",\"@graph\":[{\"@type\":\"WebPage\",\"@id\":\"https:\/\/mercatfrutal.com\/producto\/mantequilla-ghee-de-cabra-bio-220ml\/\",\"url\":\"https:\/\/mercatfrutal.com\/producto\/mantequilla-ghee-de-cabra-bio-220ml\/\",\"name\":\"Mantequilla Ghee de Cabra BIO 220ml - Mercat Frutal\",\"isPartOf\":{\"@id\":\"https:\/\/mercatfrutal.com\/#website\"},\"primaryImageOfPage\":{\"@id\":\"https:\/\/mercatfrutal.com\/producto\/mantequilla-ghee-de-cabra-bio-220ml\/#primaryimage\"},\"image\":{\"@id\":\"https:\/\/mercatfrutal.com\/producto\/mantequilla-ghee-de-cabra-bio-220ml\/#primaryimage\"},\"thumbnailUrl\":\"https:\/\/mercatfrutal.com\/wp-content\/uploads\/2025\/09\/Mantequilla-Ghee-Cabra-220ml-BIO.webp\",\"datePublished\":\"2024-12-19T19:17:07+00:00\",\"dateModified\":\"2026-02-26T11:08:25+00:00\",\"breadcrumb\":{\"@id\":\"https:\/\/mercatfrutal.com\/producto\/mantequilla-ghee-de-cabra-bio-220ml\/#breadcrumb\"},\"inLanguage\":\"en-GB\",\"potentialAction\":[{\"@type\":\"ReadAction\",\"target\":[\"https:\/\/mercatfrutal.com\/producto\/mantequilla-ghee-de-cabra-bio-220ml\/\"]}]},{\"@type\":\"ImageObject\",\"inLanguage\":\"en-GB\",\"@id\":\"https:\/\/mercatfrutal.com\/producto\/mantequilla-ghee-de-cabra-bio-220ml\/#primaryimage\",\"url\":\"https:\/\/mercatfrutal.com\/wp-content\/uploads\/2025\/09\/Mantequilla-Ghee-Cabra-220ml-BIO.webp\",\"contentUrl\":\"https:\/\/mercatfrutal.com\/wp-content\/uploads\/2025\/09\/Mantequilla-Ghee-Cabra-220ml-BIO.webp\",\"width\":800,\"height\":800,\"caption\":\"Mantequilla Ghee Cabra 220ml BIO\"},{\"@type\":\"BreadcrumbList\",\"@id\":\"https:\/\/mercatfrutal.com\/producto\/mantequilla-ghee-de-cabra-bio-220ml\/#breadcrumb\",\"itemListElement\":[{\"@type\":\"ListItem\",\"position\":1,\"name\":\"Portada\",\"item\":\"https:\/\/mercatfrutal.com\/\"},{\"@type\":\"ListItem\",\"position\":2,\"name\":\"Tienda\",\"item\":\"https:\/\/mercatfrutal.com\/tienda\/\"},{\"@type\":\"ListItem\",\"position\":3,\"name\":\"Mantequilla Ghee de Cabra BIO 220ml\"}]},{\"@type\":\"WebSite\",\"@id\":\"https:\/\/mercatfrutal.com\/#website\",\"url\":\"https:\/\/mercatfrutal.com\/\",\"name\":\"Mercat Frutal\",\"description\":\"\",\"publisher\":{\"@id\":\"https:\/\/mercatfrutal.com\/#organization\"},\"alternateName\":\"Mercat Frutal\",\"potentialAction\":[{\"@type\":\"SearchAction\",\"target\":{\"@type\":\"EntryPoint\",\"urlTemplate\":\"https:\/\/mercatfrutal.com\/?s={search_term_string}\"},\"query-input\":{\"@type\":\"PropertyValueSpecification\",\"valueRequired\":true,\"valueName\":\"search_term_string\"}}],\"inLanguage\":\"en-GB\"},{\"@type\":\"Organization\",\"@id\":\"https:\/\/mercatfrutal.com\/#organization\",\"name\":\"Mercat Frutal\",\"url\":\"https:\/\/mercatfrutal.com\/\",\"logo\":{\"@type\":\"ImageObject\",\"inLanguage\":\"en-GB\",\"@id\":\"https:\/\/mercatfrutal.com\/#\/schema\/logo\/image\/\",\"url\":\"https:\/\/mercatfrutal.com\/wp-content\/uploads\/2024\/01\/LOGO-FRUTAL3.png\",\"contentUrl\":\"https:\/\/mercatfrutal.com\/wp-content\/uploads\/2024\/01\/LOGO-FRUTAL3.png\",\"width\":1024,\"height\":382,\"caption\":\"Mercat Frutal\"},\"image\":{\"@id\":\"https:\/\/mercatfrutal.com\/#\/schema\/logo\/image\/\"}}]}<\/script>\n<!-- \/ Yoast SEO plugin. -->","yoast_head_json":{"title":"Mantequilla Ghee de Cabra BIO 220ml - Mercat Frutal","robots":{"index":"index","follow":"follow","max-snippet":"max-snippet:-1","max-image-preview":"max-image-preview:large","max-video-preview":"max-video-preview:-1"},"canonical":"https:\/\/mercatfrutal.com\/en\/product\/mantequilla-ghee-de-cabra-bio-220ml\/","og_locale":"en_GB","og_type":"article","og_title":"Mantequilla Ghee de Cabra BIO 220ml - Mercat Frutal","og_description":"El ghee ecol\u00f3gico de cabra es una mantequilla clarificada elaborada a partir de leche de cabra ecol\u00f3gica. Su pureza y sabor delicado lo hacen ideal para la cocina saludable.  Propiedades y beneficios del Ghee de Cabra BIO Rico en grasas saludables, antioxidantes y \u00e1cido but\u00edrico, favorece la digesti\u00f3n, mejora la salud intestinal y tiene efecto antiinflamatorio. Apto para intolerantes a la lactosa y f\u00e1cil de asimilar.  Usos del Ghee de Cabra BIO Perfecto para cocinar, fre\u00edr o untar. Ideal en platos indios, salteados, sopas y para sustituir aceites o mantequillas convencionales con un toque gourmet.","og_url":"https:\/\/mercatfrutal.com\/en\/product\/mantequilla-ghee-de-cabra-bio-220ml\/","og_site_name":"Mercat Frutal","article_modified_time":"2026-02-26T11:08:25+00:00","og_image":[{"width":800,"height":800,"url":"https:\/\/mercatfrutal.com\/wp-content\/uploads\/2025\/09\/Mantequilla-Ghee-Cabra-220ml-BIO.webp","type":"image\/webp"}],"twitter_card":"summary_large_image","twitter_misc":{"Estimated reading time":"1 minute"},"schema":{"@context":"https:\/\/schema.org","@graph":[{"@type":"WebPage","@id":"https:\/\/mercatfrutal.com\/producto\/mantequilla-ghee-de-cabra-bio-220ml\/","url":"https:\/\/mercatfrutal.com\/producto\/mantequilla-ghee-de-cabra-bio-220ml\/","name":"Mantequilla Ghee de Cabra BIO 220ml - Mercat Frutal","isPartOf":{"@id":"https:\/\/mercatfrutal.com\/#website"},"primaryImageOfPage":{"@id":"https:\/\/mercatfrutal.com\/producto\/mantequilla-ghee-de-cabra-bio-220ml\/#primaryimage"},"image":{"@id":"https:\/\/mercatfrutal.com\/producto\/mantequilla-ghee-de-cabra-bio-220ml\/#primaryimage"},"thumbnailUrl":"https:\/\/mercatfrutal.com\/wp-content\/uploads\/2025\/09\/Mantequilla-Ghee-Cabra-220ml-BIO.webp","datePublished":"2024-12-19T19:17:07+00:00","dateModified":"2026-02-26T11:08:25+00:00","breadcrumb":{"@id":"https:\/\/mercatfrutal.com\/producto\/mantequilla-ghee-de-cabra-bio-220ml\/#breadcrumb"},"inLanguage":"en-GB","potentialAction":[{"@type":"ReadAction","target":["https:\/\/mercatfrutal.com\/producto\/mantequilla-ghee-de-cabra-bio-220ml\/"]}]},{"@type":"ImageObject","inLanguage":"en-GB","@id":"https:\/\/mercatfrutal.com\/producto\/mantequilla-ghee-de-cabra-bio-220ml\/#primaryimage","url":"https:\/\/mercatfrutal.com\/wp-content\/uploads\/2025\/09\/Mantequilla-Ghee-Cabra-220ml-BIO.webp","contentUrl":"https:\/\/mercatfrutal.com\/wp-content\/uploads\/2025\/09\/Mantequilla-Ghee-Cabra-220ml-BIO.webp","width":800,"height":800,"caption":"Mantequilla Ghee Cabra 220ml BIO"},{"@type":"BreadcrumbList","@id":"https:\/\/mercatfrutal.com\/producto\/mantequilla-ghee-de-cabra-bio-220ml\/#breadcrumb","itemListElement":[{"@type":"ListItem","position":1,"name":"Portada","item":"https:\/\/mercatfrutal.com\/"},{"@type":"ListItem","position":2,"name":"Tienda","item":"https:\/\/mercatfrutal.com\/tienda\/"},{"@type":"ListItem","position":3,"name":"Mantequilla Ghee de Cabra BIO 220ml"}]},{"@type":"WebSite","@id":"https:\/\/mercatfrutal.com\/#website","url":"https:\/\/mercatfrutal.com\/","name":"Mercat Frutal","description":"","publisher":{"@id":"https:\/\/mercatfrutal.com\/#organization"},"alternateName":"Mercat Frutal","potentialAction":[{"@type":"SearchAction","target":{"@type":"EntryPoint","urlTemplate":"https:\/\/mercatfrutal.com\/?s={search_term_string}"},"query-input":{"@type":"PropertyValueSpecification","valueRequired":true,"valueName":"search_term_string"}}],"inLanguage":"en-GB"},{"@type":"Organization","@id":"https:\/\/mercatfrutal.com\/#organization","name":"Mercat Frutal","url":"https:\/\/mercatfrutal.com\/","logo":{"@type":"ImageObject","inLanguage":"en-GB","@id":"https:\/\/mercatfrutal.com\/#\/schema\/logo\/image\/","url":"https:\/\/mercatfrutal.com\/wp-content\/uploads\/2024\/01\/LOGO-FRUTAL3.png","contentUrl":"https:\/\/mercatfrutal.com\/wp-content\/uploads\/2024\/01\/LOGO-FRUTAL3.png","width":1024,"height":382,"caption":"Mercat Frutal"},"image":{"@id":"https:\/\/mercatfrutal.com\/#\/schema\/logo\/image\/"}}]}},"jetpack_sharing_enabled":true,"_links":{"self":[{"href":"https:\/\/mercatfrutal.com\/en\/wp-json\/wp\/v2\/product\/6523","targetHints":{"allow":["GET"]}}],"collection":[{"href":"https:\/\/mercatfrutal.com\/en\/wp-json\/wp\/v2\/product"}],"about":[{"href":"https:\/\/mercatfrutal.com\/en\/wp-json\/wp\/v2\/types\/product"}],"replies":[{"embeddable":true,"href":"https:\/\/mercatfrutal.com\/en\/wp-json\/wp\/v2\/comments?post=6523"}],"wp:featuredmedia":[{"embeddable":true,"href":"https:\/\/mercatfrutal.com\/en\/wp-json\/wp\/v2\/media\/9735"}],"wp:attachment":[{"href":"https:\/\/mercatfrutal.com\/en\/wp-json\/wp\/v2\/media?parent=6523"}],"wp:term":[{"taxonomy":"product_brand","embeddable":true,"href":"https:\/\/mercatfrutal.com\/en\/wp-json\/wp\/v2\/product_brand?post=6523"},{"taxonomy":"product_cat","embeddable":true,"href":"https:\/\/mercatfrutal.com\/en\/wp-json\/wp\/v2\/product_cat?post=6523"},{"taxonomy":"product_tag","embeddable":true,"href":"https:\/\/mercatfrutal.com\/en\/wp-json\/wp\/v2\/product_tag?post=6523"}],"curies":[{"name":"wp","href":"https:\/\/api.w.org\/{rel}","templated":true}]}}