{"id":7188,"date":"2025-01-30T12:42:03","date_gmt":"2025-01-30T11:42:03","guid":{"rendered":"https:\/\/mercatfrutal.com\/?post_type=product&#038;p=7188"},"modified":"2026-03-26T13:31:19","modified_gmt":"2026-03-26T12:31:19","slug":"cesta-tribu-9kg","status":"publish","type":"product","link":"https:\/\/mercatfrutal.com\/en\/product\/cesta-tribu-9kg\/","title":{"rendered":"Tribe Basket 9kg"},"content":{"rendered":"","protected":false},"excerpt":{"rendered":"<p class=\"translation-block\">Our baskets are different every week, meaning they're <strong>surprise baskets!<\/strong> We're guided by the seasons, selecting the freshest vegetables we receive each day, often harvested that morning. You'll also find the best seasonal fruits; we'll include the best of the moment! The contents depend on the availability and freshness of the products.<\/p>\n<p class=\"translation-block\"><span style=\"text-decoration: underline\"><strong>IMPORTANT<\/strong>:<\/span> If there is something you don't like or if you have any allergies, you can indicate it in the comments at checkout.<\/p>","protected":false},"featured_media":8538,"comment_status":"open","ping_status":"closed","template":"","meta":{"content-type":""},"product_brand":[],"product_cat":[417],"product_tag":[],"class_list":{"0":"post-7188","1":"product","2":"type-product","3":"status-publish","4":"has-post-thumbnail","6":"product_cat-cestas-ecologicas","7":"has-subscription-plans","9":"first","10":"instock","11":"taxable","12":"shipping-taxable","13":"purchasable","14":"product-type-simple"},"bundled_by":["13161"],"bundle_stock_status":"instock","bundle_stock_quantity":null,"bundle_virtual":false,"bundle_layout":"","bundle_add_to_cart_form_location":"","bundle_editable_in_cart":false,"bundle_sold_individually_context":"","bundle_item_grouping":"","bundle_min_size":"","bundle_max_size":"","bundle_price":[],"bundled_items":[],"bundle_sell_ids":[],"yoast_head":"<!-- This site is optimized with the Yoast SEO plugin v27.2 - https:\/\/yoast.com\/product\/yoast-seo-wordpress\/ -->\n<title>Cesta Tribu 9kg - Mercat Frutal<\/title>\n<meta name=\"robots\" content=\"index, follow, max-snippet:-1, max-image-preview:large, max-video-preview:-1\" \/>\n<link rel=\"canonical\" href=\"https:\/\/mercatfrutal.com\/en\/product\/cesta-tribu-9kg\/\" \/>\n<meta property=\"og:locale\" content=\"en_GB\" \/>\n<meta property=\"og:type\" content=\"article\" \/>\n<meta property=\"og:title\" content=\"Cesta Tribu 9kg - Mercat Frutal\" \/>\n<meta property=\"og:description\" content=\"\u00a1Nuestras cestas son diferentes cada semana! Nos guiamos por las estaciones, seleccionando las verduras m\u00e1s frescas que recibimos cada d\u00eda, muchas veces recolectadas la misma ma\u00f1ana. Tambi\u00e9n encontrar\u00e1s las mejores frutas de temporada, pondremos lo mejor del momento! El contenido depender\u00e1 de la disponibilidad y frescura de los siguientes productos.  IMPORTANTE: Si hay alguna cosa que no te gusta o si tienes alguna alergia, al finalizar la compra lo puedes indicar en comentarios.\" \/>\n<meta property=\"og:url\" content=\"https:\/\/mercatfrutal.com\/en\/product\/cesta-tribu-9kg\/\" \/>\n<meta property=\"og:site_name\" content=\"Mercat Frutal\" \/>\n<meta property=\"article:modified_time\" content=\"2026-03-26T12:31:19+00:00\" \/>\n<meta property=\"og:image\" content=\"https:\/\/mercatfrutal.com\/wp-content\/uploads\/2025\/04\/polvo-de-baobab-2-scaled.jpg\" \/>\n\t<meta property=\"og:image:width\" content=\"2560\" \/>\n\t<meta property=\"og:image:height\" content=\"2560\" \/>\n\t<meta property=\"og:image:type\" content=\"image\/jpeg\" \/>\n<meta name=\"twitter:card\" content=\"summary_large_image\" \/>\n<meta name=\"twitter:label1\" content=\"Estimated reading time\" \/>\n\t<meta name=\"twitter:data1\" content=\"1 minute\" \/>\n<script type=\"application\/ld+json\" class=\"yoast-schema-graph\">{\"@context\":\"https:\/\/schema.org\",\"@graph\":[{\"@type\":\"WebPage\",\"@id\":\"https:\/\/mercatfrutal.com\/producto\/cesta-tribu-9kg\/\",\"url\":\"https:\/\/mercatfrutal.com\/producto\/cesta-tribu-9kg\/\",\"name\":\"Cesta Tribu 9kg - Mercat Frutal\",\"isPartOf\":{\"@id\":\"https:\/\/mercatfrutal.com\/#website\"},\"primaryImageOfPage\":{\"@id\":\"https:\/\/mercatfrutal.com\/producto\/cesta-tribu-9kg\/#primaryimage\"},\"image\":{\"@id\":\"https:\/\/mercatfrutal.com\/producto\/cesta-tribu-9kg\/#primaryimage\"},\"thumbnailUrl\":\"https:\/\/mercatfrutal.com\/wp-content\/uploads\/2025\/04\/polvo-de-baobab-2-scaled.jpg\",\"datePublished\":\"2025-01-30T11:42:03+00:00\",\"dateModified\":\"2026-03-26T12:31:19+00:00\",\"breadcrumb\":{\"@id\":\"https:\/\/mercatfrutal.com\/producto\/cesta-tribu-9kg\/#breadcrumb\"},\"inLanguage\":\"en-GB\",\"potentialAction\":[{\"@type\":\"ReadAction\",\"target\":[\"https:\/\/mercatfrutal.com\/producto\/cesta-tribu-9kg\/\"]}]},{\"@type\":\"ImageObject\",\"inLanguage\":\"en-GB\",\"@id\":\"https:\/\/mercatfrutal.com\/producto\/cesta-tribu-9kg\/#primaryimage\",\"url\":\"https:\/\/mercatfrutal.com\/wp-content\/uploads\/2025\/04\/polvo-de-baobab-2-scaled.jpg\",\"contentUrl\":\"https:\/\/mercatfrutal.com\/wp-content\/uploads\/2025\/04\/polvo-de-baobab-2-scaled.jpg\",\"width\":2560,\"height\":2560,\"caption\":\"cesta familiar\"},{\"@type\":\"BreadcrumbList\",\"@id\":\"https:\/\/mercatfrutal.com\/producto\/cesta-tribu-9kg\/#breadcrumb\",\"itemListElement\":[{\"@type\":\"ListItem\",\"position\":1,\"name\":\"Portada\",\"item\":\"https:\/\/mercatfrutal.com\/\"},{\"@type\":\"ListItem\",\"position\":2,\"name\":\"Tienda\",\"item\":\"https:\/\/mercatfrutal.com\/tienda\/\"},{\"@type\":\"ListItem\",\"position\":3,\"name\":\"Cesta Tribu 9kg\"}]},{\"@type\":\"WebSite\",\"@id\":\"https:\/\/mercatfrutal.com\/#website\",\"url\":\"https:\/\/mercatfrutal.com\/\",\"name\":\"Mercat Frutal\",\"description\":\"\",\"publisher\":{\"@id\":\"https:\/\/mercatfrutal.com\/#organization\"},\"alternateName\":\"Mercat Frutal\",\"potentialAction\":[{\"@type\":\"SearchAction\",\"target\":{\"@type\":\"EntryPoint\",\"urlTemplate\":\"https:\/\/mercatfrutal.com\/?s={search_term_string}\"},\"query-input\":{\"@type\":\"PropertyValueSpecification\",\"valueRequired\":true,\"valueName\":\"search_term_string\"}}],\"inLanguage\":\"en-GB\"},{\"@type\":\"Organization\",\"@id\":\"https:\/\/mercatfrutal.com\/#organization\",\"name\":\"Mercat Frutal\",\"url\":\"https:\/\/mercatfrutal.com\/\",\"logo\":{\"@type\":\"ImageObject\",\"inLanguage\":\"en-GB\",\"@id\":\"https:\/\/mercatfrutal.com\/#\/schema\/logo\/image\/\",\"url\":\"https:\/\/mercatfrutal.com\/wp-content\/uploads\/2024\/01\/LOGO-FRUTAL3.png\",\"contentUrl\":\"https:\/\/mercatfrutal.com\/wp-content\/uploads\/2024\/01\/LOGO-FRUTAL3.png\",\"width\":1024,\"height\":382,\"caption\":\"Mercat Frutal\"},\"image\":{\"@id\":\"https:\/\/mercatfrutal.com\/#\/schema\/logo\/image\/\"}}]}<\/script>\n<!-- \/ Yoast SEO plugin. -->","yoast_head_json":{"title":"Cesta Tribu 9kg - Mercat Frutal","robots":{"index":"index","follow":"follow","max-snippet":"max-snippet:-1","max-image-preview":"max-image-preview:large","max-video-preview":"max-video-preview:-1"},"canonical":"https:\/\/mercatfrutal.com\/en\/product\/cesta-tribu-9kg\/","og_locale":"en_GB","og_type":"article","og_title":"Cesta Tribu 9kg - Mercat Frutal","og_description":"\u00a1Nuestras cestas son diferentes cada semana! Nos guiamos por las estaciones, seleccionando las verduras m\u00e1s frescas que recibimos cada d\u00eda, muchas veces recolectadas la misma ma\u00f1ana. Tambi\u00e9n encontrar\u00e1s las mejores frutas de temporada, pondremos lo mejor del momento! El contenido depender\u00e1 de la disponibilidad y frescura de los siguientes productos.  IMPORTANTE: Si hay alguna cosa que no te gusta o si tienes alguna alergia, al finalizar la compra lo puedes indicar en comentarios.","og_url":"https:\/\/mercatfrutal.com\/en\/product\/cesta-tribu-9kg\/","og_site_name":"Mercat Frutal","article_modified_time":"2026-03-26T12:31:19+00:00","og_image":[{"width":2560,"height":2560,"url":"https:\/\/mercatfrutal.com\/wp-content\/uploads\/2025\/04\/polvo-de-baobab-2-scaled.jpg","type":"image\/jpeg"}],"twitter_card":"summary_large_image","twitter_misc":{"Estimated reading time":"1 minute"},"schema":{"@context":"https:\/\/schema.org","@graph":[{"@type":"WebPage","@id":"https:\/\/mercatfrutal.com\/producto\/cesta-tribu-9kg\/","url":"https:\/\/mercatfrutal.com\/producto\/cesta-tribu-9kg\/","name":"Cesta Tribu 9kg - Mercat Frutal","isPartOf":{"@id":"https:\/\/mercatfrutal.com\/#website"},"primaryImageOfPage":{"@id":"https:\/\/mercatfrutal.com\/producto\/cesta-tribu-9kg\/#primaryimage"},"image":{"@id":"https:\/\/mercatfrutal.com\/producto\/cesta-tribu-9kg\/#primaryimage"},"thumbnailUrl":"https:\/\/mercatfrutal.com\/wp-content\/uploads\/2025\/04\/polvo-de-baobab-2-scaled.jpg","datePublished":"2025-01-30T11:42:03+00:00","dateModified":"2026-03-26T12:31:19+00:00","breadcrumb":{"@id":"https:\/\/mercatfrutal.com\/producto\/cesta-tribu-9kg\/#breadcrumb"},"inLanguage":"en-GB","potentialAction":[{"@type":"ReadAction","target":["https:\/\/mercatfrutal.com\/producto\/cesta-tribu-9kg\/"]}]},{"@type":"ImageObject","inLanguage":"en-GB","@id":"https:\/\/mercatfrutal.com\/producto\/cesta-tribu-9kg\/#primaryimage","url":"https:\/\/mercatfrutal.com\/wp-content\/uploads\/2025\/04\/polvo-de-baobab-2-scaled.jpg","contentUrl":"https:\/\/mercatfrutal.com\/wp-content\/uploads\/2025\/04\/polvo-de-baobab-2-scaled.jpg","width":2560,"height":2560,"caption":"cesta familiar"},{"@type":"BreadcrumbList","@id":"https:\/\/mercatfrutal.com\/producto\/cesta-tribu-9kg\/#breadcrumb","itemListElement":[{"@type":"ListItem","position":1,"name":"Portada","item":"https:\/\/mercatfrutal.com\/"},{"@type":"ListItem","position":2,"name":"Tienda","item":"https:\/\/mercatfrutal.com\/tienda\/"},{"@type":"ListItem","position":3,"name":"Cesta Tribu 9kg"}]},{"@type":"WebSite","@id":"https:\/\/mercatfrutal.com\/#website","url":"https:\/\/mercatfrutal.com\/","name":"Mercat Frutal","description":"","publisher":{"@id":"https:\/\/mercatfrutal.com\/#organization"},"alternateName":"Mercat Frutal","potentialAction":[{"@type":"SearchAction","target":{"@type":"EntryPoint","urlTemplate":"https:\/\/mercatfrutal.com\/?s={search_term_string}"},"query-input":{"@type":"PropertyValueSpecification","valueRequired":true,"valueName":"search_term_string"}}],"inLanguage":"en-GB"},{"@type":"Organization","@id":"https:\/\/mercatfrutal.com\/#organization","name":"Mercat Frutal","url":"https:\/\/mercatfrutal.com\/","logo":{"@type":"ImageObject","inLanguage":"en-GB","@id":"https:\/\/mercatfrutal.com\/#\/schema\/logo\/image\/","url":"https:\/\/mercatfrutal.com\/wp-content\/uploads\/2024\/01\/LOGO-FRUTAL3.png","contentUrl":"https:\/\/mercatfrutal.com\/wp-content\/uploads\/2024\/01\/LOGO-FRUTAL3.png","width":1024,"height":382,"caption":"Mercat Frutal"},"image":{"@id":"https:\/\/mercatfrutal.com\/#\/schema\/logo\/image\/"}}]}},"jetpack_sharing_enabled":true,"_links":{"self":[{"href":"https:\/\/mercatfrutal.com\/en\/wp-json\/wp\/v2\/product\/7188","targetHints":{"allow":["GET"]}}],"collection":[{"href":"https:\/\/mercatfrutal.com\/en\/wp-json\/wp\/v2\/product"}],"about":[{"href":"https:\/\/mercatfrutal.com\/en\/wp-json\/wp\/v2\/types\/product"}],"replies":[{"embeddable":true,"href":"https:\/\/mercatfrutal.com\/en\/wp-json\/wp\/v2\/comments?post=7188"}],"wp:featuredmedia":[{"embeddable":true,"href":"https:\/\/mercatfrutal.com\/en\/wp-json\/wp\/v2\/media\/8538"}],"wp:attachment":[{"href":"https:\/\/mercatfrutal.com\/en\/wp-json\/wp\/v2\/media?parent=7188"}],"wp:term":[{"taxonomy":"product_brand","embeddable":true,"href":"https:\/\/mercatfrutal.com\/en\/wp-json\/wp\/v2\/product_brand?post=7188"},{"taxonomy":"product_cat","embeddable":true,"href":"https:\/\/mercatfrutal.com\/en\/wp-json\/wp\/v2\/product_cat?post=7188"},{"taxonomy":"product_tag","embeddable":true,"href":"https:\/\/mercatfrutal.com\/en\/wp-json\/wp\/v2\/product_tag?post=7188"}],"curies":[{"name":"wp","href":"https:\/\/api.w.org\/{rel}","templated":true}]}}