{"id":7352,"date":"2025-02-11T12:47:23","date_gmt":"2025-02-11T11:47:23","guid":{"rendered":"https:\/\/mercatfrutal.com\/?post_type=product&#038;p=7352"},"modified":"2026-04-07T12:33:06","modified_gmt":"2026-04-07T10:33:06","slug":"kefir-limon-cabra-500ml-eco","status":"publish","type":"product","link":"https:\/\/mercatfrutal.com\/en\/product\/kefir-limon-cabra-500ml-eco\/","title":{"rendered":"Organic Lemon Goat Kefir 500ml"},"content":{"rendered":"","protected":false},"excerpt":{"rendered":"<p><span style=\"font-weight: 400\">Organic Lemon Goat Kefir 500ml combines the freshness of lemon with the health benefits of kefir, made from fermented organic goat milk.<\/span><\/p>\n<h2><b>Main benefits of Organic Lemon Goat Kefir<\/b><\/h2>\n<p><span style=\"font-weight: 400\">It is an excellent source of probiotics and vitamin C, offering digestive and antioxidant benefits, promoting light digestion and immune support.<\/span><\/p>\n<h2><b>Features of Organic Lemon Goat Kefir<\/b><\/h2>\n<p><span style=\"font-weight: 400\">With a smooth texture and refreshing citrus flavor, it's a delicious option for those who prefer light and natural drinks.<\/span><\/p>\n<h2><b>How to enjoy it<\/b><\/h2>\n<p><span style=\"font-weight: 400\">Ideal for breakfast, snacks, or as a healthy drink at any time of the day.<\/span><\/p>","protected":false},"featured_media":9747,"comment_status":"open","ping_status":"closed","template":"","meta":{"content-type":""},"product_brand":[],"product_cat":[331],"product_tag":[],"class_list":{"0":"post-7352","1":"product","2":"type-product","3":"status-publish","4":"has-post-thumbnail","6":"product_cat-kefir","7":"has-subscription-plans","9":"first","10":"instock","11":"taxable","12":"shipping-taxable","13":"purchasable","14":"product-type-simple"},"bundled_by":[],"bundle_stock_status":"instock","bundle_stock_quantity":9,"bundle_virtual":false,"bundle_layout":"","bundle_add_to_cart_form_location":"","bundle_editable_in_cart":false,"bundle_sold_individually_context":"","bundle_item_grouping":"","bundle_min_size":"","bundle_max_size":"","bundle_price":[],"bundled_items":[],"bundle_sell_ids":[],"yoast_head":"<!-- This site is optimized with the Yoast SEO plugin v27.2 - https:\/\/yoast.com\/product\/yoast-seo-wordpress\/ -->\n<title>Kefir Lim\u00f3n Cabra 500ml ECO - Mercat Frutal<\/title>\n<meta name=\"robots\" content=\"index, follow, max-snippet:-1, max-image-preview:large, max-video-preview:-1\" \/>\n<link rel=\"canonical\" href=\"https:\/\/mercatfrutal.com\/en\/product\/kefir-limon-cabra-500ml-eco\/\" \/>\n<meta property=\"og:locale\" content=\"en_GB\" \/>\n<meta property=\"og:type\" content=\"article\" \/>\n<meta property=\"og:title\" content=\"Kefir Lim\u00f3n Cabra 500ml ECO - Mercat Frutal\" \/>\n<meta property=\"og:description\" content=\"El Kefir Lim\u00f3n de Cabra 500ml ECO combina el frescor del lim\u00f3n con las propiedades del k\u00e9fir, elaborado con leche de cabra ecol\u00f3gica fermentada. Beneficios principales de Kefir Lim\u00f3n Cabra ECO Son una excelente fuente de probi\u00f3ticos y vitamina C, que aportan beneficios digestivos y antioxidantes, favoreciendo una digesti\u00f3n ligera y fortaleciendo el sistema inmune. Caracter\u00edsticas del Kefir Lim\u00f3n Cabra De textura suave y sabor c\u00edtrico y refrescante, es una opci\u00f3n deliciosa para quienes prefieren bebidas ligeras y naturales. Formas de uso Son ideales para desayunos, meriendas o como bebida saludable a cualquier hora del d\u00eda.\" \/>\n<meta property=\"og:url\" content=\"https:\/\/mercatfrutal.com\/en\/product\/kefir-limon-cabra-500ml-eco\/\" \/>\n<meta property=\"og:site_name\" content=\"Mercat Frutal\" \/>\n<meta property=\"article:modified_time\" content=\"2026-04-07T10:33:06+00:00\" \/>\n<meta property=\"og:image\" content=\"https:\/\/mercatfrutal.com\/wp-content\/uploads\/2025\/09\/Kefir-Limon-Cabra-500ml-ECO.webp\" \/>\n\t<meta property=\"og:image:width\" content=\"800\" \/>\n\t<meta property=\"og:image:height\" content=\"800\" \/>\n\t<meta property=\"og:image:type\" content=\"image\/webp\" \/>\n<meta name=\"twitter:card\" content=\"summary_large_image\" \/>\n<meta name=\"twitter:label1\" content=\"Estimated reading time\" \/>\n\t<meta name=\"twitter:data1\" content=\"1 minute\" \/>\n<script type=\"application\/ld+json\" class=\"yoast-schema-graph\">{\"@context\":\"https:\/\/schema.org\",\"@graph\":[{\"@type\":\"WebPage\",\"@id\":\"https:\/\/mercatfrutal.com\/producto\/kefir-limon-cabra-500ml-eco\/\",\"url\":\"https:\/\/mercatfrutal.com\/producto\/kefir-limon-cabra-500ml-eco\/\",\"name\":\"Kefir Lim\u00f3n Cabra 500ml ECO - Mercat Frutal\",\"isPartOf\":{\"@id\":\"https:\/\/mercatfrutal.com\/#website\"},\"primaryImageOfPage\":{\"@id\":\"https:\/\/mercatfrutal.com\/producto\/kefir-limon-cabra-500ml-eco\/#primaryimage\"},\"image\":{\"@id\":\"https:\/\/mercatfrutal.com\/producto\/kefir-limon-cabra-500ml-eco\/#primaryimage\"},\"thumbnailUrl\":\"https:\/\/mercatfrutal.com\/wp-content\/uploads\/2025\/09\/Kefir-Limon-Cabra-500ml-ECO.webp\",\"datePublished\":\"2025-02-11T11:47:23+00:00\",\"dateModified\":\"2026-04-07T10:33:06+00:00\",\"breadcrumb\":{\"@id\":\"https:\/\/mercatfrutal.com\/producto\/kefir-limon-cabra-500ml-eco\/#breadcrumb\"},\"inLanguage\":\"en-GB\",\"potentialAction\":[{\"@type\":\"ReadAction\",\"target\":[\"https:\/\/mercatfrutal.com\/producto\/kefir-limon-cabra-500ml-eco\/\"]}]},{\"@type\":\"ImageObject\",\"inLanguage\":\"en-GB\",\"@id\":\"https:\/\/mercatfrutal.com\/producto\/kefir-limon-cabra-500ml-eco\/#primaryimage\",\"url\":\"https:\/\/mercatfrutal.com\/wp-content\/uploads\/2025\/09\/Kefir-Limon-Cabra-500ml-ECO.webp\",\"contentUrl\":\"https:\/\/mercatfrutal.com\/wp-content\/uploads\/2025\/09\/Kefir-Limon-Cabra-500ml-ECO.webp\",\"width\":800,\"height\":800,\"caption\":\"Kefir Lim\u00f3n Cabra 500ml ECO\"},{\"@type\":\"BreadcrumbList\",\"@id\":\"https:\/\/mercatfrutal.com\/producto\/kefir-limon-cabra-500ml-eco\/#breadcrumb\",\"itemListElement\":[{\"@type\":\"ListItem\",\"position\":1,\"name\":\"Portada\",\"item\":\"https:\/\/mercatfrutal.com\/\"},{\"@type\":\"ListItem\",\"position\":2,\"name\":\"Tienda\",\"item\":\"https:\/\/mercatfrutal.com\/tienda\/\"},{\"@type\":\"ListItem\",\"position\":3,\"name\":\"Kefir Lim\u00f3n Cabra 500ml ECO\"}]},{\"@type\":\"WebSite\",\"@id\":\"https:\/\/mercatfrutal.com\/#website\",\"url\":\"https:\/\/mercatfrutal.com\/\",\"name\":\"Mercat Frutal\",\"description\":\"\",\"publisher\":{\"@id\":\"https:\/\/mercatfrutal.com\/#organization\"},\"alternateName\":\"Mercat Frutal\",\"potentialAction\":[{\"@type\":\"SearchAction\",\"target\":{\"@type\":\"EntryPoint\",\"urlTemplate\":\"https:\/\/mercatfrutal.com\/?s={search_term_string}\"},\"query-input\":{\"@type\":\"PropertyValueSpecification\",\"valueRequired\":true,\"valueName\":\"search_term_string\"}}],\"inLanguage\":\"en-GB\"},{\"@type\":\"Organization\",\"@id\":\"https:\/\/mercatfrutal.com\/#organization\",\"name\":\"Mercat Frutal\",\"url\":\"https:\/\/mercatfrutal.com\/\",\"logo\":{\"@type\":\"ImageObject\",\"inLanguage\":\"en-GB\",\"@id\":\"https:\/\/mercatfrutal.com\/#\/schema\/logo\/image\/\",\"url\":\"https:\/\/mercatfrutal.com\/wp-content\/uploads\/2024\/01\/LOGO-FRUTAL3.png\",\"contentUrl\":\"https:\/\/mercatfrutal.com\/wp-content\/uploads\/2024\/01\/LOGO-FRUTAL3.png\",\"width\":1024,\"height\":382,\"caption\":\"Mercat Frutal\"},\"image\":{\"@id\":\"https:\/\/mercatfrutal.com\/#\/schema\/logo\/image\/\"}}]}<\/script>\n<!-- \/ Yoast SEO plugin. -->","yoast_head_json":{"title":"Kefir Lim\u00f3n Cabra 500ml ECO - Mercat Frutal","robots":{"index":"index","follow":"follow","max-snippet":"max-snippet:-1","max-image-preview":"max-image-preview:large","max-video-preview":"max-video-preview:-1"},"canonical":"https:\/\/mercatfrutal.com\/en\/product\/kefir-limon-cabra-500ml-eco\/","og_locale":"en_GB","og_type":"article","og_title":"Kefir Lim\u00f3n Cabra 500ml ECO - Mercat Frutal","og_description":"El Kefir Lim\u00f3n de Cabra 500ml ECO combina el frescor del lim\u00f3n con las propiedades del k\u00e9fir, elaborado con leche de cabra ecol\u00f3gica fermentada. Beneficios principales de Kefir Lim\u00f3n Cabra ECO Son una excelente fuente de probi\u00f3ticos y vitamina C, que aportan beneficios digestivos y antioxidantes, favoreciendo una digesti\u00f3n ligera y fortaleciendo el sistema inmune. Caracter\u00edsticas del Kefir Lim\u00f3n Cabra De textura suave y sabor c\u00edtrico y refrescante, es una opci\u00f3n deliciosa para quienes prefieren bebidas ligeras y naturales. Formas de uso Son ideales para desayunos, meriendas o como bebida saludable a cualquier hora del d\u00eda.","og_url":"https:\/\/mercatfrutal.com\/en\/product\/kefir-limon-cabra-500ml-eco\/","og_site_name":"Mercat Frutal","article_modified_time":"2026-04-07T10:33:06+00:00","og_image":[{"width":800,"height":800,"url":"https:\/\/mercatfrutal.com\/wp-content\/uploads\/2025\/09\/Kefir-Limon-Cabra-500ml-ECO.webp","type":"image\/webp"}],"twitter_card":"summary_large_image","twitter_misc":{"Estimated reading time":"1 minute"},"schema":{"@context":"https:\/\/schema.org","@graph":[{"@type":"WebPage","@id":"https:\/\/mercatfrutal.com\/producto\/kefir-limon-cabra-500ml-eco\/","url":"https:\/\/mercatfrutal.com\/producto\/kefir-limon-cabra-500ml-eco\/","name":"Kefir Lim\u00f3n Cabra 500ml ECO - Mercat Frutal","isPartOf":{"@id":"https:\/\/mercatfrutal.com\/#website"},"primaryImageOfPage":{"@id":"https:\/\/mercatfrutal.com\/producto\/kefir-limon-cabra-500ml-eco\/#primaryimage"},"image":{"@id":"https:\/\/mercatfrutal.com\/producto\/kefir-limon-cabra-500ml-eco\/#primaryimage"},"thumbnailUrl":"https:\/\/mercatfrutal.com\/wp-content\/uploads\/2025\/09\/Kefir-Limon-Cabra-500ml-ECO.webp","datePublished":"2025-02-11T11:47:23+00:00","dateModified":"2026-04-07T10:33:06+00:00","breadcrumb":{"@id":"https:\/\/mercatfrutal.com\/producto\/kefir-limon-cabra-500ml-eco\/#breadcrumb"},"inLanguage":"en-GB","potentialAction":[{"@type":"ReadAction","target":["https:\/\/mercatfrutal.com\/producto\/kefir-limon-cabra-500ml-eco\/"]}]},{"@type":"ImageObject","inLanguage":"en-GB","@id":"https:\/\/mercatfrutal.com\/producto\/kefir-limon-cabra-500ml-eco\/#primaryimage","url":"https:\/\/mercatfrutal.com\/wp-content\/uploads\/2025\/09\/Kefir-Limon-Cabra-500ml-ECO.webp","contentUrl":"https:\/\/mercatfrutal.com\/wp-content\/uploads\/2025\/09\/Kefir-Limon-Cabra-500ml-ECO.webp","width":800,"height":800,"caption":"Kefir Lim\u00f3n Cabra 500ml ECO"},{"@type":"BreadcrumbList","@id":"https:\/\/mercatfrutal.com\/producto\/kefir-limon-cabra-500ml-eco\/#breadcrumb","itemListElement":[{"@type":"ListItem","position":1,"name":"Portada","item":"https:\/\/mercatfrutal.com\/"},{"@type":"ListItem","position":2,"name":"Tienda","item":"https:\/\/mercatfrutal.com\/tienda\/"},{"@type":"ListItem","position":3,"name":"Kefir Lim\u00f3n Cabra 500ml ECO"}]},{"@type":"WebSite","@id":"https:\/\/mercatfrutal.com\/#website","url":"https:\/\/mercatfrutal.com\/","name":"Mercat Frutal","description":"","publisher":{"@id":"https:\/\/mercatfrutal.com\/#organization"},"alternateName":"Mercat Frutal","potentialAction":[{"@type":"SearchAction","target":{"@type":"EntryPoint","urlTemplate":"https:\/\/mercatfrutal.com\/?s={search_term_string}"},"query-input":{"@type":"PropertyValueSpecification","valueRequired":true,"valueName":"search_term_string"}}],"inLanguage":"en-GB"},{"@type":"Organization","@id":"https:\/\/mercatfrutal.com\/#organization","name":"Mercat Frutal","url":"https:\/\/mercatfrutal.com\/","logo":{"@type":"ImageObject","inLanguage":"en-GB","@id":"https:\/\/mercatfrutal.com\/#\/schema\/logo\/image\/","url":"https:\/\/mercatfrutal.com\/wp-content\/uploads\/2024\/01\/LOGO-FRUTAL3.png","contentUrl":"https:\/\/mercatfrutal.com\/wp-content\/uploads\/2024\/01\/LOGO-FRUTAL3.png","width":1024,"height":382,"caption":"Mercat Frutal"},"image":{"@id":"https:\/\/mercatfrutal.com\/#\/schema\/logo\/image\/"}}]}},"jetpack_sharing_enabled":true,"_links":{"self":[{"href":"https:\/\/mercatfrutal.com\/en\/wp-json\/wp\/v2\/product\/7352","targetHints":{"allow":["GET"]}}],"collection":[{"href":"https:\/\/mercatfrutal.com\/en\/wp-json\/wp\/v2\/product"}],"about":[{"href":"https:\/\/mercatfrutal.com\/en\/wp-json\/wp\/v2\/types\/product"}],"replies":[{"embeddable":true,"href":"https:\/\/mercatfrutal.com\/en\/wp-json\/wp\/v2\/comments?post=7352"}],"wp:featuredmedia":[{"embeddable":true,"href":"https:\/\/mercatfrutal.com\/en\/wp-json\/wp\/v2\/media\/9747"}],"wp:attachment":[{"href":"https:\/\/mercatfrutal.com\/en\/wp-json\/wp\/v2\/media?parent=7352"}],"wp:term":[{"taxonomy":"product_brand","embeddable":true,"href":"https:\/\/mercatfrutal.com\/en\/wp-json\/wp\/v2\/product_brand?post=7352"},{"taxonomy":"product_cat","embeddable":true,"href":"https:\/\/mercatfrutal.com\/en\/wp-json\/wp\/v2\/product_cat?post=7352"},{"taxonomy":"product_tag","embeddable":true,"href":"https:\/\/mercatfrutal.com\/en\/wp-json\/wp\/v2\/product_tag?post=7352"}],"curies":[{"name":"wp","href":"https:\/\/api.w.org\/{rel}","templated":true}]}}