{"id":7355,"date":"2025-02-11T13:47:31","date_gmt":"2025-02-11T11:47:31","guid":{"rendered":"https:\/\/mercatfrutal.com\/?post_type=product&#038;p=7355"},"modified":"2026-01-22T15:50:59","modified_gmt":"2026-01-22T13:50:59","slug":"tofu-finas-hierbas-2x150g-eco","status":"publish","type":"product","link":"https:\/\/mercatfrutal.com\/en\/product\/tofu-finas-hierbas-2x150g-eco\/","title":{"rendered":"Organic Fine Herbs Tofu 2x150g"},"content":{"rendered":"","protected":false},"excerpt":{"rendered":"<p data-start=\"6260\" data-end=\"6432\">Organic tofu with fine herbs is seasoned with a fragrant blend of natural herbs, giving it a fresh Mediterranean flavor.<\/p>\n<h2 data-start=\"6434\" data-end=\"6589\"><strong data-start=\"6434\" data-end=\"6489\">Properties and benefits of Organic Fine Herbs Tofu<\/strong><\/h2>\n<p data-start=\"6434\" data-end=\"6589\">All the benefits of natural tofu with added flavor. Rich in protein and low in fat.<\/p>\n<h2 data-start=\"4222\" data-end=\"4352\"><strong data-start=\"4222\" data-end=\"4262\">Ways to consume<\/strong><\/h2>\n<p data-start=\"6591\" data-end=\"6721\">Delicious in salads, sandwiches, vegan scrambles, cold dishes, or warm in the pan.<\/p>","protected":false},"featured_media":9889,"comment_status":"open","ping_status":"closed","template":"","meta":{"content-type":""},"product_brand":[],"product_cat":[203],"product_tag":[],"class_list":{"0":"post-7355","1":"product","2":"type-product","3":"status-publish","4":"has-post-thumbnail","6":"product_cat-tofu","7":"has-subscription-plans","9":"first","10":"instock","11":"taxable","12":"shipping-taxable","13":"purchasable","14":"product-type-simple"},"bundled_by":[],"bundle_stock_status":"instock","bundle_stock_quantity":4,"bundle_virtual":false,"bundle_layout":"","bundle_add_to_cart_form_location":"","bundle_editable_in_cart":false,"bundle_sold_individually_context":"","bundle_item_grouping":"","bundle_min_size":"","bundle_max_size":"","bundle_price":[],"bundled_items":[],"bundle_sell_ids":[],"yoast_head":"<!-- This site is optimized with the Yoast SEO plugin v27.2 - https:\/\/yoast.com\/product\/yoast-seo-wordpress\/ -->\n<title>Tofu Finas Hierbas 2x150g ECO - Mercat Frutal<\/title>\n<meta name=\"robots\" content=\"index, follow, max-snippet:-1, max-image-preview:large, max-video-preview:-1\" \/>\n<link rel=\"canonical\" href=\"https:\/\/mercatfrutal.com\/en\/product\/tofu-finas-hierbas-2x150g-eco\/\" \/>\n<meta property=\"og:locale\" content=\"en_GB\" \/>\n<meta property=\"og:type\" content=\"article\" \/>\n<meta property=\"og:title\" content=\"Tofu Finas Hierbas 2x150g ECO - Mercat Frutal\" \/>\n<meta property=\"og:description\" content=\"El tofu con finas hierbas ecol\u00f3gico est\u00e1 sazonado con una mezcla arom\u00e1tica de hierbas naturales, que le aportan un sabor fresco y mediterr\u00e1neo.  Propiedades y beneficios del Tofu Finas Hierbas ECO Con todos los beneficios del tofu natural y un plus de sabor. Rico en prote\u00ednas y bajo en grasas.  Formas de consumo Delicioso en ensaladas, bocadillos, revueltos veganos, platos fr\u00edos o caliente en la sart\u00e9n.\" \/>\n<meta property=\"og:url\" content=\"https:\/\/mercatfrutal.com\/en\/product\/tofu-finas-hierbas-2x150g-eco\/\" \/>\n<meta property=\"og:site_name\" content=\"Mercat Frutal\" \/>\n<meta property=\"article:modified_time\" content=\"2026-01-22T13:50:59+00:00\" \/>\n<meta property=\"og:image\" content=\"https:\/\/mercatfrutal.com\/wp-content\/uploads\/2025\/09\/TOFU-FINAS-HIERBAS-BIO-CCPAE-2x150g-min-scaled-1.webp\" \/>\n\t<meta property=\"og:image:width\" content=\"800\" \/>\n\t<meta property=\"og:image:height\" content=\"800\" \/>\n\t<meta property=\"og:image:type\" content=\"image\/webp\" \/>\n<meta name=\"twitter:card\" content=\"summary_large_image\" \/>\n<meta name=\"twitter:label1\" content=\"Estimated reading time\" \/>\n\t<meta name=\"twitter:data1\" content=\"1 minute\" \/>\n<script type=\"application\/ld+json\" class=\"yoast-schema-graph\">{\"@context\":\"https:\/\/schema.org\",\"@graph\":[{\"@type\":\"WebPage\",\"@id\":\"https:\/\/mercatfrutal.com\/producto\/tofu-finas-hierbas-2x150g-eco\/\",\"url\":\"https:\/\/mercatfrutal.com\/producto\/tofu-finas-hierbas-2x150g-eco\/\",\"name\":\"Tofu Finas Hierbas 2x150g ECO - Mercat Frutal\",\"isPartOf\":{\"@id\":\"https:\/\/mercatfrutal.com\/#website\"},\"primaryImageOfPage\":{\"@id\":\"https:\/\/mercatfrutal.com\/producto\/tofu-finas-hierbas-2x150g-eco\/#primaryimage\"},\"image\":{\"@id\":\"https:\/\/mercatfrutal.com\/producto\/tofu-finas-hierbas-2x150g-eco\/#primaryimage\"},\"thumbnailUrl\":\"https:\/\/mercatfrutal.com\/wp-content\/uploads\/2025\/09\/TOFU-FINAS-HIERBAS-BIO-CCPAE-2x150g-min-scaled-1.webp\",\"datePublished\":\"2025-02-11T11:47:31+00:00\",\"dateModified\":\"2026-01-22T13:50:59+00:00\",\"breadcrumb\":{\"@id\":\"https:\/\/mercatfrutal.com\/producto\/tofu-finas-hierbas-2x150g-eco\/#breadcrumb\"},\"inLanguage\":\"en-GB\",\"potentialAction\":[{\"@type\":\"ReadAction\",\"target\":[\"https:\/\/mercatfrutal.com\/producto\/tofu-finas-hierbas-2x150g-eco\/\"]}]},{\"@type\":\"ImageObject\",\"inLanguage\":\"en-GB\",\"@id\":\"https:\/\/mercatfrutal.com\/producto\/tofu-finas-hierbas-2x150g-eco\/#primaryimage\",\"url\":\"https:\/\/mercatfrutal.com\/wp-content\/uploads\/2025\/09\/TOFU-FINAS-HIERBAS-BIO-CCPAE-2x150g-min-scaled-1.webp\",\"contentUrl\":\"https:\/\/mercatfrutal.com\/wp-content\/uploads\/2025\/09\/TOFU-FINAS-HIERBAS-BIO-CCPAE-2x150g-min-scaled-1.webp\",\"width\":800,\"height\":800,\"caption\":\"Tofu Finas Hierbas 2x150g ECO\"},{\"@type\":\"BreadcrumbList\",\"@id\":\"https:\/\/mercatfrutal.com\/producto\/tofu-finas-hierbas-2x150g-eco\/#breadcrumb\",\"itemListElement\":[{\"@type\":\"ListItem\",\"position\":1,\"name\":\"Portada\",\"item\":\"https:\/\/mercatfrutal.com\/\"},{\"@type\":\"ListItem\",\"position\":2,\"name\":\"Tienda\",\"item\":\"https:\/\/mercatfrutal.com\/tienda\/\"},{\"@type\":\"ListItem\",\"position\":3,\"name\":\"Tofu Finas Hierbas 2x150g ECO\"}]},{\"@type\":\"WebSite\",\"@id\":\"https:\/\/mercatfrutal.com\/#website\",\"url\":\"https:\/\/mercatfrutal.com\/\",\"name\":\"Mercat Frutal\",\"description\":\"\",\"publisher\":{\"@id\":\"https:\/\/mercatfrutal.com\/#organization\"},\"alternateName\":\"Mercat Frutal\",\"potentialAction\":[{\"@type\":\"SearchAction\",\"target\":{\"@type\":\"EntryPoint\",\"urlTemplate\":\"https:\/\/mercatfrutal.com\/?s={search_term_string}\"},\"query-input\":{\"@type\":\"PropertyValueSpecification\",\"valueRequired\":true,\"valueName\":\"search_term_string\"}}],\"inLanguage\":\"en-GB\"},{\"@type\":\"Organization\",\"@id\":\"https:\/\/mercatfrutal.com\/#organization\",\"name\":\"Mercat Frutal\",\"url\":\"https:\/\/mercatfrutal.com\/\",\"logo\":{\"@type\":\"ImageObject\",\"inLanguage\":\"en-GB\",\"@id\":\"https:\/\/mercatfrutal.com\/#\/schema\/logo\/image\/\",\"url\":\"https:\/\/mercatfrutal.com\/wp-content\/uploads\/2024\/01\/LOGO-FRUTAL3.png\",\"contentUrl\":\"https:\/\/mercatfrutal.com\/wp-content\/uploads\/2024\/01\/LOGO-FRUTAL3.png\",\"width\":1024,\"height\":382,\"caption\":\"Mercat Frutal\"},\"image\":{\"@id\":\"https:\/\/mercatfrutal.com\/#\/schema\/logo\/image\/\"}}]}<\/script>\n<!-- \/ Yoast SEO plugin. -->","yoast_head_json":{"title":"Tofu Finas Hierbas 2x150g ECO - Mercat Frutal","robots":{"index":"index","follow":"follow","max-snippet":"max-snippet:-1","max-image-preview":"max-image-preview:large","max-video-preview":"max-video-preview:-1"},"canonical":"https:\/\/mercatfrutal.com\/en\/product\/tofu-finas-hierbas-2x150g-eco\/","og_locale":"en_GB","og_type":"article","og_title":"Tofu Finas Hierbas 2x150g ECO - Mercat Frutal","og_description":"El tofu con finas hierbas ecol\u00f3gico est\u00e1 sazonado con una mezcla arom\u00e1tica de hierbas naturales, que le aportan un sabor fresco y mediterr\u00e1neo.  Propiedades y beneficios del Tofu Finas Hierbas ECO Con todos los beneficios del tofu natural y un plus de sabor. Rico en prote\u00ednas y bajo en grasas.  Formas de consumo Delicioso en ensaladas, bocadillos, revueltos veganos, platos fr\u00edos o caliente en la sart\u00e9n.","og_url":"https:\/\/mercatfrutal.com\/en\/product\/tofu-finas-hierbas-2x150g-eco\/","og_site_name":"Mercat Frutal","article_modified_time":"2026-01-22T13:50:59+00:00","og_image":[{"width":800,"height":800,"url":"https:\/\/mercatfrutal.com\/wp-content\/uploads\/2025\/09\/TOFU-FINAS-HIERBAS-BIO-CCPAE-2x150g-min-scaled-1.webp","type":"image\/webp"}],"twitter_card":"summary_large_image","twitter_misc":{"Estimated reading time":"1 minute"},"schema":{"@context":"https:\/\/schema.org","@graph":[{"@type":"WebPage","@id":"https:\/\/mercatfrutal.com\/producto\/tofu-finas-hierbas-2x150g-eco\/","url":"https:\/\/mercatfrutal.com\/producto\/tofu-finas-hierbas-2x150g-eco\/","name":"Tofu Finas Hierbas 2x150g ECO - Mercat Frutal","isPartOf":{"@id":"https:\/\/mercatfrutal.com\/#website"},"primaryImageOfPage":{"@id":"https:\/\/mercatfrutal.com\/producto\/tofu-finas-hierbas-2x150g-eco\/#primaryimage"},"image":{"@id":"https:\/\/mercatfrutal.com\/producto\/tofu-finas-hierbas-2x150g-eco\/#primaryimage"},"thumbnailUrl":"https:\/\/mercatfrutal.com\/wp-content\/uploads\/2025\/09\/TOFU-FINAS-HIERBAS-BIO-CCPAE-2x150g-min-scaled-1.webp","datePublished":"2025-02-11T11:47:31+00:00","dateModified":"2026-01-22T13:50:59+00:00","breadcrumb":{"@id":"https:\/\/mercatfrutal.com\/producto\/tofu-finas-hierbas-2x150g-eco\/#breadcrumb"},"inLanguage":"en-GB","potentialAction":[{"@type":"ReadAction","target":["https:\/\/mercatfrutal.com\/producto\/tofu-finas-hierbas-2x150g-eco\/"]}]},{"@type":"ImageObject","inLanguage":"en-GB","@id":"https:\/\/mercatfrutal.com\/producto\/tofu-finas-hierbas-2x150g-eco\/#primaryimage","url":"https:\/\/mercatfrutal.com\/wp-content\/uploads\/2025\/09\/TOFU-FINAS-HIERBAS-BIO-CCPAE-2x150g-min-scaled-1.webp","contentUrl":"https:\/\/mercatfrutal.com\/wp-content\/uploads\/2025\/09\/TOFU-FINAS-HIERBAS-BIO-CCPAE-2x150g-min-scaled-1.webp","width":800,"height":800,"caption":"Tofu Finas Hierbas 2x150g ECO"},{"@type":"BreadcrumbList","@id":"https:\/\/mercatfrutal.com\/producto\/tofu-finas-hierbas-2x150g-eco\/#breadcrumb","itemListElement":[{"@type":"ListItem","position":1,"name":"Portada","item":"https:\/\/mercatfrutal.com\/"},{"@type":"ListItem","position":2,"name":"Tienda","item":"https:\/\/mercatfrutal.com\/tienda\/"},{"@type":"ListItem","position":3,"name":"Tofu Finas Hierbas 2x150g ECO"}]},{"@type":"WebSite","@id":"https:\/\/mercatfrutal.com\/#website","url":"https:\/\/mercatfrutal.com\/","name":"Mercat Frutal","description":"","publisher":{"@id":"https:\/\/mercatfrutal.com\/#organization"},"alternateName":"Mercat Frutal","potentialAction":[{"@type":"SearchAction","target":{"@type":"EntryPoint","urlTemplate":"https:\/\/mercatfrutal.com\/?s={search_term_string}"},"query-input":{"@type":"PropertyValueSpecification","valueRequired":true,"valueName":"search_term_string"}}],"inLanguage":"en-GB"},{"@type":"Organization","@id":"https:\/\/mercatfrutal.com\/#organization","name":"Mercat Frutal","url":"https:\/\/mercatfrutal.com\/","logo":{"@type":"ImageObject","inLanguage":"en-GB","@id":"https:\/\/mercatfrutal.com\/#\/schema\/logo\/image\/","url":"https:\/\/mercatfrutal.com\/wp-content\/uploads\/2024\/01\/LOGO-FRUTAL3.png","contentUrl":"https:\/\/mercatfrutal.com\/wp-content\/uploads\/2024\/01\/LOGO-FRUTAL3.png","width":1024,"height":382,"caption":"Mercat Frutal"},"image":{"@id":"https:\/\/mercatfrutal.com\/#\/schema\/logo\/image\/"}}]}},"jetpack_sharing_enabled":true,"_links":{"self":[{"href":"https:\/\/mercatfrutal.com\/en\/wp-json\/wp\/v2\/product\/7355","targetHints":{"allow":["GET"]}}],"collection":[{"href":"https:\/\/mercatfrutal.com\/en\/wp-json\/wp\/v2\/product"}],"about":[{"href":"https:\/\/mercatfrutal.com\/en\/wp-json\/wp\/v2\/types\/product"}],"replies":[{"embeddable":true,"href":"https:\/\/mercatfrutal.com\/en\/wp-json\/wp\/v2\/comments?post=7355"}],"wp:featuredmedia":[{"embeddable":true,"href":"https:\/\/mercatfrutal.com\/en\/wp-json\/wp\/v2\/media\/9889"}],"wp:attachment":[{"href":"https:\/\/mercatfrutal.com\/en\/wp-json\/wp\/v2\/media?parent=7355"}],"wp:term":[{"taxonomy":"product_brand","embeddable":true,"href":"https:\/\/mercatfrutal.com\/en\/wp-json\/wp\/v2\/product_brand?post=7355"},{"taxonomy":"product_cat","embeddable":true,"href":"https:\/\/mercatfrutal.com\/en\/wp-json\/wp\/v2\/product_cat?post=7355"},{"taxonomy":"product_tag","embeddable":true,"href":"https:\/\/mercatfrutal.com\/en\/wp-json\/wp\/v2\/product_tag?post=7355"}],"curies":[{"name":"wp","href":"https:\/\/api.w.org\/{rel}","templated":true}]}}