{"id":817,"date":"2024-02-19T11:57:01","date_gmt":"2024-02-19T10:57:01","guid":{"rendered":"https:\/\/mercatfrutal.com\/producto\/vinagre-manzana-500ml-eco\/"},"modified":"2026-03-31T13:14:04","modified_gmt":"2026-03-31T11:14:04","slug":"vinagre-manzana-500ml-eco","status":"publish","type":"product","link":"https:\/\/mercatfrutal.com\/en\/product\/vinagre-manzana-500ml-eco\/","title":{"rendered":"Organic Apple Vinegar 500ml"},"content":{"rendered":"","protected":false},"excerpt":{"rendered":"<p data-start=\"3164\" data-end=\"3354\">The organic apple vinegar is made from naturally fermented organic apples. It has a mild, slightly acidic, and very aromatic flavor.<\/p>\n<h2 data-start=\"3356\" data-end=\"3561\"><strong data-start=\"3356\" data-end=\"3411\">Properties and benefits of Organic Apple Vinegar<\/strong><\/h2>\n<p data-start=\"3356\" data-end=\"3561\">Contains acetic acid, probiotics, and beneficial enzymes. Supports digestion, helps regulate blood sugar, and can aid in cleansing diets.<\/p>\n<h2 data-start=\"2478\" data-end=\"2635\"><strong data-start=\"2478\" data-end=\"2523\">Ways to consume<\/strong><\/h2>\n<p data-start=\"3563\" data-end=\"3737\">Perfect for dressing salads, making vinaigrettes, marinades, and pickles. It can also be diluted in water as a natural digestive tonic.<\/p>","protected":false},"featured_media":9864,"comment_status":"open","ping_status":"closed","template":"","meta":{"content-type":""},"product_brand":[],"product_cat":[202],"product_tag":[],"class_list":{"0":"post-817","1":"product","2":"type-product","3":"status-publish","4":"has-post-thumbnail","6":"product_cat-vinagres","7":"has-subscription-plans","9":"first","10":"instock","11":"taxable","12":"shipping-taxable","13":"purchasable","14":"product-type-simple"},"bundled_by":[],"bundle_stock_status":"instock","bundle_stock_quantity":5,"bundle_virtual":false,"bundle_layout":"","bundle_add_to_cart_form_location":"","bundle_editable_in_cart":false,"bundle_sold_individually_context":"","bundle_item_grouping":"","bundle_min_size":"","bundle_max_size":"","bundle_price":[],"bundled_items":[],"bundle_sell_ids":[],"yoast_head":"<!-- This site is optimized with the Yoast SEO plugin v27.2 - https:\/\/yoast.com\/product\/yoast-seo-wordpress\/ -->\n<title>Vinagre Manzana 500ml ECO - Mercat Frutal<\/title>\n<meta name=\"robots\" content=\"index, follow, max-snippet:-1, max-image-preview:large, max-video-preview:-1\" \/>\n<link rel=\"canonical\" href=\"https:\/\/mercatfrutal.com\/en\/product\/vinagre-manzana-500ml-eco\/\" \/>\n<meta property=\"og:locale\" content=\"en_GB\" \/>\n<meta property=\"og:type\" content=\"article\" \/>\n<meta property=\"og:title\" content=\"Vinagre Manzana 500ml ECO - Mercat Frutal\" \/>\n<meta property=\"og:description\" content=\"El vinagre de manzana ecol\u00f3gico se elabora a partir de manzanas ecol\u00f3gicas fermentadas de forma natural. Tiene un sabor suave, ligeramente \u00e1cido y muy arom\u00e1tico.  Propiedades y beneficios del Vinagre de Manzana ECO Contiene \u00e1cido ac\u00e9tico, probi\u00f3ticos y enzimas beneficiosas. Favorece la digesti\u00f3n, regula el az\u00facar en sangre y puede ayudar en dietas depurativas.  Formas de consumo Perfecto para ali\u00f1ar ensaladas, preparar vinagretas, adobos y encurtidos. Tambi\u00e9n se puede diluir en agua como t\u00f3nico digestivo natural.\" \/>\n<meta property=\"og:url\" content=\"https:\/\/mercatfrutal.com\/en\/product\/vinagre-manzana-500ml-eco\/\" \/>\n<meta property=\"og:site_name\" content=\"Mercat Frutal\" \/>\n<meta property=\"article:modified_time\" content=\"2026-03-31T11:14:04+00:00\" \/>\n<meta property=\"og:image\" content=\"https:\/\/mercatfrutal.com\/wp-content\/uploads\/2025\/09\/Vinagre-Manzana-500ml-ECO.webp\" \/>\n\t<meta property=\"og:image:width\" content=\"800\" \/>\n\t<meta property=\"og:image:height\" content=\"800\" \/>\n\t<meta property=\"og:image:type\" content=\"image\/webp\" \/>\n<meta name=\"twitter:card\" content=\"summary_large_image\" \/>\n<meta name=\"twitter:label1\" content=\"Estimated reading time\" \/>\n\t<meta name=\"twitter:data1\" content=\"1 minute\" \/>\n<script type=\"application\/ld+json\" class=\"yoast-schema-graph\">{\"@context\":\"https:\/\/schema.org\",\"@graph\":[{\"@type\":\"WebPage\",\"@id\":\"https:\/\/mercatfrutal.com\/producto\/vinagre-manzana-500ml-eco\/\",\"url\":\"https:\/\/mercatfrutal.com\/producto\/vinagre-manzana-500ml-eco\/\",\"name\":\"Vinagre Manzana 500ml ECO - Mercat Frutal\",\"isPartOf\":{\"@id\":\"https:\/\/mercatfrutal.com\/#website\"},\"primaryImageOfPage\":{\"@id\":\"https:\/\/mercatfrutal.com\/producto\/vinagre-manzana-500ml-eco\/#primaryimage\"},\"image\":{\"@id\":\"https:\/\/mercatfrutal.com\/producto\/vinagre-manzana-500ml-eco\/#primaryimage\"},\"thumbnailUrl\":\"https:\/\/mercatfrutal.com\/wp-content\/uploads\/2025\/09\/Vinagre-Manzana-500ml-ECO.webp\",\"datePublished\":\"2024-02-19T10:57:01+00:00\",\"dateModified\":\"2026-03-31T11:14:04+00:00\",\"breadcrumb\":{\"@id\":\"https:\/\/mercatfrutal.com\/producto\/vinagre-manzana-500ml-eco\/#breadcrumb\"},\"inLanguage\":\"en-GB\",\"potentialAction\":[{\"@type\":\"ReadAction\",\"target\":[\"https:\/\/mercatfrutal.com\/producto\/vinagre-manzana-500ml-eco\/\"]}]},{\"@type\":\"ImageObject\",\"inLanguage\":\"en-GB\",\"@id\":\"https:\/\/mercatfrutal.com\/producto\/vinagre-manzana-500ml-eco\/#primaryimage\",\"url\":\"https:\/\/mercatfrutal.com\/wp-content\/uploads\/2025\/09\/Vinagre-Manzana-500ml-ECO.webp\",\"contentUrl\":\"https:\/\/mercatfrutal.com\/wp-content\/uploads\/2025\/09\/Vinagre-Manzana-500ml-ECO.webp\",\"width\":800,\"height\":800,\"caption\":\"Vinagre Manzana 500ml ECO\"},{\"@type\":\"BreadcrumbList\",\"@id\":\"https:\/\/mercatfrutal.com\/producto\/vinagre-manzana-500ml-eco\/#breadcrumb\",\"itemListElement\":[{\"@type\":\"ListItem\",\"position\":1,\"name\":\"Portada\",\"item\":\"https:\/\/mercatfrutal.com\/\"},{\"@type\":\"ListItem\",\"position\":2,\"name\":\"Tienda\",\"item\":\"https:\/\/mercatfrutal.com\/tienda\/\"},{\"@type\":\"ListItem\",\"position\":3,\"name\":\"Vinagre Manzana 500ml ECO\"}]},{\"@type\":\"WebSite\",\"@id\":\"https:\/\/mercatfrutal.com\/#website\",\"url\":\"https:\/\/mercatfrutal.com\/\",\"name\":\"Mercat Frutal\",\"description\":\"\",\"publisher\":{\"@id\":\"https:\/\/mercatfrutal.com\/#organization\"},\"alternateName\":\"Mercat Frutal\",\"potentialAction\":[{\"@type\":\"SearchAction\",\"target\":{\"@type\":\"EntryPoint\",\"urlTemplate\":\"https:\/\/mercatfrutal.com\/?s={search_term_string}\"},\"query-input\":{\"@type\":\"PropertyValueSpecification\",\"valueRequired\":true,\"valueName\":\"search_term_string\"}}],\"inLanguage\":\"en-GB\"},{\"@type\":\"Organization\",\"@id\":\"https:\/\/mercatfrutal.com\/#organization\",\"name\":\"Mercat Frutal\",\"url\":\"https:\/\/mercatfrutal.com\/\",\"logo\":{\"@type\":\"ImageObject\",\"inLanguage\":\"en-GB\",\"@id\":\"https:\/\/mercatfrutal.com\/#\/schema\/logo\/image\/\",\"url\":\"https:\/\/mercatfrutal.com\/wp-content\/uploads\/2024\/01\/LOGO-FRUTAL3.png\",\"contentUrl\":\"https:\/\/mercatfrutal.com\/wp-content\/uploads\/2024\/01\/LOGO-FRUTAL3.png\",\"width\":1024,\"height\":382,\"caption\":\"Mercat Frutal\"},\"image\":{\"@id\":\"https:\/\/mercatfrutal.com\/#\/schema\/logo\/image\/\"}}]}<\/script>\n<!-- \/ Yoast SEO plugin. -->","yoast_head_json":{"title":"Vinagre Manzana 500ml ECO - Mercat Frutal","robots":{"index":"index","follow":"follow","max-snippet":"max-snippet:-1","max-image-preview":"max-image-preview:large","max-video-preview":"max-video-preview:-1"},"canonical":"https:\/\/mercatfrutal.com\/en\/product\/vinagre-manzana-500ml-eco\/","og_locale":"en_GB","og_type":"article","og_title":"Vinagre Manzana 500ml ECO - Mercat Frutal","og_description":"El vinagre de manzana ecol\u00f3gico se elabora a partir de manzanas ecol\u00f3gicas fermentadas de forma natural. Tiene un sabor suave, ligeramente \u00e1cido y muy arom\u00e1tico.  Propiedades y beneficios del Vinagre de Manzana ECO Contiene \u00e1cido ac\u00e9tico, probi\u00f3ticos y enzimas beneficiosas. Favorece la digesti\u00f3n, regula el az\u00facar en sangre y puede ayudar en dietas depurativas.  Formas de consumo Perfecto para ali\u00f1ar ensaladas, preparar vinagretas, adobos y encurtidos. Tambi\u00e9n se puede diluir en agua como t\u00f3nico digestivo natural.","og_url":"https:\/\/mercatfrutal.com\/en\/product\/vinagre-manzana-500ml-eco\/","og_site_name":"Mercat Frutal","article_modified_time":"2026-03-31T11:14:04+00:00","og_image":[{"width":800,"height":800,"url":"https:\/\/mercatfrutal.com\/wp-content\/uploads\/2025\/09\/Vinagre-Manzana-500ml-ECO.webp","type":"image\/webp"}],"twitter_card":"summary_large_image","twitter_misc":{"Estimated reading time":"1 minute"},"schema":{"@context":"https:\/\/schema.org","@graph":[{"@type":"WebPage","@id":"https:\/\/mercatfrutal.com\/producto\/vinagre-manzana-500ml-eco\/","url":"https:\/\/mercatfrutal.com\/producto\/vinagre-manzana-500ml-eco\/","name":"Vinagre Manzana 500ml ECO - Mercat Frutal","isPartOf":{"@id":"https:\/\/mercatfrutal.com\/#website"},"primaryImageOfPage":{"@id":"https:\/\/mercatfrutal.com\/producto\/vinagre-manzana-500ml-eco\/#primaryimage"},"image":{"@id":"https:\/\/mercatfrutal.com\/producto\/vinagre-manzana-500ml-eco\/#primaryimage"},"thumbnailUrl":"https:\/\/mercatfrutal.com\/wp-content\/uploads\/2025\/09\/Vinagre-Manzana-500ml-ECO.webp","datePublished":"2024-02-19T10:57:01+00:00","dateModified":"2026-03-31T11:14:04+00:00","breadcrumb":{"@id":"https:\/\/mercatfrutal.com\/producto\/vinagre-manzana-500ml-eco\/#breadcrumb"},"inLanguage":"en-GB","potentialAction":[{"@type":"ReadAction","target":["https:\/\/mercatfrutal.com\/producto\/vinagre-manzana-500ml-eco\/"]}]},{"@type":"ImageObject","inLanguage":"en-GB","@id":"https:\/\/mercatfrutal.com\/producto\/vinagre-manzana-500ml-eco\/#primaryimage","url":"https:\/\/mercatfrutal.com\/wp-content\/uploads\/2025\/09\/Vinagre-Manzana-500ml-ECO.webp","contentUrl":"https:\/\/mercatfrutal.com\/wp-content\/uploads\/2025\/09\/Vinagre-Manzana-500ml-ECO.webp","width":800,"height":800,"caption":"Vinagre Manzana 500ml ECO"},{"@type":"BreadcrumbList","@id":"https:\/\/mercatfrutal.com\/producto\/vinagre-manzana-500ml-eco\/#breadcrumb","itemListElement":[{"@type":"ListItem","position":1,"name":"Portada","item":"https:\/\/mercatfrutal.com\/"},{"@type":"ListItem","position":2,"name":"Tienda","item":"https:\/\/mercatfrutal.com\/tienda\/"},{"@type":"ListItem","position":3,"name":"Vinagre Manzana 500ml ECO"}]},{"@type":"WebSite","@id":"https:\/\/mercatfrutal.com\/#website","url":"https:\/\/mercatfrutal.com\/","name":"Mercat Frutal","description":"","publisher":{"@id":"https:\/\/mercatfrutal.com\/#organization"},"alternateName":"Mercat Frutal","potentialAction":[{"@type":"SearchAction","target":{"@type":"EntryPoint","urlTemplate":"https:\/\/mercatfrutal.com\/?s={search_term_string}"},"query-input":{"@type":"PropertyValueSpecification","valueRequired":true,"valueName":"search_term_string"}}],"inLanguage":"en-GB"},{"@type":"Organization","@id":"https:\/\/mercatfrutal.com\/#organization","name":"Mercat Frutal","url":"https:\/\/mercatfrutal.com\/","logo":{"@type":"ImageObject","inLanguage":"en-GB","@id":"https:\/\/mercatfrutal.com\/#\/schema\/logo\/image\/","url":"https:\/\/mercatfrutal.com\/wp-content\/uploads\/2024\/01\/LOGO-FRUTAL3.png","contentUrl":"https:\/\/mercatfrutal.com\/wp-content\/uploads\/2024\/01\/LOGO-FRUTAL3.png","width":1024,"height":382,"caption":"Mercat Frutal"},"image":{"@id":"https:\/\/mercatfrutal.com\/#\/schema\/logo\/image\/"}}]}},"jetpack_sharing_enabled":true,"_links":{"self":[{"href":"https:\/\/mercatfrutal.com\/en\/wp-json\/wp\/v2\/product\/817","targetHints":{"allow":["GET"]}}],"collection":[{"href":"https:\/\/mercatfrutal.com\/en\/wp-json\/wp\/v2\/product"}],"about":[{"href":"https:\/\/mercatfrutal.com\/en\/wp-json\/wp\/v2\/types\/product"}],"replies":[{"embeddable":true,"href":"https:\/\/mercatfrutal.com\/en\/wp-json\/wp\/v2\/comments?post=817"}],"wp:featuredmedia":[{"embeddable":true,"href":"https:\/\/mercatfrutal.com\/en\/wp-json\/wp\/v2\/media\/9864"}],"wp:attachment":[{"href":"https:\/\/mercatfrutal.com\/en\/wp-json\/wp\/v2\/media?parent=817"}],"wp:term":[{"taxonomy":"product_brand","embeddable":true,"href":"https:\/\/mercatfrutal.com\/en\/wp-json\/wp\/v2\/product_brand?post=817"},{"taxonomy":"product_cat","embeddable":true,"href":"https:\/\/mercatfrutal.com\/en\/wp-json\/wp\/v2\/product_cat?post=817"},{"taxonomy":"product_tag","embeddable":true,"href":"https:\/\/mercatfrutal.com\/en\/wp-json\/wp\/v2\/product_tag?post=817"}],"curies":[{"name":"wp","href":"https:\/\/api.w.org\/{rel}","templated":true}]}}