{"id":838,"date":"2024-02-19T12:30:26","date_gmt":"2024-02-19T11:30:26","guid":{"rendered":"https:\/\/mercatfrutal.com\/producto\/pack-6-rollos-papel-higienico-doble-capa-bio\/"},"modified":"2026-03-04T10:06:27","modified_gmt":"2026-03-04T09:06:27","slug":"pack-6-rollos-papel-higienico-doble-capa-bio","status":"publish","type":"product","link":"https:\/\/mercatfrutal.com\/en\/product\/pack-6-rollos-papel-higienico-doble-capa-bio\/","title":{"rendered":"Organic Toilet Paper - 6 Pack Rolls Double-Layer"},"content":{"rendered":"","protected":false},"excerpt":{"rendered":"<p data-start=\"71\" data-end=\"283\">Organic toilet paper is made from eco-friendly and sustainable materials, without bleaches or perfumes. Soft and strong, it\u2019s a skin-friendly and environmentally conscious choice.<\/p>\n<h2 data-start=\"285\" data-end=\"507\"><strong data-start=\"285\" data-end=\"337\">Properties and Benefits of Organic Toilet Paper<\/strong><\/h2>\n<p data-start=\"285\" data-end=\"507\">Made without chlorine or harsh chemicals. Biodegradable and compostable, it reduces environmental impact. Its natural softness makes it ideal for sensitive skin.<\/p>\n<h2 data-start=\"509\" data-end=\"715\"><strong data-start=\"509\" data-end=\"541\">Uses of Organic Toilet Paper<\/strong><\/h2>\n<p data-start=\"509\" data-end=\"715\">Suitable for daily use in households committed to sustainability. Septic-safe and perfect for those seeking an eco-friendly and responsible option.<\/p>","protected":false},"featured_media":9906,"comment_status":"open","ping_status":"closed","template":"","meta":{"content-type":""},"product_brand":[],"product_cat":[214],"product_tag":[],"class_list":{"0":"post-838","1":"product","2":"type-product","3":"status-publish","4":"has-post-thumbnail","6":"product_cat-higiene-y-hogar","7":"has-subscription-plans","9":"first","10":"instock","11":"taxable","12":"shipping-taxable","13":"purchasable","14":"product-type-simple"},"bundled_by":[],"bundle_stock_status":"instock","bundle_stock_quantity":null,"bundle_virtual":false,"bundle_layout":"","bundle_add_to_cart_form_location":"","bundle_editable_in_cart":false,"bundle_sold_individually_context":"","bundle_item_grouping":"","bundle_min_size":"","bundle_max_size":"","bundle_price":[],"bundled_items":[],"bundle_sell_ids":[],"yoast_head":"<!-- This site is optimized with the Yoast SEO plugin v27.2 - https:\/\/yoast.com\/product\/yoast-seo-wordpress\/ -->\n<title>Pack 6 Rollos Papel Higi\u00e9nico Doble Capa BIO - Mercat Frutal<\/title>\n<meta name=\"robots\" content=\"index, follow, max-snippet:-1, max-image-preview:large, max-video-preview:-1\" \/>\n<link rel=\"canonical\" href=\"https:\/\/mercatfrutal.com\/en\/product\/pack-6-rollos-papel-higienico-doble-capa-bio\/\" \/>\n<meta property=\"og:locale\" content=\"en_GB\" \/>\n<meta property=\"og:type\" content=\"article\" \/>\n<meta property=\"og:title\" content=\"Pack 6 Rollos Papel Higi\u00e9nico Doble Capa BIO - Mercat Frutal\" \/>\n<meta property=\"og:description\" content=\"El papel higi\u00e9nico BIO est\u00e1 fabricado con materiales ecol\u00f3gicos y sostenibles, sin blanqueantes ni perfumes. Suave y resistente, es una opci\u00f3n respetuosa con tu piel y el medio ambiente.  Propiedades y beneficios del Papel Higi\u00e9nico BIO Elaborado sin cloro ni productos qu\u00edmicos agresivos. Biodegradable y compostable, reduce el impacto ambiental. Su suavidad natural lo hace ideal para pieles sensibles.  Usos del Papel Higi\u00e9nico BIO Apto para el uso diario en hogares comprometidos con la sostenibilidad. Compatible con sistemas s\u00e9pticos y perfecto para quienes buscan una opci\u00f3n ecol\u00f3gica y responsable.\" \/>\n<meta property=\"og:url\" content=\"https:\/\/mercatfrutal.com\/en\/product\/pack-6-rollos-papel-higienico-doble-capa-bio\/\" \/>\n<meta property=\"og:site_name\" content=\"Mercat Frutal\" \/>\n<meta property=\"article:modified_time\" content=\"2026-03-04T09:06:27+00:00\" \/>\n<meta property=\"og:image\" content=\"https:\/\/mercatfrutal.com\/wp-content\/uploads\/2025\/09\/Pack-6-Rollos-Papel-Higienico-Doble-Capa-BIO.webp\" \/>\n\t<meta property=\"og:image:width\" content=\"800\" \/>\n\t<meta property=\"og:image:height\" content=\"800\" \/>\n\t<meta property=\"og:image:type\" content=\"image\/webp\" \/>\n<meta name=\"twitter:card\" content=\"summary_large_image\" \/>\n<meta name=\"twitter:label1\" content=\"Estimated reading time\" \/>\n\t<meta name=\"twitter:data1\" content=\"1 minute\" \/>\n<script type=\"application\/ld+json\" class=\"yoast-schema-graph\">{\"@context\":\"https:\/\/schema.org\",\"@graph\":[{\"@type\":\"WebPage\",\"@id\":\"https:\/\/mercatfrutal.com\/producto\/pack-6-rollos-papel-higienico-doble-capa-bio\/\",\"url\":\"https:\/\/mercatfrutal.com\/producto\/pack-6-rollos-papel-higienico-doble-capa-bio\/\",\"name\":\"Pack 6 Rollos Papel Higi\u00e9nico Doble Capa BIO - Mercat Frutal\",\"isPartOf\":{\"@id\":\"https:\/\/mercatfrutal.com\/#website\"},\"primaryImageOfPage\":{\"@id\":\"https:\/\/mercatfrutal.com\/producto\/pack-6-rollos-papel-higienico-doble-capa-bio\/#primaryimage\"},\"image\":{\"@id\":\"https:\/\/mercatfrutal.com\/producto\/pack-6-rollos-papel-higienico-doble-capa-bio\/#primaryimage\"},\"thumbnailUrl\":\"https:\/\/mercatfrutal.com\/wp-content\/uploads\/2025\/09\/Pack-6-Rollos-Papel-Higienico-Doble-Capa-BIO.webp\",\"datePublished\":\"2024-02-19T11:30:26+00:00\",\"dateModified\":\"2026-03-04T09:06:27+00:00\",\"breadcrumb\":{\"@id\":\"https:\/\/mercatfrutal.com\/producto\/pack-6-rollos-papel-higienico-doble-capa-bio\/#breadcrumb\"},\"inLanguage\":\"en-GB\",\"potentialAction\":[{\"@type\":\"ReadAction\",\"target\":[\"https:\/\/mercatfrutal.com\/producto\/pack-6-rollos-papel-higienico-doble-capa-bio\/\"]}]},{\"@type\":\"ImageObject\",\"inLanguage\":\"en-GB\",\"@id\":\"https:\/\/mercatfrutal.com\/producto\/pack-6-rollos-papel-higienico-doble-capa-bio\/#primaryimage\",\"url\":\"https:\/\/mercatfrutal.com\/wp-content\/uploads\/2025\/09\/Pack-6-Rollos-Papel-Higienico-Doble-Capa-BIO.webp\",\"contentUrl\":\"https:\/\/mercatfrutal.com\/wp-content\/uploads\/2025\/09\/Pack-6-Rollos-Papel-Higienico-Doble-Capa-BIO.webp\",\"width\":800,\"height\":800,\"caption\":\"Pack 6 Rollos Papel Higi\u00e9nico Doble Capa BIO\"},{\"@type\":\"BreadcrumbList\",\"@id\":\"https:\/\/mercatfrutal.com\/producto\/pack-6-rollos-papel-higienico-doble-capa-bio\/#breadcrumb\",\"itemListElement\":[{\"@type\":\"ListItem\",\"position\":1,\"name\":\"Portada\",\"item\":\"https:\/\/mercatfrutal.com\/\"},{\"@type\":\"ListItem\",\"position\":2,\"name\":\"Tienda\",\"item\":\"https:\/\/mercatfrutal.com\/tienda\/\"},{\"@type\":\"ListItem\",\"position\":3,\"name\":\"Pack 6 Rollos Papel Higi\u00e9nico Doble Capa BIO\"}]},{\"@type\":\"WebSite\",\"@id\":\"https:\/\/mercatfrutal.com\/#website\",\"url\":\"https:\/\/mercatfrutal.com\/\",\"name\":\"Mercat Frutal\",\"description\":\"\",\"publisher\":{\"@id\":\"https:\/\/mercatfrutal.com\/#organization\"},\"alternateName\":\"Mercat Frutal\",\"potentialAction\":[{\"@type\":\"SearchAction\",\"target\":{\"@type\":\"EntryPoint\",\"urlTemplate\":\"https:\/\/mercatfrutal.com\/?s={search_term_string}\"},\"query-input\":{\"@type\":\"PropertyValueSpecification\",\"valueRequired\":true,\"valueName\":\"search_term_string\"}}],\"inLanguage\":\"en-GB\"},{\"@type\":\"Organization\",\"@id\":\"https:\/\/mercatfrutal.com\/#organization\",\"name\":\"Mercat Frutal\",\"url\":\"https:\/\/mercatfrutal.com\/\",\"logo\":{\"@type\":\"ImageObject\",\"inLanguage\":\"en-GB\",\"@id\":\"https:\/\/mercatfrutal.com\/#\/schema\/logo\/image\/\",\"url\":\"https:\/\/mercatfrutal.com\/wp-content\/uploads\/2024\/01\/LOGO-FRUTAL3.png\",\"contentUrl\":\"https:\/\/mercatfrutal.com\/wp-content\/uploads\/2024\/01\/LOGO-FRUTAL3.png\",\"width\":1024,\"height\":382,\"caption\":\"Mercat Frutal\"},\"image\":{\"@id\":\"https:\/\/mercatfrutal.com\/#\/schema\/logo\/image\/\"}}]}<\/script>\n<!-- \/ Yoast SEO plugin. -->","yoast_head_json":{"title":"Pack 6 Rollos Papel Higi\u00e9nico Doble Capa BIO - Mercat Frutal","robots":{"index":"index","follow":"follow","max-snippet":"max-snippet:-1","max-image-preview":"max-image-preview:large","max-video-preview":"max-video-preview:-1"},"canonical":"https:\/\/mercatfrutal.com\/en\/product\/pack-6-rollos-papel-higienico-doble-capa-bio\/","og_locale":"en_GB","og_type":"article","og_title":"Pack 6 Rollos Papel Higi\u00e9nico Doble Capa BIO - Mercat Frutal","og_description":"El papel higi\u00e9nico BIO est\u00e1 fabricado con materiales ecol\u00f3gicos y sostenibles, sin blanqueantes ni perfumes. Suave y resistente, es una opci\u00f3n respetuosa con tu piel y el medio ambiente.  Propiedades y beneficios del Papel Higi\u00e9nico BIO Elaborado sin cloro ni productos qu\u00edmicos agresivos. Biodegradable y compostable, reduce el impacto ambiental. Su suavidad natural lo hace ideal para pieles sensibles.  Usos del Papel Higi\u00e9nico BIO Apto para el uso diario en hogares comprometidos con la sostenibilidad. Compatible con sistemas s\u00e9pticos y perfecto para quienes buscan una opci\u00f3n ecol\u00f3gica y responsable.","og_url":"https:\/\/mercatfrutal.com\/en\/product\/pack-6-rollos-papel-higienico-doble-capa-bio\/","og_site_name":"Mercat Frutal","article_modified_time":"2026-03-04T09:06:27+00:00","og_image":[{"width":800,"height":800,"url":"https:\/\/mercatfrutal.com\/wp-content\/uploads\/2025\/09\/Pack-6-Rollos-Papel-Higienico-Doble-Capa-BIO.webp","type":"image\/webp"}],"twitter_card":"summary_large_image","twitter_misc":{"Estimated reading time":"1 minute"},"schema":{"@context":"https:\/\/schema.org","@graph":[{"@type":"WebPage","@id":"https:\/\/mercatfrutal.com\/producto\/pack-6-rollos-papel-higienico-doble-capa-bio\/","url":"https:\/\/mercatfrutal.com\/producto\/pack-6-rollos-papel-higienico-doble-capa-bio\/","name":"Pack 6 Rollos Papel Higi\u00e9nico Doble Capa BIO - Mercat Frutal","isPartOf":{"@id":"https:\/\/mercatfrutal.com\/#website"},"primaryImageOfPage":{"@id":"https:\/\/mercatfrutal.com\/producto\/pack-6-rollos-papel-higienico-doble-capa-bio\/#primaryimage"},"image":{"@id":"https:\/\/mercatfrutal.com\/producto\/pack-6-rollos-papel-higienico-doble-capa-bio\/#primaryimage"},"thumbnailUrl":"https:\/\/mercatfrutal.com\/wp-content\/uploads\/2025\/09\/Pack-6-Rollos-Papel-Higienico-Doble-Capa-BIO.webp","datePublished":"2024-02-19T11:30:26+00:00","dateModified":"2026-03-04T09:06:27+00:00","breadcrumb":{"@id":"https:\/\/mercatfrutal.com\/producto\/pack-6-rollos-papel-higienico-doble-capa-bio\/#breadcrumb"},"inLanguage":"en-GB","potentialAction":[{"@type":"ReadAction","target":["https:\/\/mercatfrutal.com\/producto\/pack-6-rollos-papel-higienico-doble-capa-bio\/"]}]},{"@type":"ImageObject","inLanguage":"en-GB","@id":"https:\/\/mercatfrutal.com\/producto\/pack-6-rollos-papel-higienico-doble-capa-bio\/#primaryimage","url":"https:\/\/mercatfrutal.com\/wp-content\/uploads\/2025\/09\/Pack-6-Rollos-Papel-Higienico-Doble-Capa-BIO.webp","contentUrl":"https:\/\/mercatfrutal.com\/wp-content\/uploads\/2025\/09\/Pack-6-Rollos-Papel-Higienico-Doble-Capa-BIO.webp","width":800,"height":800,"caption":"Pack 6 Rollos Papel Higi\u00e9nico Doble Capa BIO"},{"@type":"BreadcrumbList","@id":"https:\/\/mercatfrutal.com\/producto\/pack-6-rollos-papel-higienico-doble-capa-bio\/#breadcrumb","itemListElement":[{"@type":"ListItem","position":1,"name":"Portada","item":"https:\/\/mercatfrutal.com\/"},{"@type":"ListItem","position":2,"name":"Tienda","item":"https:\/\/mercatfrutal.com\/tienda\/"},{"@type":"ListItem","position":3,"name":"Pack 6 Rollos Papel Higi\u00e9nico Doble Capa BIO"}]},{"@type":"WebSite","@id":"https:\/\/mercatfrutal.com\/#website","url":"https:\/\/mercatfrutal.com\/","name":"Mercat Frutal","description":"","publisher":{"@id":"https:\/\/mercatfrutal.com\/#organization"},"alternateName":"Mercat Frutal","potentialAction":[{"@type":"SearchAction","target":{"@type":"EntryPoint","urlTemplate":"https:\/\/mercatfrutal.com\/?s={search_term_string}"},"query-input":{"@type":"PropertyValueSpecification","valueRequired":true,"valueName":"search_term_string"}}],"inLanguage":"en-GB"},{"@type":"Organization","@id":"https:\/\/mercatfrutal.com\/#organization","name":"Mercat Frutal","url":"https:\/\/mercatfrutal.com\/","logo":{"@type":"ImageObject","inLanguage":"en-GB","@id":"https:\/\/mercatfrutal.com\/#\/schema\/logo\/image\/","url":"https:\/\/mercatfrutal.com\/wp-content\/uploads\/2024\/01\/LOGO-FRUTAL3.png","contentUrl":"https:\/\/mercatfrutal.com\/wp-content\/uploads\/2024\/01\/LOGO-FRUTAL3.png","width":1024,"height":382,"caption":"Mercat Frutal"},"image":{"@id":"https:\/\/mercatfrutal.com\/#\/schema\/logo\/image\/"}}]}},"jetpack_sharing_enabled":true,"_links":{"self":[{"href":"https:\/\/mercatfrutal.com\/en\/wp-json\/wp\/v2\/product\/838","targetHints":{"allow":["GET"]}}],"collection":[{"href":"https:\/\/mercatfrutal.com\/en\/wp-json\/wp\/v2\/product"}],"about":[{"href":"https:\/\/mercatfrutal.com\/en\/wp-json\/wp\/v2\/types\/product"}],"replies":[{"embeddable":true,"href":"https:\/\/mercatfrutal.com\/en\/wp-json\/wp\/v2\/comments?post=838"}],"wp:featuredmedia":[{"embeddable":true,"href":"https:\/\/mercatfrutal.com\/en\/wp-json\/wp\/v2\/media\/9906"}],"wp:attachment":[{"href":"https:\/\/mercatfrutal.com\/en\/wp-json\/wp\/v2\/media?parent=838"}],"wp:term":[{"taxonomy":"product_brand","embeddable":true,"href":"https:\/\/mercatfrutal.com\/en\/wp-json\/wp\/v2\/product_brand?post=838"},{"taxonomy":"product_cat","embeddable":true,"href":"https:\/\/mercatfrutal.com\/en\/wp-json\/wp\/v2\/product_cat?post=838"},{"taxonomy":"product_tag","embeddable":true,"href":"https:\/\/mercatfrutal.com\/en\/wp-json\/wp\/v2\/product_tag?post=838"}],"curies":[{"name":"wp","href":"https:\/\/api.w.org\/{rel}","templated":true}]}}