{"id":840,"date":"2024-02-19T12:36:19","date_gmt":"2024-02-19T11:36:19","guid":{"rendered":"https:\/\/mercatfrutal.com\/producto\/bebida-avena-1l-bio\/"},"modified":"2026-04-15T15:34:46","modified_gmt":"2026-04-15T13:34:46","slug":"bebida-avena-1l-bio","status":"publish","type":"product","link":"https:\/\/mercatfrutal.com\/en\/product\/bebida-avena-1l-bio\/","title":{"rendered":"Organic Oat Drink 1L"},"content":{"rendered":"","protected":false},"excerpt":{"rendered":"<p><span style=\"font-weight: 400\">Organic Oat Drink 1L is a delicious plant-based, organic, and naturally sweet alternative, perfect for everyday use.<\/span><\/p>\n<h2><b>Main Benefits of Organic Oat Drink 1L<\/b><\/h2>\n<p><span style=\"font-weight: 400\">Thanks to its fiber, beta-glucans, and complex carbohydrates, it supports healthy digestion, provides prolonged energy, and overall well-being.<\/span><\/p>\n<h2><b>Characteristics and Flavor<\/b><\/h2>\n<p><span style=\"font-weight: 400\">With a creamy texture and smooth flavor with a natural sweet touch, it\u2019s perfect to enjoy at any time of the day.<\/span><\/p>\n<h2><b>Ways to consume<\/b><\/h2>\n<p><span style=\"font-weight: 400\">Ideal to drink on its own, accompany cereals, mix with coffee, or use in baking and healthy cooking.<\/span><\/p>","protected":false},"featured_media":9918,"comment_status":"open","ping_status":"closed","template":"","meta":{"content-type":""},"product_brand":[],"product_cat":[217],"product_tag":[],"class_list":{"0":"post-840","1":"product","2":"type-product","3":"status-publish","4":"has-post-thumbnail","6":"product_cat-bebidas-vegetales","7":"has-subscription-plans","9":"first","10":"instock","11":"taxable","12":"shipping-taxable","13":"purchasable","14":"product-type-simple"},"bundled_by":[],"bundle_stock_status":"instock","bundle_stock_quantity":5,"bundle_virtual":false,"bundle_layout":"","bundle_add_to_cart_form_location":"","bundle_editable_in_cart":false,"bundle_sold_individually_context":"","bundle_item_grouping":"","bundle_min_size":"","bundle_max_size":"","bundle_price":[],"bundled_items":[],"bundle_sell_ids":[],"yoast_head":"<!-- This site is optimized with the Yoast SEO plugin v27.2 - https:\/\/yoast.com\/product\/yoast-seo-wordpress\/ -->\n<title>Bebida Avena 1L BIO - Mercat Frutal<\/title>\n<meta name=\"robots\" content=\"index, follow, max-snippet:-1, max-image-preview:large, max-video-preview:-1\" \/>\n<link rel=\"canonical\" href=\"https:\/\/mercatfrutal.com\/en\/product\/bebida-avena-1l-bio\/\" \/>\n<meta property=\"og:locale\" content=\"en_GB\" \/>\n<meta property=\"og:type\" content=\"article\" \/>\n<meta property=\"og:title\" content=\"Bebida Avena 1L BIO - Mercat Frutal\" \/>\n<meta property=\"og:description\" content=\"La Bebida de Avena 1L BIO es una deliciosa alternativa vegetal, ecol\u00f3gica y naturalmente dulce, perfecta para tu d\u00eda a d\u00eda. Beneficios principales Bebida de Avena 1L BIO Gracias a su contenido en fibra, betaglucanos y carbohidratos complejos, la Bebida de Avena contribuye a una digesti\u00f3n saludable, aporta energ\u00eda prolongada y bienestar general. Caracter\u00edsticas y sabor De textura cremosa y sabor suave con un toque dulce natural, la Bebida de Avena 1L BIO es perfecta para disfrutar en cualquier momento del d\u00eda. Formas de consumo Ideal para tomar sola, acompa\u00f1ar cereales, mezclar con caf\u00e9 o utilizar en reposter\u00eda y cocina saludable.\" \/>\n<meta property=\"og:url\" content=\"https:\/\/mercatfrutal.com\/en\/product\/bebida-avena-1l-bio\/\" \/>\n<meta property=\"og:site_name\" content=\"Mercat Frutal\" \/>\n<meta property=\"article:modified_time\" content=\"2026-04-15T13:34:46+00:00\" \/>\n<meta property=\"og:image\" content=\"https:\/\/mercatfrutal.com\/wp-content\/uploads\/2025\/09\/Bebida-Avena-1L-BIO.webp\" \/>\n\t<meta property=\"og:image:width\" content=\"800\" \/>\n\t<meta property=\"og:image:height\" content=\"800\" \/>\n\t<meta property=\"og:image:type\" content=\"image\/webp\" \/>\n<meta name=\"twitter:card\" content=\"summary_large_image\" \/>\n<meta name=\"twitter:label1\" content=\"Estimated reading time\" \/>\n\t<meta name=\"twitter:data1\" content=\"1 minute\" \/>\n<script type=\"application\/ld+json\" class=\"yoast-schema-graph\">{\"@context\":\"https:\/\/schema.org\",\"@graph\":[{\"@type\":\"WebPage\",\"@id\":\"https:\/\/mercatfrutal.com\/producto\/bebida-avena-1l-bio\/\",\"url\":\"https:\/\/mercatfrutal.com\/producto\/bebida-avena-1l-bio\/\",\"name\":\"Bebida Avena 1L BIO - Mercat Frutal\",\"isPartOf\":{\"@id\":\"https:\/\/mercatfrutal.com\/#website\"},\"primaryImageOfPage\":{\"@id\":\"https:\/\/mercatfrutal.com\/producto\/bebida-avena-1l-bio\/#primaryimage\"},\"image\":{\"@id\":\"https:\/\/mercatfrutal.com\/producto\/bebida-avena-1l-bio\/#primaryimage\"},\"thumbnailUrl\":\"https:\/\/mercatfrutal.com\/wp-content\/uploads\/2025\/09\/Bebida-Avena-1L-BIO.webp\",\"datePublished\":\"2024-02-19T11:36:19+00:00\",\"dateModified\":\"2026-04-15T13:34:46+00:00\",\"breadcrumb\":{\"@id\":\"https:\/\/mercatfrutal.com\/producto\/bebida-avena-1l-bio\/#breadcrumb\"},\"inLanguage\":\"en-GB\",\"potentialAction\":[{\"@type\":\"ReadAction\",\"target\":[\"https:\/\/mercatfrutal.com\/producto\/bebida-avena-1l-bio\/\"]}]},{\"@type\":\"ImageObject\",\"inLanguage\":\"en-GB\",\"@id\":\"https:\/\/mercatfrutal.com\/producto\/bebida-avena-1l-bio\/#primaryimage\",\"url\":\"https:\/\/mercatfrutal.com\/wp-content\/uploads\/2025\/09\/Bebida-Avena-1L-BIO.webp\",\"contentUrl\":\"https:\/\/mercatfrutal.com\/wp-content\/uploads\/2025\/09\/Bebida-Avena-1L-BIO.webp\",\"width\":800,\"height\":800,\"caption\":\"Bebida Avena 1L BIO\"},{\"@type\":\"BreadcrumbList\",\"@id\":\"https:\/\/mercatfrutal.com\/producto\/bebida-avena-1l-bio\/#breadcrumb\",\"itemListElement\":[{\"@type\":\"ListItem\",\"position\":1,\"name\":\"Portada\",\"item\":\"https:\/\/mercatfrutal.com\/\"},{\"@type\":\"ListItem\",\"position\":2,\"name\":\"Tienda\",\"item\":\"https:\/\/mercatfrutal.com\/tienda\/\"},{\"@type\":\"ListItem\",\"position\":3,\"name\":\"Bebida Avena 1L BIO\"}]},{\"@type\":\"WebSite\",\"@id\":\"https:\/\/mercatfrutal.com\/#website\",\"url\":\"https:\/\/mercatfrutal.com\/\",\"name\":\"Mercat Frutal\",\"description\":\"\",\"publisher\":{\"@id\":\"https:\/\/mercatfrutal.com\/#organization\"},\"alternateName\":\"Mercat Frutal\",\"potentialAction\":[{\"@type\":\"SearchAction\",\"target\":{\"@type\":\"EntryPoint\",\"urlTemplate\":\"https:\/\/mercatfrutal.com\/?s={search_term_string}\"},\"query-input\":{\"@type\":\"PropertyValueSpecification\",\"valueRequired\":true,\"valueName\":\"search_term_string\"}}],\"inLanguage\":\"en-GB\"},{\"@type\":\"Organization\",\"@id\":\"https:\/\/mercatfrutal.com\/#organization\",\"name\":\"Mercat Frutal\",\"url\":\"https:\/\/mercatfrutal.com\/\",\"logo\":{\"@type\":\"ImageObject\",\"inLanguage\":\"en-GB\",\"@id\":\"https:\/\/mercatfrutal.com\/#\/schema\/logo\/image\/\",\"url\":\"https:\/\/mercatfrutal.com\/wp-content\/uploads\/2024\/01\/LOGO-FRUTAL3.png\",\"contentUrl\":\"https:\/\/mercatfrutal.com\/wp-content\/uploads\/2024\/01\/LOGO-FRUTAL3.png\",\"width\":1024,\"height\":382,\"caption\":\"Mercat Frutal\"},\"image\":{\"@id\":\"https:\/\/mercatfrutal.com\/#\/schema\/logo\/image\/\"}}]}<\/script>\n<!-- \/ Yoast SEO plugin. -->","yoast_head_json":{"title":"Bebida Avena 1L BIO - Mercat Frutal","robots":{"index":"index","follow":"follow","max-snippet":"max-snippet:-1","max-image-preview":"max-image-preview:large","max-video-preview":"max-video-preview:-1"},"canonical":"https:\/\/mercatfrutal.com\/en\/product\/bebida-avena-1l-bio\/","og_locale":"en_GB","og_type":"article","og_title":"Bebida Avena 1L BIO - Mercat Frutal","og_description":"La Bebida de Avena 1L BIO es una deliciosa alternativa vegetal, ecol\u00f3gica y naturalmente dulce, perfecta para tu d\u00eda a d\u00eda. Beneficios principales Bebida de Avena 1L BIO Gracias a su contenido en fibra, betaglucanos y carbohidratos complejos, la Bebida de Avena contribuye a una digesti\u00f3n saludable, aporta energ\u00eda prolongada y bienestar general. Caracter\u00edsticas y sabor De textura cremosa y sabor suave con un toque dulce natural, la Bebida de Avena 1L BIO es perfecta para disfrutar en cualquier momento del d\u00eda. Formas de consumo Ideal para tomar sola, acompa\u00f1ar cereales, mezclar con caf\u00e9 o utilizar en reposter\u00eda y cocina saludable.","og_url":"https:\/\/mercatfrutal.com\/en\/product\/bebida-avena-1l-bio\/","og_site_name":"Mercat Frutal","article_modified_time":"2026-04-15T13:34:46+00:00","og_image":[{"width":800,"height":800,"url":"https:\/\/mercatfrutal.com\/wp-content\/uploads\/2025\/09\/Bebida-Avena-1L-BIO.webp","type":"image\/webp"}],"twitter_card":"summary_large_image","twitter_misc":{"Estimated reading time":"1 minute"},"schema":{"@context":"https:\/\/schema.org","@graph":[{"@type":"WebPage","@id":"https:\/\/mercatfrutal.com\/producto\/bebida-avena-1l-bio\/","url":"https:\/\/mercatfrutal.com\/producto\/bebida-avena-1l-bio\/","name":"Bebida Avena 1L BIO - Mercat Frutal","isPartOf":{"@id":"https:\/\/mercatfrutal.com\/#website"},"primaryImageOfPage":{"@id":"https:\/\/mercatfrutal.com\/producto\/bebida-avena-1l-bio\/#primaryimage"},"image":{"@id":"https:\/\/mercatfrutal.com\/producto\/bebida-avena-1l-bio\/#primaryimage"},"thumbnailUrl":"https:\/\/mercatfrutal.com\/wp-content\/uploads\/2025\/09\/Bebida-Avena-1L-BIO.webp","datePublished":"2024-02-19T11:36:19+00:00","dateModified":"2026-04-15T13:34:46+00:00","breadcrumb":{"@id":"https:\/\/mercatfrutal.com\/producto\/bebida-avena-1l-bio\/#breadcrumb"},"inLanguage":"en-GB","potentialAction":[{"@type":"ReadAction","target":["https:\/\/mercatfrutal.com\/producto\/bebida-avena-1l-bio\/"]}]},{"@type":"ImageObject","inLanguage":"en-GB","@id":"https:\/\/mercatfrutal.com\/producto\/bebida-avena-1l-bio\/#primaryimage","url":"https:\/\/mercatfrutal.com\/wp-content\/uploads\/2025\/09\/Bebida-Avena-1L-BIO.webp","contentUrl":"https:\/\/mercatfrutal.com\/wp-content\/uploads\/2025\/09\/Bebida-Avena-1L-BIO.webp","width":800,"height":800,"caption":"Bebida Avena 1L BIO"},{"@type":"BreadcrumbList","@id":"https:\/\/mercatfrutal.com\/producto\/bebida-avena-1l-bio\/#breadcrumb","itemListElement":[{"@type":"ListItem","position":1,"name":"Portada","item":"https:\/\/mercatfrutal.com\/"},{"@type":"ListItem","position":2,"name":"Tienda","item":"https:\/\/mercatfrutal.com\/tienda\/"},{"@type":"ListItem","position":3,"name":"Bebida Avena 1L BIO"}]},{"@type":"WebSite","@id":"https:\/\/mercatfrutal.com\/#website","url":"https:\/\/mercatfrutal.com\/","name":"Mercat Frutal","description":"","publisher":{"@id":"https:\/\/mercatfrutal.com\/#organization"},"alternateName":"Mercat Frutal","potentialAction":[{"@type":"SearchAction","target":{"@type":"EntryPoint","urlTemplate":"https:\/\/mercatfrutal.com\/?s={search_term_string}"},"query-input":{"@type":"PropertyValueSpecification","valueRequired":true,"valueName":"search_term_string"}}],"inLanguage":"en-GB"},{"@type":"Organization","@id":"https:\/\/mercatfrutal.com\/#organization","name":"Mercat Frutal","url":"https:\/\/mercatfrutal.com\/","logo":{"@type":"ImageObject","inLanguage":"en-GB","@id":"https:\/\/mercatfrutal.com\/#\/schema\/logo\/image\/","url":"https:\/\/mercatfrutal.com\/wp-content\/uploads\/2024\/01\/LOGO-FRUTAL3.png","contentUrl":"https:\/\/mercatfrutal.com\/wp-content\/uploads\/2024\/01\/LOGO-FRUTAL3.png","width":1024,"height":382,"caption":"Mercat Frutal"},"image":{"@id":"https:\/\/mercatfrutal.com\/#\/schema\/logo\/image\/"}}]}},"jetpack_sharing_enabled":true,"_links":{"self":[{"href":"https:\/\/mercatfrutal.com\/en\/wp-json\/wp\/v2\/product\/840","targetHints":{"allow":["GET"]}}],"collection":[{"href":"https:\/\/mercatfrutal.com\/en\/wp-json\/wp\/v2\/product"}],"about":[{"href":"https:\/\/mercatfrutal.com\/en\/wp-json\/wp\/v2\/types\/product"}],"replies":[{"embeddable":true,"href":"https:\/\/mercatfrutal.com\/en\/wp-json\/wp\/v2\/comments?post=840"}],"wp:featuredmedia":[{"embeddable":true,"href":"https:\/\/mercatfrutal.com\/en\/wp-json\/wp\/v2\/media\/9918"}],"wp:attachment":[{"href":"https:\/\/mercatfrutal.com\/en\/wp-json\/wp\/v2\/media?parent=840"}],"wp:term":[{"taxonomy":"product_brand","embeddable":true,"href":"https:\/\/mercatfrutal.com\/en\/wp-json\/wp\/v2\/product_brand?post=840"},{"taxonomy":"product_cat","embeddable":true,"href":"https:\/\/mercatfrutal.com\/en\/wp-json\/wp\/v2\/product_cat?post=840"},{"taxonomy":"product_tag","embeddable":true,"href":"https:\/\/mercatfrutal.com\/en\/wp-json\/wp\/v2\/product_tag?post=840"}],"curies":[{"name":"wp","href":"https:\/\/api.w.org\/{rel}","templated":true}]}}