{"id":847,"date":"2024-02-19T12:36:39","date_gmt":"2024-02-19T11:36:39","guid":{"rendered":"https:\/\/mercatfrutal.com\/producto\/bebida-avena-barista-1l-bio-2\/"},"modified":"2026-03-04T14:45:23","modified_gmt":"2026-03-04T13:45:23","slug":"bebida-avena-barista-1l-isola-bio","status":"publish","type":"product","link":"https:\/\/mercatfrutal.com\/en\/product\/bebida-avena-barista-1l-isola-bio\/","title":{"rendered":"Bebida Avena Barista 1L Isola BIO"},"content":{"rendered":"","protected":false},"excerpt":{"rendered":"<p><span style=\"font-weight: 400\">Dise\u00f1ada especialmente para espumar, la Bebida de Avena Barista 1L BIO Isola es la opci\u00f3n ecol\u00f3gica ideal para amantes del caf\u00e9 con leche vegetal.<\/span><\/p>\n<h2><b>Beneficios principales Bebida de Avena Barista 1L BIO Isola<\/b><\/h2>\n<p><span style=\"font-weight: 400\">Tiene un equilibrio entre prote\u00ednas vegetales y grasas saludables, la Bebida de Avena Barista favorece la energ\u00eda constante, contribuye al bienestar digestivo y mejora la experiencia en bebidas calientes.<\/span><\/p>\n<h2><b>Characteristics and Flavor<\/b><\/h2>\n<p><span style=\"font-weight: 400\">De textura cremosa y sabor suave, la Bebida de Avena Barista 1L BIO Isola es perfecta para crear una espuma sedosa y deliciosa en tu caf\u00e9 o matcha favorito.<\/span><\/p>\n<h2><b>Ways to consume<\/b><\/h2>\n<p><span style=\"font-weight: 400\">Ideal for baristas and coffee lovers, perfect for lattes, cappuccinos, or as a base for hot drinks.<\/span><\/p>","protected":false},"featured_media":9913,"comment_status":"open","ping_status":"closed","template":"","meta":{"content-type":""},"product_brand":[],"product_cat":[217],"product_tag":[],"class_list":{"0":"post-847","1":"product","2":"type-product","3":"status-publish","4":"has-post-thumbnail","6":"product_cat-bebidas-vegetales","7":"has-subscription-plans","9":"first","10":"instock","11":"taxable","12":"shipping-taxable","13":"purchasable","14":"product-type-simple"},"bundled_by":[],"bundle_stock_status":"instock","bundle_stock_quantity":1,"bundle_virtual":false,"bundle_layout":"","bundle_add_to_cart_form_location":"","bundle_editable_in_cart":false,"bundle_sold_individually_context":"","bundle_item_grouping":"","bundle_min_size":"","bundle_max_size":"","bundle_price":[],"bundled_items":[],"bundle_sell_ids":[],"yoast_head":"<!-- This site is optimized with the Yoast SEO plugin v27.2 - https:\/\/yoast.com\/product\/yoast-seo-wordpress\/ -->\n<title>Bebida Avena Barista 1L Isola BIO - Mercat Frutal<\/title>\n<meta name=\"robots\" content=\"index, follow, max-snippet:-1, max-image-preview:large, max-video-preview:-1\" \/>\n<link rel=\"canonical\" href=\"https:\/\/mercatfrutal.com\/en\/product\/bebida-avena-barista-1l-isola-bio\/\" \/>\n<meta property=\"og:locale\" content=\"en_GB\" \/>\n<meta property=\"og:type\" content=\"article\" \/>\n<meta property=\"og:title\" content=\"Bebida Avena Barista 1L Isola BIO - Mercat Frutal\" \/>\n<meta property=\"og:description\" content=\"Dise\u00f1ada especialmente para espumar, la Bebida de Avena Barista 1L BIO Isola es la opci\u00f3n ecol\u00f3gica ideal para amantes del caf\u00e9 con leche vegetal. Beneficios principales Bebida de Avena Barista 1L BIO Isola Tiene un equilibrio entre prote\u00ednas vegetales y grasas saludables, la Bebida de Avena Barista favorece la energ\u00eda constante, contribuye al bienestar digestivo y mejora la experiencia en bebidas calientes. Caracter\u00edsticas y sabor De textura cremosa y sabor suave, la Bebida de Avena Barista 1L BIO Isola es perfecta para crear una espuma sedosa y deliciosa en tu caf\u00e9 o matcha favorito. Formas de consumo Ideal para baristas y aficionados al caf\u00e9, perfecta para lattes, cappuccinos o como base en bebidas calientes.\" \/>\n<meta property=\"og:url\" content=\"https:\/\/mercatfrutal.com\/en\/product\/bebida-avena-barista-1l-isola-bio\/\" \/>\n<meta property=\"og:site_name\" content=\"Mercat Frutal\" \/>\n<meta property=\"article:modified_time\" content=\"2026-03-04T13:45:23+00:00\" \/>\n<meta property=\"og:image\" content=\"https:\/\/mercatfrutal.com\/wp-content\/uploads\/2025\/09\/Bebida-Avena-Barista-1L-Iso.-BIO.webp\" \/>\n\t<meta property=\"og:image:width\" content=\"800\" \/>\n\t<meta property=\"og:image:height\" content=\"800\" \/>\n\t<meta property=\"og:image:type\" content=\"image\/webp\" \/>\n<meta name=\"twitter:card\" content=\"summary_large_image\" \/>\n<meta name=\"twitter:label1\" content=\"Estimated reading time\" \/>\n\t<meta name=\"twitter:data1\" content=\"1 minute\" \/>\n<script type=\"application\/ld+json\" class=\"yoast-schema-graph\">{\"@context\":\"https:\/\/schema.org\",\"@graph\":[{\"@type\":\"WebPage\",\"@id\":\"https:\/\/mercatfrutal.com\/producto\/bebida-avena-barista-1l-isola-bio\/\",\"url\":\"https:\/\/mercatfrutal.com\/producto\/bebida-avena-barista-1l-isola-bio\/\",\"name\":\"Bebida Avena Barista 1L Isola BIO - Mercat Frutal\",\"isPartOf\":{\"@id\":\"https:\/\/mercatfrutal.com\/#website\"},\"primaryImageOfPage\":{\"@id\":\"https:\/\/mercatfrutal.com\/producto\/bebida-avena-barista-1l-isola-bio\/#primaryimage\"},\"image\":{\"@id\":\"https:\/\/mercatfrutal.com\/producto\/bebida-avena-barista-1l-isola-bio\/#primaryimage\"},\"thumbnailUrl\":\"https:\/\/mercatfrutal.com\/wp-content\/uploads\/2025\/09\/Bebida-Avena-Barista-1L-Iso.-BIO.webp\",\"datePublished\":\"2024-02-19T11:36:39+00:00\",\"dateModified\":\"2026-03-04T13:45:23+00:00\",\"breadcrumb\":{\"@id\":\"https:\/\/mercatfrutal.com\/producto\/bebida-avena-barista-1l-isola-bio\/#breadcrumb\"},\"inLanguage\":\"en-GB\",\"potentialAction\":[{\"@type\":\"ReadAction\",\"target\":[\"https:\/\/mercatfrutal.com\/producto\/bebida-avena-barista-1l-isola-bio\/\"]}]},{\"@type\":\"ImageObject\",\"inLanguage\":\"en-GB\",\"@id\":\"https:\/\/mercatfrutal.com\/producto\/bebida-avena-barista-1l-isola-bio\/#primaryimage\",\"url\":\"https:\/\/mercatfrutal.com\/wp-content\/uploads\/2025\/09\/Bebida-Avena-Barista-1L-Iso.-BIO.webp\",\"contentUrl\":\"https:\/\/mercatfrutal.com\/wp-content\/uploads\/2025\/09\/Bebida-Avena-Barista-1L-Iso.-BIO.webp\",\"width\":800,\"height\":800,\"caption\":\"Bebida Avena Barista 1L Isola BIO\"},{\"@type\":\"BreadcrumbList\",\"@id\":\"https:\/\/mercatfrutal.com\/producto\/bebida-avena-barista-1l-isola-bio\/#breadcrumb\",\"itemListElement\":[{\"@type\":\"ListItem\",\"position\":1,\"name\":\"Portada\",\"item\":\"https:\/\/mercatfrutal.com\/\"},{\"@type\":\"ListItem\",\"position\":2,\"name\":\"Tienda\",\"item\":\"https:\/\/mercatfrutal.com\/tienda\/\"},{\"@type\":\"ListItem\",\"position\":3,\"name\":\"Bebida Avena Barista 1L Isola BIO\"}]},{\"@type\":\"WebSite\",\"@id\":\"https:\/\/mercatfrutal.com\/#website\",\"url\":\"https:\/\/mercatfrutal.com\/\",\"name\":\"Mercat Frutal\",\"description\":\"\",\"publisher\":{\"@id\":\"https:\/\/mercatfrutal.com\/#organization\"},\"alternateName\":\"Mercat Frutal\",\"potentialAction\":[{\"@type\":\"SearchAction\",\"target\":{\"@type\":\"EntryPoint\",\"urlTemplate\":\"https:\/\/mercatfrutal.com\/?s={search_term_string}\"},\"query-input\":{\"@type\":\"PropertyValueSpecification\",\"valueRequired\":true,\"valueName\":\"search_term_string\"}}],\"inLanguage\":\"en-GB\"},{\"@type\":\"Organization\",\"@id\":\"https:\/\/mercatfrutal.com\/#organization\",\"name\":\"Mercat Frutal\",\"url\":\"https:\/\/mercatfrutal.com\/\",\"logo\":{\"@type\":\"ImageObject\",\"inLanguage\":\"en-GB\",\"@id\":\"https:\/\/mercatfrutal.com\/#\/schema\/logo\/image\/\",\"url\":\"https:\/\/mercatfrutal.com\/wp-content\/uploads\/2024\/01\/LOGO-FRUTAL3.png\",\"contentUrl\":\"https:\/\/mercatfrutal.com\/wp-content\/uploads\/2024\/01\/LOGO-FRUTAL3.png\",\"width\":1024,\"height\":382,\"caption\":\"Mercat Frutal\"},\"image\":{\"@id\":\"https:\/\/mercatfrutal.com\/#\/schema\/logo\/image\/\"}}]}<\/script>\n<!-- \/ Yoast SEO plugin. -->","yoast_head_json":{"title":"Bebida Avena Barista 1L Isola BIO - Mercat Frutal","robots":{"index":"index","follow":"follow","max-snippet":"max-snippet:-1","max-image-preview":"max-image-preview:large","max-video-preview":"max-video-preview:-1"},"canonical":"https:\/\/mercatfrutal.com\/en\/product\/bebida-avena-barista-1l-isola-bio\/","og_locale":"en_GB","og_type":"article","og_title":"Bebida Avena Barista 1L Isola BIO - Mercat Frutal","og_description":"Dise\u00f1ada especialmente para espumar, la Bebida de Avena Barista 1L BIO Isola es la opci\u00f3n ecol\u00f3gica ideal para amantes del caf\u00e9 con leche vegetal. Beneficios principales Bebida de Avena Barista 1L BIO Isola Tiene un equilibrio entre prote\u00ednas vegetales y grasas saludables, la Bebida de Avena Barista favorece la energ\u00eda constante, contribuye al bienestar digestivo y mejora la experiencia en bebidas calientes. Caracter\u00edsticas y sabor De textura cremosa y sabor suave, la Bebida de Avena Barista 1L BIO Isola es perfecta para crear una espuma sedosa y deliciosa en tu caf\u00e9 o matcha favorito. Formas de consumo Ideal para baristas y aficionados al caf\u00e9, perfecta para lattes, cappuccinos o como base en bebidas calientes.","og_url":"https:\/\/mercatfrutal.com\/en\/product\/bebida-avena-barista-1l-isola-bio\/","og_site_name":"Mercat Frutal","article_modified_time":"2026-03-04T13:45:23+00:00","og_image":[{"width":800,"height":800,"url":"https:\/\/mercatfrutal.com\/wp-content\/uploads\/2025\/09\/Bebida-Avena-Barista-1L-Iso.-BIO.webp","type":"image\/webp"}],"twitter_card":"summary_large_image","twitter_misc":{"Estimated reading time":"1 minute"},"schema":{"@context":"https:\/\/schema.org","@graph":[{"@type":"WebPage","@id":"https:\/\/mercatfrutal.com\/producto\/bebida-avena-barista-1l-isola-bio\/","url":"https:\/\/mercatfrutal.com\/producto\/bebida-avena-barista-1l-isola-bio\/","name":"Bebida Avena Barista 1L Isola BIO - Mercat Frutal","isPartOf":{"@id":"https:\/\/mercatfrutal.com\/#website"},"primaryImageOfPage":{"@id":"https:\/\/mercatfrutal.com\/producto\/bebida-avena-barista-1l-isola-bio\/#primaryimage"},"image":{"@id":"https:\/\/mercatfrutal.com\/producto\/bebida-avena-barista-1l-isola-bio\/#primaryimage"},"thumbnailUrl":"https:\/\/mercatfrutal.com\/wp-content\/uploads\/2025\/09\/Bebida-Avena-Barista-1L-Iso.-BIO.webp","datePublished":"2024-02-19T11:36:39+00:00","dateModified":"2026-03-04T13:45:23+00:00","breadcrumb":{"@id":"https:\/\/mercatfrutal.com\/producto\/bebida-avena-barista-1l-isola-bio\/#breadcrumb"},"inLanguage":"en-GB","potentialAction":[{"@type":"ReadAction","target":["https:\/\/mercatfrutal.com\/producto\/bebida-avena-barista-1l-isola-bio\/"]}]},{"@type":"ImageObject","inLanguage":"en-GB","@id":"https:\/\/mercatfrutal.com\/producto\/bebida-avena-barista-1l-isola-bio\/#primaryimage","url":"https:\/\/mercatfrutal.com\/wp-content\/uploads\/2025\/09\/Bebida-Avena-Barista-1L-Iso.-BIO.webp","contentUrl":"https:\/\/mercatfrutal.com\/wp-content\/uploads\/2025\/09\/Bebida-Avena-Barista-1L-Iso.-BIO.webp","width":800,"height":800,"caption":"Bebida Avena Barista 1L Isola BIO"},{"@type":"BreadcrumbList","@id":"https:\/\/mercatfrutal.com\/producto\/bebida-avena-barista-1l-isola-bio\/#breadcrumb","itemListElement":[{"@type":"ListItem","position":1,"name":"Portada","item":"https:\/\/mercatfrutal.com\/"},{"@type":"ListItem","position":2,"name":"Tienda","item":"https:\/\/mercatfrutal.com\/tienda\/"},{"@type":"ListItem","position":3,"name":"Bebida Avena Barista 1L Isola BIO"}]},{"@type":"WebSite","@id":"https:\/\/mercatfrutal.com\/#website","url":"https:\/\/mercatfrutal.com\/","name":"Mercat Frutal","description":"","publisher":{"@id":"https:\/\/mercatfrutal.com\/#organization"},"alternateName":"Mercat Frutal","potentialAction":[{"@type":"SearchAction","target":{"@type":"EntryPoint","urlTemplate":"https:\/\/mercatfrutal.com\/?s={search_term_string}"},"query-input":{"@type":"PropertyValueSpecification","valueRequired":true,"valueName":"search_term_string"}}],"inLanguage":"en-GB"},{"@type":"Organization","@id":"https:\/\/mercatfrutal.com\/#organization","name":"Mercat Frutal","url":"https:\/\/mercatfrutal.com\/","logo":{"@type":"ImageObject","inLanguage":"en-GB","@id":"https:\/\/mercatfrutal.com\/#\/schema\/logo\/image\/","url":"https:\/\/mercatfrutal.com\/wp-content\/uploads\/2024\/01\/LOGO-FRUTAL3.png","contentUrl":"https:\/\/mercatfrutal.com\/wp-content\/uploads\/2024\/01\/LOGO-FRUTAL3.png","width":1024,"height":382,"caption":"Mercat Frutal"},"image":{"@id":"https:\/\/mercatfrutal.com\/#\/schema\/logo\/image\/"}}]}},"jetpack_sharing_enabled":true,"_links":{"self":[{"href":"https:\/\/mercatfrutal.com\/en\/wp-json\/wp\/v2\/product\/847","targetHints":{"allow":["GET"]}}],"collection":[{"href":"https:\/\/mercatfrutal.com\/en\/wp-json\/wp\/v2\/product"}],"about":[{"href":"https:\/\/mercatfrutal.com\/en\/wp-json\/wp\/v2\/types\/product"}],"replies":[{"embeddable":true,"href":"https:\/\/mercatfrutal.com\/en\/wp-json\/wp\/v2\/comments?post=847"}],"wp:featuredmedia":[{"embeddable":true,"href":"https:\/\/mercatfrutal.com\/en\/wp-json\/wp\/v2\/media\/9913"}],"wp:attachment":[{"href":"https:\/\/mercatfrutal.com\/en\/wp-json\/wp\/v2\/media?parent=847"}],"wp:term":[{"taxonomy":"product_brand","embeddable":true,"href":"https:\/\/mercatfrutal.com\/en\/wp-json\/wp\/v2\/product_brand?post=847"},{"taxonomy":"product_cat","embeddable":true,"href":"https:\/\/mercatfrutal.com\/en\/wp-json\/wp\/v2\/product_cat?post=847"},{"taxonomy":"product_tag","embeddable":true,"href":"https:\/\/mercatfrutal.com\/en\/wp-json\/wp\/v2\/product_tag?post=847"}],"curies":[{"name":"wp","href":"https:\/\/api.w.org\/{rel}","templated":true}]}}