{"id":858,"date":"2024-02-19T13:41:28","date_gmt":"2024-02-19T11:41:28","guid":{"rendered":"https:\/\/mercatfrutal.com\/producto\/cafe-capsulas-intenso-10un-eco\/"},"modified":"2026-01-14T14:11:58","modified_gmt":"2026-01-14T12:11:58","slug":"cafe-capsulas-intenso-10un-eco","status":"publish","type":"product","link":"https:\/\/mercatfrutal.com\/en\/product\/cafe-capsulas-intenso-10un-eco\/","title":{"rendered":"Organic Intense Coffee Capsules 10 pcs"},"content":{"rendered":"","protected":false},"excerpt":{"rendered":"<p class=\"translation-block\">Discover the deep character of Organic Intense Coffee Capsules 10 pcs, an organic coffee with a bold flavor for lovers of intense experiences.<\/p>\n<h2><b>Main Benefits of Organic Intense Coffee Capsules 10 pcs<\/b><\/h2>\n<p class=\"translation-block\">Thanks to their natural caffeine and antioxidant content, Organic Intense Coffee Capsules 10 pcs provide lasting energy, improve focus, and stimulate both physical and mental performance.<\/p>\n<h2><b>Characteristics and Flavor<\/b><\/h2>\n<p><span style=\"font-weight: 400\">With a creamy texture and intense flavor with bitter notes, this drink is perfect for those seeking an energy boost in every sip.<\/span><\/p>\n<h2><b>Ways to consume<\/b><\/h2>\n<p class=\"translation-block\">Organic Intense Coffee Capsules 10 pcs are ideal to enjoy on their own as espresso, with milk, or in drinks like cortado or cappuccino.<\/p>","protected":false},"featured_media":9926,"comment_status":"open","ping_status":"closed","template":"","meta":{"content-type":""},"product_brand":[],"product_cat":[230],"product_tag":[],"class_list":{"0":"post-858","1":"product","2":"type-product","3":"status-publish","4":"has-post-thumbnail","6":"product_cat-cafe","7":"has-subscription-plans","9":"first","10":"instock","11":"taxable","12":"shipping-taxable","13":"purchasable","14":"product-type-simple"},"bundled_by":[],"bundle_stock_status":"instock","bundle_stock_quantity":23,"bundle_virtual":false,"bundle_layout":"","bundle_add_to_cart_form_location":"","bundle_editable_in_cart":false,"bundle_sold_individually_context":"","bundle_item_grouping":"","bundle_min_size":"","bundle_max_size":"","bundle_price":[],"bundled_items":[],"bundle_sell_ids":[],"yoast_head":"<!-- This site is optimized with the Yoast SEO plugin v27.2 - https:\/\/yoast.com\/product\/yoast-seo-wordpress\/ -->\n<title>Cafe C\u00e1psulas Intenso 10un ECO - Mercat Frutal<\/title>\n<meta name=\"robots\" content=\"index, follow, max-snippet:-1, max-image-preview:large, max-video-preview:-1\" \/>\n<link rel=\"canonical\" href=\"https:\/\/mercatfrutal.com\/en\/product\/cafe-capsulas-intenso-10un-eco\/\" \/>\n<meta property=\"og:locale\" content=\"en_GB\" \/>\n<meta property=\"og:type\" content=\"article\" \/>\n<meta property=\"og:title\" content=\"Cafe C\u00e1psulas Intenso 10un ECO - Mercat Frutal\" \/>\n<meta property=\"og:description\" content=\"Descubre el car\u00e1cter profundo del Caf\u00e9 C\u00e1psulas Intenso 10un ECO, un caf\u00e9 ecol\u00f3gico de sabor potente para los amantes de las experiencias intensas. Beneficios principales Caf\u00e9 C\u00e1psulas Intenso 10un ECO Gracias a su contenido en cafe\u00edna natural y antioxidantes, el Caf\u00e9 C\u00e1psulas Intenso 10un ECO proporciona energ\u00eda duradera, mejora la concentraci\u00f3n y estimula el rendimiento f\u00edsico y mental. Caracter\u00edsticas y sabor De textura cremosa y sabor intenso con notas amargas, es una bebida perfecta para quienes buscan un impulso de energ\u00eda con cada sorbo. Formas de consumo El Caf\u00e9 C\u00e1psulas Intenso 10un ECO es ideal para tomar solo como espresso, o bien combinar con leche o preparar bebidas tipo cortado o cappuccino.\" \/>\n<meta property=\"og:url\" content=\"https:\/\/mercatfrutal.com\/en\/product\/cafe-capsulas-intenso-10un-eco\/\" \/>\n<meta property=\"og:site_name\" content=\"Mercat Frutal\" \/>\n<meta property=\"article:modified_time\" content=\"2026-01-14T12:11:58+00:00\" \/>\n<meta property=\"og:image\" content=\"https:\/\/mercatfrutal.com\/wp-content\/uploads\/2025\/09\/Cafe-Capsulas-Intenso-10un-ECO.webp\" \/>\n\t<meta property=\"og:image:width\" content=\"800\" \/>\n\t<meta property=\"og:image:height\" content=\"800\" \/>\n\t<meta property=\"og:image:type\" content=\"image\/webp\" \/>\n<meta name=\"twitter:card\" content=\"summary_large_image\" \/>\n<meta name=\"twitter:label1\" content=\"Estimated reading time\" \/>\n\t<meta name=\"twitter:data1\" content=\"1 minute\" \/>\n<script type=\"application\/ld+json\" class=\"yoast-schema-graph\">{\"@context\":\"https:\/\/schema.org\",\"@graph\":[{\"@type\":\"WebPage\",\"@id\":\"https:\/\/mercatfrutal.com\/producto\/cafe-capsulas-intenso-10un-eco\/\",\"url\":\"https:\/\/mercatfrutal.com\/producto\/cafe-capsulas-intenso-10un-eco\/\",\"name\":\"Cafe C\u00e1psulas Intenso 10un ECO - Mercat Frutal\",\"isPartOf\":{\"@id\":\"https:\/\/mercatfrutal.com\/#website\"},\"primaryImageOfPage\":{\"@id\":\"https:\/\/mercatfrutal.com\/producto\/cafe-capsulas-intenso-10un-eco\/#primaryimage\"},\"image\":{\"@id\":\"https:\/\/mercatfrutal.com\/producto\/cafe-capsulas-intenso-10un-eco\/#primaryimage\"},\"thumbnailUrl\":\"https:\/\/mercatfrutal.com\/wp-content\/uploads\/2025\/09\/Cafe-Capsulas-Intenso-10un-ECO.webp\",\"datePublished\":\"2024-02-19T11:41:28+00:00\",\"dateModified\":\"2026-01-14T12:11:58+00:00\",\"breadcrumb\":{\"@id\":\"https:\/\/mercatfrutal.com\/producto\/cafe-capsulas-intenso-10un-eco\/#breadcrumb\"},\"inLanguage\":\"en-GB\",\"potentialAction\":[{\"@type\":\"ReadAction\",\"target\":[\"https:\/\/mercatfrutal.com\/producto\/cafe-capsulas-intenso-10un-eco\/\"]}]},{\"@type\":\"ImageObject\",\"inLanguage\":\"en-GB\",\"@id\":\"https:\/\/mercatfrutal.com\/producto\/cafe-capsulas-intenso-10un-eco\/#primaryimage\",\"url\":\"https:\/\/mercatfrutal.com\/wp-content\/uploads\/2025\/09\/Cafe-Capsulas-Intenso-10un-ECO.webp\",\"contentUrl\":\"https:\/\/mercatfrutal.com\/wp-content\/uploads\/2025\/09\/Cafe-Capsulas-Intenso-10un-ECO.webp\",\"width\":800,\"height\":800,\"caption\":\"Cafe C\u00e1psulas Intenso 10un ECO\"},{\"@type\":\"BreadcrumbList\",\"@id\":\"https:\/\/mercatfrutal.com\/producto\/cafe-capsulas-intenso-10un-eco\/#breadcrumb\",\"itemListElement\":[{\"@type\":\"ListItem\",\"position\":1,\"name\":\"Portada\",\"item\":\"https:\/\/mercatfrutal.com\/\"},{\"@type\":\"ListItem\",\"position\":2,\"name\":\"Tienda\",\"item\":\"https:\/\/mercatfrutal.com\/tienda\/\"},{\"@type\":\"ListItem\",\"position\":3,\"name\":\"Cafe C\u00e1psulas Intenso 10un ECO\"}]},{\"@type\":\"WebSite\",\"@id\":\"https:\/\/mercatfrutal.com\/#website\",\"url\":\"https:\/\/mercatfrutal.com\/\",\"name\":\"Mercat Frutal\",\"description\":\"\",\"publisher\":{\"@id\":\"https:\/\/mercatfrutal.com\/#organization\"},\"alternateName\":\"Mercat Frutal\",\"potentialAction\":[{\"@type\":\"SearchAction\",\"target\":{\"@type\":\"EntryPoint\",\"urlTemplate\":\"https:\/\/mercatfrutal.com\/?s={search_term_string}\"},\"query-input\":{\"@type\":\"PropertyValueSpecification\",\"valueRequired\":true,\"valueName\":\"search_term_string\"}}],\"inLanguage\":\"en-GB\"},{\"@type\":\"Organization\",\"@id\":\"https:\/\/mercatfrutal.com\/#organization\",\"name\":\"Mercat Frutal\",\"url\":\"https:\/\/mercatfrutal.com\/\",\"logo\":{\"@type\":\"ImageObject\",\"inLanguage\":\"en-GB\",\"@id\":\"https:\/\/mercatfrutal.com\/#\/schema\/logo\/image\/\",\"url\":\"https:\/\/mercatfrutal.com\/wp-content\/uploads\/2024\/01\/LOGO-FRUTAL3.png\",\"contentUrl\":\"https:\/\/mercatfrutal.com\/wp-content\/uploads\/2024\/01\/LOGO-FRUTAL3.png\",\"width\":1024,\"height\":382,\"caption\":\"Mercat Frutal\"},\"image\":{\"@id\":\"https:\/\/mercatfrutal.com\/#\/schema\/logo\/image\/\"}}]}<\/script>\n<!-- \/ Yoast SEO plugin. -->","yoast_head_json":{"title":"Cafe C\u00e1psulas Intenso 10un ECO - Mercat Frutal","robots":{"index":"index","follow":"follow","max-snippet":"max-snippet:-1","max-image-preview":"max-image-preview:large","max-video-preview":"max-video-preview:-1"},"canonical":"https:\/\/mercatfrutal.com\/en\/product\/cafe-capsulas-intenso-10un-eco\/","og_locale":"en_GB","og_type":"article","og_title":"Cafe C\u00e1psulas Intenso 10un ECO - Mercat Frutal","og_description":"Descubre el car\u00e1cter profundo del Caf\u00e9 C\u00e1psulas Intenso 10un ECO, un caf\u00e9 ecol\u00f3gico de sabor potente para los amantes de las experiencias intensas. Beneficios principales Caf\u00e9 C\u00e1psulas Intenso 10un ECO Gracias a su contenido en cafe\u00edna natural y antioxidantes, el Caf\u00e9 C\u00e1psulas Intenso 10un ECO proporciona energ\u00eda duradera, mejora la concentraci\u00f3n y estimula el rendimiento f\u00edsico y mental. Caracter\u00edsticas y sabor De textura cremosa y sabor intenso con notas amargas, es una bebida perfecta para quienes buscan un impulso de energ\u00eda con cada sorbo. Formas de consumo El Caf\u00e9 C\u00e1psulas Intenso 10un ECO es ideal para tomar solo como espresso, o bien combinar con leche o preparar bebidas tipo cortado o cappuccino.","og_url":"https:\/\/mercatfrutal.com\/en\/product\/cafe-capsulas-intenso-10un-eco\/","og_site_name":"Mercat Frutal","article_modified_time":"2026-01-14T12:11:58+00:00","og_image":[{"width":800,"height":800,"url":"https:\/\/mercatfrutal.com\/wp-content\/uploads\/2025\/09\/Cafe-Capsulas-Intenso-10un-ECO.webp","type":"image\/webp"}],"twitter_card":"summary_large_image","twitter_misc":{"Estimated reading time":"1 minute"},"schema":{"@context":"https:\/\/schema.org","@graph":[{"@type":"WebPage","@id":"https:\/\/mercatfrutal.com\/producto\/cafe-capsulas-intenso-10un-eco\/","url":"https:\/\/mercatfrutal.com\/producto\/cafe-capsulas-intenso-10un-eco\/","name":"Cafe C\u00e1psulas Intenso 10un ECO - Mercat Frutal","isPartOf":{"@id":"https:\/\/mercatfrutal.com\/#website"},"primaryImageOfPage":{"@id":"https:\/\/mercatfrutal.com\/producto\/cafe-capsulas-intenso-10un-eco\/#primaryimage"},"image":{"@id":"https:\/\/mercatfrutal.com\/producto\/cafe-capsulas-intenso-10un-eco\/#primaryimage"},"thumbnailUrl":"https:\/\/mercatfrutal.com\/wp-content\/uploads\/2025\/09\/Cafe-Capsulas-Intenso-10un-ECO.webp","datePublished":"2024-02-19T11:41:28+00:00","dateModified":"2026-01-14T12:11:58+00:00","breadcrumb":{"@id":"https:\/\/mercatfrutal.com\/producto\/cafe-capsulas-intenso-10un-eco\/#breadcrumb"},"inLanguage":"en-GB","potentialAction":[{"@type":"ReadAction","target":["https:\/\/mercatfrutal.com\/producto\/cafe-capsulas-intenso-10un-eco\/"]}]},{"@type":"ImageObject","inLanguage":"en-GB","@id":"https:\/\/mercatfrutal.com\/producto\/cafe-capsulas-intenso-10un-eco\/#primaryimage","url":"https:\/\/mercatfrutal.com\/wp-content\/uploads\/2025\/09\/Cafe-Capsulas-Intenso-10un-ECO.webp","contentUrl":"https:\/\/mercatfrutal.com\/wp-content\/uploads\/2025\/09\/Cafe-Capsulas-Intenso-10un-ECO.webp","width":800,"height":800,"caption":"Cafe C\u00e1psulas Intenso 10un ECO"},{"@type":"BreadcrumbList","@id":"https:\/\/mercatfrutal.com\/producto\/cafe-capsulas-intenso-10un-eco\/#breadcrumb","itemListElement":[{"@type":"ListItem","position":1,"name":"Portada","item":"https:\/\/mercatfrutal.com\/"},{"@type":"ListItem","position":2,"name":"Tienda","item":"https:\/\/mercatfrutal.com\/tienda\/"},{"@type":"ListItem","position":3,"name":"Cafe C\u00e1psulas Intenso 10un ECO"}]},{"@type":"WebSite","@id":"https:\/\/mercatfrutal.com\/#website","url":"https:\/\/mercatfrutal.com\/","name":"Mercat Frutal","description":"","publisher":{"@id":"https:\/\/mercatfrutal.com\/#organization"},"alternateName":"Mercat Frutal","potentialAction":[{"@type":"SearchAction","target":{"@type":"EntryPoint","urlTemplate":"https:\/\/mercatfrutal.com\/?s={search_term_string}"},"query-input":{"@type":"PropertyValueSpecification","valueRequired":true,"valueName":"search_term_string"}}],"inLanguage":"en-GB"},{"@type":"Organization","@id":"https:\/\/mercatfrutal.com\/#organization","name":"Mercat Frutal","url":"https:\/\/mercatfrutal.com\/","logo":{"@type":"ImageObject","inLanguage":"en-GB","@id":"https:\/\/mercatfrutal.com\/#\/schema\/logo\/image\/","url":"https:\/\/mercatfrutal.com\/wp-content\/uploads\/2024\/01\/LOGO-FRUTAL3.png","contentUrl":"https:\/\/mercatfrutal.com\/wp-content\/uploads\/2024\/01\/LOGO-FRUTAL3.png","width":1024,"height":382,"caption":"Mercat Frutal"},"image":{"@id":"https:\/\/mercatfrutal.com\/#\/schema\/logo\/image\/"}}]}},"jetpack_sharing_enabled":true,"_links":{"self":[{"href":"https:\/\/mercatfrutal.com\/en\/wp-json\/wp\/v2\/product\/858","targetHints":{"allow":["GET"]}}],"collection":[{"href":"https:\/\/mercatfrutal.com\/en\/wp-json\/wp\/v2\/product"}],"about":[{"href":"https:\/\/mercatfrutal.com\/en\/wp-json\/wp\/v2\/types\/product"}],"replies":[{"embeddable":true,"href":"https:\/\/mercatfrutal.com\/en\/wp-json\/wp\/v2\/comments?post=858"}],"wp:featuredmedia":[{"embeddable":true,"href":"https:\/\/mercatfrutal.com\/en\/wp-json\/wp\/v2\/media\/9926"}],"wp:attachment":[{"href":"https:\/\/mercatfrutal.com\/en\/wp-json\/wp\/v2\/media?parent=858"}],"wp:term":[{"taxonomy":"product_brand","embeddable":true,"href":"https:\/\/mercatfrutal.com\/en\/wp-json\/wp\/v2\/product_brand?post=858"},{"taxonomy":"product_cat","embeddable":true,"href":"https:\/\/mercatfrutal.com\/en\/wp-json\/wp\/v2\/product_cat?post=858"},{"taxonomy":"product_tag","embeddable":true,"href":"https:\/\/mercatfrutal.com\/en\/wp-json\/wp\/v2\/product_tag?post=858"}],"curies":[{"name":"wp","href":"https:\/\/api.w.org\/{rel}","templated":true}]}}