{"id":874,"date":"2024-02-19T13:42:15","date_gmt":"2024-02-19T11:42:15","guid":{"rendered":"https:\/\/mercatfrutal.com\/producto\/cafe-capsulas-cremoso-10un-eco\/"},"modified":"2026-01-14T14:11:58","modified_gmt":"2026-01-14T12:11:58","slug":"cafe-capsulas-cremoso-10un-eco","status":"publish","type":"product","link":"https:\/\/mercatfrutal.com\/en\/product\/cafe-capsulas-cremoso-10un-eco\/","title":{"rendered":"Organic Creamy Coffee Capsules 10 pcs"},"content":{"rendered":"","protected":false},"excerpt":{"rendered":"<p class=\"translation-block\">Discover the perfect balance between intensity and smoothness with Organic Creamy Coffee Capsules 10 pcs. Made from carefully selected organically grown beans, these coffee capsules are ideal for those who value authentic flavor and respect for the environment.<\/p>\n<h2><b>Main Benefits of Organic Creamy Coffee Capsules 10 pcs<\/b><\/h2>\n<p class=\"translation-block\">Thanks to their content of natural antioxidants and energizing compounds such as caffeine, Organic Creamy Coffee Capsules 10 pcs provide lasting energy, improve alertness, and contribute to overall well-being throughout your day.<\/p>\n<h2><b>Characteristics and Flavor<\/b><\/h2>\n<p><span style=\"font-weight: 400\">With a creamy texture and intense flavor featuring toasted notes, this is the perfect drink for those who want to enjoy a special moment with every cup. Its balanced profile makes it a unique sensory experience.<\/span><\/p>\n<h2><b>Ways to consume<\/b><\/h2>\n<p class=\"translation-block\">Organic Creamy Coffee Capsules 10 pcs are ideal to enjoy on their own as espresso, with milk or plant-based beverages. You can also use them as a base for specialty coffees or pair them with desserts to enhance flavor.<\/p>","protected":false},"featured_media":9924,"comment_status":"open","ping_status":"closed","template":"","meta":{"content-type":""},"product_brand":[],"product_cat":[230],"product_tag":[],"class_list":{"0":"post-874","1":"product","2":"type-product","3":"status-publish","4":"has-post-thumbnail","6":"product_cat-cafe","7":"has-subscription-plans","9":"first","10":"instock","11":"taxable","12":"shipping-taxable","13":"purchasable","14":"product-type-simple"},"bundled_by":[],"bundle_stock_status":"instock","bundle_stock_quantity":25,"bundle_virtual":false,"bundle_layout":"","bundle_add_to_cart_form_location":"","bundle_editable_in_cart":false,"bundle_sold_individually_context":"","bundle_item_grouping":"","bundle_min_size":"","bundle_max_size":"","bundle_price":[],"bundled_items":[],"bundle_sell_ids":[],"yoast_head":"<!-- This site is optimized with the Yoast SEO plugin v27.2 - https:\/\/yoast.com\/product\/yoast-seo-wordpress\/ -->\n<title>Caf\u00e9 C\u00e1psulas Cremoso 10un ECO - Mercat Frutal<\/title>\n<meta name=\"robots\" content=\"index, follow, max-snippet:-1, max-image-preview:large, max-video-preview:-1\" \/>\n<link rel=\"canonical\" href=\"https:\/\/mercatfrutal.com\/en\/product\/cafe-capsulas-cremoso-10un-eco\/\" \/>\n<meta property=\"og:locale\" content=\"en_GB\" \/>\n<meta property=\"og:type\" content=\"article\" \/>\n<meta property=\"og:title\" content=\"Caf\u00e9 C\u00e1psulas Cremoso 10un ECO - Mercat Frutal\" \/>\n<meta property=\"og:description\" content=\"Descubre el equilibrio perfecto entre intensidad y suavidad con el Caf\u00e9 C\u00e1psulas Cremoso 10un ECO. Elaborado con granos seleccionados de cultivo ecol\u00f3gico, este caf\u00e9 en c\u00e1psulas es ideal para quienes valoran el sabor aut\u00e9ntico y el respeto por el medio ambiente. Beneficios principales Caf\u00e9 C\u00e1psulas Cremoso 10un ECO Gracias a su contenido en antioxidantes naturales y compuestos energizantes como la cafe\u00edna, el Caf\u00e9 C\u00e1psulas Cremoso 10un ECO aporta energ\u00eda duradera, mejora el estado de alerta y contribuye al bienestar general en tu d\u00eda a d\u00eda. Caracter\u00edsticas y sabor De textura cremosa y sabor intenso con notas tostadas, es una bebida perfecta para quienes buscan disfrutar de un momento especial con cada taza. Su perfil equilibrado lo convierte en una experiencia sensorial \u00fanica. Formas de consumo El Caf\u00e9 C\u00e1psulas Cremoso 10un ECO es ideal para tomar solo, como espresso, o acompa\u00f1ado de leche o bebida vegetal. Tambi\u00e9n puedes utilizarlo como base para caf\u00e9s especiales o combinarlo con postres para realzar su sabor.\" \/>\n<meta property=\"og:url\" content=\"https:\/\/mercatfrutal.com\/en\/product\/cafe-capsulas-cremoso-10un-eco\/\" \/>\n<meta property=\"og:site_name\" content=\"Mercat Frutal\" \/>\n<meta property=\"article:modified_time\" content=\"2026-01-14T12:11:58+00:00\" \/>\n<meta property=\"og:image\" content=\"https:\/\/mercatfrutal.com\/wp-content\/uploads\/2025\/09\/Cafe-Capsulas-Cremoso-10un-ECO.webp\" \/>\n\t<meta property=\"og:image:width\" content=\"800\" \/>\n\t<meta property=\"og:image:height\" content=\"800\" \/>\n\t<meta property=\"og:image:type\" content=\"image\/webp\" \/>\n<meta name=\"twitter:card\" content=\"summary_large_image\" \/>\n<meta name=\"twitter:label1\" content=\"Estimated reading time\" \/>\n\t<meta name=\"twitter:data1\" content=\"1 minute\" \/>\n<script type=\"application\/ld+json\" class=\"yoast-schema-graph\">{\"@context\":\"https:\/\/schema.org\",\"@graph\":[{\"@type\":\"WebPage\",\"@id\":\"https:\/\/mercatfrutal.com\/producto\/cafe-capsulas-cremoso-10un-eco\/\",\"url\":\"https:\/\/mercatfrutal.com\/producto\/cafe-capsulas-cremoso-10un-eco\/\",\"name\":\"Caf\u00e9 C\u00e1psulas Cremoso 10un ECO - Mercat Frutal\",\"isPartOf\":{\"@id\":\"https:\/\/mercatfrutal.com\/#website\"},\"primaryImageOfPage\":{\"@id\":\"https:\/\/mercatfrutal.com\/producto\/cafe-capsulas-cremoso-10un-eco\/#primaryimage\"},\"image\":{\"@id\":\"https:\/\/mercatfrutal.com\/producto\/cafe-capsulas-cremoso-10un-eco\/#primaryimage\"},\"thumbnailUrl\":\"https:\/\/mercatfrutal.com\/wp-content\/uploads\/2025\/09\/Cafe-Capsulas-Cremoso-10un-ECO.webp\",\"datePublished\":\"2024-02-19T11:42:15+00:00\",\"dateModified\":\"2026-01-14T12:11:58+00:00\",\"breadcrumb\":{\"@id\":\"https:\/\/mercatfrutal.com\/producto\/cafe-capsulas-cremoso-10un-eco\/#breadcrumb\"},\"inLanguage\":\"en-GB\",\"potentialAction\":[{\"@type\":\"ReadAction\",\"target\":[\"https:\/\/mercatfrutal.com\/producto\/cafe-capsulas-cremoso-10un-eco\/\"]}]},{\"@type\":\"ImageObject\",\"inLanguage\":\"en-GB\",\"@id\":\"https:\/\/mercatfrutal.com\/producto\/cafe-capsulas-cremoso-10un-eco\/#primaryimage\",\"url\":\"https:\/\/mercatfrutal.com\/wp-content\/uploads\/2025\/09\/Cafe-Capsulas-Cremoso-10un-ECO.webp\",\"contentUrl\":\"https:\/\/mercatfrutal.com\/wp-content\/uploads\/2025\/09\/Cafe-Capsulas-Cremoso-10un-ECO.webp\",\"width\":800,\"height\":800,\"caption\":\"Caf\u00e9 C\u00e1psulas Cremoso 10un ECO\"},{\"@type\":\"BreadcrumbList\",\"@id\":\"https:\/\/mercatfrutal.com\/producto\/cafe-capsulas-cremoso-10un-eco\/#breadcrumb\",\"itemListElement\":[{\"@type\":\"ListItem\",\"position\":1,\"name\":\"Portada\",\"item\":\"https:\/\/mercatfrutal.com\/\"},{\"@type\":\"ListItem\",\"position\":2,\"name\":\"Tienda\",\"item\":\"https:\/\/mercatfrutal.com\/tienda\/\"},{\"@type\":\"ListItem\",\"position\":3,\"name\":\"Caf\u00e9 C\u00e1psulas Cremoso 10un ECO\"}]},{\"@type\":\"WebSite\",\"@id\":\"https:\/\/mercatfrutal.com\/#website\",\"url\":\"https:\/\/mercatfrutal.com\/\",\"name\":\"Mercat Frutal\",\"description\":\"\",\"publisher\":{\"@id\":\"https:\/\/mercatfrutal.com\/#organization\"},\"alternateName\":\"Mercat Frutal\",\"potentialAction\":[{\"@type\":\"SearchAction\",\"target\":{\"@type\":\"EntryPoint\",\"urlTemplate\":\"https:\/\/mercatfrutal.com\/?s={search_term_string}\"},\"query-input\":{\"@type\":\"PropertyValueSpecification\",\"valueRequired\":true,\"valueName\":\"search_term_string\"}}],\"inLanguage\":\"en-GB\"},{\"@type\":\"Organization\",\"@id\":\"https:\/\/mercatfrutal.com\/#organization\",\"name\":\"Mercat Frutal\",\"url\":\"https:\/\/mercatfrutal.com\/\",\"logo\":{\"@type\":\"ImageObject\",\"inLanguage\":\"en-GB\",\"@id\":\"https:\/\/mercatfrutal.com\/#\/schema\/logo\/image\/\",\"url\":\"https:\/\/mercatfrutal.com\/wp-content\/uploads\/2024\/01\/LOGO-FRUTAL3.png\",\"contentUrl\":\"https:\/\/mercatfrutal.com\/wp-content\/uploads\/2024\/01\/LOGO-FRUTAL3.png\",\"width\":1024,\"height\":382,\"caption\":\"Mercat Frutal\"},\"image\":{\"@id\":\"https:\/\/mercatfrutal.com\/#\/schema\/logo\/image\/\"}}]}<\/script>\n<!-- \/ Yoast SEO plugin. -->","yoast_head_json":{"title":"Caf\u00e9 C\u00e1psulas Cremoso 10un ECO - Mercat Frutal","robots":{"index":"index","follow":"follow","max-snippet":"max-snippet:-1","max-image-preview":"max-image-preview:large","max-video-preview":"max-video-preview:-1"},"canonical":"https:\/\/mercatfrutal.com\/en\/product\/cafe-capsulas-cremoso-10un-eco\/","og_locale":"en_GB","og_type":"article","og_title":"Caf\u00e9 C\u00e1psulas Cremoso 10un ECO - Mercat Frutal","og_description":"Descubre el equilibrio perfecto entre intensidad y suavidad con el Caf\u00e9 C\u00e1psulas Cremoso 10un ECO. Elaborado con granos seleccionados de cultivo ecol\u00f3gico, este caf\u00e9 en c\u00e1psulas es ideal para quienes valoran el sabor aut\u00e9ntico y el respeto por el medio ambiente. Beneficios principales Caf\u00e9 C\u00e1psulas Cremoso 10un ECO Gracias a su contenido en antioxidantes naturales y compuestos energizantes como la cafe\u00edna, el Caf\u00e9 C\u00e1psulas Cremoso 10un ECO aporta energ\u00eda duradera, mejora el estado de alerta y contribuye al bienestar general en tu d\u00eda a d\u00eda. Caracter\u00edsticas y sabor De textura cremosa y sabor intenso con notas tostadas, es una bebida perfecta para quienes buscan disfrutar de un momento especial con cada taza. Su perfil equilibrado lo convierte en una experiencia sensorial \u00fanica. Formas de consumo El Caf\u00e9 C\u00e1psulas Cremoso 10un ECO es ideal para tomar solo, como espresso, o acompa\u00f1ado de leche o bebida vegetal. Tambi\u00e9n puedes utilizarlo como base para caf\u00e9s especiales o combinarlo con postres para realzar su sabor.","og_url":"https:\/\/mercatfrutal.com\/en\/product\/cafe-capsulas-cremoso-10un-eco\/","og_site_name":"Mercat Frutal","article_modified_time":"2026-01-14T12:11:58+00:00","og_image":[{"width":800,"height":800,"url":"https:\/\/mercatfrutal.com\/wp-content\/uploads\/2025\/09\/Cafe-Capsulas-Cremoso-10un-ECO.webp","type":"image\/webp"}],"twitter_card":"summary_large_image","twitter_misc":{"Estimated reading time":"1 minute"},"schema":{"@context":"https:\/\/schema.org","@graph":[{"@type":"WebPage","@id":"https:\/\/mercatfrutal.com\/producto\/cafe-capsulas-cremoso-10un-eco\/","url":"https:\/\/mercatfrutal.com\/producto\/cafe-capsulas-cremoso-10un-eco\/","name":"Caf\u00e9 C\u00e1psulas Cremoso 10un ECO - Mercat Frutal","isPartOf":{"@id":"https:\/\/mercatfrutal.com\/#website"},"primaryImageOfPage":{"@id":"https:\/\/mercatfrutal.com\/producto\/cafe-capsulas-cremoso-10un-eco\/#primaryimage"},"image":{"@id":"https:\/\/mercatfrutal.com\/producto\/cafe-capsulas-cremoso-10un-eco\/#primaryimage"},"thumbnailUrl":"https:\/\/mercatfrutal.com\/wp-content\/uploads\/2025\/09\/Cafe-Capsulas-Cremoso-10un-ECO.webp","datePublished":"2024-02-19T11:42:15+00:00","dateModified":"2026-01-14T12:11:58+00:00","breadcrumb":{"@id":"https:\/\/mercatfrutal.com\/producto\/cafe-capsulas-cremoso-10un-eco\/#breadcrumb"},"inLanguage":"en-GB","potentialAction":[{"@type":"ReadAction","target":["https:\/\/mercatfrutal.com\/producto\/cafe-capsulas-cremoso-10un-eco\/"]}]},{"@type":"ImageObject","inLanguage":"en-GB","@id":"https:\/\/mercatfrutal.com\/producto\/cafe-capsulas-cremoso-10un-eco\/#primaryimage","url":"https:\/\/mercatfrutal.com\/wp-content\/uploads\/2025\/09\/Cafe-Capsulas-Cremoso-10un-ECO.webp","contentUrl":"https:\/\/mercatfrutal.com\/wp-content\/uploads\/2025\/09\/Cafe-Capsulas-Cremoso-10un-ECO.webp","width":800,"height":800,"caption":"Caf\u00e9 C\u00e1psulas Cremoso 10un ECO"},{"@type":"BreadcrumbList","@id":"https:\/\/mercatfrutal.com\/producto\/cafe-capsulas-cremoso-10un-eco\/#breadcrumb","itemListElement":[{"@type":"ListItem","position":1,"name":"Portada","item":"https:\/\/mercatfrutal.com\/"},{"@type":"ListItem","position":2,"name":"Tienda","item":"https:\/\/mercatfrutal.com\/tienda\/"},{"@type":"ListItem","position":3,"name":"Caf\u00e9 C\u00e1psulas Cremoso 10un ECO"}]},{"@type":"WebSite","@id":"https:\/\/mercatfrutal.com\/#website","url":"https:\/\/mercatfrutal.com\/","name":"Mercat Frutal","description":"","publisher":{"@id":"https:\/\/mercatfrutal.com\/#organization"},"alternateName":"Mercat Frutal","potentialAction":[{"@type":"SearchAction","target":{"@type":"EntryPoint","urlTemplate":"https:\/\/mercatfrutal.com\/?s={search_term_string}"},"query-input":{"@type":"PropertyValueSpecification","valueRequired":true,"valueName":"search_term_string"}}],"inLanguage":"en-GB"},{"@type":"Organization","@id":"https:\/\/mercatfrutal.com\/#organization","name":"Mercat Frutal","url":"https:\/\/mercatfrutal.com\/","logo":{"@type":"ImageObject","inLanguage":"en-GB","@id":"https:\/\/mercatfrutal.com\/#\/schema\/logo\/image\/","url":"https:\/\/mercatfrutal.com\/wp-content\/uploads\/2024\/01\/LOGO-FRUTAL3.png","contentUrl":"https:\/\/mercatfrutal.com\/wp-content\/uploads\/2024\/01\/LOGO-FRUTAL3.png","width":1024,"height":382,"caption":"Mercat Frutal"},"image":{"@id":"https:\/\/mercatfrutal.com\/#\/schema\/logo\/image\/"}}]}},"jetpack_sharing_enabled":true,"_links":{"self":[{"href":"https:\/\/mercatfrutal.com\/en\/wp-json\/wp\/v2\/product\/874","targetHints":{"allow":["GET"]}}],"collection":[{"href":"https:\/\/mercatfrutal.com\/en\/wp-json\/wp\/v2\/product"}],"about":[{"href":"https:\/\/mercatfrutal.com\/en\/wp-json\/wp\/v2\/types\/product"}],"replies":[{"embeddable":true,"href":"https:\/\/mercatfrutal.com\/en\/wp-json\/wp\/v2\/comments?post=874"}],"wp:featuredmedia":[{"embeddable":true,"href":"https:\/\/mercatfrutal.com\/en\/wp-json\/wp\/v2\/media\/9924"}],"wp:attachment":[{"href":"https:\/\/mercatfrutal.com\/en\/wp-json\/wp\/v2\/media?parent=874"}],"wp:term":[{"taxonomy":"product_brand","embeddable":true,"href":"https:\/\/mercatfrutal.com\/en\/wp-json\/wp\/v2\/product_brand?post=874"},{"taxonomy":"product_cat","embeddable":true,"href":"https:\/\/mercatfrutal.com\/en\/wp-json\/wp\/v2\/product_cat?post=874"},{"taxonomy":"product_tag","embeddable":true,"href":"https:\/\/mercatfrutal.com\/en\/wp-json\/wp\/v2\/product_tag?post=874"}],"curies":[{"name":"wp","href":"https:\/\/api.w.org\/{rel}","templated":true}]}}