{"id":903,"date":"2024-02-19T13:52:36","date_gmt":"2024-02-19T11:52:36","guid":{"rendered":"https:\/\/mercatfrutal.com\/producto\/cervesa-la-fera-de-la-clamor-330ml-eco\/"},"modified":"2025-12-16T10:02:34","modified_gmt":"2025-12-16T08:02:34","slug":"cerveza-la-fera-de-la-clamor-330ml-eco","status":"publish","type":"product","link":"https:\/\/mercatfrutal.com\/en\/product\/cerveza-la-fera-de-la-clamor-330ml-eco\/","title":{"rendered":"Organic Beer La Fera De La Clamor 330ml"},"content":{"rendered":"","protected":false},"excerpt":{"rendered":"<p class=\"translation-block\">Organic La Fera De La Clamor Beer 330ml is an intense organic beer inspired by the power of nature.<\/p>\n<h2><b>Main Benefits of Organic La Fera De La Clamor Beer 330ml<\/b><\/h2>\n<p class=\"translation-block\">Made with natural ingredients and without additives, Organic La Fera Beer offers a purer, environmentally friendly experience.<\/p>\n<h2><b>Characteristics and Flavor<\/b><\/h2>\n<p><span style=\"font-weight: 400\">With a dense texture and intense malty taste, it\u2019s perfect for lovers of full-bodied beers.<\/span><\/p>\n<h2><b>Ways to consume<\/b><\/h2>\n<p class=\"translation-block\">Organic La Fera Beer can be enjoyed alone, at special gatherings, or paired with flavorful dishes.<\/p>","protected":false},"featured_media":9995,"comment_status":"open","ping_status":"closed","template":"","meta":{"content-type":""},"product_brand":[],"product_cat":[258],"product_tag":[],"class_list":{"0":"post-903","1":"product","2":"type-product","3":"status-publish","4":"has-post-thumbnail","6":"product_cat-cervezas","7":"has-subscription-plans","9":"first","10":"instock","11":"taxable","12":"shipping-taxable","13":"purchasable","14":"product-type-simple"},"bundled_by":[],"bundle_stock_status":"instock","bundle_stock_quantity":67,"bundle_virtual":false,"bundle_layout":"","bundle_add_to_cart_form_location":"","bundle_editable_in_cart":false,"bundle_sold_individually_context":"","bundle_item_grouping":"","bundle_min_size":"","bundle_max_size":"","bundle_price":[],"bundled_items":[],"bundle_sell_ids":[],"yoast_head":"<!-- This site is optimized with the Yoast SEO plugin v27.2 - https:\/\/yoast.com\/product\/yoast-seo-wordpress\/ -->\n<title>Cerveza La Fera De La Clamor 330ml ECO - Mercat Frutal<\/title>\n<meta name=\"robots\" content=\"index, follow, max-snippet:-1, max-image-preview:large, max-video-preview:-1\" \/>\n<link rel=\"canonical\" href=\"https:\/\/mercatfrutal.com\/en\/product\/cerveza-la-fera-de-la-clamor-330ml-eco\/\" \/>\n<meta property=\"og:locale\" content=\"en_GB\" \/>\n<meta property=\"og:type\" content=\"article\" \/>\n<meta property=\"og:title\" content=\"Cerveza La Fera De La Clamor 330ml ECO - Mercat Frutal\" \/>\n<meta property=\"og:description\" content=\"Cerveza La Fera De La Clamor 330ml ECO es una cerveza ecol\u00f3gica intensa, inspirada en la fuerza de la naturaleza. Beneficios principales Cerveza La Fera De La Clamor 330ml ECO Elaborada con ingredientes naturales y sin aditivos, la Cerveza La Fera ECO ofrece una experiencia m\u00e1s pura y respetuosa con el medio ambiente. Caracter\u00edsticas y sabor De textura densa y sabor intenso con car\u00e1cter maltoso, es una bebida ideal para los amantes de las cervezas con cuerpo. Formas de consumo La Cerveza La Fera ECO se puede disfrutar sola, en reuniones especiales o acompa\u00f1ando platos sabrosos.\" \/>\n<meta property=\"og:url\" content=\"https:\/\/mercatfrutal.com\/en\/product\/cerveza-la-fera-de-la-clamor-330ml-eco\/\" \/>\n<meta property=\"og:site_name\" content=\"Mercat Frutal\" \/>\n<meta property=\"article:modified_time\" content=\"2025-12-16T08:02:34+00:00\" \/>\n<meta property=\"og:image\" content=\"https:\/\/mercatfrutal.com\/wp-content\/uploads\/2025\/09\/Cervesa-La-Fera-De-La-Clamor-330ml-ECO.webp\" \/>\n\t<meta property=\"og:image:width\" content=\"800\" \/>\n\t<meta property=\"og:image:height\" content=\"800\" \/>\n\t<meta property=\"og:image:type\" content=\"image\/webp\" \/>\n<meta name=\"twitter:card\" content=\"summary_large_image\" \/>\n<meta name=\"twitter:label1\" content=\"Estimated reading time\" \/>\n\t<meta name=\"twitter:data1\" content=\"1 minute\" \/>\n<script type=\"application\/ld+json\" class=\"yoast-schema-graph\">{\"@context\":\"https:\/\/schema.org\",\"@graph\":[{\"@type\":\"WebPage\",\"@id\":\"https:\/\/mercatfrutal.com\/producto\/cerveza-la-fera-de-la-clamor-330ml-eco\/\",\"url\":\"https:\/\/mercatfrutal.com\/producto\/cerveza-la-fera-de-la-clamor-330ml-eco\/\",\"name\":\"Cerveza La Fera De La Clamor 330ml ECO - Mercat Frutal\",\"isPartOf\":{\"@id\":\"https:\/\/mercatfrutal.com\/#website\"},\"primaryImageOfPage\":{\"@id\":\"https:\/\/mercatfrutal.com\/producto\/cerveza-la-fera-de-la-clamor-330ml-eco\/#primaryimage\"},\"image\":{\"@id\":\"https:\/\/mercatfrutal.com\/producto\/cerveza-la-fera-de-la-clamor-330ml-eco\/#primaryimage\"},\"thumbnailUrl\":\"https:\/\/mercatfrutal.com\/wp-content\/uploads\/2025\/09\/Cervesa-La-Fera-De-La-Clamor-330ml-ECO.webp\",\"datePublished\":\"2024-02-19T11:52:36+00:00\",\"dateModified\":\"2025-12-16T08:02:34+00:00\",\"breadcrumb\":{\"@id\":\"https:\/\/mercatfrutal.com\/producto\/cerveza-la-fera-de-la-clamor-330ml-eco\/#breadcrumb\"},\"inLanguage\":\"en-GB\",\"potentialAction\":[{\"@type\":\"ReadAction\",\"target\":[\"https:\/\/mercatfrutal.com\/producto\/cerveza-la-fera-de-la-clamor-330ml-eco\/\"]}]},{\"@type\":\"ImageObject\",\"inLanguage\":\"en-GB\",\"@id\":\"https:\/\/mercatfrutal.com\/producto\/cerveza-la-fera-de-la-clamor-330ml-eco\/#primaryimage\",\"url\":\"https:\/\/mercatfrutal.com\/wp-content\/uploads\/2025\/09\/Cervesa-La-Fera-De-La-Clamor-330ml-ECO.webp\",\"contentUrl\":\"https:\/\/mercatfrutal.com\/wp-content\/uploads\/2025\/09\/Cervesa-La-Fera-De-La-Clamor-330ml-ECO.webp\",\"width\":800,\"height\":800,\"caption\":\"Cerveza La Fera De La Clamor 330ml ECO\"},{\"@type\":\"BreadcrumbList\",\"@id\":\"https:\/\/mercatfrutal.com\/producto\/cerveza-la-fera-de-la-clamor-330ml-eco\/#breadcrumb\",\"itemListElement\":[{\"@type\":\"ListItem\",\"position\":1,\"name\":\"Portada\",\"item\":\"https:\/\/mercatfrutal.com\/\"},{\"@type\":\"ListItem\",\"position\":2,\"name\":\"Tienda\",\"item\":\"https:\/\/mercatfrutal.com\/tienda\/\"},{\"@type\":\"ListItem\",\"position\":3,\"name\":\"Cerveza La Fera De La Clamor 330ml ECO\"}]},{\"@type\":\"WebSite\",\"@id\":\"https:\/\/mercatfrutal.com\/#website\",\"url\":\"https:\/\/mercatfrutal.com\/\",\"name\":\"Mercat Frutal\",\"description\":\"\",\"publisher\":{\"@id\":\"https:\/\/mercatfrutal.com\/#organization\"},\"alternateName\":\"Mercat Frutal\",\"potentialAction\":[{\"@type\":\"SearchAction\",\"target\":{\"@type\":\"EntryPoint\",\"urlTemplate\":\"https:\/\/mercatfrutal.com\/?s={search_term_string}\"},\"query-input\":{\"@type\":\"PropertyValueSpecification\",\"valueRequired\":true,\"valueName\":\"search_term_string\"}}],\"inLanguage\":\"en-GB\"},{\"@type\":\"Organization\",\"@id\":\"https:\/\/mercatfrutal.com\/#organization\",\"name\":\"Mercat Frutal\",\"url\":\"https:\/\/mercatfrutal.com\/\",\"logo\":{\"@type\":\"ImageObject\",\"inLanguage\":\"en-GB\",\"@id\":\"https:\/\/mercatfrutal.com\/#\/schema\/logo\/image\/\",\"url\":\"https:\/\/mercatfrutal.com\/wp-content\/uploads\/2024\/01\/LOGO-FRUTAL3.png\",\"contentUrl\":\"https:\/\/mercatfrutal.com\/wp-content\/uploads\/2024\/01\/LOGO-FRUTAL3.png\",\"width\":1024,\"height\":382,\"caption\":\"Mercat Frutal\"},\"image\":{\"@id\":\"https:\/\/mercatfrutal.com\/#\/schema\/logo\/image\/\"}}]}<\/script>\n<!-- \/ Yoast SEO plugin. -->","yoast_head_json":{"title":"Cerveza La Fera De La Clamor 330ml ECO - Mercat Frutal","robots":{"index":"index","follow":"follow","max-snippet":"max-snippet:-1","max-image-preview":"max-image-preview:large","max-video-preview":"max-video-preview:-1"},"canonical":"https:\/\/mercatfrutal.com\/en\/product\/cerveza-la-fera-de-la-clamor-330ml-eco\/","og_locale":"en_GB","og_type":"article","og_title":"Cerveza La Fera De La Clamor 330ml ECO - Mercat Frutal","og_description":"Cerveza La Fera De La Clamor 330ml ECO es una cerveza ecol\u00f3gica intensa, inspirada en la fuerza de la naturaleza. Beneficios principales Cerveza La Fera De La Clamor 330ml ECO Elaborada con ingredientes naturales y sin aditivos, la Cerveza La Fera ECO ofrece una experiencia m\u00e1s pura y respetuosa con el medio ambiente. Caracter\u00edsticas y sabor De textura densa y sabor intenso con car\u00e1cter maltoso, es una bebida ideal para los amantes de las cervezas con cuerpo. Formas de consumo La Cerveza La Fera ECO se puede disfrutar sola, en reuniones especiales o acompa\u00f1ando platos sabrosos.","og_url":"https:\/\/mercatfrutal.com\/en\/product\/cerveza-la-fera-de-la-clamor-330ml-eco\/","og_site_name":"Mercat Frutal","article_modified_time":"2025-12-16T08:02:34+00:00","og_image":[{"width":800,"height":800,"url":"https:\/\/mercatfrutal.com\/wp-content\/uploads\/2025\/09\/Cervesa-La-Fera-De-La-Clamor-330ml-ECO.webp","type":"image\/webp"}],"twitter_card":"summary_large_image","twitter_misc":{"Estimated reading time":"1 minute"},"schema":{"@context":"https:\/\/schema.org","@graph":[{"@type":"WebPage","@id":"https:\/\/mercatfrutal.com\/producto\/cerveza-la-fera-de-la-clamor-330ml-eco\/","url":"https:\/\/mercatfrutal.com\/producto\/cerveza-la-fera-de-la-clamor-330ml-eco\/","name":"Cerveza La Fera De La Clamor 330ml ECO - Mercat Frutal","isPartOf":{"@id":"https:\/\/mercatfrutal.com\/#website"},"primaryImageOfPage":{"@id":"https:\/\/mercatfrutal.com\/producto\/cerveza-la-fera-de-la-clamor-330ml-eco\/#primaryimage"},"image":{"@id":"https:\/\/mercatfrutal.com\/producto\/cerveza-la-fera-de-la-clamor-330ml-eco\/#primaryimage"},"thumbnailUrl":"https:\/\/mercatfrutal.com\/wp-content\/uploads\/2025\/09\/Cervesa-La-Fera-De-La-Clamor-330ml-ECO.webp","datePublished":"2024-02-19T11:52:36+00:00","dateModified":"2025-12-16T08:02:34+00:00","breadcrumb":{"@id":"https:\/\/mercatfrutal.com\/producto\/cerveza-la-fera-de-la-clamor-330ml-eco\/#breadcrumb"},"inLanguage":"en-GB","potentialAction":[{"@type":"ReadAction","target":["https:\/\/mercatfrutal.com\/producto\/cerveza-la-fera-de-la-clamor-330ml-eco\/"]}]},{"@type":"ImageObject","inLanguage":"en-GB","@id":"https:\/\/mercatfrutal.com\/producto\/cerveza-la-fera-de-la-clamor-330ml-eco\/#primaryimage","url":"https:\/\/mercatfrutal.com\/wp-content\/uploads\/2025\/09\/Cervesa-La-Fera-De-La-Clamor-330ml-ECO.webp","contentUrl":"https:\/\/mercatfrutal.com\/wp-content\/uploads\/2025\/09\/Cervesa-La-Fera-De-La-Clamor-330ml-ECO.webp","width":800,"height":800,"caption":"Cerveza La Fera De La Clamor 330ml ECO"},{"@type":"BreadcrumbList","@id":"https:\/\/mercatfrutal.com\/producto\/cerveza-la-fera-de-la-clamor-330ml-eco\/#breadcrumb","itemListElement":[{"@type":"ListItem","position":1,"name":"Portada","item":"https:\/\/mercatfrutal.com\/"},{"@type":"ListItem","position":2,"name":"Tienda","item":"https:\/\/mercatfrutal.com\/tienda\/"},{"@type":"ListItem","position":3,"name":"Cerveza La Fera De La Clamor 330ml ECO"}]},{"@type":"WebSite","@id":"https:\/\/mercatfrutal.com\/#website","url":"https:\/\/mercatfrutal.com\/","name":"Mercat Frutal","description":"","publisher":{"@id":"https:\/\/mercatfrutal.com\/#organization"},"alternateName":"Mercat Frutal","potentialAction":[{"@type":"SearchAction","target":{"@type":"EntryPoint","urlTemplate":"https:\/\/mercatfrutal.com\/?s={search_term_string}"},"query-input":{"@type":"PropertyValueSpecification","valueRequired":true,"valueName":"search_term_string"}}],"inLanguage":"en-GB"},{"@type":"Organization","@id":"https:\/\/mercatfrutal.com\/#organization","name":"Mercat Frutal","url":"https:\/\/mercatfrutal.com\/","logo":{"@type":"ImageObject","inLanguage":"en-GB","@id":"https:\/\/mercatfrutal.com\/#\/schema\/logo\/image\/","url":"https:\/\/mercatfrutal.com\/wp-content\/uploads\/2024\/01\/LOGO-FRUTAL3.png","contentUrl":"https:\/\/mercatfrutal.com\/wp-content\/uploads\/2024\/01\/LOGO-FRUTAL3.png","width":1024,"height":382,"caption":"Mercat Frutal"},"image":{"@id":"https:\/\/mercatfrutal.com\/#\/schema\/logo\/image\/"}}]}},"jetpack_sharing_enabled":true,"_links":{"self":[{"href":"https:\/\/mercatfrutal.com\/en\/wp-json\/wp\/v2\/product\/903","targetHints":{"allow":["GET"]}}],"collection":[{"href":"https:\/\/mercatfrutal.com\/en\/wp-json\/wp\/v2\/product"}],"about":[{"href":"https:\/\/mercatfrutal.com\/en\/wp-json\/wp\/v2\/types\/product"}],"replies":[{"embeddable":true,"href":"https:\/\/mercatfrutal.com\/en\/wp-json\/wp\/v2\/comments?post=903"}],"wp:featuredmedia":[{"embeddable":true,"href":"https:\/\/mercatfrutal.com\/en\/wp-json\/wp\/v2\/media\/9995"}],"wp:attachment":[{"href":"https:\/\/mercatfrutal.com\/en\/wp-json\/wp\/v2\/media?parent=903"}],"wp:term":[{"taxonomy":"product_brand","embeddable":true,"href":"https:\/\/mercatfrutal.com\/en\/wp-json\/wp\/v2\/product_brand?post=903"},{"taxonomy":"product_cat","embeddable":true,"href":"https:\/\/mercatfrutal.com\/en\/wp-json\/wp\/v2\/product_cat?post=903"},{"taxonomy":"product_tag","embeddable":true,"href":"https:\/\/mercatfrutal.com\/en\/wp-json\/wp\/v2\/product_tag?post=903"}],"curies":[{"name":"wp","href":"https:\/\/api.w.org\/{rel}","templated":true}]}}