{"id":930,"date":"2024-02-19T13:01:54","date_gmt":"2024-02-19T12:01:54","guid":{"rendered":"https:\/\/mercatfrutal.com\/producto\/crema-de-cacahuete-227g-bio\/"},"modified":"2026-03-06T12:59:27","modified_gmt":"2026-03-06T11:59:27","slug":"crema-de-cacahuete-227g-bio","status":"publish","type":"product","link":"https:\/\/mercatfrutal.com\/en\/product\/crema-de-cacahuete-227g-bio\/","title":{"rendered":"Organic Peanut Butter 227g"},"content":{"rendered":"","protected":false},"excerpt":{"rendered":"<p class=\"translation-block\">Organic Peanut Butter 227g is a natural spread with no additives, perfect for a balanced diet.<\/p>\n<h2><b>Main Benefits Organic Peanut Butter 227g<\/b><\/h2>\n<p class=\"translation-block\">Rich in protein, vitamin E, and unsaturated fats, Organic Peanut Butter helps muscle development and provides long-lasting energy.<\/p>\n<h2><b>Characteristics and Flavor<\/b><\/h2>\n<p><span style=\"font-weight: 400\">With a dense texture and intense flavor, it is ideal for those who enjoy pure and nutritious tastes.<\/span><\/p>\n<h2><b>Ways to consume<\/b><\/h2>\n<p class=\"translation-block\">Organic Peanut Butter can be enjoyed at breakfast, in savory recipes, or in healthy desserts.<\/p>","protected":false},"featured_media":10002,"comment_status":"open","ping_status":"closed","template":"","meta":{"content-type":""},"product_brand":[],"product_cat":[265],"product_tag":[],"class_list":{"0":"post-930","1":"product","2":"type-product","3":"status-publish","4":"has-post-thumbnail","6":"product_cat-cremas-para-untar","7":"has-subscription-plans","9":"first","10":"instock","11":"taxable","12":"shipping-taxable","13":"purchasable","14":"product-type-simple"},"bundled_by":[],"bundle_stock_status":"instock","bundle_stock_quantity":null,"bundle_virtual":false,"bundle_layout":"","bundle_add_to_cart_form_location":"","bundle_editable_in_cart":false,"bundle_sold_individually_context":"","bundle_item_grouping":"","bundle_min_size":"","bundle_max_size":"","bundle_price":[],"bundled_items":[],"bundle_sell_ids":[],"yoast_head":"<!-- This site is optimized with the Yoast SEO plugin v27.2 - https:\/\/yoast.com\/product\/yoast-seo-wordpress\/ -->\n<title>Crema De Cacahuete 227g BIO - Mercat Frutal<\/title>\n<meta name=\"robots\" content=\"index, follow, max-snippet:-1, max-image-preview:large, max-video-preview:-1\" \/>\n<link rel=\"canonical\" href=\"https:\/\/mercatfrutal.com\/en\/product\/crema-de-cacahuete-227g-bio\/\" \/>\n<meta property=\"og:locale\" content=\"en_GB\" \/>\n<meta property=\"og:type\" content=\"article\" \/>\n<meta property=\"og:title\" content=\"Crema De Cacahuete 227g BIO - Mercat Frutal\" \/>\n<meta property=\"og:description\" content=\"Crema de Cacahuete 227g BIO es una crema natural sin aditivos, perfecta para una dieta equilibrada. Beneficios principales Crema de Cacahuete 227g BIO Rica en prote\u00ednas, vitamina E y grasas insaturadas, la Crema de Cacahuete BIO ayuda al desarrollo muscular y aporta energ\u00eda prolongada. Caracter\u00edsticas y sabor De textura densa y sabor intenso, es ideal para quienes disfrutan de sabores puros y nutritivos. Formas de consumo La Crema de Cacahuete BIO se puede disfrutar en desayunos, recetas saladas o postres saludables.\" \/>\n<meta property=\"og:url\" content=\"https:\/\/mercatfrutal.com\/en\/product\/crema-de-cacahuete-227g-bio\/\" \/>\n<meta property=\"og:site_name\" content=\"Mercat Frutal\" \/>\n<meta property=\"article:modified_time\" content=\"2026-03-06T11:59:27+00:00\" \/>\n<meta property=\"og:image\" content=\"https:\/\/mercatfrutal.com\/wp-content\/uploads\/2025\/09\/Crema-De-Cacahuete-227g-BIO.webp\" \/>\n\t<meta property=\"og:image:width\" content=\"800\" \/>\n\t<meta property=\"og:image:height\" content=\"800\" \/>\n\t<meta property=\"og:image:type\" content=\"image\/webp\" \/>\n<meta name=\"twitter:card\" content=\"summary_large_image\" \/>\n<meta name=\"twitter:label1\" content=\"Estimated reading time\" \/>\n\t<meta name=\"twitter:data1\" content=\"1 minute\" \/>\n<script type=\"application\/ld+json\" class=\"yoast-schema-graph\">{\"@context\":\"https:\/\/schema.org\",\"@graph\":[{\"@type\":\"WebPage\",\"@id\":\"https:\/\/mercatfrutal.com\/producto\/crema-de-cacahuete-227g-bio\/\",\"url\":\"https:\/\/mercatfrutal.com\/producto\/crema-de-cacahuete-227g-bio\/\",\"name\":\"Crema De Cacahuete 227g BIO - Mercat Frutal\",\"isPartOf\":{\"@id\":\"https:\/\/mercatfrutal.com\/#website\"},\"primaryImageOfPage\":{\"@id\":\"https:\/\/mercatfrutal.com\/producto\/crema-de-cacahuete-227g-bio\/#primaryimage\"},\"image\":{\"@id\":\"https:\/\/mercatfrutal.com\/producto\/crema-de-cacahuete-227g-bio\/#primaryimage\"},\"thumbnailUrl\":\"https:\/\/mercatfrutal.com\/wp-content\/uploads\/2025\/09\/Crema-De-Cacahuete-227g-BIO.webp\",\"datePublished\":\"2024-02-19T12:01:54+00:00\",\"dateModified\":\"2026-03-06T11:59:27+00:00\",\"breadcrumb\":{\"@id\":\"https:\/\/mercatfrutal.com\/producto\/crema-de-cacahuete-227g-bio\/#breadcrumb\"},\"inLanguage\":\"en-GB\",\"potentialAction\":[{\"@type\":\"ReadAction\",\"target\":[\"https:\/\/mercatfrutal.com\/producto\/crema-de-cacahuete-227g-bio\/\"]}]},{\"@type\":\"ImageObject\",\"inLanguage\":\"en-GB\",\"@id\":\"https:\/\/mercatfrutal.com\/producto\/crema-de-cacahuete-227g-bio\/#primaryimage\",\"url\":\"https:\/\/mercatfrutal.com\/wp-content\/uploads\/2025\/09\/Crema-De-Cacahuete-227g-BIO.webp\",\"contentUrl\":\"https:\/\/mercatfrutal.com\/wp-content\/uploads\/2025\/09\/Crema-De-Cacahuete-227g-BIO.webp\",\"width\":800,\"height\":800,\"caption\":\"Crema De Cacahuete 227g BIO\"},{\"@type\":\"BreadcrumbList\",\"@id\":\"https:\/\/mercatfrutal.com\/producto\/crema-de-cacahuete-227g-bio\/#breadcrumb\",\"itemListElement\":[{\"@type\":\"ListItem\",\"position\":1,\"name\":\"Portada\",\"item\":\"https:\/\/mercatfrutal.com\/\"},{\"@type\":\"ListItem\",\"position\":2,\"name\":\"Tienda\",\"item\":\"https:\/\/mercatfrutal.com\/tienda\/\"},{\"@type\":\"ListItem\",\"position\":3,\"name\":\"Crema De Cacahuete 227g BIO\"}]},{\"@type\":\"WebSite\",\"@id\":\"https:\/\/mercatfrutal.com\/#website\",\"url\":\"https:\/\/mercatfrutal.com\/\",\"name\":\"Mercat Frutal\",\"description\":\"\",\"publisher\":{\"@id\":\"https:\/\/mercatfrutal.com\/#organization\"},\"alternateName\":\"Mercat Frutal\",\"potentialAction\":[{\"@type\":\"SearchAction\",\"target\":{\"@type\":\"EntryPoint\",\"urlTemplate\":\"https:\/\/mercatfrutal.com\/?s={search_term_string}\"},\"query-input\":{\"@type\":\"PropertyValueSpecification\",\"valueRequired\":true,\"valueName\":\"search_term_string\"}}],\"inLanguage\":\"en-GB\"},{\"@type\":\"Organization\",\"@id\":\"https:\/\/mercatfrutal.com\/#organization\",\"name\":\"Mercat Frutal\",\"url\":\"https:\/\/mercatfrutal.com\/\",\"logo\":{\"@type\":\"ImageObject\",\"inLanguage\":\"en-GB\",\"@id\":\"https:\/\/mercatfrutal.com\/#\/schema\/logo\/image\/\",\"url\":\"https:\/\/mercatfrutal.com\/wp-content\/uploads\/2024\/01\/LOGO-FRUTAL3.png\",\"contentUrl\":\"https:\/\/mercatfrutal.com\/wp-content\/uploads\/2024\/01\/LOGO-FRUTAL3.png\",\"width\":1024,\"height\":382,\"caption\":\"Mercat Frutal\"},\"image\":{\"@id\":\"https:\/\/mercatfrutal.com\/#\/schema\/logo\/image\/\"}}]}<\/script>\n<!-- \/ Yoast SEO plugin. -->","yoast_head_json":{"title":"Crema De Cacahuete 227g BIO - Mercat Frutal","robots":{"index":"index","follow":"follow","max-snippet":"max-snippet:-1","max-image-preview":"max-image-preview:large","max-video-preview":"max-video-preview:-1"},"canonical":"https:\/\/mercatfrutal.com\/en\/product\/crema-de-cacahuete-227g-bio\/","og_locale":"en_GB","og_type":"article","og_title":"Crema De Cacahuete 227g BIO - Mercat Frutal","og_description":"Crema de Cacahuete 227g BIO es una crema natural sin aditivos, perfecta para una dieta equilibrada. Beneficios principales Crema de Cacahuete 227g BIO Rica en prote\u00ednas, vitamina E y grasas insaturadas, la Crema de Cacahuete BIO ayuda al desarrollo muscular y aporta energ\u00eda prolongada. Caracter\u00edsticas y sabor De textura densa y sabor intenso, es ideal para quienes disfrutan de sabores puros y nutritivos. Formas de consumo La Crema de Cacahuete BIO se puede disfrutar en desayunos, recetas saladas o postres saludables.","og_url":"https:\/\/mercatfrutal.com\/en\/product\/crema-de-cacahuete-227g-bio\/","og_site_name":"Mercat Frutal","article_modified_time":"2026-03-06T11:59:27+00:00","og_image":[{"width":800,"height":800,"url":"https:\/\/mercatfrutal.com\/wp-content\/uploads\/2025\/09\/Crema-De-Cacahuete-227g-BIO.webp","type":"image\/webp"}],"twitter_card":"summary_large_image","twitter_misc":{"Estimated reading time":"1 minute"},"schema":{"@context":"https:\/\/schema.org","@graph":[{"@type":"WebPage","@id":"https:\/\/mercatfrutal.com\/producto\/crema-de-cacahuete-227g-bio\/","url":"https:\/\/mercatfrutal.com\/producto\/crema-de-cacahuete-227g-bio\/","name":"Crema De Cacahuete 227g BIO - Mercat Frutal","isPartOf":{"@id":"https:\/\/mercatfrutal.com\/#website"},"primaryImageOfPage":{"@id":"https:\/\/mercatfrutal.com\/producto\/crema-de-cacahuete-227g-bio\/#primaryimage"},"image":{"@id":"https:\/\/mercatfrutal.com\/producto\/crema-de-cacahuete-227g-bio\/#primaryimage"},"thumbnailUrl":"https:\/\/mercatfrutal.com\/wp-content\/uploads\/2025\/09\/Crema-De-Cacahuete-227g-BIO.webp","datePublished":"2024-02-19T12:01:54+00:00","dateModified":"2026-03-06T11:59:27+00:00","breadcrumb":{"@id":"https:\/\/mercatfrutal.com\/producto\/crema-de-cacahuete-227g-bio\/#breadcrumb"},"inLanguage":"en-GB","potentialAction":[{"@type":"ReadAction","target":["https:\/\/mercatfrutal.com\/producto\/crema-de-cacahuete-227g-bio\/"]}]},{"@type":"ImageObject","inLanguage":"en-GB","@id":"https:\/\/mercatfrutal.com\/producto\/crema-de-cacahuete-227g-bio\/#primaryimage","url":"https:\/\/mercatfrutal.com\/wp-content\/uploads\/2025\/09\/Crema-De-Cacahuete-227g-BIO.webp","contentUrl":"https:\/\/mercatfrutal.com\/wp-content\/uploads\/2025\/09\/Crema-De-Cacahuete-227g-BIO.webp","width":800,"height":800,"caption":"Crema De Cacahuete 227g BIO"},{"@type":"BreadcrumbList","@id":"https:\/\/mercatfrutal.com\/producto\/crema-de-cacahuete-227g-bio\/#breadcrumb","itemListElement":[{"@type":"ListItem","position":1,"name":"Portada","item":"https:\/\/mercatfrutal.com\/"},{"@type":"ListItem","position":2,"name":"Tienda","item":"https:\/\/mercatfrutal.com\/tienda\/"},{"@type":"ListItem","position":3,"name":"Crema De Cacahuete 227g BIO"}]},{"@type":"WebSite","@id":"https:\/\/mercatfrutal.com\/#website","url":"https:\/\/mercatfrutal.com\/","name":"Mercat Frutal","description":"","publisher":{"@id":"https:\/\/mercatfrutal.com\/#organization"},"alternateName":"Mercat Frutal","potentialAction":[{"@type":"SearchAction","target":{"@type":"EntryPoint","urlTemplate":"https:\/\/mercatfrutal.com\/?s={search_term_string}"},"query-input":{"@type":"PropertyValueSpecification","valueRequired":true,"valueName":"search_term_string"}}],"inLanguage":"en-GB"},{"@type":"Organization","@id":"https:\/\/mercatfrutal.com\/#organization","name":"Mercat Frutal","url":"https:\/\/mercatfrutal.com\/","logo":{"@type":"ImageObject","inLanguage":"en-GB","@id":"https:\/\/mercatfrutal.com\/#\/schema\/logo\/image\/","url":"https:\/\/mercatfrutal.com\/wp-content\/uploads\/2024\/01\/LOGO-FRUTAL3.png","contentUrl":"https:\/\/mercatfrutal.com\/wp-content\/uploads\/2024\/01\/LOGO-FRUTAL3.png","width":1024,"height":382,"caption":"Mercat Frutal"},"image":{"@id":"https:\/\/mercatfrutal.com\/#\/schema\/logo\/image\/"}}]}},"jetpack_sharing_enabled":true,"_links":{"self":[{"href":"https:\/\/mercatfrutal.com\/en\/wp-json\/wp\/v2\/product\/930","targetHints":{"allow":["GET"]}}],"collection":[{"href":"https:\/\/mercatfrutal.com\/en\/wp-json\/wp\/v2\/product"}],"about":[{"href":"https:\/\/mercatfrutal.com\/en\/wp-json\/wp\/v2\/types\/product"}],"replies":[{"embeddable":true,"href":"https:\/\/mercatfrutal.com\/en\/wp-json\/wp\/v2\/comments?post=930"}],"wp:featuredmedia":[{"embeddable":true,"href":"https:\/\/mercatfrutal.com\/en\/wp-json\/wp\/v2\/media\/10002"}],"wp:attachment":[{"href":"https:\/\/mercatfrutal.com\/en\/wp-json\/wp\/v2\/media?parent=930"}],"wp:term":[{"taxonomy":"product_brand","embeddable":true,"href":"https:\/\/mercatfrutal.com\/en\/wp-json\/wp\/v2\/product_brand?post=930"},{"taxonomy":"product_cat","embeddable":true,"href":"https:\/\/mercatfrutal.com\/en\/wp-json\/wp\/v2\/product_cat?post=930"},{"taxonomy":"product_tag","embeddable":true,"href":"https:\/\/mercatfrutal.com\/en\/wp-json\/wp\/v2\/product_tag?post=930"}],"curies":[{"name":"wp","href":"https:\/\/api.w.org\/{rel}","templated":true}]}}